{"id":39071,"date":"2021-10-20T18:58:32","date_gmt":"2021-10-20T18:58:32","guid":{"rendered":"https:\/\/www.sisinternational.com\/?page_id=39071"},"modified":"2026-01-25T18:22:02","modified_gmt":"2026-01-25T23:22:02","slug":"demand-forecasting-market-research","status":"publish","type":"page","link":"https:\/\/www.sisinternational.com\/pl\/rozwiazania\/doradztwo-strategiczne\/demand-forecasting-market-research\/","title":{"rendered":"Demand Forecasting Market Consulting"},"content":{"rendered":"<h1 class=\"wp-block-heading\">Demand Forecasting Market Consulting<\/h1>\n\n\n\n<p><\/p>\n\n\n\n<figure class=\"gb-block-image gb-block-image-4b7ab4e9\"><img loading=\"lazy\" decoding=\"async\" width=\"1456\" height=\"816\" class=\"gb-image gb-image-4b7ab4e9\" src=\"https:\/\/www.sisinternational.com\/wp-content\/uploads\/2025\/08\/Creativity-5.jpg\" alt=\"SIS Mi\u0119dzynarodowe badania rynku i strategia\" title=\"Creativity (5)\" srcset=\"https:\/\/www.sisinternational.com\/wp-content\/uploads\/2025\/08\/Creativity-5.jpg 1456w, https:\/\/www.sisinternational.com\/wp-content\/uploads\/2025\/08\/Creativity-5-300x168.jpg 300w, https:\/\/www.sisinternational.com\/wp-content\/uploads\/2025\/08\/Creativity-5-1024x574.jpg 1024w, https:\/\/www.sisinternational.com\/wp-content\/uploads\/2025\/08\/Creativity-5-768x430.jpg 768w, https:\/\/www.sisinternational.com\/wp-content\/uploads\/2025\/08\/Creativity-5-18x10.jpg 18w\" sizes=\"auto, (max-width: 1456px) 100vw, 1456px\"><\/figure>\n\n\n\n<p><\/p>\n\n\n\n<p class=\"p1\">Demand Forecasting is the process of analyzing data in detail. The forecaster then uses it to predict customers\u2019 future wants for a product or service. This method has many different areas. Each varies from the other. Thus, the forecaster has to choose which one is best. The <a href=\"https:\/\/www.sisinternational.com\/pl\/rozwiazania\/rozwiazania-w-zakresie-badan-jakosciowych-i-ilosciowych\/demand-forecasting-best-practices\/\" title=\"Demand Forecasting Best Practices\"  data-wpil-monitor-id=\"1638\">forecasting of customers\u2019 demands<\/a> helps companies make good decisions. These types of decisions will grow future sales and revenues.<\/p>\n\n\n\n<p class=\"p1\">Demand refers to what goods or services customers want. In other words, it shows how willing customers are to buy things at a given price. <a href=\"https:\/\/www.sisinternational.com\/pl\/rozwiazania\/b2b-enterprise-sales-market-research\/\" title=\"B2B Enterprise Sales Market Research\"  data-wpil-monitor-id=\"11169\">Sales and marketing<\/a> departments usually do the forecasting. Product managers may also do it. These <a href=\"https:\/\/www.sisinternational.com\/pl\/ekspertyza\/branze\/indigenous-people-market-research\/\" title=\"Badania rynku rdzennej ludno\u015bci\"  data-wpil-monitor-id=\"11167\">people have the best understanding of marketing<\/a> demands and customer behavior. Hence the company trusts them to make choices that will <a href=\"https:\/\/www.sisinternational.com\/pl\/publikacje\/scalable-business-market-research-7-ways-to-build-a-scalable-business\/\" title=\"Skalowalne badania rynku biznesowego: 7 sposob\u00f3w na zbudowanie skalowalnego biznesu\"  data-wpil-monitor-id=\"11173\">build the business<\/a> in the end. If they fail and make a wrong decision, the company\u2019s revenues will drop, causing losses.<\/p>\n\n\n\n<h2 class=\"wp-block-heading\">Why is Demand Forecasting Important?<\/h2>\n\n\n\n<p class=\"p1\">Forecasting Demand is critical in sales. It allows the company to set the correct prices and stock levels. It also helps the company to understand how to expand future projects. Poor forecasting can lead to sales losses and drops in the stock, not to mention unhappy customers and loss in revenues.<\/p>\n\n\n\n<p class=\"p1\">Demand has a very valued bond with supply. Together they both determine prices and the bulk of goods and <a href=\"https:\/\/www.sisinternational.com\/pl\/rozwiazania\/doradztwo-strategiczne-fintech-badania\/financial-services-market-research\/\" title=\"Badania rynku us\u0142ug finansowych\"  data-wpil-monitor-id=\"11168\">services in a market<\/a> base. This bond with demand and supply keeps a balance between goods and services. It is the basis of marketing.<\/p>\n\n\n\n<h2 class=\"wp-block-heading\">Kluczowe stanowiska<\/h2>\n\n\n\n<p class=\"p1\"><a href=\"https:\/\/www.sisinternational.com\/pl\/ekspertyza\/cv-z-doswiadczeniem\/badania-rynku-produktow-do-pielegnacji-osobistej\/\" title=\"Badania rynku produkt\u00f3w do piel\u0119gnacji osobistej\"  data-wpil-monitor-id=\"11171\">Persons working in marketing<\/a> rely on demand forecasting. This metric shows many things, such as what sales can achieve. So, to clarify, the sales department makes decisions based on <a href=\"https:\/\/www.sisinternational.com\/pl\/rozwiazania\/doradztwo-strategiczne\/data-analytics\/\" title=\"Firma zajmuj\u0105ca si\u0119 analiz\u0105 danych\"  data-wpil-monitor-id=\"11174\">data<\/a> they have for the better of the company. These decisions set a new base for the company, to say nothing of drawing in new customers.<\/p>\n\n\n\n<p class=\"p1\">The predictions made by these departments ensure that the future remains smooth. These forecasts should also be profitable for the business. Moreover, knowing what the future might hold makes it easier to face problems with ease.<\/p>\n\n\n\n<h2 class=\"wp-block-heading\">Why Businesses Need Demand Forecasting<\/h2>\n\n\n\n<figure class=\"gb-block-image gb-block-image-2ba65b91\"><img loading=\"lazy\" decoding=\"async\" width=\"1456\" height=\"816\" class=\"gb-image gb-image-2ba65b91\" src=\"https:\/\/www.sisinternational.com\/wp-content\/uploads\/2025\/08\/Business-24.jpg\" alt=\"SIS Mi\u0119dzynarodowe badania rynku i strategia\" title=\"Business (24)\" srcset=\"https:\/\/www.sisinternational.com\/wp-content\/uploads\/2025\/08\/Business-24.jpg 1456w, https:\/\/www.sisinternational.com\/wp-content\/uploads\/2025\/08\/Business-24-300x168.jpg 300w, https:\/\/www.sisinternational.com\/wp-content\/uploads\/2025\/08\/Business-24-1024x574.jpg 1024w, https:\/\/www.sisinternational.com\/wp-content\/uploads\/2025\/08\/Business-24-768x430.jpg 768w, https:\/\/www.sisinternational.com\/wp-content\/uploads\/2025\/08\/Business-24-18x10.jpg 18w\" sizes=\"auto, (max-width: 1456px) 100vw, 1456px\"><\/figure>\n\n\n\n<p><\/p>\n\n\n\n<p class=\"p1\"><a href=\"https:\/\/www.sisinternational.com\/pl\/white-paper-which-comes-first-demand-or-supply\/\" title=\"White Paper: Which Comes first: Demand or Supply?\"  data-wpil-monitor-id=\"4789\">Demand Forecasting<\/a> helps companies make decisions from stock to supply. Expectations from customers change by the minute. Thus, businesses need a way to forecast demand. When <a href=\"https:\/\/www.sisinternational.com\/pl\/firma-prognozujaca-trendy-w-branzy-b2b\/\" title=\"Firma prognozuj\u0105ca najlepsze trendy w bran\u017cy B2B\"  data-wpil-monitor-id=\"11170\">companies use forecasting<\/a>, managers can make choices for growth, which will increase their value in their current markets and others.<\/p>\n\n\n\n<p class=\"p1\">First, businesses must forecast sales. They can then use the newfound data to help in future planning. A good understanding of the data can then help managers see what sales will soon be. They can then form a plan to meet their customer\u2019s wants.<\/p>\n\n\n\n<p class=\"p1\">In every business, there is a set capital. If it does not manage financial areas, it may suffer from excess or not enough funding. But, when everything goes right, the business will gain from it.<\/p>\n\n\n\n<h3 class=\"wp-block-heading\">Kluczowe czynniki sukcesu<\/h3>\n\n\n\n<p class=\"p1\">The most common benefit of demand forecasting is happy customers. Another benefit is an increase in profits. Others would be:<\/p>\n\n\n\n<p class=\"p1\">1. Lowering of on-hand stock<\/p>\n\n\n\n<p class=\"p1\">2. Improving budgets<\/p>\n\n\n\n<p class=\"p1\">3. Improved customer service<\/p>\n\n\n\n<p class=\"p1\">4. Improving plans<\/p>\n\n\n\n<p class=\"p1\">5. Opening the way for partnerships<\/p>\n\n\n\n<p class=\"p1\">6. Estimating Financial needs<\/p>\n\n\n\n<p class=\"p1\">With all these factors put together, companies can set a basis for planning. This type of planning secures the future of the business. It follows the concept that the more data collected, the better the decision-making.<\/p>\n\n\n\n<h2 class=\"wp-block-heading\">About Demand Forecasting Research<\/h2>\n\n\n\n<p class=\"p1\">Using a forecasting method has many benefits. It gains both profits and happy customers. If your company is willing to use this method, our business is here to help. We arrange focus groups to help with this and other areas as well. We also conduct Strategic, Quantitative, and Qualitative Research. Our team can help improve the choices you make in the company to increase profits. We are always ready and willing to help. So contact us today. Let\u2019s get started on <a href=\"https:\/\/www.sisinternational.com\/pl\/publikacje\/japans-mid-market-exporting\/\" title=\"Rozwijanie Twojego Biznesu w Japonii\"  data-wpil-monitor-id=\"11172\">growing your business<\/a>.<\/p>\n\n\n\n<p><\/p>","protected":false},"excerpt":{"rendered":"<p>Demand Forecasting is the process of analyzing data in detail. Forecasters use it to predict customers\u2019 future wants for a product or service. SIS provides extensive research to help increase your company&#8217;s profits.<\/p>","protected":false},"author":1,"featured_media":62645,"parent":14567,"menu_order":15,"comment_status":"closed","ping_status":"closed","template":"","meta":{"footnotes":""},"class_list":["post-39071","page","type-page","status-publish","has-post-thumbnail"],"_links":{"self":[{"href":"https:\/\/www.sisinternational.com\/pl\/wp-json\/wp\/v2\/pages\/39071","targetHints":{"allow":["GET"]}}],"collection":[{"href":"https:\/\/www.sisinternational.com\/pl\/wp-json\/wp\/v2\/pages"}],"about":[{"href":"https:\/\/www.sisinternational.com\/pl\/wp-json\/wp\/v2\/types\/page"}],"author":[{"embeddable":true,"href":"https:\/\/www.sisinternational.com\/pl\/wp-json\/wp\/v2\/users\/1"}],"replies":[{"embeddable":true,"href":"https:\/\/www.sisinternational.com\/pl\/wp-json\/wp\/v2\/comments?post=39071"}],"version-history":[{"count":6,"href":"https:\/\/www.sisinternational.com\/pl\/wp-json\/wp\/v2\/pages\/39071\/revisions"}],"predecessor-version":[{"id":81824,"href":"https:\/\/www.sisinternational.com\/pl\/wp-json\/wp\/v2\/pages\/39071\/revisions\/81824"}],"up":[{"embeddable":true,"href":"https:\/\/www.sisinternational.com\/pl\/wp-json\/wp\/v2\/pages\/14567"}],"wp:featuredmedia":[{"embeddable":true,"href":"https:\/\/www.sisinternational.com\/pl\/wp-json\/wp\/v2\/media\/62645"}],"wp:attachment":[{"href":"https:\/\/www.sisinternational.com\/pl\/wp-json\/wp\/v2\/media?parent=39071"}],"curies":[{"name":"wp","href":"https:\/\/api.w.org\/{rel}","templated":true}]}}