{"id":38897,"date":"2021-09-25T00:55:47","date_gmt":"2021-09-25T00:55:47","guid":{"rendered":"https:\/\/www.sisinternational.com\/?page_id=38897"},"modified":"2026-01-25T16:52:33","modified_gmt":"2026-01-25T21:52:33","slug":"policy-elite-market-research","status":"publish","type":"page","link":"https:\/\/www.sisinternational.com\/pl\/ekspertyza\/policy-elite-market-research\/","title":{"rendered":"Polityka elitarnych bada\u0144 rynkowych\u00a0"},"content":{"rendered":"<h1 class=\"wp-block-heading\">Polityka elitarnych bada\u0144 rynkowych<\/h1>\n\n\n\n<figure class=\"gb-block-image gb-block-image-15e0dce4\"><img loading=\"lazy\" decoding=\"async\" width=\"1456\" height=\"816\" class=\"gb-image gb-image-15e0dce4\" src=\"https:\/\/www.sisinternational.com\/wp-content\/uploads\/2025\/08\/Government-federal-municipal-2.jpg\" alt=\"SIS Mi\u0119dzynarodowe badania rynku i strategia\" title=\"Government federal municipal (2)\" srcset=\"https:\/\/www.sisinternational.com\/wp-content\/uploads\/2025\/08\/Government-federal-municipal-2.jpg 1456w, https:\/\/www.sisinternational.com\/wp-content\/uploads\/2025\/08\/Government-federal-municipal-2-300x168.jpg 300w, https:\/\/www.sisinternational.com\/wp-content\/uploads\/2025\/08\/Government-federal-municipal-2-1024x574.jpg 1024w, https:\/\/www.sisinternational.com\/wp-content\/uploads\/2025\/08\/Government-federal-municipal-2-768x430.jpg 768w, https:\/\/www.sisinternational.com\/wp-content\/uploads\/2025\/08\/Government-federal-municipal-2-18x10.jpg 18w\" sizes=\"auto, (max-width: 1456px) 100vw, 1456px\"><\/figure>\n\n\n\n<p><\/p>\n\n\n\n<h2 class=\"wp-block-heading p2\">What is Policy Elite Market Research?<\/h2>\n\n\n\n<p class=\"p3\">\u201cPolicy elites\u201d are the state actors who shape a country\u2019s policy-making process. The term stems from the \u2018elite theory.\u2019 This theory suggests that public policy reflects the interests of ruling elites. The elite theory divides society into two main parts. There are the few who have power and the many who don\u2019t.<\/p>\n\n\n\n<p class=\"p3\">Power has little to do with what happens on Election Day. Instead, it lies with a small group of people known as the elites. This group includes people of wealth. It also includes the thinkers and those with other skills. They are the ones with power, and they form the upper class. The wealth they hold allows them to gain key positions. Because of their role, they are the ones who make decisions and share out resources. They use this role to their benefit.<\/p>\n\n\n\n<h2 class=\"wp-block-heading p2\">Why is it important?<\/h2>\n\n\n\n<p class=\"p3\">Policy elites play a crucial role. They create the policies and make decisions. They also help to teach\/brainwash the masses in politics. Furthermore, they help set up specific model standards in society.<\/p>\n\n\n\n<p class=\"p3\">Many authors claim that elites are the <a href=\"https:\/\/www.sisinternational.com\/pl\/kluczowe-czynniki-sukcesu-w-badaniach-rynku-motoryzacyjnego\/\" title=\"Kluczowe czynniki sukcesu w badaniach rynku motoryzacyjnego\"  data-wpil-monitor-id=\"8736\">key to the success<\/a> of major shifts in society. They can influence both the economy and civil society. We need these factors for the government and other organs of society to function.<\/p>\n\n\n\n<p class=\"p3\">Civil society calls for a stable democratic state. The elites create the space for civil society to thrive outside of the state. Thus, they control this space while allowing civil society to be self-governing.<\/p>\n\n\n\n<p class=\"p3\">Elites can also use their power to force a political shift. First, the elite needs to mobilize the people. Once this occurs, elites can bend the masses to suit their will.<\/p>\n\n\n\n<h2 class=\"wp-block-heading p2\">Kluczowe stanowiska<\/h2>\n\n\n\n<p class=\"p3\">In general, elites hold some of the highest positions in the political system. These include economists, presidents, and ministers. Top bureaucrats, members of Congress, and diplomats are other vital roles. Party leaders also fall under this group. Elites may come from high-status jobs, including lawyers, teachers, and managers. They work in both the public or private sectors. Self-made business owners are another example.<\/p>\n\n\n\n<h2 class=\"wp-block-heading p2\">Why Businesses Need Policy Elites<\/h2>\n\n\n\n<p class=\"p3\">When an elite makes policy choices, these choices usually benefit that elite. This rule includes any business owned, managed, or linked to a policy elite. Such companies stand to gain from decisions made. Elites can suggest policies that will have a positive <a href=\"https:\/\/www.sisinternational.com\/pl\/the-nigerian-market-cultures-effect-on-business\/\" title=\"The Nigerian Market: Culture&#8217;s effect on Business\"  data-wpil-monitor-id=\"8737\">effect on a business<\/a>.<\/p>\n\n\n\n<p class=\"p3\">Businesses can count on elites to share their interests. Since the level of wealth contributes to elite status, elites can invest in many companies. These investments help them stay rich and preserve their elite status. Thus, one can link a business\u2019s success to an elite\u2019s wealth and vice versa. As a result, elites will be sure to reap benefits from decisions made.<\/p>\n\n\n\n<h2 class=\"wp-block-heading p2\">Kluczowe czynniki sukcesu<\/h2>\n\n\n\n<figure class=\"gb-block-image gb-block-image-3d648d44\"><img loading=\"lazy\" decoding=\"async\" width=\"1456\" height=\"816\" class=\"gb-image gb-image-3d648d44\" src=\"https:\/\/www.sisinternational.com\/wp-content\/uploads\/2025\/08\/Government-federal-municipal-4.jpg\" alt=\"SIS Mi\u0119dzynarodowe badania rynku i strategia\" title=\"Government federal municipal (4)\" srcset=\"https:\/\/www.sisinternational.com\/wp-content\/uploads\/2025\/08\/Government-federal-municipal-4.jpg 1456w, https:\/\/www.sisinternational.com\/wp-content\/uploads\/2025\/08\/Government-federal-municipal-4-300x168.jpg 300w, https:\/\/www.sisinternational.com\/wp-content\/uploads\/2025\/08\/Government-federal-municipal-4-1024x574.jpg 1024w, https:\/\/www.sisinternational.com\/wp-content\/uploads\/2025\/08\/Government-federal-municipal-4-768x430.jpg 768w, https:\/\/www.sisinternational.com\/wp-content\/uploads\/2025\/08\/Government-federal-municipal-4-18x10.jpg 18w\" sizes=\"auto, (max-width: 1456px) 100vw, 1456px\"><\/figure>\n\n\n\n<p><\/p>\n\n\n\n<p class=\"p3\">Case study analysis has helped deduce some of the critical success factors of elites. Some of these are the following:<\/p>\n\n\n\n<p class=\"p3\">1. Elites must speak openly and honestly during the policy-forming process.<\/p>\n\n\n\n<p class=\"p3\">2. Persons must also be willing to negotiate.<\/p>\n\n\n\n<p class=\"p3\">3. Internal elites should start the negotiations. Outside forces should not influence them.<\/p>\n\n\n\n<p class=\"p3\">4. Elites must be exclusive. This factor prevents possible backlash from alienated extremist groups.<\/p>\n\n\n\n<p class=\"p3\">5. Elites must maintain power throughout the process to ensure the adoption of policies. Also, it ensures that persons within their parties abide by them.<\/p>\n\n\n\n<p class=\"p3\">Once followed, elites can achieve success with these success factors.<\/p>\n\n\n\n<h2 class=\"wp-block-heading p2\">About Policy Elite Market Research<\/h2>\n\n\n\n<p class=\"p4\">Knowing the elite theory is key to analyzing policy elites. Quantitative, Qualitative, and strategy <a href=\"https:\/\/www.sisinternational.com\/pl\/zasieg\/europa\/market-research-the-vatican\/\" title=\"Badania rynku w Watykanie\"  data-wpil-monitor-id=\"3786\">research are also helpful when doing market<\/a> research on these elites. Our <a href=\"https:\/\/www.sisinternational.com\/pl\/wiodaca-globalna-firma-zajmujaca-sie-grupami-fokusowymi\/\" title=\"Wiod\u0105ca globalna firma z grupy fokusowej\"  data-wpil-monitor-id=\"8735\">company also offers Focus Groups<\/a>, Interviews, and Surveys.<\/p>\n\n\n\n<p><\/p>","protected":false},"excerpt":{"rendered":"<p>Elity polityczne maj\u0105 tendencj\u0119 do podejmowania decyzji, kt\u00f3re przynosz\u0105 korzy\u015bci ich firmom. Rozwijaj sw\u00f3j biznes i wywieraj wp\u0142yw dzi\u0119ki Policy Elite Market Research.<\/p>","protected":false},"author":1,"featured_media":64505,"parent":14514,"menu_order":76,"comment_status":"closed","ping_status":"closed","template":"","meta":{"footnotes":""},"class_list":["post-38897","page","type-page","status-publish","has-post-thumbnail"],"_links":{"self":[{"href":"https:\/\/www.sisinternational.com\/pl\/wp-json\/wp\/v2\/pages\/38897","targetHints":{"allow":["GET"]}}],"collection":[{"href":"https:\/\/www.sisinternational.com\/pl\/wp-json\/wp\/v2\/pages"}],"about":[{"href":"https:\/\/www.sisinternational.com\/pl\/wp-json\/wp\/v2\/types\/page"}],"author":[{"embeddable":true,"href":"https:\/\/www.sisinternational.com\/pl\/wp-json\/wp\/v2\/users\/1"}],"replies":[{"embeddable":true,"href":"https:\/\/www.sisinternational.com\/pl\/wp-json\/wp\/v2\/comments?post=38897"}],"version-history":[{"count":5,"href":"https:\/\/www.sisinternational.com\/pl\/wp-json\/wp\/v2\/pages\/38897\/revisions"}],"predecessor-version":[{"id":81466,"href":"https:\/\/www.sisinternational.com\/pl\/wp-json\/wp\/v2\/pages\/38897\/revisions\/81466"}],"up":[{"embeddable":true,"href":"https:\/\/www.sisinternational.com\/pl\/wp-json\/wp\/v2\/pages\/14514"}],"wp:featuredmedia":[{"embeddable":true,"href":"https:\/\/www.sisinternational.com\/pl\/wp-json\/wp\/v2\/media\/64505"}],"wp:attachment":[{"href":"https:\/\/www.sisinternational.com\/pl\/wp-json\/wp\/v2\/media?parent=38897"}],"curies":[{"name":"wp","href":"https:\/\/api.w.org\/{rel}","templated":true}]}}