{"id":38806,"date":"2021-09-14T03:12:38","date_gmt":"2021-09-14T03:12:38","guid":{"rendered":"https:\/\/www.sisinternational.com\/?page_id=38806"},"modified":"2026-01-27T16:45:49","modified_gmt":"2026-01-27T21:45:49","slug":"badania-rynku-chorwacja","status":"publish","type":"page","link":"https:\/\/www.sisinternational.com\/pl\/zasieg\/europa\/badania-rynku-chorwacja\/","title":{"rendered":"Badania rynku w Chorwacji"},"content":{"rendered":"<h1 class=\"wp-block-heading\">Badania rynku w Chorwacji<\/h1>\n\n\n\n<figure class=\"gb-block-image gb-block-image-f33a9387\"><img loading=\"lazy\" decoding=\"async\" width=\"1456\" height=\"816\" class=\"gb-image gb-image-f33a9387\" src=\"https:\/\/www.sisinternational.com\/wp-content\/uploads\/2025\/09\/Croatia-2.jpg\" alt=\"SIS Mi\u0119dzynarodowe badania rynku i strategia\" title=\"Croatia (2)\" srcset=\"https:\/\/www.sisinternational.com\/wp-content\/uploads\/2025\/09\/Croatia-2.jpg 1456w, https:\/\/www.sisinternational.com\/wp-content\/uploads\/2025\/09\/Croatia-2-300x168.jpg 300w, https:\/\/www.sisinternational.com\/wp-content\/uploads\/2025\/09\/Croatia-2-1024x574.jpg 1024w, https:\/\/www.sisinternational.com\/wp-content\/uploads\/2025\/09\/Croatia-2-768x430.jpg 768w, https:\/\/www.sisinternational.com\/wp-content\/uploads\/2025\/09\/Croatia-2-18x10.jpg 18w\" sizes=\"auto, (max-width: 1456px) 100vw, 1456px\"><\/figure>\n\n\n\n<hr class=\"wp-block-separator has-alpha-channel-opacity is-style-dots\"\/>\n\n\n\n<h3 class=\"wp-block-heading\">Przedsi\u0119biorstwa potrzebuj\u0105 bada\u0144 rynkowych w Chorwacji, aby porusza\u0107 si\u0119 po zawi\u0142o\u015bciach tego rozwijaj\u0105cego si\u0119 rynku i wykorzystywa\u0107 pojawiaj\u0105ce si\u0119 mo\u017cliwo\u015bci. Musz\u0105 zrozumie\u0107 lokalne zachowania konsument\u00f3w, warunki ekonomiczne i dynamik\u0119 konkurencji.<\/h3>\n\n\n\n<p>Czy chcesz rozszerzy\u0107 swoj\u0105 dzia\u0142alno\u015b\u0107 na dynamiczny rynek Chorwacji? Badania rynku w Chorwacji s\u0105 niezb\u0119dnym narz\u0119dziem dla firm, kt\u00f3re chc\u0105 odnie\u015b\u0107 sukces na tym rozwijaj\u0105cym si\u0119 i konkurencyjnym rynku. W miar\u0119 jak Chorwacja kontynuuje integracj\u0119 z Uni\u0105 Europejsk\u0105, zrozumienie lokalnej dynamiki rynku i zachowa\u0144 konsument\u00f3w jest kluczowe dla sukcesu.<\/p>\n\n\n\n<h2 class=\"wp-block-heading\">Czym s\u0105 badania rynku w Chorwacji?<\/h2>\n\n\n\n<p>Badania rynku w Chorwacji dostarczaj\u0105 przedsi\u0119biorstwom krytycznych informacji na temat lokalnego \u015brodowiska gospodarczego, preferencji konsument\u00f3w i trend\u00f3w rynkowych. Wykorzystuj\u0105c te informacje, przedsi\u0119biorstwa mog\u0105 podejmowa\u0107 \u015bwiadome decyzje, kt\u00f3re poprawiaj\u0105 ich pozycj\u0119 rynkow\u0105 i perspektywy wzrostu. Ponadto badania rynku dostarczaj\u0105 cennych informacji na temat potrzeb konsument\u00f3w, popytu rynkowego i dynamiki konkurencji dla przedsi\u0119biorstw, kt\u00f3re chc\u0105 wej\u015b\u0107 na rynek Chorwacji lub si\u0119 w nim rozwija\u0107.<\/p>\n\n\n\n<h2 class=\"wp-block-heading\">Dlaczego firmy potrzebuj\u0105 bada\u0144 rynku w Chorwacji?<\/h2>\n\n\n\n<p>Badania rynku w Chorwacji pomagaj\u0105 firmom zrozumie\u0107 lokalne preferencje konsument\u00f3w i s\u0105 kluczowe dla dostosowywania produkt\u00f3w i us\u0142ug do potrzeb i oczekiwa\u0144 chorwackich klient\u00f3w. Badania rynku dostarczaj\u0105 informacji na temat nawyk\u00f3w zakupowych, trend\u00f3w w stylu \u017cycia i r\u00f3\u017cnic regionalnych, umo\u017cliwiaj\u0105c firmom opracowywanie ukierunkowanych strategii marketingowych i optymalizacj\u0119 oferty produkt\u00f3w.<\/p>\n\n\n\n<p>Ponadto badania rynku pomagaj\u0105 firmom by\u0107 na bie\u017c\u0105co z trendami ekonomicznymi i potencjalnymi ryzykami. Dzi\u0119ki dok\u0142adnym danym o warunkach rynkowych firmy mog\u0105 przewidywa\u0107 zmiany i odpowiednio dostosowywa\u0107 swoje strategie. To proaktywne podej\u015bcie minimalizuje ryzyko i maksymalizuje szanse, przyczyniaj\u0105c si\u0119 do d\u0142ugoterminowego sukcesu na rynku chorwackim.<\/p>\n\n\n\n<h2 class=\"wp-block-heading\">Kiedy przeprowadza\u0107 badania rynku w Chorwacji<\/h2>\n\n\n\n<figure class=\"gb-block-image gb-block-image-ad453148\"><img loading=\"lazy\" decoding=\"async\" width=\"1456\" height=\"816\" class=\"gb-image gb-image-ad453148\" src=\"https:\/\/www.sisinternational.com\/wp-content\/uploads\/2025\/09\/Croatia-3.jpg\" alt=\"SIS Mi\u0119dzynarodowe badania rynku i strategia\" title=\"Croatia (3)\" srcset=\"https:\/\/www.sisinternational.com\/wp-content\/uploads\/2025\/09\/Croatia-3.jpg 1456w, https:\/\/www.sisinternational.com\/wp-content\/uploads\/2025\/09\/Croatia-3-300x168.jpg 300w, https:\/\/www.sisinternational.com\/wp-content\/uploads\/2025\/09\/Croatia-3-1024x574.jpg 1024w, https:\/\/www.sisinternational.com\/wp-content\/uploads\/2025\/09\/Croatia-3-768x430.jpg 768w, https:\/\/www.sisinternational.com\/wp-content\/uploads\/2025\/09\/Croatia-3-18x10.jpg 18w\" sizes=\"auto, (max-width: 1456px) 100vw, 1456px\"><\/figure>\n\n\n\n<p><\/p>\n\n\n\n<p>Businesses should engage in <a href=\"https:\/\/www.sisinternational.com\/pl\/wejscie-na-rynek-ameryki-lacinskiej\/\" title=\"Wej\u015bcie na rynek Ameryki \u0141aci\u0144skiej\"  data-wpil-monitor-id=\"7562\">badania rynku<\/a> during the planning phase of entering the Croatian market to understand the local landscape, consumer preferences, and potential barriers to entry. This initial <a href=\"https:\/\/www.sisinternational.com\/pl\/ekspertyza\/branze\/badania-rynku-metoda-tabel-krzyzowych\/\" title=\"Badania rynku metod\u0105 tabel krzy\u017cowych\"  data-wpil-monitor-id=\"4924\">badania<\/a> helps companies tailor their products and marketing strategies to meet the needs of Croatian consumers.<\/p>\n\n\n\n<p><a href=\"https:\/\/www.sisinternational.com\/pl\/rozwiazania\/badania-rynku-konsumenckiego\/\">Badania rynku<\/a> jest r\u00f3wnie\u017c kluczowa przy wprowadzaniu nowych produkt\u00f3w lub us\u0142ug w Chorwacji. Gromadz\u0105c informacje na temat reakcji konsument\u00f3w, popytu rynkowego i pozycjonowania konkurencyjnego, firmy mog\u0105 udoskonali\u0107 swoj\u0105 ofert\u0119 i zmaksymalizowa\u0107 swoje szanse na sukces. Ci\u0105g\u0142e badania w ca\u0142ym cyklu \u017cycia produktu pozwalaj\u0105 firmom pozostawa\u0107 w zgodzie z trendami rynkowymi i dostosowywa\u0107 si\u0119 do zmieniaj\u0105cych si\u0119 zachowa\u0144 konsument\u00f3w.<\/p>\n\n\n\n<p>Ponadto firmy powinny przeprowadza\u0107 badania rynku, oceniaj\u0105c wydajno\u015b\u0107 swoich produkt\u00f3w lub us\u0142ug w Chorwacji. Zrozumienie opinii klient\u00f3w i dynamiki rynku pomaga zidentyfikowa\u0107 obszary wymagaj\u0105ce poprawy i innowacji. Ta ci\u0105g\u0142a ocena zapewnia, \u017ce firmy pozostaj\u0105 konkurencyjne i dostosowane do wymaga\u0144 rynku.<\/p>\n\n\n\n<h2 class=\"wp-block-heading\">Nasz aktualny przegl\u0105d rynku i rekomendacje<\/h2>\n\n\n\n<p>Zauwa\u017cyli\u015bmy, \u017ce Chorwacja odnotowa\u0142a znaczny wzrost w sektorach turystyki, technologii i energii odnawialnej. Bran\u017ca turystyczna nadal si\u0119 rozwija, nap\u0119dzana osza\u0142amiaj\u0105c\u0105 lini\u0105 brzegow\u0105 kraju, zabytkami i atrakcjami kulturalnymi. Ponadto sektor technologiczny rozkwita, a coraz wi\u0119cej startup\u00f3w i firm technologicznych si\u0119 pojawia, szczeg\u00f3lnie w o\u015brodkach miejskich, takich jak Zagrzeb. Inicjatywy dotycz\u0105ce energii odnawialnej r\u00f3wnie\u017c zyskuj\u0105 na popularno\u015bci, poniewa\u017c Chorwacja stara si\u0119 zmniejszy\u0107 zale\u017cno\u015b\u0107 od paliw kopalnych i promowa\u0107 zr\u00f3wnowa\u017cony rozw\u00f3j.<\/p>\n\n\n\n<p>Oczekuje si\u0119, \u017ce rynek chorwacki b\u0119dzie kontynuowa\u0142 swoj\u0105 trajektori\u0119 wzrostu, wspierany przez trwaj\u0105c\u0105 integracj\u0119 z UE i inwestycje w infrastruktur\u0119. M\u0142oda i wykszta\u0142cona si\u0142a robocza kraju jest dobrze przygotowana do nap\u0119dzania innowacji i rozwoju gospodarczego.<\/p>\n\n\n\n<p><em><strong>Potencjalny zwrot z inwestycji:<\/strong> <\/em><\/p>\n\n\n\n<p>Inwestowanie w Chorwacji oferuje obiecuj\u0105ce zyski, szczeg\u00f3lnie w sektorach o wysokim wzro\u015bcie, takich jak turystyka, technologia i energia odnawialna. Jednak osi\u0105gni\u0119cie optymalnego ROI wymaga dobrze zbadanego podej\u015bcia, uwzgl\u0119dniaj\u0105cego lokalne warunki rynkowe, preferencje konsument\u00f3w i wymogi regulacyjne. Strategiczne inwestycje w badania rynku mog\u0105 znacznie zwi\u0119kszy\u0107 potencja\u0142 sukcesu i rentowno\u015bci.<\/p>\n\n\n\n<h2 class=\"wp-block-heading p2\">Chorwacja to pi\u0119kny kraj po\u0142o\u017cony na skrzy\u017cowaniu Europy \u015arodkowej i Po\u0142udniowo-Wschodniej.<\/h2>\n\n\n\n<figure class=\"gb-block-image gb-block-image-921dfbb4\"><img loading=\"lazy\" decoding=\"async\" width=\"1456\" height=\"816\" class=\"gb-image gb-image-921dfbb4\" src=\"https:\/\/www.sisinternational.com\/wp-content\/uploads\/2025\/09\/Croatia-5.jpg\" alt=\"SIS Mi\u0119dzynarodowe badania rynku i strategia\" title=\"Croatia (5)\" srcset=\"https:\/\/www.sisinternational.com\/wp-content\/uploads\/2025\/09\/Croatia-5.jpg 1456w, https:\/\/www.sisinternational.com\/wp-content\/uploads\/2025\/09\/Croatia-5-300x168.jpg 300w, https:\/\/www.sisinternational.com\/wp-content\/uploads\/2025\/09\/Croatia-5-1024x574.jpg 1024w, https:\/\/www.sisinternational.com\/wp-content\/uploads\/2025\/09\/Croatia-5-768x430.jpg 768w, https:\/\/www.sisinternational.com\/wp-content\/uploads\/2025\/09\/Croatia-5-18x10.jpg 18w\" sizes=\"auto, (max-width: 1456px) 100vw, 1456px\"><\/figure>\n\n\n\n<p><\/p>\n\n\n\n<p class=\"p2\">Ten p\u00f3\u0142ksi\u0119\u017cycowaty kraj ma niskie g\u00f3ry i wy\u017cyny w pobli\u017cu linii brzegowej. Ma r\u00f3wnie\u017c wiele p\u0142askich r\u00f3wnin i du\u017c\u0105 liczb\u0119 wysp.<\/p>\n\n\n\n<p class=\"p2\">Pierwsza nowoczesna osada w Chorwacji powsta\u0142a na pocz\u0105tku VII wieku. Uchod\u017acy nap\u0142ywali r\u00f3wnie\u017c podczas pierwszej i drugiej wojny \u015bwiatowej. Chorwacja jest obecnie republik\u0105 rz\u0105dzon\u0105 przez parlament.<\/p>\n\n\n\n<p class=\"p2\">Bogata historia i pi\u0119kny krajobraz sprawi\u0142y, \u017ce miejsce to zosta\u0142o wybrane do nakr\u0119cenia cz\u0119\u015bci serialu HBO <i>Gra o tron<\/i>W tym kraju masz wiele mo\u017cliwo\u015bci eksploracji i odkrywania nowych rzeczy.<\/p>\n\n\n\n<h2 class=\"wp-block-heading p3\">Atrakcje turystyczne i okolice<\/h2>\n\n\n\n<p class=\"p2\">Ostatnio Chorwacja sta\u0142a si\u0119 rozpoznawalnym miejscem na wakacje i coraz wi\u0119cej turyst\u00f3w umieszcza j\u0105 w swoich planach podr\u00f3\u017cy. Ca\u0142y kraj zapiera dech w piersiach, z dzielnicami o \u015bwiatowej renomie, takimi jak Split, Zagrzeb i Hvar.<\/p>\n\n\n\n<p><strong>\u2022 Dubrownik:<\/strong> Dubrownik s\u0142ynie z zachwycaj\u0105cego Starego Miasta, otoczonego pot\u0119\u017cnymi kamiennymi murami. To miejsce wpisane na list\u0119 \u015bwiatowego dziedzictwa UNESCO oferuje odwiedzaj\u0105cym wgl\u0105d w \u015bredniowieczn\u0105 histori\u0119 miasta, z dobrze zachowan\u0105 architektur\u0105, zabytkowymi ko\u015bcio\u0142ami i w\u0105skimi, brukowanymi uliczkami. Po\u0142o\u017cenie miasta nad Morzem Adriatyckim zapewnia malownicze widoki i mo\u017cliwo\u015bci wycieczek wzd\u0142u\u017c wybrze\u017ca.<\/p>\n\n\n\n<p><strong>\u2022 Park Narodowy Jezior Plitwickich:<\/strong> Park Narodowy Jezior Plitwickich to jeden z najbardziej spektakularnych cud\u00f3w natury w Chorwacji, znany z kaskadowych jezior, wodospad\u00f3w i bujnych las\u00f3w. Ten obiekt wpisany na list\u0119 \u015bwiatowego dziedzictwa UNESCO jest rajem dla mi\u0142o\u015bnik\u00f3w przyrody i oferuje rozleg\u0142e szlaki turystyczne, kt\u00f3re pozwalaj\u0105 odwiedzaj\u0105cym odkrywa\u0107 jego wyj\u0105tkowy krajobraz. Krystalicznie czyste wody parku i r\u00f3\u017cnorodna przyroda sprawiaj\u0105, \u017ce jest to obowi\u0105zkowy punkt zwiedzania.<\/p>\n\n\n\n<p><strong>\u2022 Podzia\u0142:<\/strong> Split, drugie co do wielko\u015bci miasto Chorwacji, to t\u0119tni\u0105ce \u017cyciem centrum miejskie o bogatej historii. Centralnym punktem miasta jest Pa\u0142ac Dioklecjana, ogromny kompleks pa\u0142acowy z czas\u00f3w rzymskich, kt\u00f3ry obecnie stanowi serce starego miasta. Promenada nadbrze\u017cna Splitu, gwarne targi i pobliskie pla\u017ce przyci\u0105gaj\u0105 mi\u0142o\u015bnik\u00f3w historii i turyst\u00f3w.<\/p>\n\n\n\n<p><strong>\u2022 Wyspa Hvar:<\/strong> Wyspa Hvar s\u0142ynie z osza\u0142amiaj\u0105cych krajobraz\u00f3w, pi\u0119knych pla\u017c i t\u0119tni\u0105cego \u017cyciem nocnego \u017cycia. Historyczne miasto wyspy Hvar szczyci si\u0119 uroczymi uliczkami, historycznymi fortecami i t\u0119tni\u0105c\u0105 \u017cyciem marin\u0105 pe\u0142n\u0105 luksusowych jacht\u00f3w. \u015ar\u00f3dziemnomorski klimat Hvaru i krystalicznie czyste wody sprawiaj\u0105, \u017ce jest to popularny cel podr\u00f3\u017cy dla poszukiwaczy s\u0142o\u0144ca i mi\u0142o\u015bnik\u00f3w przyg\u00f3d.<\/p>\n\n\n\n<p><strong>\u2022 Zagrzeb:<\/strong> Zagrzeb, stolica Chorwacji, oferuje po\u0142\u0105czenie historycznego uroku i nowoczesnych udogodnie\u0144. G\u00f3rne Miasto miasta charakteryzuje si\u0119 \u015bredniowieczn\u0105 architektur\u0105, brukowanymi uliczkami i zabytkami, takimi jak ko\u015bci\u00f3\u0142 \u015bw. Marka i katedra w Zagrzebiu. Dolne Miasto w Zagrzebiu s\u0142ynie z t\u0119tni\u0105cej \u017cyciem sceny kulturalnej, z licznymi muzeami, galeriami i teatrami.<\/p>\n\n\n\n<h2 class=\"wp-block-heading p3\">Kluczowe bran\u017ce<\/h2>\n\n\n\n<p class=\"p2\">Croatia\u2019s main income products are food, drinks, tobacco, and chemical oil. The Croat people are also very skilled in agriculture, one of their key industries. Croatia is doing so well in agriculture that the World Bank has classed it as a high-income economy.<\/p>\n\n\n\n<p class=\"p2\">Croatia has many small farmers\u2019 markets scattered throughout the country. The vendors sell local fruits, vegetables, cheese, wine, and meat. Most are in the city centers, but others are in small villages.<\/p>\n\n\n\n<p>W ka\u017cdym razie gospodarka Chorwacji jest nap\u0119dzana przez kilka kluczowych bran\u017c, kt\u00f3re zapewniaj\u0105 znaczne mo\u017cliwo\u015bci dla przedsi\u0119biorstw i inwestor\u00f3w. Zrozumienie tych bran\u017c i ich g\u0142\u00f3wnych graczy jest kluczowe dla ka\u017cdej firmy wchodz\u0105cej na rynek chorwacki.<\/p>\n\n\n\n<ul class=\"wp-block-list\">\n<li><strong>Turystyka:<\/strong> Turystyka jest kamieniem w\u0119gielnym gospodarki Chorwacji, wnosz\u0105c znacz\u0105cy wk\u0142ad do PKB i zatrudnienia. Osza\u0142amiaj\u0105ce wybrze\u017ce Adriatyku, historyczne miasta, takie jak Dubrownik i Split, oraz liczne wyspy przyci\u0105gaj\u0105 miliony turyst\u00f3w rocznie. Kluczowymi graczami w tym sektorze s\u0105 agencje turystyczne, takie jak Atlas i Uniline, oraz mi\u0119dzynarodowe sieci hotelowe, takie jak Hilton i Marriott. Ci\u0105g\u0142y rozw\u00f3j luksusowych kurort\u00f3w i projekt\u00f3w ekoturystycznych nadal wzmacnia t\u0119 bran\u017c\u0119.<\/li>\n\n\n\n<li><strong>Technologia i startupy:<\/strong> Sektor technologiczny Chorwacji szybko si\u0119 rozwija, a Zagrzeb staje si\u0119 centrum technologicznym. Firmy takie jak Infobip, Rimac Automobili i Nanobit prezentuj\u0105 potencja\u0142 kraju w zakresie komunikacji mobilnej, innowacji motoryzacyjnych i gier. Wspieraj\u0105cy ekosystem startup\u00f3w, nap\u0119dzany inicjatywami rz\u0105dowymi i inwestycjami kapita\u0142u podwy\u017cszonego ryzyka, nap\u0119dza innowacje i post\u0119p technologiczny.<\/li>\n\n\n\n<li><strong>Produkcja:<\/strong> Produkcja to kolejna kluczowa bran\u017ca, w kt\u00f3rej Chorwacja produkuje wszystko, od cz\u0119\u015bci samochodowych po produkty farmaceutyczne. Obecno\u015b\u0107 dobrze prosperuj\u0105cych firm, takich jak Pliva (produkty farmaceutyczne) i AD Plastik (cz\u0119\u015bci samochodowe), podkre\u015bla r\u00f3\u017cnorodno\u015b\u0107 bran\u017cy i jej potencja\u0142 innowacyjny. Strategiczne po\u0142o\u017cenie kraju i wykwalifikowana si\u0142a robocza dodatkowo zwi\u0119kszaj\u0105 jego atrakcyjno\u015b\u0107 jako centrum produkcyjnego.<\/li>\n<\/ul>\n\n\n\n<h2 class=\"wp-block-heading\">Wiod\u0105cy gracze na rynku chorwackim<\/h2>\n\n\n\n<figure class=\"gb-block-image gb-block-image-88fdee43\"><img loading=\"lazy\" decoding=\"async\" width=\"1456\" height=\"816\" class=\"gb-image gb-image-88fdee43\" src=\"https:\/\/www.sisinternational.com\/wp-content\/uploads\/2025\/09\/Croatia-4.jpg\" alt=\"SIS Mi\u0119dzynarodowe badania rynku i strategia\" title=\"Croatia (4)\" srcset=\"https:\/\/www.sisinternational.com\/wp-content\/uploads\/2025\/09\/Croatia-4.jpg 1456w, https:\/\/www.sisinternational.com\/wp-content\/uploads\/2025\/09\/Croatia-4-300x168.jpg 300w, https:\/\/www.sisinternational.com\/wp-content\/uploads\/2025\/09\/Croatia-4-1024x574.jpg 1024w, https:\/\/www.sisinternational.com\/wp-content\/uploads\/2025\/09\/Croatia-4-768x430.jpg 768w, https:\/\/www.sisinternational.com\/wp-content\/uploads\/2025\/09\/Croatia-4-18x10.jpg 18w\" sizes=\"auto, (max-width: 1456px) 100vw, 1456px\"><\/figure>\n\n\n\n<p><\/p>\n\n\n\n<p>Rynek chorwacki jest reprezentowany przez wybitne lokalne firmy i wp\u0142ywowych graczy mi\u0119dzynarodowych, z kt\u00f3rych ka\u017cdy przyczynia si\u0119 do zr\u00f3\u017cnicowanego i dynamicznego krajobrazu gospodarczego kraju. Obejmuje to:<\/p>\n\n\n\n<ul class=\"wp-block-list\">\n<li><strong>Informacja:<\/strong> Jako globalny lider w dziedzinie komunikacji w chmurze, Infobip jest jedn\u0105 z najbardziej udanych firm technologicznych w Chorwacji. Oferuje kompleksowy zestaw rozwi\u0105za\u0144 do obs\u0142ugi wiadomo\u015bci, umo\u017cliwiaj\u0105c firmom komunikowanie si\u0119 z klientami za po\u015brednictwem wiadomo\u015bci SMS, poczty e-mail, g\u0142osu i aplikacji czatu.<\/li>\n\n\n\n<li><strong>Rimac Samochody:<\/strong> Rimac Automobili to renomowany producent wysokowydajnych pojazd\u00f3w elektrycznych i system\u00f3w akumulatorowych. Znany ze swojej najnowocze\u015bniejszej technologii i doskona\u0142o\u015bci in\u017cynieryjnej, Rimac ugruntowa\u0142 swoj\u0105 pozycj\u0119 lidera w bran\u017cy motoryzacyjnej.<\/li>\n\n\n\n<li><strong>Podravka:<\/strong> Podravka to wiod\u0105ca firma przetw\u00f3rstwa spo\u017cywczego w Chorwacji, znana z szerokiej gamy produkt\u00f3w spo\u017cywczych, w tym kultowej przyprawy Vegeta. Zaanga\u017cowanie firmy w jako\u015b\u0107 i innowacj\u0119 pomog\u0142o jej utrzyma\u0107 siln\u0105 obecno\u015b\u0107 krajow\u0105 i mi\u0119dzynarodow\u0105.<\/li>\n\n\n\n<li><strong>HEP (Chorwacka Sp\u00f3\u0142ka Energetyczna):<\/strong> HEP jest dominuj\u0105cym graczem w chorwackim sektorze energetycznym, odpowiedzialnym za wytwarzanie, przesy\u0142anie i dystrybucj\u0119 energii elektrycznej. Znaczne inwestycje firmy w projekty energii odnawialnej podkre\u015blaj\u0105 jej zaanga\u017cowanie w zr\u00f3wnowa\u017cony rozw\u00f3j i efektywno\u015b\u0107 energetyczn\u0105.<\/li>\n\n\n\n<li><strong>Pliwa:<\/strong> Pliva to du\u017ca firma farmaceutyczna w Chorwacji, kt\u00f3ra od dawna cieszy si\u0119 reputacj\u0105 producenta wysokiej jako\u015bci lek\u00f3w. Jako cz\u0119\u015b\u0107 grupy Teva Pharmaceutical Industries, Pliva korzysta z rozleg\u0142ych zasob\u00f3w badawczo-rozwojowych, co pozwala jej na wprowadzanie innowacji i rozszerzanie oferty produkt\u00f3w.<\/li>\n<\/ul>\n\n\n\n<h2 class=\"wp-block-heading p3\">Trendy<\/h2>\n\n\n\n<p class=\"p2\">Chorwacja ma rozwijaj\u0105c\u0105 si\u0119, wysokodochodow\u0105, opart\u0105 na us\u0142ugach gospodark\u0119. Kraj ucierpia\u0142 podczas wojen jugos\u0142owia\u0144skich w latach 90. Dopiero po zako\u0144czeniu wojen gospodarka zacz\u0119\u0142a si\u0119 poprawia\u0107. Po wojnach kraj sta\u0142 si\u0119 gospodark\u0105 rynkow\u0105. W ten spos\u00f3b gospodarka chorwacka jest obecnie jedn\u0105 z najsilniejszych w Europie Po\u0142udniowo-Wschodniej.<\/p>\n\n\n\n<h2 class=\"wp-block-heading p3\">Powody, dla kt\u00f3rych warto za\u0142o\u017cy\u0107 firm\u0119 w Chorwacji<\/h2>\n\n\n\n<p class=\"p2\">Lokalizacja Chorwacji jest g\u0142\u00f3wnym powodem, dla kt\u00f3rego jest to \u015bwietne miejsce do prowadzenia dzia\u0142alno\u015bci gospodarczej. Ponadto Chorwacja ma po\u0142\u0105czenia turystyczne z Europ\u0105 i reszt\u0105 \u015bwiata drog\u0105 morsk\u0105, l\u0105dow\u0105 i powietrzn\u0105, co przyci\u0105ga wielu turyst\u00f3w. Innymi powodami s\u0105 nowoczesna infrastruktura, og\u00f3lna stabilno\u015b\u0107 i wykszta\u0142cona si\u0142a robocza. Kraj ten nadal rozwija r\u00f3wnie\u017c sw\u00f3j transport, telekomunikacj\u0119 i sprz\u0119t energetyczny.<\/p>\n\n\n\n<h2 class=\"wp-block-heading\">Oczekiwane wyniki bada\u0144 rynku SIS w Chorwacji<\/h2>\n\n\n\n<p><strong>Lepsze zrozumienie rynku:<\/strong><\/p>\n\n\n\n<p><a href=\"https:\/\/www.linkedin.com\/company\/sisinternationalresearch\/\" target=\"_blank\" rel=\"noopener\"><span style=\"font-weight: 400;\">SIS Mi\u0119dzynarodowy<\/span><\/a>Badania rynku firmy zapewniaj\u0105 przedsi\u0119biorstwom dog\u0142\u0119bne zrozumienie rynku chorwackiego. Obejmuje to wgl\u0105d w zachowania konsument\u00f3w, popyt rynkowy i dynamik\u0119 konkurencji. Dzi\u0119ki tej wiedzy firmy mog\u0105 dostosowa\u0107 swoje strategie do lokalnych preferencji i warunk\u00f3w rynkowych.<\/p>\n\n\n\n<p><strong>Podejmowanie \u015bwiadomych decyzji:<\/strong><\/p>\n\n\n\n<p>Badania rynku wyposa\u017caj\u0105 firmy w dane, aby podejmowa\u0107 \u015bwiadome decyzje. Firmy mog\u0105 identyfikowa\u0107 szanse i potencjalne wyzwania, analizuj\u0105c trendy rynkowe i opinie konsument\u00f3w, co prowadzi do bardziej strategicznego planowania i skutecznego wykonania.<\/p>\n\n\n\n<p><strong>\u0141agodzenie ryzyka:<\/strong><\/p>\n\n\n\n<p>Jedn\u0105 z g\u0142\u00f3wnych zalet bada\u0144 rynkowych jest ich zdolno\u015b\u0107 do \u0142agodzenia ryzyka. Rozumiej\u0105c krajobraz rynkowy i potencjalne pu\u0142apki, firmy mog\u0105 opracowa\u0107 plany awaryjne i proaktywne strategie radzenia sobie z niepewno\u015bci\u0105. Zmniejsza to prawdopodobie\u0144stwo kosztownych b\u0142\u0119d\u00f3w i zwi\u0119ksza og\u00f3ln\u0105 odporno\u015b\u0107 firmy.<\/p>\n\n\n\n<p><strong>Poprawiony zwrot z inwestycji (ROI):<\/strong><\/p>\n\n\n\n<p>Inwestowanie w badania rynku cz\u0119sto prowadzi do poprawy ROI. Firmy mog\u0105 optymalizowa\u0107 swoje dzia\u0142ania marketingowe, rozw\u00f3j produkt\u00f3w i strategie operacyjne, podejmuj\u0105c decyzje oparte na danych. Zwi\u0119ksza to rentowno\u015b\u0107 i zapewnia zr\u00f3wnowa\u017cony wzrost na rynku chorwackim.<\/p>\n\n\n\n<p><strong>Przewaga strategiczna:<\/strong><\/p>\n\n\n\n<p><a href=\"https:\/\/twitter.com\/SISIntlResearch\" target=\"_blank\" rel=\"noopener\"><span style=\"font-weight: 400;\">SIS<\/span><\/a> daje firmom strategiczn\u0105 przewag\u0119 nad konkurentami. Firmy mog\u0105 wprowadza\u0107 innowacje i dostosowywa\u0107 si\u0119 bardziej efektywnie, wyprzedzaj\u0105c trendy rynkowe i preferencje konsument\u00f3w. Ta przewaga konkurencyjna jest kluczowa dla utrzymania i zwi\u0119kszenia udzia\u0142u w rynku.<\/p>\n\n\n\n<h2 class=\"wp-block-heading\">Lokalizacja naszego obiektu w Nowym Jorku<\/h2>\n\n\n\n<p>  <iframe loading=\"lazy\" src=\"https:\/\/www.google.com\/maps\/embed?pb=!1m18!1m12!1m3!1d3022.976188376966!2d-73.99130312499956!3d40.740549471389315!2m3!1f0!2f0!3f0!3m2!1i1024!2i768!4f13.1!3m3!1m2!1s0x89c259a15798c731%3A0xd695d09bdd495f25!2s11%20E%2022nd%20St%20FL%202%2C%20New%20York%2C%20NY%2010010%2C%20USA!5e0!3m2!1sen!2spe!4v1726171763526!5m2!1sen!2spe\" width=\"600\" height=\"450\" allowfullscreen=\"allowfullscreen\" data-mce-fragment=\"1\"><\/iframe>  <\/p>\n\n\n\n<h3 class=\"wp-block-heading\">11 E 22nd Street, pi\u0119tro 2, Nowy Jork, NY 10010 T: +1(212) 505-6805<\/h3>\n\n\n\n<hr class=\"wp-block-separator has-alpha-channel-opacity\"\/>\n\n\n\n<h2 class=\"wp-block-heading\"><span style=\"font-weight: 400;\">O firmie SIS International<\/span><\/h2>\n\n\n\n<p><a href=\"https:\/\/www.sisinternational.com\/pl\/\"><span style=\"font-weight: 400;\">SIS Mi\u0119dzynarodowy<\/span><\/a><span style=\"font-weight: 400;\"> oferuje badania ilo\u015bciowe, jako\u015bciowe i strategiczne. Dostarczamy dane, narz\u0119dzia, strategie, raporty i spostrze\u017cenia do podejmowania decyzji. Prowadzimy r\u00f3wnie\u017c wywiady, ankiety, grupy fokusowe i inne metody i podej\u015bcia do bada\u0144 rynku.<\/span><a href=\"https:\/\/www.sisinternational.com\/pl\/o-moich-miedzynarodowych-badaniach\/contact-sis-international-market-research\/\"><span style=\"font-weight: 400;\"> Skontaktuj si\u0119 z nami<\/span><\/a><span style=\"font-weight: 400;\"> dla Twojego kolejnego projektu badania rynku.<\/span><\/p>\n\n\n\n<p><\/p>","protected":false},"excerpt":{"rendered":"<p>Rozwijaj sw\u00f3j biznes dzi\u0119ki badaniom rynku w Chorwacji.<\/p>","protected":false},"author":1,"featured_media":65946,"parent":14510,"menu_order":42,"comment_status":"closed","ping_status":"closed","template":"","meta":{"footnotes":""},"class_list":["post-38806","page","type-page","status-publish","has-post-thumbnail"],"_links":{"self":[{"href":"https:\/\/www.sisinternational.com\/pl\/wp-json\/wp\/v2\/pages\/38806","targetHints":{"allow":["GET"]}}],"collection":[{"href":"https:\/\/www.sisinternational.com\/pl\/wp-json\/wp\/v2\/pages"}],"about":[{"href":"https:\/\/www.sisinternational.com\/pl\/wp-json\/wp\/v2\/types\/page"}],"author":[{"embeddable":true,"href":"https:\/\/www.sisinternational.com\/pl\/wp-json\/wp\/v2\/users\/1"}],"replies":[{"embeddable":true,"href":"https:\/\/www.sisinternational.com\/pl\/wp-json\/wp\/v2\/comments?post=38806"}],"version-history":[{"count":10,"href":"https:\/\/www.sisinternational.com\/pl\/wp-json\/wp\/v2\/pages\/38806\/revisions"}],"predecessor-version":[{"id":81185,"href":"https:\/\/www.sisinternational.com\/pl\/wp-json\/wp\/v2\/pages\/38806\/revisions\/81185"}],"up":[{"embeddable":true,"href":"https:\/\/www.sisinternational.com\/pl\/wp-json\/wp\/v2\/pages\/14510"}],"wp:featuredmedia":[{"embeddable":true,"href":"https:\/\/www.sisinternational.com\/pl\/wp-json\/wp\/v2\/media\/65946"}],"wp:attachment":[{"href":"https:\/\/www.sisinternational.com\/pl\/wp-json\/wp\/v2\/media?parent=38806"}],"curies":[{"name":"wp","href":"https:\/\/api.w.org\/{rel}","templated":true}]}}