{"id":38694,"date":"2021-09-06T04:06:01","date_gmt":"2021-09-06T04:06:01","guid":{"rendered":"https:\/\/www.sisinternational.com\/?page_id=38694"},"modified":"2026-03-05T23:55:21","modified_gmt":"2026-03-06T04:55:21","slug":"badania-rynku-tequili","status":"publish","type":"page","link":"https:\/\/www.sisinternational.com\/pl\/rozwiazania\/testowanie-smaku\/badania-rynku-tequili\/","title":{"rendered":"Badania rynku tequili"},"content":{"rendered":"<h1 class=\"wp-block-heading\">Badania rynku tequili<\/h1>\n\n\n\n<figure class=\"gb-block-image gb-block-image-36e530c8\"><img loading=\"lazy\" decoding=\"async\" width=\"1456\" height=\"816\" class=\"gb-image gb-image-36e530c8\" src=\"https:\/\/www.sisinternational.com\/wp-content\/uploads\/2025\/08\/Tequila-5.jpg\" alt=\"SIS Mi\u0119dzynarodowe badania rynku i strategia\" title=\"Tequila (5)\" srcset=\"https:\/\/www.sisinternational.com\/wp-content\/uploads\/2025\/08\/Tequila-5.jpg 1456w, https:\/\/www.sisinternational.com\/wp-content\/uploads\/2025\/08\/Tequila-5-300x168.jpg 300w, https:\/\/www.sisinternational.com\/wp-content\/uploads\/2025\/08\/Tequila-5-1024x574.jpg 1024w, https:\/\/www.sisinternational.com\/wp-content\/uploads\/2025\/08\/Tequila-5-768x430.jpg 768w, https:\/\/www.sisinternational.com\/wp-content\/uploads\/2025\/08\/Tequila-5-18x10.jpg 18w\" sizes=\"auto, (max-width: 1456px) 100vw, 1456px\"><\/figure>\n\n\n\n<p><\/p>\n\n\n\n<hr class=\"wp-block-separator has-alpha-channel-opacity is-style-dots\"\/>\n\n\n\n<h3 class=\"wp-block-heading\"><span style=\"font-weight: 400;\">Badania rynku tequili maj\u0105 na celu identyfikacj\u0119 trend\u00f3w rynkowych, szans i wyzwa\u0144, kt\u00f3re mog\u0105 mie\u0107 wp\u0142yw na strategie biznesowe.<\/span><\/h3>\n\n\n\n<p><span style=\"font-weight: 400;\">Tequila to ukochany trunek, kt\u00f3rym delektuj\u0105 si\u0119 miliony ludzi na ca\u0142ym \u015bwiecie. Jednak z\u0142o\u017cony krajobraz rynkowy za kulisami dyktuje produkcj\u0119, dystrybucj\u0119 i konsumpcj\u0119\u2026 Dlatego badania rynku tequili badaj\u0105, czego potrzebuj\u0105 firmy na tym rynku, kto na tym korzysta oraz jakie mo\u017cliwo\u015bci i wyzwania on stwarza.&nbsp;<\/span><\/p>\n\n\n\n<h2 class=\"wp-block-heading\"><strong>Czym jest badanie rynku tequili?<\/strong><\/h2>\n\n\n\n<p><span style=\"font-weight: 400;\">Badania rynku tequili daj\u0105 przedsi\u0119biorstwom wgl\u0105d w preferencje konsument\u00f3w, dynamik\u0119 rynku i krajobrazy konkurencyjne. Dzi\u0119ki nim przedsi\u0119biorstwa mog\u0105 lepiej zrozumie\u0107 rynek tequili i podejmowa\u0107 \u015bwiadome decyzje, aby osi\u0105gn\u0105\u0107 sukces.<\/span><\/p>\n\n\n\n<p><span style=\"font-weight: 400;\">To badanie rynku obejmuje r\u00f3\u017cne aspekty, takie jak analiza zachowa\u0144 konsument\u00f3w, pozycjonowanie marki, strategie cenowe i segmentacja rynku. Obejmuje ono zbieranie danych z wielu \u017ar\u00f3de\u0142, w tym ankiet, wywiad\u00f3w, grup fokusowych i raport\u00f3w bran\u017cowych w bran\u017cy tequili.<\/span><\/p>\n\n\n\n<h2 class=\"wp-block-heading\"><strong>Dlaczego firmy potrzebuj\u0105 bada\u0144 rynku tequili?<\/strong><\/h2>\n\n\n\n<p><span style=\"font-weight: 400;\">Badania rynku tequili pomagaj\u0105 firmom zrozumie\u0107 preferencje konsument\u00f3w, w tym profile smakowe, preferencje dotycz\u0105ce opakowa\u0144 i lojalno\u015b\u0107 wobec marki. Informacje te s\u0105 kluczowe dla opracowywania produkt\u00f3w, kt\u00f3re znajduj\u0105 odd\u017awi\u0119k u konsument\u00f3w.<\/span><\/p>\n\n\n\n<p><span style=\"font-weight: 400;\">Poprzez<\/span> <span style=\"font-weight: 400;\">badania rynku, firmy mog\u0105 identyfikowa\u0107 pojawiaj\u0105ce si\u0119 trendy na rynku tequili, takie jak rosn\u0105cy popyt na tequil\u0119 premium lub wzrost liczby destylarni rzemie\u015blniczych. Umo\u017cliwia to firmom dostosowanie swoich strategii, aby wykorzysta\u0107 te trendy. Ponadto<\/span><b>, <\/b><span style=\"font-weight: 400;\">Badania rynku tequili pozwalaj\u0105 firmom analizowa\u0107 strategie konkurencji, obejmuj\u0105ce ustalanie cen, marketing i dystrybucj\u0119.&nbsp;<\/span><\/p>\n\n\n\n<p><span style=\"font-weight: 400;\">Podobnie, badania rynku s\u0105 niezb\u0119dne dla firm, kt\u00f3re chc\u0105 wej\u015b\u0107 na rynek tequili lub rozszerzy\u0107 dzia\u0142alno\u015b\u0107 na nowe rynki. Pomagaj\u0105 firmom zrozumie\u0107 krajobraz rynkowy, preferencje konsument\u00f3w i otoczenie regulacyjne, kieruj\u0105c ich strategiami wej\u015bcia na rynek. W ka\u017cdym razie badania rynku tequili oferuj\u0105 kilka kluczowych korzy\u015bci dla firm w bran\u017cy tequili:<\/span><\/p>\n\n\n\n<ul class=\"wp-block-list\">\n<li><b>Spostrze\u017cenia konsumenckie<\/b><span style=\"font-weight: 400;\">:Badania rynku dostarczaj\u0105 firmom cennych informacji na temat preferencji konsument\u00f3w, pomagaj\u0105c im dostosowywa\u0107 produkty i strategie marketingowe w celu lepszego zaspokojenia potrzeb konsument\u00f3w.<\/span><\/li>\n\n\n\n<li><b>Przewaga konkurencyjna<\/b><span style=\"font-weight: 400;\">:Rozumiej\u0105c sytuacj\u0119 na rynku i strategie konkurencji, przedsi\u0119biorstwa mog\u0105 identyfikowa\u0107 szanse na wyr\u00f3\u017cnienie si\u0119 i uzyskanie przewagi konkurencyjnej.<\/span><\/li>\n\n\n\n<li><b>Zarz\u0105dzanie ryzykiem<\/b><span style=\"font-weight: 400;\">Badania rynku pomagaj\u0105 przedsi\u0119biorstwom identyfikowa\u0107 potencjalne zagro\u017cenia i wyzwania, co pozwala im opracowywa\u0107 strategie \u0142agodzenia i ochrony swojej dzia\u0142alno\u015bci.<\/span><\/li>\n\n\n\n<li><b>Rozw\u00f3j produktu<\/b><span style=\"font-weight: 400;\">Badania rynku dostarczaj\u0105 przedsi\u0119biorstwom informacji zwrotnych na temat ich produkt\u00f3w, umo\u017cliwiaj\u0105c im udoskonalanie oferty i opracowywanie nowych produkt\u00f3w, kt\u00f3re lepiej odpowiadaj\u0105 wymaganiom konsument\u00f3w.<\/span><\/li>\n\n\n\n<li><b>Ekspansja rynku<\/b><span style=\"font-weight: 400;\">:Firmy planuj\u0105ce ekspansj\u0119 na nowe rynki potrzebuj\u0105 cennych informacji na temat dynamiki rynku, zachowa\u0144 konsument\u00f3w i otoczenia regulacyjnego, co pozwala im opracowywa\u0107 strategie ekspansji.<\/span><\/li>\n<\/ul>\n\n\n\n<h2 class=\"wp-block-heading p2\">Co mog\u0105 odkry\u0107 badania rynku tequili?<\/h2>\n\n\n\n<figure class=\"gb-block-image gb-block-image-862dd4c9\"><img loading=\"lazy\" decoding=\"async\" width=\"1456\" height=\"816\" class=\"gb-image gb-image-862dd4c9\" src=\"https:\/\/www.sisinternational.com\/wp-content\/uploads\/2025\/08\/Tequila-4.jpg\" alt=\"SIS Mi\u0119dzynarodowe badania rynku i strategia\" title=\"Tequila (4)\" srcset=\"https:\/\/www.sisinternational.com\/wp-content\/uploads\/2025\/08\/Tequila-4.jpg 1456w, https:\/\/www.sisinternational.com\/wp-content\/uploads\/2025\/08\/Tequila-4-300x168.jpg 300w, https:\/\/www.sisinternational.com\/wp-content\/uploads\/2025\/08\/Tequila-4-1024x574.jpg 1024w, https:\/\/www.sisinternational.com\/wp-content\/uploads\/2025\/08\/Tequila-4-768x430.jpg 768w, https:\/\/www.sisinternational.com\/wp-content\/uploads\/2025\/08\/Tequila-4-18x10.jpg 18w\" sizes=\"auto, (max-width: 1456px) 100vw, 1456px\"><\/figure>\n\n\n\n<p><\/p>\n\n\n\n<p class=\"p3\">Badania rynku tequili mog\u0105 odkry\u0107 zmiany w gustach klient\u00f3w, ujawni\u0107 ulubione marki i pom\u00f3c wprowadzi\u0107 na rynek nowe produkty. Mog\u0105 r\u00f3wnie\u017c pom\u00f3c firmom ulepszy\u0107 swoj\u0105 ofert\u0119, aby zwi\u0119kszy\u0107 zyski.<\/p>\n\n\n\n<p class=\"p3\">Badania rynku tequili mog\u0105 r\u00f3wnie\u017c pom\u00f3c klientom dowiedzie\u0107 si\u0119 wi\u0119cej na temat tego trunku i pom\u00f3c im dokona\u0107 najlepszego zakupu, kt\u00f3ry mo\u017ce odpowiada\u0107 ich gustom.<\/p>\n\n\n\n<p class=\"p4\">Opr\u00f3cz test\u00f3w smakowych, SIS International zapewnia ilo\u015bciowe, jako\u015bciowe i strategiczne badania. U\u017cywamy grup fokusowych, wywiad\u00f3w i ankiet, aby zmierzy\u0107 puls rynku. To idealny partner, je\u015bli chcesz zbada\u0107 rynek tequili.<\/p>\n\n\n\n<h2 class=\"wp-block-heading\"><strong>Kto korzysta z bada\u0144 rynku tequili<\/strong><\/h2>\n\n\n\n<ul class=\"wp-block-list\">\n<li><b>Producenci tequili<\/b><span style=\"font-weight: 400;\"> regularnie wykorzystuj\u0105 badania rynku, aby zrozumie\u0107 preferencje konsument\u00f3w, opracowywa\u0107 nowe produkty i tworzy\u0107 skuteczne strategie marketingowe.<\/span><\/li>\n\n\n\n<li><b>Dystrybutorzy i detali\u015bci<\/b><span style=\"font-weight: 400;\"> wykorzystuj\u0105 badania rynku, aby zape\u0142ni\u0107 swoje p\u00f3\u0142ki markami tequili, kt\u00f3re odpowiadaj\u0105 potrzebom ich docelowych klient\u00f3w, i wyprzedza\u0107 trendy rynkowe.<\/span><\/li>\n\n\n\n<li><b>Restauracje i bary<\/b><span style=\"font-weight: 400;\"> rely on <a href=\"https:\/\/www.sisinternational.com\/pl\/ekspertyza\/branze\/chinese-restaurant-market-research\/\" title=\"Badania rynku restauracji chi\u0144skich\"  data-wpil-monitor-id=\"3800\">badania rynku tequili<\/a> to curate their tequila offerings, pricing strategies, and marketing efforts to attract and retain customers.<\/span><\/li>\n<\/ul>\n\n\n\n<h2 class=\"wp-block-heading\"><strong>Kiedy przeprowadza\u0107 badania rynku tequili<\/strong><\/h2>\n\n\n\n<p><span style=\"font-weight: 400;\">Badania rynku tequili powinny by\u0107 przeprowadzane na r\u00f3\u017cnych etapach cyklu \u017cycia produktu i w odpowiedzi na konkretne potrzeby biznesowe. Niekt\u00f3re krytyczne momenty, w kt\u00f3rych nale\u017cy przeprowadzi\u0107 badania rynku tequili, obejmuj\u0105:<\/span><\/p>\n\n\n\n<ul class=\"wp-block-list\">\n<li><b>Przed wprowadzeniem na rynek nowego produktu tequili<\/b><span style=\"font-weight: 400;\">:Przeprowadzenie bada\u0144 rynkowych przed wprowadzeniem na rynek nowego produktu tequili mo\u017ce pom\u00f3c przedsi\u0119biorstwom zrozumie\u0107 preferencje konsument\u00f3w i popyt rynkowy, co pozwoli mie\u0107 pewno\u015b\u0107, \u017ce produkt spe\u0142ni potrzeby klient\u00f3w.<\/span><\/li>\n\n\n\n<li><b>Podczas ekspansji na nowe rynki<\/b><span style=\"font-weight: 400;\">: Market research is essential to understand local consumer preferences, the competitive landscape, and the regulatory environment.<\/span><\/li>\n\n\n\n<li><b>Regularnie, aby by\u0107 na bie\u017c\u0105co<\/b><span style=\"font-weight: 400;\">:Regularne badania rynku pomagaj\u0105 firmom by\u0107 na bie\u017c\u0105co ze zmieniaj\u0105cymi si\u0119 preferencjami konsument\u00f3w, trendami rynkowymi i strategiami konkurencji, co pozwala im odpowiednio dostosowywa\u0107 swoje strategie.<\/span><\/li>\n<\/ul>\n\n\n\n<h2 class=\"wp-block-heading\"><strong>Wiod\u0105cy gracze na rynku tequili<\/strong><\/h2>\n\n\n\n<p><span style=\"font-weight: 400;\">Na rynku tequili dominuje kilku g\u0142\u00f3wnych graczy, w tym:<\/span><\/p>\n\n\n\n<ul class=\"wp-block-list\">\n<li><b>Jos\u00e9 Cuervo<\/b><span style=\"font-weight: 400;\">:Jose Cuervo jest jedn\u0105 z najstarszych i najbardziej znanych marek tequili. Ma mocn\u0105 pozycj\u0119 na \u015bwiatowym rynku tequili.<\/span><\/li>\n\n\n\n<li><b>Patron<\/b><span style=\"font-weight: 400;\">:Firma Patr\u00f3n, znana z oferty tequili premium, jest znacz\u0105cym graczem w segmencie tequili z wy\u017cszej p\u00f3\u0142ki.<\/span><\/li>\n\n\n\n<li><b>Sauza<\/b><span style=\"font-weight: 400;\">:Sauza oferuje szerok\u0105 gam\u0119 produkt\u00f3w na bazie tequili i jest znacz\u0105cym graczem na rynku tequili.<\/span><\/li>\n\n\n\n<li><b>Don Julio<\/b><span style=\"font-weight: 400;\">:Don Julio s\u0142ynie z wysokiej jako\u015bci produkt\u00f3w na bazie tequili i cieszy si\u0119 du\u017cym zainteresowaniem w\u015br\u00f3d mi\u0142o\u015bnik\u00f3w tequili.<\/span><\/li>\n\n\n\n<li><b>Olmeka<\/b><span style=\"font-weight: 400;\">:Olmeca oferuje szereg produkt\u00f3w na bazie tequili, w tym: <\/span><i><span style=\"font-weight: 400;\">bia\u0142y, od\u0142o\u017cony<\/span><\/i><span style=\"font-weight: 400;\">, I <\/span><i><span style=\"font-weight: 400;\">nieobecny<\/span><\/i><span style=\"font-weight: 400;\"> odmiany, odpowiadaj\u0105ce r\u00f3\u017cnym preferencjom konsument\u00f3w.<\/span><\/li>\n<\/ul>\n\n\n\n<h2 class=\"wp-block-heading p2\">SIS przeprowadza test smaku tequili<\/h2>\n\n\n\n<p class=\"p3\">Testowanie smaku, podczas kt\u00f3rego ludzie oceniaj\u0105 smak napoju, sta\u0142o si\u0119 popularne. Nauka prawid\u0142owego testu smaku mo\u017ce by\u0107 \u015bwietnym sposobem na poznanie i cieszenie si\u0119 tequil\u0105. Bary, restauracje i inne firmy mog\u0105 odnotowa\u0107 wzrost liczby konsument\u00f3w. Wyci\u0105gni\u0119cie jak najlepszych wniosk\u00f3w z tego do\u015bwiadczenia mo\u017ce pozytywnie wp\u0142yn\u0105\u0107 na bran\u017c\u0119 tequili. SIS International Research przeprowadza testy smaku. Mo\u017cesz wsp\u00f3\u0142pracowa\u0107 z SIS, aby przeprowadzi\u0107 testy w swoim miejscu pracy.<\/p>\n\n\n\n<h2 class=\"wp-block-heading\"><strong>Mo\u017cliwo\u015bci na rynku tequili&nbsp;<\/strong><\/h2>\n\n\n\n<figure class=\"gb-block-image gb-block-image-497026b4\"><img loading=\"lazy\" decoding=\"async\" width=\"1456\" height=\"816\" class=\"gb-image gb-image-497026b4\" src=\"https:\/\/www.sisinternational.com\/wp-content\/uploads\/2025\/08\/Tequila-3.jpg\" alt=\"SIS Mi\u0119dzynarodowe badania rynku i strategia\" title=\"Tequila (3)\" srcset=\"https:\/\/www.sisinternational.com\/wp-content\/uploads\/2025\/08\/Tequila-3.jpg 1456w, https:\/\/www.sisinternational.com\/wp-content\/uploads\/2025\/08\/Tequila-3-300x168.jpg 300w, https:\/\/www.sisinternational.com\/wp-content\/uploads\/2025\/08\/Tequila-3-1024x574.jpg 1024w, https:\/\/www.sisinternational.com\/wp-content\/uploads\/2025\/08\/Tequila-3-768x430.jpg 768w, https:\/\/www.sisinternational.com\/wp-content\/uploads\/2025\/08\/Tequila-3-18x10.jpg 18w\" sizes=\"auto, (max-width: 1456px) 100vw, 1456px\"><\/figure>\n\n\n\n<p><\/p>\n\n\n\n<p><span style=\"font-weight: 400;\">Rynek tequili oferuje szereg kluczowych mo\u017cliwo\u015bci dla przedsi\u0119biorstw, kt\u00f3re chc\u0105 wej\u015b\u0107 na rynek lub rozszerzy\u0107 swoj\u0105 obecno\u015b\u0107 na nim:<\/span><\/p>\n\n\n\n<ul class=\"wp-block-list\">\n<li><b>Premiumizacja<\/b><span style=\"font-weight: 400;\">:Rosn\u0105cy popyt na produkty tequilowe klasy premium i ultra-premium stwarza przedsi\u0119biorstwom okazj\u0119 do wykorzystania tego trendu i zaoferowania wysokiej jako\u015bci produkt\u00f3w na bazie tequili.<\/span><\/li>\n\n\n\n<li><b>Trendy w zdrowiu i dobrym samopoczuciu<\/b><span style=\"font-weight: 400;\">:Wraz ze wzrostem zainteresowania zdrowiem i dobrym samopoczuciem firmy mog\u0105 opracowywa\u0107 produkty na bazie tequili, kt\u00f3re odpowiadaj\u0105 temu trendowi, np. opcje organiczne lub niskokaloryczne.<\/span><\/li>\n\n\n\n<li><b>Wzrost e-commerce<\/b><span style=\"font-weight: 400;\">Rozw\u00f3j handlu elektronicznego stwarza firmom mo\u017cliwo\u015b\u0107 dotarcia do szerszego grona konsument\u00f3w, zw\u0142aszcza tych, kt\u00f3rzy wol\u0105 wygod\u0119 zakup\u00f3w tequili online.<\/span><\/li>\n\n\n\n<li><b>Ekspansja mi\u0119dzynarodowa<\/b><span style=\"font-weight: 400;\">:Popularno\u015b\u0107 tequili jest wi\u0119ksza ni\u017c w Meksyku, co pozwala firmom na ekspansj\u0119 na rynki globalne, na kt\u00f3rych wzrasta spo\u017cycie tego trunku.<\/span><\/li>\n\n\n\n<li><b>Innowacje i rozw\u00f3j nowych produkt\u00f3w<\/b><span style=\"font-weight: 400;\">:Przedsi\u0119biorstwa maj\u0105 okazj\u0119 do innowacji i opracowywania nowych produkt\u00f3w tequili, kt\u00f3re b\u0119d\u0105 odpowiada\u0107 zmieniaj\u0105cym si\u0119 preferencjom i trendom konsument\u00f3w<\/span><\/li>\n<\/ul>\n\n\n\n<h2 class=\"wp-block-heading\"><strong>Wyzwania rynku tequili&nbsp;<\/strong><\/h2>\n\n\n\n<p><span style=\"font-weight: 400;\">Cho\u0107 rynek tequili stwarza szereg mo\u017cliwo\u015bci, niesie ze sob\u0105 r\u00f3wnie\u017c szereg wyzwa\u0144 dla przedsi\u0119biorstw:<\/span><\/p>\n\n\n\n<ul class=\"wp-block-list\">\n<li><b>Konkurs<\/b><span style=\"font-weight: 400;\">:Rynek tequili jest bardzo konkurencyjny, a wiele uznanych marek walczy o udzia\u0142y w rynku. Mo\u017ce to utrudnia\u0107 nowym podmiotom zdobycie przycz\u00f3\u0142ka na rynku.<\/span><\/li>\n\n\n\n<li><b>\u015arodowisko regulacyjne<\/b><span style=\"font-weight: 400;\">:Bran\u017ca tequili podlega surowym regulacjom dotycz\u0105cym produkcji, etykietowania i oznacze\u0144 geograficznych. Poruszanie si\u0119 po tych regulacjach mo\u017ce by\u0107 wyzwaniem dla firm.<\/span><\/li>\n\n\n\n<li><b>Problemy z \u0142a\u0144cuchem dostaw<\/b><span style=\"font-weight: 400;\">Zapewnienie stabilnego i niezawodnego \u0142a\u0144cucha dostaw dla produkcji tequili mo\u017ce stanowi\u0107 wyzwanie, szczeg\u00f3lnie dla przedsi\u0119biorstw, kt\u00f3re pozyskuj\u0105 agaw\u0119, kluczowy sk\u0142adnik.<\/span><\/li>\n\n\n\n<li><b>Zmieniaj\u0105ce si\u0119 preferencje konsument\u00f3w<\/b><span style=\"font-weight: 400;\">:Preferencje konsument\u00f3w i trendy na rynku tequili mog\u0105 si\u0119 szybko zmienia\u0107, przez co firmom trudno jest nad\u0105\u017ca\u0107 za zmieniaj\u0105cymi si\u0119 popytem.<\/span><\/li>\n\n\n\n<li><b>Marketing i budowanie marki<\/b><span style=\"font-weight: 400;\">:Skuteczne wprowadzanie na rynek i budowanie marki produkt\u00f3w tequili w celu wyr\u00f3\u017cnienia si\u0119 na zat\u0142oczonym rynku mo\u017ce by\u0107 wyzwaniem dla firm, szczeg\u00f3lnie tych o ograniczonych zasobach.<\/span><\/li>\n<\/ul>\n\n\n\n<h2 class=\"wp-block-heading\"><strong>Co sprawia, \u017ce SIS International Research jest wiod\u0105c\u0105 firm\u0105 zajmuj\u0105c\u0105 si\u0119 badaniami rynku tequili?<\/strong><\/h2>\n\n\n\n<p><a href=\"https:\/\/www.linkedin.com\/company\/sisinternationalresearch\/\" target=\"_blank\" rel=\"noopener\"><span style=\"font-weight: 400;\">SIS Mi\u0119dzynarodowy<\/span><\/a> dostarcza praktycznych spostrze\u017ce\u0144 na temat rynku tequili, pomagaj\u0105c markom zrozumie\u0107 preferencje konsument\u00f3w, porusza\u0107 si\u0119 po krajobrazach regulacyjnych i dostrzega\u0107 pojawiaj\u0105ce si\u0119 trendy w wysoce konkurencyjnej bran\u017cy. Oto dlaczego SIS International jest najlepszym wyborem dla tequili <a href=\"https:\/\/www.linkedin.com\/pulse\/how-market-research-enables-growth-ruth-stanat-phekf\/\" target=\"_blank\" rel=\"noopener\"><span style=\"font-weight: 400;\">badania rynku<\/span><\/a>:<\/p>\n\n\n\n<p><strong>1. G\u0142\u0119boka wiedza specjalistyczna na temat trend\u00f3w tequili<\/strong><br><a href=\"https:\/\/medium.com\/@sisinternational\/sis-international-c17160da8fac\" target=\"_blank\" rel=\"noopener\"><span style=\"font-weight: 400;\">SIS<\/span><\/a> ma dog\u0142\u0119bne zrozumienie unikalnej dynamiki rynku tequili, od trendu premiumizacji i rzemie\u015blniczych metod produkcji po rosn\u0105cy popyt na zr\u00f3wnowa\u017cone i organiczne produkty. Ta wiedza specjalistyczna zapewnia naszym klientom wyprzedzanie zmian w bran\u017cy i ewoluuj\u0105cych gust\u00f3w konsument\u00f3w.<\/p>\n\n\n\n<p><strong>2. Wgl\u0105d w preferencje i zachowania konsument\u00f3w<\/strong><br>We specialize in understanding the nuanced preferences of tequila consumers, such as the rising interest in premium and ultra-premium categories. Our <a href=\"https:\/\/www.sisinternational.com\/pl\/zasieg\/ameryka\/badania-rynku-ameryki-lacinskiej\/badania-rynku-kostaryka\/\" title=\"Badania rynku w Kostaryce\" data-wpil-monitor-id=\"4945\">badania<\/a> helps brands tailor their products and marketing to meet the desires of a discerning audience seeking authenticity and quality.<\/p>\n\n\n\n<p><strong>3. Kompleksowa analiza konkurencji<\/strong><br>Rynek tequili jest zat\u0142oczony zar\u00f3wno przez marki tradycyjne, jak i nowych uczestnik\u00f3w. SIS International dostarcza szczeg\u00f3\u0142owych informacji o konkurencji, analizuj\u0105c kluczowych graczy i ich strategie, umo\u017cliwiaj\u0105c markom strategiczne pozycjonowanie si\u0119 w wysoce konkurencyjnej przestrzeni.<\/p>\n\n\n\n<p><strong>4. Ekspertyza w zakresie zgodno\u015bci z przepisami<\/strong><br>Poruszanie si\u0119 po rygorystycznych wymaganiach regulacyjnych bran\u017cy tequili, zw\u0142aszcza w regionach takich jak Meksyk, wymaga precyzji. Ekspertyza SIS International zapewnia, \u017ce klienci przestrzegaj\u0105 lokalnych i mi\u0119dzynarodowych standard\u00f3w, od produkcji i etykietowania po przepisy eksportowe, minimalizuj\u0105c ryzyko i zapewniaj\u0105c p\u0142ynne wej\u015bcie na rynek.<\/p>\n\n\n\n<p><strong>5. Wgl\u0105d w mo\u017cliwo\u015bci rynk\u00f3w wschodz\u0105cych oparty na danych<\/strong><br>Nasze badania identyfikuj\u0105 kluczowe mo\u017cliwo\u015bci wzrostu, takie jak rozszerzenie obecno\u015bci tequili na rynkach globalnych i wykorzystanie trend\u00f3w, takich jak koktajle na bazie tequili i opcje o niskiej zawarto\u015bci cukru. Umo\u017cliwiamy markom podejmowanie strategicznych decyzji opartych na danych, kt\u00f3re s\u0105 zgodne z wymaganiami rynku, poprzez wskazanie tych mo\u017cliwo\u015bci.<\/p>\n\n\n\n<p><strong>6. Globalny zasi\u0119g z regionalnymi spostrze\u017ceniami<\/strong><br>Dzi\u0119ki globalnej obecno\u015bci SIS International rozumie regionalne r\u00f3\u017cnice w konsumpcji tequili, czy to uznanie dla rzemie\u015blniczej tequili w Stanach Zjednoczonych, czy rosn\u0105ca popularno\u015b\u0107 napoj\u00f3w na bazie tequili w Europie i Azji. Ta regionalna wiedza umo\u017cliwia markom adaptacj\u0119 i rozw\u00f3j na r\u00f3\u017cnych rynkach.<\/p>\n\n\n\n<p><strong>7. Zaufany partner wiod\u0105cych marek alkoholi<\/strong><br>SIS International to zaufany doradca najlepszych marek alkoholi na \u015bwiecie, znany z dostarczania wysokiej jako\u015bci, praktycznych bada\u0144. Nasi klienci ceni\u0105 nasze zaanga\u017cowanie w wnikliwe badania rynku tequili, pomagaj\u0105ce im porusza\u0107 si\u0119 po zawi\u0142o\u015bciach bran\u017cy i wspiera\u0107 zr\u00f3wnowa\u017cony wzrost.<\/p>\n\n\n\n<h2 class=\"wp-block-heading\"><strong>O firmie SIS International<\/strong><\/h2>\n\n\n\n<p class=\"p4\"><a href=\"https:\/\/www.sisinternational.com\/pl\/\"><span style=\"font-weight: 400;\">SIS Mi\u0119dzynarodowy<\/span><\/a><span style=\"font-weight: 400;\"> oferuje badania ilo\u015bciowe, jako\u015bciowe i strategiczne. Dostarczamy dane, narz\u0119dzia, strategie, raporty i spostrze\u017cenia do podejmowania decyzji. Prowadzimy r\u00f3wnie\u017c wywiady, ankiety, grupy fokusowe i inne metody i podej\u015bcia do bada\u0144 rynku.<\/span><a href=\"https:\/\/www.sisinternational.com\/pl\/o-moich-miedzynarodowych-badaniach\/contact-sis-international-market-research\/\"><span style=\"font-weight: 400;\"> Skontaktuj si\u0119 z nami<\/span><\/a><span style=\"font-weight: 400;\"> dla Twojego kolejnego projektu badania rynku.<\/span><\/p>\n\n\n\n<p><\/p>","protected":false},"excerpt":{"rendered":"<p>Badania rynku tequili pozwalaj\u0105 pozna\u0107 gusta klient\u00f3w, wskaza\u0107 ulubione marki, kierowa\u0107 wprowadzaniem produkt\u00f3w na rynek i pom\u00f3c firmom zwi\u0119kszy\u0107 zyski.<\/p>","protected":false},"author":1,"featured_media":63389,"parent":47794,"menu_order":1,"comment_status":"closed","ping_status":"closed","template":"","meta":{"footnotes":""},"class_list":["post-38694","page","type-page","status-publish","has-post-thumbnail"],"_links":{"self":[{"href":"https:\/\/www.sisinternational.com\/pl\/wp-json\/wp\/v2\/pages\/38694","targetHints":{"allow":["GET"]}}],"collection":[{"href":"https:\/\/www.sisinternational.com\/pl\/wp-json\/wp\/v2\/pages"}],"about":[{"href":"https:\/\/www.sisinternational.com\/pl\/wp-json\/wp\/v2\/types\/page"}],"author":[{"embeddable":true,"href":"https:\/\/www.sisinternational.com\/pl\/wp-json\/wp\/v2\/users\/1"}],"replies":[{"embeddable":true,"href":"https:\/\/www.sisinternational.com\/pl\/wp-json\/wp\/v2\/comments?post=38694"}],"version-history":[{"count":9,"href":"https:\/\/www.sisinternational.com\/pl\/wp-json\/wp\/v2\/pages\/38694\/revisions"}],"predecessor-version":[{"id":78859,"href":"https:\/\/www.sisinternational.com\/pl\/wp-json\/wp\/v2\/pages\/38694\/revisions\/78859"}],"up":[{"embeddable":true,"href":"https:\/\/www.sisinternational.com\/pl\/wp-json\/wp\/v2\/pages\/47794"}],"wp:featuredmedia":[{"embeddable":true,"href":"https:\/\/www.sisinternational.com\/pl\/wp-json\/wp\/v2\/media\/63389"}],"wp:attachment":[{"href":"https:\/\/www.sisinternational.com\/pl\/wp-json\/wp\/v2\/media?parent=38694"}],"curies":[{"name":"wp","href":"https:\/\/api.w.org\/{rel}","templated":true}]}}