{"id":38495,"date":"2021-08-20T17:55:35","date_gmt":"2021-08-20T17:55:35","guid":{"rendered":"https:\/\/www.sisinternational.com\/?page_id=38495"},"modified":"2026-01-26T16:47:55","modified_gmt":"2026-01-26T21:47:55","slug":"badania-rynku-wenezuela","status":"publish","type":"page","link":"https:\/\/www.sisinternational.com\/pl\/zasieg\/latin-america\/badania-rynku-ameryki-lacinskiej\/badania-rynku-wenezuela\/","title":{"rendered":"Badania rynku w Wenezueli"},"content":{"rendered":"<h1 class=\"wp-block-heading\">Badania rynku w Wenezueli<\/h1>\n\n\n\n<figure class=\"gb-block-image gb-block-image-8d7b827f\"><img loading=\"lazy\" decoding=\"async\" width=\"1456\" height=\"816\" class=\"gb-image gb-image-8d7b827f\" src=\"https:\/\/www.sisinternational.com\/wp-content\/uploads\/2025\/09\/Venezuela-5.jpg\" alt=\"SIS Mi\u0119dzynarodowe badania rynku i strategia\" title=\"Venezuela (5)\" srcset=\"https:\/\/www.sisinternational.com\/wp-content\/uploads\/2025\/09\/Venezuela-5.jpg 1456w, https:\/\/www.sisinternational.com\/wp-content\/uploads\/2025\/09\/Venezuela-5-300x168.jpg 300w, https:\/\/www.sisinternational.com\/wp-content\/uploads\/2025\/09\/Venezuela-5-1024x574.jpg 1024w, https:\/\/www.sisinternational.com\/wp-content\/uploads\/2025\/09\/Venezuela-5-768x430.jpg 768w, https:\/\/www.sisinternational.com\/wp-content\/uploads\/2025\/09\/Venezuela-5-18x10.jpg 18w\" sizes=\"auto, (max-width: 1456px) 100vw, 1456px\"><\/figure>\n\n\n\n<p><\/p>\n\n\n\n<h2 class=\"wp-block-heading\">Wenezuela jest kusz\u0105cym portem do odwiedzenia.<\/h2>\n\n\n\n<p>Jest to jeden z najwi\u0119kszych kraj\u00f3w na \u015bwiecie, z oko\u0142o 32 milionami mieszka\u0144c\u00f3w. Ma powierzchni\u0119 350 000 mil kwadratowych i jest liderem, je\u015bli chodzi o krajobrazy i bogactwo kultury. Mo\u017ce pochwali\u0107 si\u0119 osza\u0142amiaj\u0105cymi wodospadami, trawiastymi r\u00f3wninami, g\u0119stymi tropikalnymi lasami deszczowymi i dziewiczymi pla\u017cami.<\/p>\n\n\n\n<p>To this day, the culture of the land still reflects the customs of the past. There\u2019s also a hint of the old Spanish along with it. It borders countries such as <a class=\"wpil_keyword_link\" href=\"https:\/\/www.sisinternational.com\/pl\/zasieg\/ameryka\/badania-rynku-ameryki-lacinskiej\/badania-rynku-w-gujanie\/\"   title=\"Badania rynku w Gujanie\" data-wpil-keyword-link=\"linked\"  data-wpil-monitor-id=\"420\">Guyana<\/a>, Colombia, and Brazil. <a href=\"https:\/\/www.sisinternational.com\/pl\/zasieg\/ameryka\/badania-rynku-na-karaibach\/badania-rynku-trynidad-tobago\/\" title=\"Badania rynku w Trynidadzie i Tobago\"  data-wpil-monitor-id=\"6204\">Trinidad &amp; Tobago<\/a> is also close by. Other island neighbors include Grenada, Curacao, and Aruba.<\/p>\n\n\n\n<p>Wenezuela jest domem dla najwi\u0119kszych rezerw ropy naftowej na \u015bwiecie. Jest najwi\u0119kszym eksporterem ropy naftowej na \u015bwiecie. Jest r\u00f3wnie\u017c jednym z o\u015bmiu najwi\u0119kszych dostawc\u00f3w gazu ziemnego na \u015bwiecie. Jej spo\u0142ecze\u0144stwo jest w du\u017cym stopniu uzale\u017cnione od eksportu ropy naftowej, co daje jej pozycj\u0119 na rynku \u015bwiatowym. Eksport ropy naftowej stanowi wi\u0119kszo\u015b\u0107 dochod\u00f3w eksportowych kraju. Kraj ten posiada r\u00f3wnie\u017c inne zasoby naturalne, takie jak \u017celazo, z\u0142oto, diamenty i inne minera\u0142y. Pomimo posiadania tych zasob\u00f3w, kraj nadal ma wiele problem\u00f3w.<\/p>\n\n\n\n<h2 class=\"wp-block-heading\">Osiedla<\/h2>\n\n\n\n<p>Caracas jest stolic\u0105 i najwi\u0119kszym miastem z ponad 4 milionami mieszka\u0144c\u00f3w. Jest r\u00f3wnie\u017c centrum zdrowia, szkolnictwa, rz\u0105du i produkcji. Caracas ma r\u00f3wnie\u017c du\u017cy przemys\u0142 us\u0142ugowy.<\/p>\n\n\n\n<p>Maracaibo jest drugim co do wielko\u015bci miastem z oko\u0142o 3 milionami mieszka\u0144c\u00f3w i najwi\u0119kszym portem morskim. Miasto to jest rdzeniem przemys\u0142u naftowego i jest nim od wielu lat.<\/p>\n\n\n\n<p>Valencia City is the primary link between the west terrain and the rest of the country.&nbsp;It also&nbsp;has&nbsp;some of the most fertile lands. It is well known for cattle breeding and growing several crops.<\/p>\n\n\n\n<h2 class=\"wp-block-heading\">Kluczowe bran\u017ce<\/h2>\n\n\n\n<p>Rolnictwo jest kluczow\u0105 bran\u017c\u0105. G\u0142\u00f3wne uprawy to trzcina cukrowa, ry\u017c, kukurydza i sorgo. Sektor petrochemiczny r\u00f3wnie\u017c szybko ro\u015bnie.<\/p>\n\n\n\n<p>In addition, there are the gold mining, oil, manufacturing, plastics, and pharmaceuticals industries. The country also produces steel, tobacco products, paper, and textiles.&nbsp;Still other products include cement, food, woven goods, rope, drinks, and soaps.<\/p>\n\n\n\n<p>There are large tracts of untouched arable land and vast bodies of water.&nbsp;Moreover, the country has rich sources of iron ore, gold, natural gas, and various minerals.<\/p>\n\n\n\n<p>There are also plans to revive the production of coffee and cocoa for export. Currently, exports include corn, soybeans, wheat, cotton, and cooking oils.&nbsp;Furthermore, rice, fish, fruits, pork, beef, and coffee are also in demand. The country\u2019s main export partners&nbsp;are China, Brazil, Colombia, Mexico, and the United States.<\/p>\n\n\n\n<h2 class=\"wp-block-heading\">Trendy<\/h2>\n\n\n\n<p>Wenezuelczycy s\u0105 bardzo wykszta\u0142ceni. W rezultacie kraj ten ma wykwalifikowan\u0105 si\u0142\u0119 robocz\u0105. Mimo to istnieje du\u017ca luka dochodowa w\u015br\u00f3d obywateli. Ta luka sprawia, \u017ce prawie wszyscy mieszka\u0144cy \u017cyj\u0105 poni\u017cej granicy ub\u00f3stwa. Mieszka\u0144cy nie mog\u0105 sobie pozwoli\u0107 na zakup podstawowych artyku\u0142\u00f3w. Kraj ten ma eleganckie dzielnice. Ale ma te\u017c mn\u00f3stwo slums\u00f3w dla ludzi \u017cyj\u0105cych w ub\u00f3stwie.<\/p>\n\n\n\n<p>Pomimo tych wyzwa\u0144 spo\u0142ecznych, ten kraj ma wiele obietnic. Na przyk\u0142ad inwestorzy mog\u0105 rozwa\u017cy\u0107 zainwestowanie swoich pieni\u0119dzy w produkcj\u0119 ropy naftowej, kt\u00f3ra jest rozwijaj\u0105c\u0105 si\u0119 bran\u017c\u0105. Eksport r\u00f3wnie\u017c nadal ro\u015bnie.<\/p>\n\n\n\n<h2 class=\"wp-block-heading\">Baza konsument\u00f3w<\/h2>\n\n\n\n<p>Bardzo wysoki odsetek obywateli mieszka w miastach. Ponad jedna czwarta os\u00f3b ma mniej ni\u017c 15 lat. Ponad po\u0142owa ma od 15 do 65 lat. Przeci\u0119tny obywatel nie ma podstawowych artyku\u0142\u00f3w, takich jak przybory toaletowe, m\u0105ka i mleko. Wielu obywateli nie ma r\u00f3wnie\u017c dost\u0119pu do wody pitnej. Ceny gwa\u0142townie wzros\u0142y i oczekuje si\u0119, \u017ce wzrosn\u0105 jeszcze bardziej.<\/p>\n\n\n\n<p>Mimo to kraj ten ma rynek licz\u0105cy prawie 30 milion\u00f3w ludzi. Istnieje du\u017cy potencja\u0142 do tworzenia lokalnych joint ventures. Chocia\u017c istnieje potencja\u0142, nale\u017cy pami\u0119ta\u0107, \u017ce ludzie nie mog\u0105 sobie pozwoli\u0107 na ceny ustalane przez lokalnych w\u0142a\u015bcicieli firm. Wi\u0119kszo\u015b\u0107 sklep\u00f3w spo\u017cywczych ma puste p\u00f3\u0142ki z powodu niedobor\u00f3w \u017cywno\u015bci i podstawowych artyku\u0142\u00f3w.<\/p>\n\n\n\n<h2 class=\"wp-block-heading\">Powody, dla kt\u00f3rych warto rozwija\u0107 sw\u00f3j biznes w Wenezueli<\/h2>\n\n\n\n<p>Istnieje kilka powod\u00f3w, dla kt\u00f3rych warto rozwija\u0107 sw\u00f3j biznes w tym stanie. Po pierwsze, jest to jego lokalizacja. Do Wenezueli mo\u017cna \u0142atwo dotrze\u0107 przez Karaiby. Ma r\u00f3wnie\u017c wiele innych bram.<\/p>\n\n\n\n<p>Ponadto koszty prowadzenia dzia\u0142alno\u015bci gospodarczej s\u0105 niskie. Si\u0142a robocza jest kolejnym bod\u017acem, poniewa\u017c ludzie s\u0105 sk\u0142onni pracowa\u0107, aby m\u00f3c pozwoli\u0107 sobie na podstawowe potrzeby. Zatem si\u0142a robocza jest tania.<\/p>\n\n\n\n<p>Ponadto eksport ropy naftowej nadal si\u0119 poprawia, pomimo pewnych drobnych niepowodze\u0144. Rezerwy piask\u00f3w bitumicznych, bitumenu i ropy naftowej to dobre opcje do zbadania. Rynek energetyczny ro\u015bnie, ale sektor produkt\u00f3w innych ni\u017c produkty naftowe wymaga wzmocnienia. Pomimo wyzwa\u0144, podr\u00f3\u017ce, turystyka, rolnictwo, zaopatrzenie w \u017cywno\u015b\u0107 i technologie informacyjne to doskona\u0142e zak\u0142ady dla inwestor\u00f3w.<\/p>\n\n\n\n<h2 class=\"wp-block-heading\">O badaniach rynkowych w Wenezueli<\/h2>\n\n\n\n<p>Czy chcesz robi\u0107 interesy w Wenezueli? Badania pokazuj\u0105, \u017ce kilka<br>sektory s\u0105 \u015bwietne do inwestowania. Oferujemy ilo\u015bciowe i jako\u015bciowe badania wschodz\u0105cych bran\u017c. Zapewniamy r\u00f3wnie\u017c badania strategiczne. Ponadto mo\u017cemy wdro\u017cy\u0107 grupy fokusowe, aby przetestowa\u0107 Tw\u00f3j rynek. Mo\u017cemy r\u00f3wnie\u017c pom\u00f3c Ci ulepszy\u0107 Twoj\u0105 gr\u0119, przeprowadzaj\u0105c ankiety i wywiady.<\/p>\n\n\n\n<p><a href=\"https:\/\/www.sisinternational.com\/pl\/o-moich-miedzynarodowych-badaniach\/contact-sis-international-market-research\/\">Skontaktuj si\u0119 z nami ju\u017c dzi\u015b, aby dowiedzie\u0107 si\u0119, jak mo\u017cemy Ci pom\u00f3c.<\/a><\/p>\n\n\n\n<p><\/p>\n\n\n\n<h2 class=\"wp-block-heading\">&nbsp;<\/h2>","protected":false},"excerpt":{"rendered":"<p>Dowiedz si\u0119, jak rozwin\u0105\u0107 sw\u00f3j biznes dzi\u0119ki badaniom rynku w Wenezueli.<\/p>","protected":false},"author":1,"featured_media":66384,"parent":14351,"menu_order":18,"comment_status":"closed","ping_status":"closed","template":"","meta":{"footnotes":""},"class_list":["post-38495","page","type-page","status-publish","has-post-thumbnail"],"_links":{"self":[{"href":"https:\/\/www.sisinternational.com\/pl\/wp-json\/wp\/v2\/pages\/38495","targetHints":{"allow":["GET"]}}],"collection":[{"href":"https:\/\/www.sisinternational.com\/pl\/wp-json\/wp\/v2\/pages"}],"about":[{"href":"https:\/\/www.sisinternational.com\/pl\/wp-json\/wp\/v2\/types\/page"}],"author":[{"embeddable":true,"href":"https:\/\/www.sisinternational.com\/pl\/wp-json\/wp\/v2\/users\/1"}],"replies":[{"embeddable":true,"href":"https:\/\/www.sisinternational.com\/pl\/wp-json\/wp\/v2\/comments?post=38495"}],"version-history":[{"count":7,"href":"https:\/\/www.sisinternational.com\/pl\/wp-json\/wp\/v2\/pages\/38495\/revisions"}],"predecessor-version":[{"id":79791,"href":"https:\/\/www.sisinternational.com\/pl\/wp-json\/wp\/v2\/pages\/38495\/revisions\/79791"}],"up":[{"embeddable":true,"href":"https:\/\/www.sisinternational.com\/pl\/wp-json\/wp\/v2\/pages\/14351"}],"wp:featuredmedia":[{"embeddable":true,"href":"https:\/\/www.sisinternational.com\/pl\/wp-json\/wp\/v2\/media\/66384"}],"wp:attachment":[{"href":"https:\/\/www.sisinternational.com\/pl\/wp-json\/wp\/v2\/media?parent=38495"}],"curies":[{"name":"wp","href":"https:\/\/api.w.org\/{rel}","templated":true}]}}