{"id":38487,"date":"2021-08-20T16:35:39","date_gmt":"2021-08-20T16:35:39","guid":{"rendered":"https:\/\/www.sisinternational.com\/?page_id=38487"},"modified":"2025-09-15T01:27:24","modified_gmt":"2025-09-15T05:27:24","slug":"badania-rynku-urugwaj","status":"publish","type":"page","link":"https:\/\/www.sisinternational.com\/pl\/zasieg\/latin-america\/badania-rynku-ameryki-lacinskiej\/badania-rynku-urugwaj\/","title":{"rendered":"Badania rynku w Urugwaju"},"content":{"rendered":"<h1 class=\"wp-block-heading\">Badania rynku w Urugwaju<\/h1>\n\n\n\n<figure class=\"gb-block-image gb-block-image-4afdc781\"><img loading=\"lazy\" decoding=\"async\" width=\"1456\" height=\"816\" class=\"gb-image gb-image-4afdc781\" src=\"https:\/\/www.sisinternational.com\/wp-content\/uploads\/2025\/09\/Uruguay-1.jpg\" alt=\"SIS Mi\u0119dzynarodowe badania rynku i strategia\" title=\"Uruguay (1)\" srcset=\"https:\/\/www.sisinternational.com\/wp-content\/uploads\/2025\/09\/Uruguay-1.jpg 1456w, https:\/\/www.sisinternational.com\/wp-content\/uploads\/2025\/09\/Uruguay-1-300x168.jpg 300w, https:\/\/www.sisinternational.com\/wp-content\/uploads\/2025\/09\/Uruguay-1-1024x574.jpg 1024w, https:\/\/www.sisinternational.com\/wp-content\/uploads\/2025\/09\/Uruguay-1-768x430.jpg 768w, https:\/\/www.sisinternational.com\/wp-content\/uploads\/2025\/09\/Uruguay-1-18x10.jpg 18w\" sizes=\"auto, (max-width: 1456px) 100vw, 1456px\"><\/figure>\n\n\n\n<p><\/p>\n\n\n\n<h2 class=\"wp-block-heading\">Urugwaj jest malutki. W rzeczywisto\u015bci jest jednym z najmniejszych kraj\u00f3w Ameryki \u0141aci\u0144skiej.<\/h2>\n\n\n\n<p>Obszar ten ma powierzchni\u0119 68 000 mil kwadratowych i mieszka tam tylko cztery miliony ludzi. Kraj le\u017cy mi\u0119dzy Brazyli\u0105 a Argentyn\u0105. Znajduj\u0105 si\u0119 tam niskie wzg\u00f3rza i pi\u0119kne obszary przybrze\u017cne. W regionie centralnym znajduj\u0105 si\u0119 du\u017ce rancza dla byd\u0142a. Zielone pastwiska zapewniaj\u0105 dobre warunki do wypasu byd\u0142a i owiec.<\/p>\n\n\n\n<h2 class=\"wp-block-heading\">Osiedla<\/h2>\n\n\n\n<p>Uruguay has three main cities. The capital, Montevideo, is an active, colorful coastal area. An old-world charm blends with the modern. In addition, the <a href=\"https:\/\/www.sisinternational.com\/pl\/rozwiazania\/rozwiazania-w-zakresie-badan-jakosciowych-i-ilosciowych\/testy-centralnych-lokalizacji-w-nowym-jorku\/\" title=\"Testy w Centralnych Lokalizacjach w Nowym Jorku: Korzy\u015bci dla Test\u00f3w Produkt\u00f3w\"  data-wpil-monitor-id=\"7811\">city is the central<\/a> cultural hub. It has several museums and old churches, which are popular with tourists. Several plazas, piers, restaurants, and green spaces offer shopping, dining, and other fun options.<\/p>\n\n\n\n<p>Salto jest mniejsze od stolicy. To obszar turystyczny z wieloma atrakcjami. Salto ma kurorty uzdrowiskowe, kempingi, restauracje, sklepy i stragany sprzedawc\u00f3w. Ma te\u017c kilka winnic, pola pomidor\u00f3w, cytrus\u00f3w, kukurydzy, pszenicy i lnu. Ponadto lokalni rolnicy uprawiaj\u0105 truskawki, nasiona s\u0142onecznika, kukurydz\u0119 i pszenic\u0119.<\/p>\n\n\n\n<p>Innym du\u017cym miastem jest Paysand\u00fa, kt\u00f3re jest ruchliwym obszarem przemys\u0142owym. W tym mie\u015bcie znajduj\u0105 si\u0119 m\u0142yny m\u0105czne i tekstylne, browary, garbarnie i zak\u0142ady przetw\u00f3rstwa mi\u0119snego.<\/p>\n\n\n\n<h2 class=\"wp-block-heading\">Trendy<\/h2>\n\n\n\n<figure class=\"gb-block-image gb-block-image-c7e350aa\"><img loading=\"lazy\" decoding=\"async\" width=\"1456\" height=\"816\" class=\"gb-image gb-image-c7e350aa\" src=\"https:\/\/www.sisinternational.com\/wp-content\/uploads\/2025\/09\/Uruguay-2.jpg\" alt=\"SIS Mi\u0119dzynarodowe badania rynku i strategia\" title=\"Uruguay (2)\" srcset=\"https:\/\/www.sisinternational.com\/wp-content\/uploads\/2025\/09\/Uruguay-2.jpg 1456w, https:\/\/www.sisinternational.com\/wp-content\/uploads\/2025\/09\/Uruguay-2-300x168.jpg 300w, https:\/\/www.sisinternational.com\/wp-content\/uploads\/2025\/09\/Uruguay-2-1024x574.jpg 1024w, https:\/\/www.sisinternational.com\/wp-content\/uploads\/2025\/09\/Uruguay-2-768x430.jpg 768w, https:\/\/www.sisinternational.com\/wp-content\/uploads\/2025\/09\/Uruguay-2-18x10.jpg 18w\" sizes=\"auto, (max-width: 1456px) 100vw, 1456px\"><\/figure>\n\n\n\n<p><\/p>\n\n\n\n<p>Urugwaj ma dobrze wykszta\u0142con\u0105 si\u0142\u0119 robocz\u0105 i dobry system opieki zdrowotnej. Oko\u0142o dwie trzecie si\u0142y roboczej pracuje w sektorze us\u0142ug. Mimo to wiele os\u00f3b nie ma pracy z powodu ma\u0142ej liczby turyst\u00f3w i spadku eksportu. Innym niepokoj\u0105cym trendem jest masowe opuszczanie kraju przez obywateli.<\/p>\n\n\n\n<p>Ponadto niski wska\u017anik urodze\u0144 oznacza, \u017ce populacja si\u0119 starzeje. Mediana wieku wynosi 35,8 lat, a jedna czwarta ludno\u015bci ma od 15 do 29 lat. Ponadto istnieje zapotrzebowanie na m\u0142od\u0105, wykwalifikowan\u0105 si\u0142\u0119 robocz\u0105. Pomimo tych problem\u00f3w wydatki osobiste rosn\u0105, co jest dobr\u0105 wiadomo\u015bci\u0105 dla ka\u017cdego, kto chce tam prowadzi\u0107 dzia\u0142alno\u015b\u0107 gospodarcz\u0105.<\/p>\n\n\n\n<h2 class=\"wp-block-heading\">Kluczowe bran\u017ce<\/h2>\n\n\n\n<p>Urugwaj jest jednym z czo\u0142owych producent\u00f3w wina w Ameryce \u0141aci\u0144skiej. Warto r\u00f3wnie\u017c zwr\u00f3ci\u0107 uwag\u0119 na eksport wo\u0142owiny karmionej traw\u0105, kt\u00f3ry nadal ro\u015bnie. Podobnie, rybo\u0142\u00f3wstwo, le\u015bnictwo, przetw\u00f3rstwo mi\u0119sa, eksport topazu i ametyst\u00f3w kwitnie.<\/p>\n\n\n\n<p>Bran\u017ce luksusowych wyrob\u00f3w sk\u00f3rzanych i garbarskich s\u0105 gotowe na inwestycje. Hodowla byd\u0142a i owiec, uprawa owoc\u00f3w, cytrus\u00f3w, kukurydzy i ry\u017cu s\u0105 r\u00f3wnie\u017c op\u0142acalne. Ponadto kluczowymi produktami eksportowymi s\u0105 soja, konserwy mi\u0119sne, produkty mleczne, ryby, celuloza, ry\u017c i pszenica.<\/p>\n\n\n\n<p>G\u0142\u00f3wnymi partnerami eksportowymi Urugwaju s\u0105:<\/p>\n\n\n\n<ul class=\"wp-block-list\">\n<li>UE<\/li>\n\n\n\n<li>Argentyna<\/li>\n\n\n\n<li>Stany Zjednoczone<\/li>\n\n\n\n<li>Brazylia<\/li>\n<\/ul>\n\n\n\n<h2 class=\"wp-block-heading\">Baza konsument\u00f3w<\/h2>\n\n\n\n<p>Urugwaj ma wysoki standard \u017cycia i swobody spo\u0142eczne. Wi\u0119kszo\u015b\u0107 ludzi mieszka na obszarach miejskich. Jest miejsce na rozw\u00f3j biznesu w obszarach centralnych i wiejskich.<\/p>\n\n\n\n<p>Popularne lokalne produkty to przek\u0105ski, cygara, tyto\u0144, s\u0142odycze, wino, cydr i piwo. Wydatki osobiste nadal rosn\u0105 po wczesnym spadku. Tak wi\u0119c sytuacja poprawia si\u0119 w kilku obszarach biznesowych.<\/p>\n\n\n\n<p>G\u0142\u00f3wne importy obejmuj\u0105 cz\u0119\u015bci samochodowe, rafinowane i surowe oleje oraz samochody osobowe. Telefony kom\u00f3rkowe i insektycydy r\u00f3wnie\u017c znajduj\u0105 si\u0119 wysoko na li\u015bcie.<\/p>\n\n\n\n<p>Obecnie istnieje potrzeba rozbudowy \u015bciek\u00f3w i zarz\u0105dzania \u015brodowiskiem. Kraj potrzebuje r\u00f3wnie\u017c pomocy w budownictwie, le\u015bnictwie i energetyce.<\/p>\n\n\n\n<h2 class=\"wp-block-heading\">Powody, dla kt\u00f3rych warto rozwija\u0107 sw\u00f3j biznes w Urugwaju<\/h2>\n\n\n\n<p>Uruguay has a thriving wine <a href=\"https:\/\/www.sisinternational.com\/pl\/najlepsza-firma-zajmujaca-sie-analiza-branzy-w-ny\/\" title=\"Najlepsza firma zajmuj\u0105ca si\u0119 analiz\u0105 bran\u017cy w Nowym Jorku\"  data-wpil-monitor-id=\"7810\">industry and is among the top<\/a> five Latam wine producers. Also, the country is among the best places to do business. It is one of the top three emerging Latam giants. In addition, the country ranks very low on the corruption scale.<\/p>\n\n\n\n<p>Urugwaj ma ciep\u0142y klimat z \u0142agodnymi zimami. Oferuje dobr\u0105 r\u00f3wnowag\u0119 mi\u0119dzy prac\u0105 a \u017cyciem prywatnym. Ponadto kraj jest bezpieczny, ze stabilnym rz\u0105dem. Ma dobry transport drogowy, us\u0142ugi promowe i tani\u0105 opiek\u0119 zdrowotn\u0105.<\/p>\n\n\n\n<h2 class=\"wp-block-heading\">Badania rynku w Urugwaju<\/h2>\n\n\n\n<p>Uruguay is one of the <a href=\"https:\/\/www.sisinternational.com\/pl\/top-5-benefits-of-qualitative-market-research-for-businesses\/\" title=\"Top 5 Benefits of Qualitative Market Research for Businesses\"  data-wpil-monitor-id=\"7812\">top<\/a> places in Latin America to do business. We offer Qualitative, Quantitative, and Strategy <a href=\"https:\/\/www.sisinternational.com\/pl\/studia-przypadkow\/\" title=\"Studia przypadk\u00f3w\"  data-wpil-monitor-id=\"7809\">market research studies<\/a> of Uruguay and other countries. We hope that this article will help you to make sound investment decisions.<\/p>\n\n\n\n<h2 class=\"wp-block-heading\">&nbsp;<\/h2>","protected":false},"excerpt":{"rendered":"<p>Dowiedz si\u0119, jak rozwin\u0105\u0107 swoj\u0105 organizacj\u0119 dzi\u0119ki badaniom rynku w Urugwaju.<\/p>","protected":false},"author":1,"featured_media":66374,"parent":14351,"menu_order":17,"comment_status":"closed","ping_status":"closed","template":"","meta":{"footnotes":""},"class_list":["post-38487","page","type-page","status-publish","has-post-thumbnail"],"_links":{"self":[{"href":"https:\/\/www.sisinternational.com\/pl\/wp-json\/wp\/v2\/pages\/38487","targetHints":{"allow":["GET"]}}],"collection":[{"href":"https:\/\/www.sisinternational.com\/pl\/wp-json\/wp\/v2\/pages"}],"about":[{"href":"https:\/\/www.sisinternational.com\/pl\/wp-json\/wp\/v2\/types\/page"}],"author":[{"embeddable":true,"href":"https:\/\/www.sisinternational.com\/pl\/wp-json\/wp\/v2\/users\/1"}],"replies":[{"embeddable":true,"href":"https:\/\/www.sisinternational.com\/pl\/wp-json\/wp\/v2\/comments?post=38487"}],"version-history":[{"count":4,"href":"https:\/\/www.sisinternational.com\/pl\/wp-json\/wp\/v2\/pages\/38487\/revisions"}],"predecessor-version":[{"id":81318,"href":"https:\/\/www.sisinternational.com\/pl\/wp-json\/wp\/v2\/pages\/38487\/revisions\/81318"}],"up":[{"embeddable":true,"href":"https:\/\/www.sisinternational.com\/pl\/wp-json\/wp\/v2\/pages\/14351"}],"wp:featuredmedia":[{"embeddable":true,"href":"https:\/\/www.sisinternational.com\/pl\/wp-json\/wp\/v2\/media\/66374"}],"wp:attachment":[{"href":"https:\/\/www.sisinternational.com\/pl\/wp-json\/wp\/v2\/media?parent=38487"}],"curies":[{"name":"wp","href":"https:\/\/api.w.org\/{rel}","templated":true}]}}