{"id":38482,"date":"2021-08-20T16:33:18","date_gmt":"2021-08-20T16:33:18","guid":{"rendered":"https:\/\/www.sisinternational.com\/?page_id=38482"},"modified":"2026-01-25T16:55:40","modified_gmt":"2026-01-25T21:55:40","slug":"badania-rynku-dominikana","status":"publish","type":"page","link":"https:\/\/www.sisinternational.com\/pl\/zasieg\/latin-america\/badania-rynku-ameryki-lacinskiej\/badania-rynku-dominikana\/","title":{"rendered":"Badania rynku w Republice Dominikany"},"content":{"rendered":"<h1 class=\"wp-block-heading\">Badania rynku w Republice Dominikany<\/h1>\n\n\n\n<figure class=\"gb-block-image gb-block-image-cb40ad49\"><img loading=\"lazy\" decoding=\"async\" width=\"1456\" height=\"816\" class=\"gb-image gb-image-cb40ad49\" src=\"https:\/\/www.sisinternational.com\/wp-content\/uploads\/2025\/09\/Dominican-Republic-3.jpg\" alt=\"SIS Mi\u0119dzynarodowe badania rynku i strategia\" title=\"Dominican Republic (3)\" srcset=\"https:\/\/www.sisinternational.com\/wp-content\/uploads\/2025\/09\/Dominican-Republic-3.jpg 1456w, https:\/\/www.sisinternational.com\/wp-content\/uploads\/2025\/09\/Dominican-Republic-3-300x168.jpg 300w, https:\/\/www.sisinternational.com\/wp-content\/uploads\/2025\/09\/Dominican-Republic-3-1024x574.jpg 1024w, https:\/\/www.sisinternational.com\/wp-content\/uploads\/2025\/09\/Dominican-Republic-3-768x430.jpg 768w, https:\/\/www.sisinternational.com\/wp-content\/uploads\/2025\/09\/Dominican-Republic-3-18x10.jpg 18w\" sizes=\"auto, (max-width: 1456px) 100vw, 1456px\"><\/figure>\n\n\n\n<p><\/p>\n\n\n\n<h2 class=\"wp-block-heading\">Republika Dominika\u0144ska, lub DR, znajduje si\u0119 na wschodnim wybrze\u017cu wyspy Hispaniola.<\/h2>\n\n\n\n<p>Na zachodzie le\u017cy Haiti, pa\u0144stwo francuskoj\u0119zyczne.<\/p>\n\n\n\n<h2 class=\"wp-block-heading\">Kluczowe bran\u017ce<\/h2>\n\n\n\n<p>Nap\u0119dem rynku s\u0105 takie sektory jak turystyka, produkcja, budownictwo i g\u00f3rnictwo.<\/p>\n\n\n\n<p>DR eksportuje metale, minera\u0142y, cukier i tyto\u0144. Produkuje i eksportuje drug\u0105 co do wielko\u015bci ilo\u015b\u0107 trzciny cukrowej w regionie.<\/p>\n\n\n\n<p>Most exports are to the United States, but other major trade partners are <a href=\"https:\/\/www.sisinternational.com\/pl\/ekspertyza\/badania-rynku-bric\/\" title=\"Badania rynku BRIC (Brazylia, Rosja, Indie i Chiny)\"  data-wpil-monitor-id=\"11149\">China and India<\/a>.<\/p>\n\n\n\n<p>Tropikalny klimat kraju sprawia, \u017ce jest to popularne miejsce turystyczne, wraz z jego pla\u017cami z bia\u0142ym piaskiem i pi\u0119knymi g\u00f3rami. Ma r\u00f3wnie\u017c bogat\u0105 histori\u0119.<\/p>\n\n\n\n<p>DR zarabia du\u017co pieni\u0119dzy na g\u00f3rnictwie, co pomaga zwi\u0119kszy\u0107 PKB. Ma najwi\u0119ksz\u0105 kopalni\u0119 z\u0142ota w regionie Latam.<\/p>\n\n\n\n<p>The country also has a growing \u201cFree-trade zone.\u201d This area allows the import, production, export, and transport of goods. Custom duties are low here. Within this zone, the <a href=\"https:\/\/www.sisinternational.com\/pl\/rozwiazania\/rozwiazania-w-zakresie-brandingu-i-badan-klientow\/badania-rynku-testowanie-produktow\/product-testing-for-consumer-products\/medical-device-product-testing-in-nyc\/\" title=\"Medical Device Product Testing in NYC\"  data-wpil-monitor-id=\"11151\">production of medical<\/a> equipment for export is fast-growing.<\/p>\n\n\n\n<h2 class=\"wp-block-heading\">Osiedla<\/h2>\n\n\n\n<p>Santo Domingo jest stolic\u0105 i najwi\u0119kszym miastem. Jest domem dla wielu zabytk\u00f3w religijnych. Ma\u0142e miasteczka miejskie s\u0105 r\u00f3wnie\u017c cech\u0105 charakterystyczn\u0105. Du\u017ce parki i tereny zielone wype\u0142niaj\u0105 miasto.<\/p>\n\n\n\n<p>Innym centralnym miastem jest Santiago, otoczone wysokimi g\u00f3rami z g\u0119stymi lasami tropikalnymi. Te cechy pomagaj\u0105 chroni\u0107 miasto przed huraganami.<\/p>\n\n\n\n<h2 class=\"wp-block-heading\">Trendy<\/h2>\n\n\n\n<figure class=\"gb-block-image gb-block-image-d851b78f\"><img loading=\"lazy\" decoding=\"async\" width=\"1456\" height=\"816\" class=\"gb-image gb-image-d851b78f\" src=\"https:\/\/www.sisinternational.com\/wp-content\/uploads\/2025\/09\/Dominican-Republic-2.jpg\" alt=\"SIS Mi\u0119dzynarodowe badania rynku i strategia\" title=\"Dominican Republic (2)\" srcset=\"https:\/\/www.sisinternational.com\/wp-content\/uploads\/2025\/09\/Dominican-Republic-2.jpg 1456w, https:\/\/www.sisinternational.com\/wp-content\/uploads\/2025\/09\/Dominican-Republic-2-300x168.jpg 300w, https:\/\/www.sisinternational.com\/wp-content\/uploads\/2025\/09\/Dominican-Republic-2-1024x574.jpg 1024w, https:\/\/www.sisinternational.com\/wp-content\/uploads\/2025\/09\/Dominican-Republic-2-768x430.jpg 768w, https:\/\/www.sisinternational.com\/wp-content\/uploads\/2025\/09\/Dominican-Republic-2-18x10.jpg 18w\" sizes=\"auto, (max-width: 1456px) 100vw, 1456px\"><\/figure>\n\n\n\n<p>S<\/p>\n\n\n\n<p>ectors within the nation continue to grow due to an increase in external demand. As a result, there are more exports of goods and services and all-round growth.<\/p>\n\n\n\n<p>Ten wzrost ma wiele pozytywnych skutk\u00f3w, takich jak wzrost p\u0142ac w sektorze publicznym i prywatnym. Tworzy r\u00f3wnie\u017c wi\u0119cej miejsc pracy. Wska\u017aniki ub\u00f3stwa spadaj\u0105, a klasa \u015brednia ro\u015bnie, wszystko w wyniku wzrostu gospodarczego.<\/p>\n\n\n\n<p>Wszystkie te powody s\u0105 powodem, dla kt\u00f3rego prywatne inwestycje w kraju powinny wzrosn\u0105\u0107. Przynosi to korzy\u015bci zar\u00f3wno inwestorom, jak i mieszka\u0144com DR.<\/p>\n\n\n\n<h2 class=\"wp-block-heading\">Korzy\u015bci i mocne strony na rynku<\/h2>\n\n\n\n<p>Stopa inflacji w kraju jest niska i stabilna, co przyci\u0105ga du\u017ce sumy inwestycji zagranicznych.<\/p>\n\n\n\n<p>Ponadto odleg\u0142o\u015b\u0107 DR od Stan\u00f3w Zjednoczonych ma swoje zalety. Jest blisko; dzi\u0119ki temu firmy mog\u0105 tam zak\u0142ada\u0107 oddzia\u0142y zagraniczne.<\/p>\n\n\n\n<p>Kraj jest stabilny. PKB ro\u015bnie, a poziom ub\u00f3stwa spada, co mo\u017ce pom\u00f3c inwestorom. DR ma r\u00f3wnie\u017c umowy handlowe z wieloma krajami, kt\u00f3re pozwalaj\u0105 jej eksportowa\u0107 wi\u0119cej.<\/p>\n\n\n\n<p>The people in the DR treat foreign and local investors as equals, which is an added benefit.&nbsp;Furthermore, they use tax incentives and other measures to attract foreign investors. They give these incentives when the investment made can help the country.<\/p>\n\n\n\n<h2 class=\"wp-block-heading\">Baza konsument\u00f3w<\/h2>\n\n\n\n<p>Obecnie wi\u0119kszo\u015b\u0107 obywateli \u017cyje poni\u017cej poziomu ub\u00f3stwa.<\/p>\n\n\n\n<p>Z powodu pandemii Covid-19 konsumenci s\u0105 bardziej ostro\u017cni w wydatkach. Ich celem jest dobre \u017cycie rodzinne, bezpiecze\u0144stwo i zdrowie publiczne.<\/p>\n\n\n\n<h2 class=\"wp-block-heading\">Powody, dla kt\u00f3rych warto rozwija\u0107 sw\u00f3j biznes na rynku dominika\u0144skim<\/h2>\n\n\n\n<p>The DR is an excellent place for foreign investments. It is a central place for <a href=\"https:\/\/www.sisinternational.com\/pl\/rozwiazania\/doradztwo-strategiczne-fintech-badania\/algorithmic-trading-market-research\/\" title=\"Badania rynku handlu algorytmicznego\"  data-wpil-monitor-id=\"11146\">trade and transport between many large markets<\/a>, including Central, South, and North America.<\/p>\n\n\n\n<p>Inwestorzy mog\u0105 r\u00f3wnie\u017c korzysta\u0107 z du\u017cego rynku pracy. Edukacja jest bezp\u0142atna i obowi\u0105zkowa, dzi\u0119ki czemu obywatele mog\u0105 zdobywa\u0107 umiej\u0119tno\u015bci i dodawa\u0107 warto\u015b\u0107 inwestorowi. To przynosi korzy\u015bci inwestorom, kt\u00f3rzy mog\u0105 zapewni\u0107 prac\u0119.<\/p>\n\n\n\n<p>Ponadto kraj ten jest dobrym miejscem do prowadzenia biznesu ze wzgl\u0119du na swoje du\u017ce rozmiary.<\/p>\n\n\n\n<p>The thriving export <a href=\"https:\/\/www.sisinternational.com\/pl\/rozwiazania\/podroze-turystyka-hotelarstwo-doradztwo\/tour-guide-company-market-research\/\" title=\"Badania rynku firm przewodnik\u00f3w turystycznych\"  data-wpil-monitor-id=\"11147\">market provides an added benefit for companies<\/a>. <a href=\"https:\/\/www.sisinternational.com\/pl\/przewoznicy-niskokosztowi-w-branzy-lotniczej\/\" title=\"Badania rynku tanich linii lotniczych\"  data-wpil-monitor-id=\"11148\">Low operating and labor costs<\/a> allow companies to achieve economies of scale.<\/p>\n\n\n\n<h2 class=\"wp-block-heading\">O badaniach rynkowych w Republice Dominikany<\/h2>\n\n\n\n<p>Businesses must conduct Quantitative, Qualitative, and Strategic <a href=\"https:\/\/www.sisinternational.com\/pl\/zasieg\/ameryka\/badania-rynku-na-karaibach\/badania-rynku-antigua-barbuda\/\" title=\"Badania rynku w Antigua i Barbuda\"  data-wpil-monitor-id=\"3799\">Research before market<\/a> entry. Such <a href=\"https:\/\/www.sisinternational.com\/pl\/zasieg\/europa\/market-research-liverpool-uk\/\" title=\"Badania rynku w Liverpoolu | Grupy fokusowe w Wielkiej Brytanii i zbieranie danych\"  data-wpil-monitor-id=\"11150\">research analyzes current data<\/a>, and this helps investors with decision-making. <a href=\"https:\/\/www.sisinternational.com\/pl\/rozwiazania\/rozwiazania-w-zakresie-brandingu-i-badan-klientow\/badania-rynku-pozycjonowania-marki\/\" title=\"Badania rynku pozycjonowania marki\"  data-wpil-monitor-id=\"11145\">Market Research can have a positive<\/a> impact on your business ventures. Thus, it is essential to conduct <a href=\"https:\/\/www.sisinternational.com\/pl\/ekspertyza\/branze\/geopolitical-market-research\/\" title=\"Badania rynku geopolitycznego\"  data-wpil-monitor-id=\"3811\">research before entering the market<\/a>.<\/p>\n\n\n\n<p><\/p>\n\n\n\n<h2 class=\"wp-block-heading\">&nbsp;<\/h2>","protected":false},"excerpt":{"rendered":"<p>Dowiedz si\u0119, jak rozwin\u0105\u0107 swoj\u0105 organizacj\u0119 dzi\u0119ki badaniom rynku w Republice Dominikany.<\/p>","protected":false},"author":1,"featured_media":66248,"parent":14351,"menu_order":16,"comment_status":"closed","ping_status":"closed","template":"","meta":{"footnotes":""},"class_list":["post-38482","page","type-page","status-publish","has-post-thumbnail"],"_links":{"self":[{"href":"https:\/\/www.sisinternational.com\/pl\/wp-json\/wp\/v2\/pages\/38482","targetHints":{"allow":["GET"]}}],"collection":[{"href":"https:\/\/www.sisinternational.com\/pl\/wp-json\/wp\/v2\/pages"}],"about":[{"href":"https:\/\/www.sisinternational.com\/pl\/wp-json\/wp\/v2\/types\/page"}],"author":[{"embeddable":true,"href":"https:\/\/www.sisinternational.com\/pl\/wp-json\/wp\/v2\/users\/1"}],"replies":[{"embeddable":true,"href":"https:\/\/www.sisinternational.com\/pl\/wp-json\/wp\/v2\/comments?post=38482"}],"version-history":[{"count":6,"href":"https:\/\/www.sisinternational.com\/pl\/wp-json\/wp\/v2\/pages\/38482\/revisions"}],"predecessor-version":[{"id":81821,"href":"https:\/\/www.sisinternational.com\/pl\/wp-json\/wp\/v2\/pages\/38482\/revisions\/81821"}],"up":[{"embeddable":true,"href":"https:\/\/www.sisinternational.com\/pl\/wp-json\/wp\/v2\/pages\/14351"}],"wp:featuredmedia":[{"embeddable":true,"href":"https:\/\/www.sisinternational.com\/pl\/wp-json\/wp\/v2\/media\/66248"}],"wp:attachment":[{"href":"https:\/\/www.sisinternational.com\/pl\/wp-json\/wp\/v2\/media?parent=38482"}],"curies":[{"name":"wp","href":"https:\/\/api.w.org\/{rel}","templated":true}]}}