{"id":38472,"date":"2021-08-20T16:09:22","date_gmt":"2021-08-20T16:09:22","guid":{"rendered":"https:\/\/www.sisinternational.com\/?page_id=38472"},"modified":"2026-01-25T19:02:34","modified_gmt":"2026-01-26T00:02:34","slug":"badania-rynku-portoryko","status":"publish","type":"page","link":"https:\/\/www.sisinternational.com\/pl\/zasieg\/latin-america\/badania-rynku-ameryki-lacinskiej\/badania-rynku-portoryko\/","title":{"rendered":"Badania biurowe w Portoryko"},"content":{"rendered":"<h1 class=\"wp-block-heading\"><strong>Badania biurowe w Portoryko<\/strong><\/h1>\n\n\n\n<figure class=\"gb-block-image gb-block-image-c1e1b3d0\"><img loading=\"lazy\" decoding=\"async\" width=\"1456\" height=\"816\" class=\"gb-image gb-image-c1e1b3d0\" src=\"https:\/\/www.sisinternational.com\/wp-content\/uploads\/2025\/09\/Puerto-Rico-4-1.jpg\" alt=\"SIS Mi\u0119dzynarodowe badania rynku i strategia\" title=\"Puerto Rico (4)\" srcset=\"https:\/\/www.sisinternational.com\/wp-content\/uploads\/2025\/09\/Puerto-Rico-4-1.jpg 1456w, https:\/\/www.sisinternational.com\/wp-content\/uploads\/2025\/09\/Puerto-Rico-4-1-300x168.jpg 300w, https:\/\/www.sisinternational.com\/wp-content\/uploads\/2025\/09\/Puerto-Rico-4-1-1024x574.jpg 1024w, https:\/\/www.sisinternational.com\/wp-content\/uploads\/2025\/09\/Puerto-Rico-4-1-768x430.jpg 768w, https:\/\/www.sisinternational.com\/wp-content\/uploads\/2025\/09\/Puerto-Rico-4-1-18x10.jpg 18w\" sizes=\"auto, (max-width: 1456px) 100vw, 1456px\"><\/figure>\n\n\n\n<p><\/p>\n\n\n\n<h3 class=\"wp-block-heading\">Bior\u0105c pod uwag\u0119 bogat\u0105 kultur\u0119 i rozwijaj\u0105c\u0105 si\u0119 gospodark\u0119 Portoryko, marki musz\u0105 rozumie\u0107 dynamik\u0119 rynku. G\u0142\u0119bokie podej\u015bcie pomaga firmom skutecznie porusza\u0107 si\u0119 zar\u00f3wno po wyzwaniach, jak i szansach.<\/h3>\n\n\n\n<p>Wyobra\u017a sobie, \u017ce Twoja marka p\u0142ynnie \u0142\u0105czy si\u0119 z konsumentami w ca\u0142ym Portoryko. Badania biurowe w Portoryko umo\u017cliwiaj\u0105 takie po\u0142\u0105czenie, oferuj\u0105c spostrze\u017cenia potrzebne do zdobycia serc i portfeli.<\/p>\n\n\n\n<h2 class=\"wp-block-heading\"><strong>Czym jest research biurkowy w Portoryko?<\/strong><\/h2>\n\n\n\n<p>Desk research in Puerto Rico is critical for identifying consumer preferences, spotting emerging opportunities, and mitigating risks. The Puerto Rican market presents unique challenges, including cultural diversity, economic fluctuation, and regional regulations. These factors make it essential for businesses to conduct comprehensive <a class=\"wpil_keyword_link\" href=\"https:\/\/www.sisinternational.com\/pl\/rozwiazania\/rozwiazania-w-zakresie-badan-jakosciowych-i-ilosciowych\/desk-research\/\"   title=\"Badania biurowe\" data-wpil-keyword-link=\"linked\"  data-wpil-monitor-id=\"744\">desk research<\/a> before making decisions.<\/p>\n\n\n\n<h2 class=\"wp-block-heading\"><strong>Dlaczego firmy w Portoryko potrzebuj\u0105 bada\u0144 biurkowych?<\/strong><\/h2>\n\n\n\n<p>Firmy potrzebuj\u0105 bada\u0144 biurkowych w Portoryko, aby lepiej zrozumie\u0107 wyj\u0105tkowy krajobraz ekonomiczny i niuanse kulturowe, kt\u00f3re kszta\u0142tuj\u0105 zachowania konsument\u00f3w. Przepisy federalne USA, odr\u0119bne dziedzictwo kulturowe i gospodarka oparta na turystyce wp\u0142ywaj\u0105 na rynek Portoryko. Te wyj\u0105tkowe czynniki sprawiaj\u0105, \u017ce kompleksowe badania rynku s\u0105 kluczowe dla podejmowania \u015bwiadomych decyzji strategicznych.<\/p>\n\n\n\n<p>Desk research in <a href=\"https:\/\/www.sisinternational.com\/pl\/zasieg\/badania-rynku-afryka\/market-research-in-egypt\/\" title=\"Badania rynku w Egipcie\"  data-wpil-monitor-id=\"5385\">Puerto Rico<\/a> helps businesses to accurately assess market demand, identify target audiences, and tailor their products and services to meet local preferences. In Puerto Rico, consumer behavior is influenced by a combination of American and Latin cultural elements, making it crucial to develop marketing campaigns that resonate with these dual influences. Understanding these cultural nuances allows businesses to communicate more effectively with their audience.<\/p>\n\n\n\n<p>Ponadto biurko <a href=\"https:\/\/www.linkedin.com\/pulse\/how-market-research-enables-growth-ruth-stanat-phekf\/\" target=\"_blank\" rel=\"noopener\"><span style=\"font-weight: 400;\">badania<\/span><\/a> w Puerto Rico dostarcza wgl\u0105du w wyzwania regulacyjne i logistyczne, kt\u00f3re mog\u0105 mie\u0107 wp\u0142yw na dzia\u0142alno\u015b\u0107 biznesow\u0105. Obejmuje to zrozumienie zawi\u0142o\u015bci ameryka\u0144skich przepis\u00f3w federalnych i lokalnych, a tak\u017ce polityk gospodarczych, kt\u00f3re maj\u0105 wp\u0142yw na koszty prowadzenia dzia\u0142alno\u015bci. Firmy, kt\u00f3re przeprowadzaj\u0105 dok\u0142adne badania rynku, mog\u0105 r\u00f3wnie\u017c identyfikowa\u0107 pojawiaj\u0105ce si\u0119 trendy i mo\u017cliwo\u015bci, co pozwala im wyprzedza\u0107 konkurencj\u0119 i szybko dostosowywa\u0107 si\u0119 do zmian na rynku.<\/p>\n\n\n\n<h2 class=\"wp-block-heading\"><strong>Nasz aktualny przegl\u0105d rynku i rekomendacje<\/strong><\/h2>\n\n\n\n<p>Uwa\u017camy, \u017ce sektory turystyki i farmaceutyki s\u0105 szczeg\u00f3lnie obiecuj\u0105cymi obszarami wzrostu w Portoryko. Przy du\u017cym zapotrzebowaniu na wysokiej jako\u015bci us\u0142ugi i produkty, firmy, kt\u00f3re inwestuj\u0105 w zrozumienie tych sektor\u00f3w poprzez badania rynku, znajd\u0105 znacz\u0105ce mo\u017cliwo\u015bci. Badania desk research w Portoryko s\u0105 nieocenionym narz\u0119dziem pomagaj\u0105cym markom nawi\u0105za\u0107 kontakt z lokalnymi konsumentami, dostosowa\u0107 si\u0119 do regionalnych trend\u00f3w i skutecznie wej\u015b\u0107 na rynek.<\/p>\n\n\n\n<p>W naszym bie\u017c\u0105cym przegl\u0105dzie rynku zauwa\u017camy, \u017ce nastawienie konsument\u00f3w zmienia si\u0119 w kierunku wi\u0119kszego popytu na produkty wytwarzane lokalnie, zr\u00f3wnowa\u017cony rozw\u00f3j i rozwi\u0105zania oparte na technologii. Zalecamy firmom wykorzystanie tych trend\u00f3w poprzez dostosowanie swojej oferty tak, aby podkre\u015bla\u0142a lokaln\u0105 autentyczno\u015b\u0107, praktyki przyjazne dla \u015brodowiska i innowacyjne rozwi\u0105zania. Ponadto, wraz ze wzrostem turystyki, firmy z sektora hotelarskiego, detalicznego i rozrywkowego maj\u0105 znaczny potencja\u0142 wzrostu, je\u015bli dostosuj\u0105 swoje strategie do pojawiaj\u0105cych si\u0119 trend\u00f3w w podr\u00f3\u017cowaniu i preferencji konsument\u00f3w.<\/p>\n\n\n\n<h2 class=\"wp-block-heading\"><strong>Kluczowe bran\u017ce w Portoryko<\/strong><\/h2>\n\n\n\n<figure class=\"gb-block-image gb-block-image-6c35eddf\"><img loading=\"lazy\" decoding=\"async\" width=\"1456\" height=\"816\" class=\"gb-image gb-image-6c35eddf\" src=\"https:\/\/www.sisinternational.com\/wp-content\/uploads\/2025\/09\/Puerto-Rico-2-1.jpg\" alt=\"SIS Mi\u0119dzynarodowe badania rynku i strategia\" title=\"Puerto Rico (2)\" srcset=\"https:\/\/www.sisinternational.com\/wp-content\/uploads\/2025\/09\/Puerto-Rico-2-1.jpg 1456w, https:\/\/www.sisinternational.com\/wp-content\/uploads\/2025\/09\/Puerto-Rico-2-1-300x168.jpg 300w, https:\/\/www.sisinternational.com\/wp-content\/uploads\/2025\/09\/Puerto-Rico-2-1-1024x574.jpg 1024w, https:\/\/www.sisinternational.com\/wp-content\/uploads\/2025\/09\/Puerto-Rico-2-1-768x430.jpg 768w, https:\/\/www.sisinternational.com\/wp-content\/uploads\/2025\/09\/Puerto-Rico-2-1-18x10.jpg 18w\" sizes=\"auto, (max-width: 1456px) 100vw, 1456px\"><\/figure>\n\n\n\n<p><\/p>\n\n\n\n<p>Portoryko szczyci si\u0119 kilkoma kluczowymi ga\u0142\u0119ziami przemys\u0142u, kt\u00f3re znacz\u0105co przyczyniaj\u0105 si\u0119 do jego gospodarki. Nale\u017c\u0105 do nich sektor farmaceutyczny, turystyczny, produkcyjny, rolniczy i energii odnawialnej.<\/p>\n\n\n\n<ul class=\"wp-block-list\">\n<li><strong>Przemys\u0142 farmaceutyczny<\/strong>:Przemys\u0142 farmaceutyczny jest jednym z najwi\u0119kszych czynnik\u00f3w przyczyniaj\u0105cych si\u0119 do gospodarki Portoryko. Firmy takie jak Pfizer, Johnson &amp; Johnson i Amgen za\u0142o\u017cy\u0142y znacz\u0105ce operacje w Portoryko, przyci\u0105gni\u0119te wykwalifikowan\u0105 si\u0142\u0105 robocz\u0105 i korzystnymi warunkami regulacyjnymi.<\/li>\n\n\n\n<li><strong>Bran\u017ca Turystyczna<\/strong>:Turystyka odgrywa wa\u017cn\u0105 rol\u0119, nap\u0119dzana bogatym dziedzictwem kulturowym i naturalnym pi\u0119knem Portoryko. G\u0142\u00f3wni gracze, tacy jak Hilton i Marriott, maj\u0105 siln\u0105 obecno\u015b\u0107, pomagaj\u0105c uczyni\u0107 wysp\u0119 wiod\u0105cym celem podr\u00f3\u017cy.<\/li>\n\n\n\n<li><strong>Przemys\u0142 wytw\u00f3rczy<\/strong>: Produkcja to kolejny kluczowy sektor, szczeg\u00f3lnie w elektronice i urz\u0105dzeniach medycznych. Firmy takie jak Medtronic wykorzysta\u0142y wysoko wykwalifikowan\u0105 si\u0142\u0119 robocz\u0105 wyspy, aby ustanowi\u0107 udane operacje.<\/li>\n\n\n\n<li><strong>Rolnictwo<\/strong>:Rolnictwo, w tym produkcja kawy i owoc\u00f3w tropikalnych, przyczynia si\u0119 do lokalnej gospodarki, a firmy takie jak Caf\u00e9 Yaucono s\u0105 znacz\u0105cymi liderami. Ro\u015bnie r\u00f3wnie\u017c zainteresowanie rolnictwem ekologicznym i lokaln\u0105 produkcj\u0105 \u017cywno\u015bci.<\/li>\n\n\n\n<li><strong>Energia odnawialna<\/strong>:Sektor energii odnawialnej szybko ro\u015bnie, poniewa\u017c Portoryko zmierza w kierunku niezale\u017cno\u015bci energetycznej. Firmy takie jak New Energy i Tesla inwestuj\u0105 w projekty energii s\u0142onecznej, aby zaj\u0105\u0107 si\u0119 odporno\u015bci\u0105 energetyczn\u0105 i zr\u00f3wnowa\u017conym rozwojem.<\/li>\n<\/ul>\n\n\n\n<h2 class=\"wp-block-heading\"><strong>G\u0142\u00f3wne atrakcje turystyczne w Portoryko<\/strong><\/h2>\n\n\n\n<p>Badania biurowe w Portoryko wskazuj\u0105 na kilka atrakcji turystycznych, kt\u00f3re przyci\u0105gaj\u0105 miliony turyst\u00f3w rocznie. Oto pi\u0119\u0107 najwa\u017cniejszych atrakcji:<\/p>\n\n\n\n<ul class=\"wp-block-list\">\n<li><strong>San Juan<\/strong>:Historyczne miasto San Juan, z dobrze zachowan\u0105 hiszpa\u0144sk\u0105 architektur\u0105 kolonialn\u0105 i \u017cyw\u0105 kultur\u0105, jest znacz\u0105c\u0105 atrakcj\u0105 kulturaln\u0105.<\/li>\n\n\n\n<li><strong>Las Narodowy El Yunque<\/strong>Jedyny tropikalny las deszczowy w Narodowym Systemie Le\u015bnym Stan\u00f3w Zjednoczonych, z jego r\u00f3\u017cnorodn\u0105 flor\u0105 i faun\u0105, oferuje niepowtarzalne prze\u017cycia mi\u0142o\u015bnikom natury.<\/li>\n\n\n\n<li><strong>Zatoka Komar\u00f3w<\/strong>:Zatoka bioluminescencyjna w Vieques jest jedn\u0105 z najpopularniejszych atrakcji naturalnych w Puerto Rico. Jest znana ze \u015bwiec\u0105cych w\u00f3d spowodowanych przez organizmy bioluminescencyjne.<\/li>\n\n\n\n<li><strong>Zamek San Felipe del Morro<\/strong>:Twierdza z XVI wieku, kt\u00f3ra oferuje zapieraj\u0105ce dech w piersiach widoki i bogat\u0105 histori\u0119, dzi\u0119ki czemu jest popularnym miejscem turystycznym.<\/li>\n\n\n\n<li><strong>Wyspa Culebra<\/strong>:Znana z pi\u0119knych pla\u017c, szczeg\u00f3lnie Flamenco Beach, kt\u00f3ra jest cz\u0119sto uznawana za jedn\u0105 z najpi\u0119kniejszych pla\u017c na \u015bwiecie.<\/li>\n<\/ul>\n\n\n\n<h2 class=\"wp-block-heading\">Osiedla<\/h2>\n\n\n\n<figure class=\"gb-block-image gb-block-image-583283f8\"><img loading=\"lazy\" decoding=\"async\" width=\"1456\" height=\"816\" class=\"gb-image gb-image-583283f8\" src=\"https:\/\/www.sisinternational.com\/wp-content\/uploads\/2025\/09\/Puerto-Rico-3-1.jpg\" alt=\"SIS Mi\u0119dzynarodowe badania rynku i strategia\" title=\"Puerto Rico (3)\" srcset=\"https:\/\/www.sisinternational.com\/wp-content\/uploads\/2025\/09\/Puerto-Rico-3-1.jpg 1456w, https:\/\/www.sisinternational.com\/wp-content\/uploads\/2025\/09\/Puerto-Rico-3-1-300x168.jpg 300w, https:\/\/www.sisinternational.com\/wp-content\/uploads\/2025\/09\/Puerto-Rico-3-1-1024x574.jpg 1024w, https:\/\/www.sisinternational.com\/wp-content\/uploads\/2025\/09\/Puerto-Rico-3-1-768x430.jpg 768w, https:\/\/www.sisinternational.com\/wp-content\/uploads\/2025\/09\/Puerto-Rico-3-1-18x10.jpg 18w\" sizes=\"auto, (max-width: 1456px) 100vw, 1456px\"><\/figure>\n\n\n\n<p><\/p>\n\n\n\n<p>Portoryko jest terytorium USA. Le\u017cy 50 mil na wsch\u00f3d od Dominikany, z prze\u0142\u0119cz\u0105 Mona Passage pomi\u0119dzy. Le\u017cy 40 mil na zach\u00f3d od Wysp Dziewiczych i 1000 mil na po\u0142udniowy wsch\u00f3d od Florydy.<\/p>\n\n\n\n<p>Stolic\u0105 Portoryko jest San Juan. Jest to r\u00f3wnie\u017c najludniejsze i najstarsze miasto pod w\u0142adz\u0105 USA. Ponadto jest to najwi\u0119ksze miasto przemys\u0142owe na wyspie. Wraz z Mayaguez jest to g\u0142\u00f3wne miasto produkuj\u0105ce odzie\u017c. Posiada obszary rafinacji ropy naftowej i cukru, browarnictwa i destylacji. San Juan produkuje r\u00f3wnie\u017c cement, leki, wyroby metalowe i tyto\u0144.<\/p>\n\n\n\n<p>Dzia\u0142a tam wiele biur, bank\u00f3w i firm w USA. San Juan jest drugim co do wielko\u015bci portem morskim. W\u015br\u00f3d znanych budynk\u00f3w w San Juan znajduj\u0105 si\u0119 El Arsenal i Katedra San Juan Bautista. W mie\u015bcie znajduje si\u0119 r\u00f3wnie\u017c Casa Blanca Museum, Casa del Libro i wiele innych.<\/p>\n\n\n\n<h2 class=\"wp-block-heading\">Korzy\u015bci i mocne strony na rynku<\/h2>\n\n\n\n<p>Us\u0142ugi i produkcja to najwi\u0119ksze atuty Portoryko na rynku. Sektory te odpowiadaj\u0105 za ponad po\u0142ow\u0119 PKB kraju. Wiod\u0105cym partnerem eksportowym Portoryko s\u0105 Stany Zjednoczone (kt\u00f3re odpowiadaj\u0105 za dwie trzecie ca\u0142kowitego eksportu). Belgia, W\u0142ochy i Holandia s\u0105 r\u00f3wnie\u017c g\u0142\u00f3wnymi partnerami. G\u0142\u00f3wnym produktem eksportowym wyspy s\u0105 produkty farmaceutyczne.<\/p>\n\n\n\n<h2 class=\"wp-block-heading\"><strong>Czynniki nap\u0119dzaj\u0105ce rynek w Portoryko<\/strong><\/h2>\n\n\n\n<p>Kluczowymi czynnikami nap\u0119dzaj\u0105cymi rynek w Portoryko s\u0105:<\/p>\n\n\n\n<ol start=\"1\" class=\"wp-block-list\">\n<li><strong>Strategiczne po\u0142o\u017cenie<\/strong>:Blisko\u015b\u0107 Portoryko do kontynentalnej cz\u0119\u015bci Stan\u00f3w Zjednoczonych i Ameryki \u0141aci\u0144skiej sprawia, \u017ce jest to strategiczne centrum regionalnej ekspansji biznesowej.<\/li>\n\n\n\n<li><strong>Wykwalifikowana si\u0142a robocza<\/strong>Wysoko wykwalifikowana si\u0142a robocza jest znacz\u0105cym motorem nap\u0119dowym gospodarki, zw\u0142aszcza w sektorze farmaceutycznym i produkcyjnym.<\/li>\n\n\n\n<li><strong>Wzrost turystyki<\/strong>:Dziedzictwo kulturowe i naturalne pi\u0119kno wyspy przyczyniaj\u0105 si\u0119 do rozwoju przemys\u0142u turystycznego.<\/li>\n\n\n\n<li><strong>Zach\u0119ty podatkowe<\/strong>:Ulgi podatkowe dla przedsi\u0119biorstw, w szczeg\u00f3lno\u015bci na mocy ustaw 20 i 22, zach\u0119caj\u0105 do inwestycji i dzia\u0142alno\u015bci gospodarczej.<\/li>\n\n\n\n<li><strong>Wsparcie federalne USA<\/strong>:Portoryko korzysta ze wsparcia federalnego i program\u00f3w, kt\u00f3re wspieraj\u0105 rozw\u00f3j gospodarczy jako terytorium USA.<\/li>\n\n\n\n<li><strong>Inwestycje w infrastruktur\u0119<\/strong>:Trwaj\u0105cy rozw\u00f3j infrastruktury, obejmuj\u0105cy projekty z zakresu energii odnawialnej, wspiera d\u0142ugoterminowy wzrost gospodarczy.<\/li>\n\n\n\n<li><strong>Inicjatywy w zakresie energii odnawialnej<\/strong>:D\u0105\u017cenie do przej\u015bcia na energi\u0119 odnawialn\u0105 i zr\u00f3wnowa\u017cony rozw\u00f3j stwarza nowe mo\u017cliwo\u015bci biznesowe.<\/li>\n<\/ol>\n\n\n\n<h2 class=\"wp-block-heading\"><strong>Ograniczenia rynkowe w Portoryko<\/strong><\/h2>\n\n\n\n<p>Pomimo wielu mo\u017cliwo\u015bci, Desk research w Puerto Rico identyfikuje kilka wyzwa\u0144, z kt\u00f3rymi musz\u0105 zmierzy\u0107 si\u0119 firmy. Nale\u017c\u0105 do nich:<\/p>\n\n\n\n<ol start=\"1\" class=\"wp-block-list\">\n<li><strong>Niestabilno\u015b\u0107 gospodarcza<\/strong>:Problemy z d\u0142ugiem publicznym i ograniczenia fiskalne spowodowa\u0142y niestabilno\u015b\u0107 gospodarcz\u0105, kt\u00f3ra wp\u0142ywa na dzia\u0142alno\u015b\u0107 przedsi\u0119biorstw.<\/li>\n\n\n\n<li><strong>Katastrofy naturalne<\/strong>:Ryzyko huragan\u00f3w i innych kl\u0119sk \u017cywio\u0142owych stwarza wyzwania operacyjne i mo\u017ce zak\u0142\u00f3ci\u0107 ci\u0105g\u0142o\u015b\u0107 dzia\u0142alno\u015bci gospodarczej.<\/li>\n\n\n\n<li><strong>Z\u0142o\u017cono\u015b\u0107 regulacyjna<\/strong>:Wzajemne oddzia\u0142ywanie na siebie przepis\u00f3w federalnych i lokalnych w USA mo\u017ce tworzy\u0107 bariery utrudniaj\u0105ce wej\u015bcie na rynek i utrudnia\u0107 przestrzeganie przepis\u00f3w przez przedsi\u0119biorstwa.<\/li>\n\n\n\n<li><strong>Wysokie koszty energii<\/strong>Koszty energii w Portoryko s\u0105 znacznie wy\u017csze ni\u017c w kontynentalnej cz\u0119\u015bci USA, co wp\u0142ywa na rentowno\u015b\u0107.<\/li>\n\n\n\n<li><strong>Wyzwania logistyczne<\/strong>Jako wyspa, Portoryko zmaga si\u0119 z wyzwaniami logistycznymi zwi\u0105zanymi z importem i eksportem towar\u00f3w.<\/li>\n\n\n\n<li><strong>Dost\u0119p do kapita\u0142u<\/strong>:Ograniczony dost\u0119p do kapita\u0142u finansowego mo\u017ce stanowi\u0107 barier\u0119, zw\u0142aszcza dla ma\u0142ych i \u015brednich przedsi\u0119biorstw.<\/li>\n\n\n\n<li><strong>Ograniczenia rynku pracy<\/strong>:Cho\u0107 wykwalifikowana si\u0142a robocza jest dost\u0119pna, w niekt\u00f3rych bran\u017cach brakuje r\u0105k do pracy, szczeg\u00f3lnie w wyspecjalizowanych dziedzinach technicznych.<\/li>\n<\/ol>\n\n\n\n<h2 class=\"wp-block-heading\">Baza konsument\u00f3w<\/h2>\n\n\n\n<p>Portoryko ma 3,1 miliona mieszka\u0144c\u00f3w. Bank \u015awiatowy sklasyfikowa\u0142 je jako gospodark\u0119 o wysokich dochodach. Jednym z powod\u00f3w jest to, \u017ce Portoryko ma wielu ludzi o wysokich dochodach. Ponadto ponad po\u0142owa jego mieszka\u0144c\u00f3w jest ch\u0119tna do wypr\u00f3bowania nowych produkt\u00f3w. Nie zawsze trzymaj\u0105 si\u0119 marek, kt\u00f3re znaj\u0105.<\/p>\n\n\n\n<h2 class=\"wp-block-heading\">Powody, dla kt\u00f3rych warto rozwija\u0107 sw\u00f3j biznes na rynku<\/h2>\n\n\n\n<p>Istnieje wiele powod\u00f3w, dla kt\u00f3rych warto podj\u0105\u0107 ryzyko, rozpocz\u0105\u0107 i rozwija\u0107 sw\u00f3j biznes w Portoryko.<\/p>\n\n\n\n<p>Istnieje miejsce na zatrudnienie w rozwijaj\u0105cym si\u0119 sektorze produkcyjnym. Firmy wchodz\u0105ce do tego sektora musz\u0105 p\u0142aci\u0107 sta\u0142\u0105 stawk\u0119 podatku dochodowego, ale korzystaj\u0105 ze zwolnienia z niekt\u00f3rych rodzaj\u00f3w podatk\u00f3w.<\/p>\n\n\n\n<p>Ponadto w Portoryko nie ma biurokracji. W\u0142a\u015bciciele firm nie musz\u0105 si\u0119 martwi\u0107 o podr\u00f3\u017cowanie do i ze Stan\u00f3w Zjednoczonych. Je\u015bli w\u0142a\u015bciciel jest obywatelem USA, nie ma potrzeby posiadania paszportu, aby podr\u00f3\u017cowa\u0107 do Portoryko.<\/p>\n\n\n\n<p>Ponadto podmioty gospodarcze w Portoryko rozwijaj\u0105 si\u0119 znacznie szybciej dzi\u0119ki zach\u0119tom dla startup\u00f3w. Te zach\u0119ty daj\u0105 firmom przewag\u0119, cz\u0119sto pozwalaj\u0105c im przewodzi\u0107 na rynku.<\/p>\n\n\n\n<h2 class=\"wp-block-heading\"><strong>W jaki spos\u00f3b badania biurowe SIS International w Portoryko pomagaj\u0105 firmom<\/strong><\/h2>\n\n\n\n<p>Badania SIS International w Portoryko obejmuj\u0105 kluczowe sektory, preferencje konsument\u00f3w i trendy rynkowe. Badania te pomagaj\u0105 firmom opracowywa\u0107 strategie, kt\u00f3re rezonuj\u0105 z lokalnym rynkiem, dostarczaj\u0105c klientom praktyczne dane i strategiczne rekomendacje. Wsp\u00f3\u0142pracuj\u0105c z SIS International, firmy mog\u0105 skorzysta\u0107 z:<\/p>\n\n\n\n<ol start=\"1\" class=\"wp-block-list\">\n<li><strong>Lepsze zrozumienie rynku<\/strong>: <a href=\"https:\/\/twitter.com\/SISIntlResearch\" target=\"_blank\" rel=\"noopener\">SIS<\/a> pomaga przedsi\u0119biorstwom kompleksowo zrozumie\u0107 rynek portoryka\u0144ski, w tym preferencje i zachowania konsument\u00f3w oraz unikalne dla tego regionu wp\u0142ywy kulturowe.<\/li>\n\n\n\n<li><strong>Podejmowanie \u015bwiadomych decyzji<\/strong>:Nasz zesp\u00f3\u0142 umo\u017cliwia firmom podejmowanie decyzji opartych na danych, kt\u00f3re ograniczaj\u0105 ryzyko i maksymalizuj\u0105 sukces przy wej\u015bciu na rynek Portoryko, bior\u0105c pod uwag\u0119 nastroje lokalnych konsument\u00f3w i dynamik\u0119 rynku.<\/li>\n\n\n\n<li><strong>Przewaga konkurencyjna<\/strong>:Pomagamy firmom identyfikowa\u0107 nowe trendy i szanse zanim zrobi to konkurencja, zapewniaj\u0105c im przewag\u0119 na rynku karaibskim i zapewniaj\u0105c strategiczne pozycjonowanie.<\/li>\n\n\n\n<li><strong>Lokalny rozw\u00f3j strategii<\/strong>: <a href=\"https:\/\/www.linkedin.com\/company\/sisinternationalresearch\/\" target=\"_blank\" rel=\"noopener\"><span style=\"font-weight: 400;\">SIS Mi\u0119dzynarodowy<\/span><\/a> pomaga firmom w Portoryko w opracowywaniu skutecznych strategii dostosowanych do wyj\u0105tkowego krajobrazu kulturowego i gospodarczego regionu, w tym w dostosowaniu si\u0119 do lokalnych gust\u00f3w i zachowa\u0144 konsument\u00f3w.<\/li>\n\n\n\n<li><strong>Wskaz\u00f3wki regulacyjne<\/strong>:Nasi eksperci pomagaj\u0105 klientom porusza\u0107 si\u0119 w skomplikowanym \u015brodowisku regulacyjnym, zapewniaj\u0105c fachowe porady na temat zgodno\u015bci z prawem federalnym USA i lokalnym prawem Portoryko.<\/li>\n<\/ol>\n\n\n\n<h2 class=\"wp-block-heading\"><strong>O SIS International Desk Research w Portoryko<\/strong><\/h2>\n\n\n\n<p><a href=\"https:\/\/www.sisinternational.com\/pl\/\"><span style=\"font-weight: 400;\">SIS Mi\u0119dzynarodowy<\/span><\/a><span style=\"font-weight: 400;\"> oferuje badania ilo\u015bciowe, jako\u015bciowe i strategiczne. Dostarczamy dane, narz\u0119dzia, strategie, raporty i spostrze\u017cenia do podejmowania decyzji. Prowadzimy r\u00f3wnie\u017c wywiady, ankiety, grupy fokusowe i inne metody i podej\u015bcia do bada\u0144 rynku.<\/span><a href=\"https:\/\/www.sisinternational.com\/pl\/o-moich-miedzynarodowych-badaniach\/contact-sis-international-market-research\/\"><span style=\"font-weight: 400;\"> Skontaktuj si\u0119 z nami<\/span><\/a><span style=\"font-weight: 400;\"> dla Twojego kolejnego projektu badania rynku.<\/span><\/p>\n\n\n\n<p><\/p>\n\n\n\n<h2 class=\"wp-block-heading\">&nbsp;<\/h2>","protected":false},"excerpt":{"rendered":"<p>Dowiedz si\u0119, jak rozwin\u0105\u0107 swoj\u0105 organizacj\u0119 dzi\u0119ki badaniom rynku w Portoryko.<\/p>","protected":false},"author":1,"featured_media":66453,"parent":14351,"menu_order":15,"comment_status":"closed","ping_status":"closed","template":"","meta":{"footnotes":""},"class_list":["post-38472","page","type-page","status-publish","has-post-thumbnail"],"_links":{"self":[{"href":"https:\/\/www.sisinternational.com\/pl\/wp-json\/wp\/v2\/pages\/38472","targetHints":{"allow":["GET"]}}],"collection":[{"href":"https:\/\/www.sisinternational.com\/pl\/wp-json\/wp\/v2\/pages"}],"about":[{"href":"https:\/\/www.sisinternational.com\/pl\/wp-json\/wp\/v2\/types\/page"}],"author":[{"embeddable":true,"href":"https:\/\/www.sisinternational.com\/pl\/wp-json\/wp\/v2\/users\/1"}],"replies":[{"embeddable":true,"href":"https:\/\/www.sisinternational.com\/pl\/wp-json\/wp\/v2\/comments?post=38472"}],"version-history":[{"count":10,"href":"https:\/\/www.sisinternational.com\/pl\/wp-json\/wp\/v2\/pages\/38472\/revisions"}],"predecessor-version":[{"id":79167,"href":"https:\/\/www.sisinternational.com\/pl\/wp-json\/wp\/v2\/pages\/38472\/revisions\/79167"}],"up":[{"embeddable":true,"href":"https:\/\/www.sisinternational.com\/pl\/wp-json\/wp\/v2\/pages\/14351"}],"wp:featuredmedia":[{"embeddable":true,"href":"https:\/\/www.sisinternational.com\/pl\/wp-json\/wp\/v2\/media\/66453"}],"wp:attachment":[{"href":"https:\/\/www.sisinternational.com\/pl\/wp-json\/wp\/v2\/media?parent=38472"}],"curies":[{"name":"wp","href":"https:\/\/api.w.org\/{rel}","templated":true}]}}