{"id":38470,"date":"2021-08-19T17:02:33","date_gmt":"2021-08-19T17:02:33","guid":{"rendered":"https:\/\/www.sisinternational.com\/?page_id=38470"},"modified":"2025-09-15T01:36:57","modified_gmt":"2025-09-15T05:36:57","slug":"badania-rynku-paragwaj","status":"publish","type":"page","link":"https:\/\/www.sisinternational.com\/pl\/zasieg\/latin-america\/badania-rynku-ameryki-lacinskiej\/badania-rynku-paragwaj\/","title":{"rendered":"Badania rynku w Paragwaju"},"content":{"rendered":"<h1 class=\"wp-block-heading\">Badania rynku w Paragwaju<\/h1>\n\n\n\n<figure class=\"gb-block-image gb-block-image-7902f428\"><img loading=\"lazy\" decoding=\"async\" width=\"1456\" height=\"816\" class=\"gb-image gb-image-7902f428\" src=\"https:\/\/www.sisinternational.com\/wp-content\/uploads\/2025\/09\/Paraguay-3.jpg\" alt=\"SIS Mi\u0119dzynarodowe badania rynku i strategia\" title=\"Paraguay (3)\" srcset=\"https:\/\/www.sisinternational.com\/wp-content\/uploads\/2025\/09\/Paraguay-3.jpg 1456w, https:\/\/www.sisinternational.com\/wp-content\/uploads\/2025\/09\/Paraguay-3-300x168.jpg 300w, https:\/\/www.sisinternational.com\/wp-content\/uploads\/2025\/09\/Paraguay-3-1024x574.jpg 1024w, https:\/\/www.sisinternational.com\/wp-content\/uploads\/2025\/09\/Paraguay-3-768x430.jpg 768w, https:\/\/www.sisinternational.com\/wp-content\/uploads\/2025\/09\/Paraguay-3-18x10.jpg 18w\" sizes=\"auto, (max-width: 1456px) 100vw, 1456px\"><\/figure>\n\n\n\n<p><\/p>\n\n\n\n<h2 class=\"wp-block-heading\">Kluczowe bran\u017ce<\/h2>\n\n\n\n<p>Rolnictwo jest kluczowe w Paragwaju. Ten sektor odpowiada za jedn\u0105 pi\u0105t\u0105 PKB kraju i zatrudnia prawie po\u0142ow\u0119 si\u0142y roboczej. G\u0142\u00f3wne uprawy uprawiane w tym kraju to pszenica, kukurydza i maniok. Produkuje r\u00f3wnie\u017c kaw\u0119, owoce cytrusowe, orzeszki ziemne, ry\u017c, trzcin\u0119 cukrow\u0105, sorgo, fasol\u0119, s\u0142odkie ziemniaki i nabia\u0142. Wo\u0142owina jest kolejnym wa\u017cnym eksportem, podobnie jak drewno. Paragwaj przetwarza drewno i tarcic\u0119 na paliwo na du\u017c\u0105 skal\u0119.<\/p>\n\n\n\n<h2 class=\"wp-block-heading\">Osiedla<\/h2>\n\n\n\n<p>Asunci\u00f3n is the capital and also the largest city in Paraguay. In addition, it has the largest population. Asunci\u00f3n is also home to many famous buildings. For example, one can find the National Pantheon of Heroes and the Hotel Guaran\u00ed here. The cathedral and the Presidential Palace are also in La Asunci\u00f3n. All four of these buildings date back to the 19th century. Asunci\u00f3n also has its own airport.<\/p>\n\n\n\n<h2 class=\"wp-block-heading\">Trendy<\/h2>\n\n\n\n<p>Paragwaj odnotowa\u0142 du\u017cy wzrost w ci\u0105gu ostatnich kilku lat dzi\u0119ki solidnemu systemowi finansowemu. Innym motorem wzrostu by\u0142a redukcja ub\u00f3stwa i inne polityki. Polityka ta utorowa\u0142a drog\u0119 reformom spo\u0142ecznym. Pandemia COVID-19 uderzy\u0142a w Paragwaj, gdy kraj znajdowa\u0142 si\u0119 w trendzie wzrostowym. Wzrost mia\u0142 ruszy\u0107 po zatrzymaniu si\u0119 w 2019 r. Eksperci spodziewaj\u0105 si\u0119, \u017ce wzrost powr\u00f3ci do normalnego poziomu w miar\u0119 o\u017cywienia \u015bwiatowej gospodarki.<\/p>\n\n\n\n<p>Rz\u0105d Paragwaju og\u0142osi\u0142 odwa\u017cny plan odbudowy. Plan zak\u0142ada inwestycje publiczne. B\u0119dzie r\u00f3wnie\u017c szuka\u0142 gwarancji kredytowych dla ma\u0142ych i nieformalnych przedsi\u0119wzi\u0119\u0107. Transfery socjalne dla ubogich gospodarstw domowych to kolejny aspekt programu. Proponuje r\u00f3wnie\u017c przegl\u0105d prawa fiskalnego. Plan wprowadzi reform\u0119 s\u0142u\u017cby cywilnej i pa\u0144stwa. B\u0119dzie r\u00f3wnie\u017c d\u0105\u017cy\u0142 do opracowania lepszych system\u00f3w zam\u00f3wie\u0144 publicznych. Kryzys COVID-19 mo\u017ce by\u0107 pocz\u0105tkiem okresu g\u0142\u0119bokich reform, kt\u00f3re ustawi\u0105 Paragwaj na drodze do \u015bwietlanej przysz\u0142o\u015bci.<\/p>\n\n\n\n<h2 class=\"wp-block-heading\">Korzy\u015bci i mocne strony na rynku<\/h2>\n\n\n\n<p>Paragwaj opiera si\u0119 na rolnictwie. Stan odnotowa\u0142 wzrost w tym sektorze ze wzgl\u0119du na zwi\u0119kszony eksport soi i wo\u0142owiny.<\/p>\n\n\n\n<p>Paragwaj posiada r\u00f3wnie\u017c oko\u0142o 17 705 hektar\u00f3w teren\u00f3w ekologicznych, na kt\u00f3rych funkcjonuje kilka tysi\u0119cy gospodarstw ekologicznych.<\/p>\n\n\n\n<p>G\u0142\u00f3wnymi partnerami handlowymi Paragwaju s\u0105 Brazylia, Argentyna, Chile, Federacja Rosyjska i Turcja.<\/p>\n\n\n\n<h2 class=\"wp-block-heading\">Baza konsument\u00f3w<\/h2>\n\n\n\n<p>Paraguay is one of the poorest countries because of the unequal division of income. Much of the state lives in poverty. People cannot buy certain goods and <a href=\"https:\/\/www.sisinternational.com\/pl\/rozwiazania\/grupy-fokusowe\/professional-focus-group-services\/\" title=\"Professional Focus Group Services\"  data-wpil-monitor-id=\"7677\">services since their main focus<\/a> is basic needs for their families.<\/p>\n\n\n\n<h2 class=\"wp-block-heading\">Powody, dla kt\u00f3rych warto rozwija\u0107 sw\u00f3j biznes na rynku<\/h2>\n\n\n\n<p>Although Paraguay is poor, it is now in a state of healing. There are reasons why one should consider starting and <a href=\"https:\/\/www.sisinternational.com\/pl\/publikacje\/japans-mid-market-exporting\/\" title=\"Rozwijanie Twojego Biznesu w Japonii\"  data-wpil-monitor-id=\"7673\">growing their business<\/a>.<\/p>\n\n\n\n<p>In Paraguay, there are green <a href=\"https:\/\/www.sisinternational.com\/pl\/ekspertyza\/branze\/energy-power-strategy-consulting-market-research\/\" title=\"Doradztwo w zakresie strategii energetycznej i zasilania Badania rynku\"  data-wpil-monitor-id=\"7681\">energia<\/a> benefits because the country receives all its power from Itaipu Dam. For this reason, Paraguay has an adequate power supply, and it can even export. Furthermore, companies have an edge when starting up. Power is cheap and safe, and green <a href=\"https:\/\/www.sisinternational.com\/pl\/ekspertyza\/cv-z-doswiadczeniem\/cv-z-doswiadczeniem-w-przemysle-chemicznym-i-energetycznym\/\" title=\"Firma badawcza rynku chemicznego i energetycznego\"  data-wpil-monitor-id=\"7675\">energy reduces the carbon footprint of companies<\/a>. It also fulfills their social duty. Also, starting a business in this country is very easy. Paraguay supports investment by foreign investors and business persons.<\/p>\n\n\n\n<h2 class=\"wp-block-heading\">O badaniach rynkowych w Paragwaju<\/h2>\n\n\n\n<p>Are you having thoughts about starting your business in Paraguay? We offer Quantitative, Qualitative, and <a href=\"https:\/\/www.sisinternational.com\/pl\/rozwiazania\/podroze-turystyka-hotelarstwo-doradztwo\/hotel-management-company-market-research-strategy-consulting\/\" title=\"Badania rynku i doradztwo strategiczne dla firm zarz\u0105dzaj\u0105cych hotelami\"  data-wpil-monitor-id=\"7672\">Strategy Research for startups and other companies<\/a>. Our methods include Interviews, Surveys, and Focus Groups. Contact us now to see how we can help you <a href=\"https:\/\/www.sisinternational.com\/pl\/setting-up-a-business-in-turkey\/\" title=\"Zak\u0142adanie firmy w Turcji\"  data-wpil-monitor-id=\"7679\">set up your business<\/a> in Paraguay.<\/p>\n\n\n\n<h2 class=\"wp-block-heading\">&nbsp;<\/h2>","protected":false},"excerpt":{"rendered":"<p>Dowiedz si\u0119, jak rozwin\u0105\u0107 swoj\u0105 organizacj\u0119 dzi\u0119ki badaniom rynku w Paragwaju.<\/p>","protected":false},"author":1,"featured_media":66335,"parent":14351,"menu_order":14,"comment_status":"closed","ping_status":"closed","template":"","meta":{"footnotes":""},"class_list":["post-38470","page","type-page","status-publish","has-post-thumbnail"],"_links":{"self":[{"href":"https:\/\/www.sisinternational.com\/pl\/wp-json\/wp\/v2\/pages\/38470","targetHints":{"allow":["GET"]}}],"collection":[{"href":"https:\/\/www.sisinternational.com\/pl\/wp-json\/wp\/v2\/pages"}],"about":[{"href":"https:\/\/www.sisinternational.com\/pl\/wp-json\/wp\/v2\/types\/page"}],"author":[{"embeddable":true,"href":"https:\/\/www.sisinternational.com\/pl\/wp-json\/wp\/v2\/users\/1"}],"replies":[{"embeddable":true,"href":"https:\/\/www.sisinternational.com\/pl\/wp-json\/wp\/v2\/comments?post=38470"}],"version-history":[{"count":4,"href":"https:\/\/www.sisinternational.com\/pl\/wp-json\/wp\/v2\/pages\/38470\/revisions"}],"predecessor-version":[{"id":81295,"href":"https:\/\/www.sisinternational.com\/pl\/wp-json\/wp\/v2\/pages\/38470\/revisions\/81295"}],"up":[{"embeddable":true,"href":"https:\/\/www.sisinternational.com\/pl\/wp-json\/wp\/v2\/pages\/14351"}],"wp:featuredmedia":[{"embeddable":true,"href":"https:\/\/www.sisinternational.com\/pl\/wp-json\/wp\/v2\/media\/66335"}],"wp:attachment":[{"href":"https:\/\/www.sisinternational.com\/pl\/wp-json\/wp\/v2\/media?parent=38470"}],"curies":[{"name":"wp","href":"https:\/\/api.w.org\/{rel}","templated":true}]}}