{"id":38468,"date":"2021-08-19T16:58:49","date_gmt":"2021-08-19T16:58:49","guid":{"rendered":"https:\/\/www.sisinternational.com\/?page_id=38468"},"modified":"2026-01-25T19:31:06","modified_gmt":"2026-01-26T00:31:06","slug":"badania-rynku-panama","status":"publish","type":"page","link":"https:\/\/www.sisinternational.com\/pl\/zasieg\/latin-america\/badania-rynku-ameryki-lacinskiej\/badania-rynku-panama\/","title":{"rendered":"Desk Research in Panama"},"content":{"rendered":"<h1 class=\"wp-block-heading\">Badania biurowe w Panamie<\/h1>\n\n\n\n<figure class=\"gb-block-image gb-block-image-b8445b28\"><img loading=\"lazy\" decoding=\"async\" width=\"1456\" height=\"816\" class=\"gb-image gb-image-b8445b28\" src=\"https:\/\/www.sisinternational.com\/wp-content\/uploads\/2025\/09\/Panama-3.jpg\" alt=\"SIS Mi\u0119dzynarodowe badania rynku i strategia\" title=\"Panama (3)\" srcset=\"https:\/\/www.sisinternational.com\/wp-content\/uploads\/2025\/09\/Panama-3.jpg 1456w, https:\/\/www.sisinternational.com\/wp-content\/uploads\/2025\/09\/Panama-3-300x168.jpg 300w, https:\/\/www.sisinternational.com\/wp-content\/uploads\/2025\/09\/Panama-3-1024x574.jpg 1024w, https:\/\/www.sisinternational.com\/wp-content\/uploads\/2025\/09\/Panama-3-768x430.jpg 768w, https:\/\/www.sisinternational.com\/wp-content\/uploads\/2025\/09\/Panama-3-18x10.jpg 18w\" sizes=\"auto, (max-width: 1456px) 100vw, 1456px\"><\/figure>\n\n\n\n<p><\/p>\n\n\n\n<h3 class=\"wp-block-heading\">Badania biurowe w Panamie pomagaj\u0105 przedsi\u0119biorstwom uzupe\u0142nia\u0107 luki w wiedzy, dostarczaj\u0105c im danych niezb\u0119dnych do podejmowania strategicznych decyzji.<\/h3>\n\n\n\n<p>Have you ever wondered why Panama is such an attractive market for business expansion? Desk research in Panama offers valuable insights into this dynamic country, enabling brands to understand the factors that drive consumer decisions.<\/p>\n\n\n\n<h2 class=\"wp-block-heading\"><strong>Czym jest research biurkowy w Panamie?<\/strong><\/h2>\n\n\n\n<p>Desk research in Panama helps identify consumer preferences, spot opportunities, and mitigate risks. Through <a class=\"wpil_keyword_link\" href=\"https:\/\/www.sisinternational.com\/pl\/the-impact-of-desk-research-on-strategic-decision-making\/\"   title=\"The Impact of Desk Research on Strategic Decision-Making\" data-wpil-keyword-link=\"linked\"  data-wpil-monitor-id=\"745\">desk research<\/a> in Panama, businesses can understand consumer needs and preferences, allowing them to adjust their products and services accordingly. This ensures that offerings resonate with the local audience.<\/p>\n\n\n\n<h2 class=\"wp-block-heading\"><strong>Dlaczego firmy w Panamie potrzebuj\u0105 bada\u0144 biurkowych?<\/strong><\/h2>\n\n\n\n<p>Przedsi\u0119biorstwa potrzebuj\u0105 bada\u0144 biurkowych w Panamie, aby w pe\u0142ni zrozumie\u0107 czynniki kszta\u0142tuj\u0105ce zachowania konsument\u00f3w i wp\u0142ywaj\u0105ce na \u015brodowisko biznesowe. Pomagaj\u0105 one przedsi\u0119biorstwom dok\u0142adnie ocenia\u0107 popyt rynkowy, identyfikowa\u0107 grupy docelowe i dostosowywa\u0107 swoj\u0105 ofert\u0119 do lokalnych potrzeb. Maj\u0105c populacj\u0119 pod wp\u0142ywem r\u00f3\u017cnorodnych \u015brodowisk kulturowych, marki musz\u0105 opracowywa\u0107 kampanie marketingowe, kt\u00f3re b\u0119d\u0105 rezonowa\u0107 z wielokulturow\u0105 baz\u0105 konsument\u00f3w Panamy. Poprzez zrozumienie tych niuans\u00f3w firmy mog\u0105 budowa\u0107 silniejsze relacje z klientami.<\/p>\n\n\n\n<p>Ponadto badania desk research dostarczaj\u0105 wgl\u0105du w ramy regulacyjne Panamy, wyzwania logistyczne i \u015brodowisko konkurencyjne. Zrozumienie tych element\u00f3w pomaga firmom pokonywa\u0107 potencjalne przeszkody i pozycjonowa\u0107 si\u0119 na sukces. Firmy, kt\u00f3re inwestuj\u0105 w badania rynku w Panamie, s\u0105 lepiej przygotowane do identyfikowania szans, zarz\u0105dzania ryzykiem i osi\u0105gania cel\u00f3w biznesowych.<\/p>\n\n\n\n<h2 class=\"wp-block-heading\"><strong>Nasz aktualny przegl\u0105d rynku i rekomendacje<\/strong><\/h2>\n\n\n\n<figure class=\"gb-block-image gb-block-image-62547595\"><img loading=\"lazy\" decoding=\"async\" width=\"1456\" height=\"816\" class=\"gb-image gb-image-62547595\" src=\"https:\/\/www.sisinternational.com\/wp-content\/uploads\/2025\/09\/Panama-1.jpg\" alt=\"SIS Mi\u0119dzynarodowe badania rynku i strategia\" title=\"Panama (1)\" srcset=\"https:\/\/www.sisinternational.com\/wp-content\/uploads\/2025\/09\/Panama-1.jpg 1456w, https:\/\/www.sisinternational.com\/wp-content\/uploads\/2025\/09\/Panama-1-300x168.jpg 300w, https:\/\/www.sisinternational.com\/wp-content\/uploads\/2025\/09\/Panama-1-1024x574.jpg 1024w, https:\/\/www.sisinternational.com\/wp-content\/uploads\/2025\/09\/Panama-1-768x430.jpg 768w, https:\/\/www.sisinternational.com\/wp-content\/uploads\/2025\/09\/Panama-1-18x10.jpg 18w\" sizes=\"auto, (max-width: 1456px) 100vw, 1456px\"><\/figure>\n\n\n\n<p><\/p>\n\n\n\n<p>Nasz aktualny przegl\u0105d rynku wskazuje na wzrost zainteresowania konsument\u00f3w zr\u00f3wnowa\u017conym rozwojem, wygod\u0105 i rozwi\u0105zaniami cyfrowymi. Zalecamy firmom dostosowanie swojej oferty w celu podkre\u015blenia praktyk odpowiedzialnych za \u015brodowisko, lokalnego znaczenia i zaanga\u017cowania opartego na technologii. Kluczowe sektory, takie jak logistyka, finanse i turystyka, wykazuj\u0105 du\u017cy potencja\u0142 wzrostu, a badania desk research w Panamie s\u0105 kluczowe dla identyfikacji mo\u017cliwo\u015bci w tych bran\u017cach.<\/p>\n\n\n\n<p>We also emphasize the importance of understanding Panama&#8217;s regulatory environment. Navigating the local regulations can be complex, and compliance is key to avoiding setbacks. A proactive approach to regulatory <a href=\"https:\/\/www.sisinternational.com\/pl\/ekspertyza\/branze\/telemetry-market-research\/\" title=\"Badania rynku telemetrii\"  data-wpil-monitor-id=\"5696\">research and market<\/a> analysis will enable businesses to establish a strong presence in Panama.<\/p>\n\n\n\n<h2 class=\"wp-block-heading\"><strong>G\u0142\u00f3wne atrakcje turystyczne w Panamie<\/strong><\/h2>\n\n\n\n<p>Badania desk research w Panamie wskazuj\u0105 na kilka atrakcji turystycznych, kt\u00f3re przyci\u0105gaj\u0105 miliony turyst\u00f3w rocznie. Oto pi\u0119\u0107 najwa\u017cniejszych atrakcji:<\/p>\n\n\n\n<ul class=\"wp-block-list\">\n<li><strong>Kana\u0142 Panamski<\/strong>:Kana\u0142 Panamski jest jednym z najs\u0142ynniejszych cud\u00f3w in\u017cynierii na \u015bwiecie i pozostaje g\u0142\u00f3wn\u0105 atrakcj\u0105 turystyczn\u0105. Odwiedzaj\u0105cy mog\u0105 dowiedzie\u0107 si\u0119 o jego historii i znaczeniu dla \u015bwiatowego handlu.<\/li>\n\n\n\n<li><strong>Stary Casco<\/strong>:Historyczna dzielnica Casco Viejo w Panama City jest znana z kolonialnej architektury, t\u0119tni\u0105cych \u017cyciem ulic i zabytk\u00f3w kultury. Jest to popularny cel podr\u00f3\u017cy dla turyst\u00f3w odkrywaj\u0105cych bogat\u0105 histori\u0119 Panamy.<\/li>\n\n\n\n<li><strong>Wyspy San Blas<\/strong>: Wyspy San Blas to zbi\u00f3r ponad 300 wysp oferuj\u0105cych krystalicznie czyste wody i dziewicze pla\u017ce. Ten archipelag jest znany ze swojego naturalnego pi\u0119kna i znaczenia kulturowego, jest domem dla ludu Guna Yala.<\/li>\n\n\n\n<li><strong>Bocas del Toro<\/strong>:Bocas del Toro to popularny cel podr\u00f3\u017cy dla ekoturyst\u00f3w i mi\u0142o\u015bnik\u00f3w pla\u017cy. Archipelag oferuje mo\u017cliwo\u015bci nurkowania z rurk\u0105, nurkowania i poznawania bogatej bior\u00f3\u017cnorodno\u015bci regionu.<\/li>\n\n\n\n<li><strong>Park Narodowy Soberania<\/strong>:Po\u0142o\u017cony w pobli\u017cu Kana\u0142u Panamskiego Park Narodowy Soberan\u00eda jest domem dla r\u00f3\u017cnorodnej gamy dzikich zwierz\u0105t i oferuje odwiedzaj\u0105cym wci\u0105gaj\u0105ce do\u015bwiadczenie natury. Jest to g\u0142\u00f3wna atrakcja dla turyst\u00f3w eksploruj\u0105cych naturalne \u015brodowisko Panamy.<\/li>\n<\/ul>\n\n\n\n<h2 class=\"wp-block-heading\">Kluczowe bran\u017ce<\/h2>\n\n\n\n<p>Panama ma wysoki PKB w por\u00f3wnaniu z innymi krajami Ameryki \u0141aci\u0144skiej, chocia\u017c wykaza\u0142a gwa\u0142towny spadek z powodu wp\u0142ywu pandemii i spadku \u015bwiatowego handlu. Logistyka, transport i us\u0142ugi bankowe odpowiadaj\u0105 za trzy czwarte PKB, a sektory te spowolni\u0142y wraz z rozprzestrzenianiem si\u0119 pandemii.<\/p>\n\n\n\n<ul class=\"wp-block-list\">\n<li><strong>Logistyka i handel<\/strong>:Sektor logistyczny Panamy jest nap\u0119dzany przez Kana\u0142 Panamski, kluczowy globalny szlak tranzytowy. Firmy zajmuj\u0105ce si\u0119 transportem, magazynowaniem i dystrybucj\u0105 korzystaj\u0105 ze strategicznego po\u0142o\u017cenia Panamy.<\/li>\n\n\n\n<li><strong>Finanse<\/strong>:Sektor finansowy Panamy jest solidny, z dobrze rozwini\u0119tym systemem bankowym. Instytucje finansowe, takie jak Banco General i BAC Credomatic, odgrywaj\u0105 kluczow\u0105 rol\u0119 we wspieraniu dzia\u0142alno\u015bci gospodarczej w ca\u0142ym kraju.<\/li>\n\n\n\n<li><strong>Turystyka<\/strong>:Turystyka jest wa\u017cnym czynnikiem w gospodarce Panamy, a atrakcje takie jak Kana\u0142 Panamski, Casco Viejo i wyspy San Blas przyci\u0105gaj\u0105 mi\u0119dzynarodowych go\u015bci. Sektor ten korzysta r\u00f3wnie\u017c z ekoturystyki i turystyki przygodowej.<\/li>\n\n\n\n<li><strong>Rolnictwo<\/strong>:Rolnictwo, szczeg\u00f3lnie produkcja banan\u00f3w, kawy i cukru, jest wa\u017cn\u0105 cz\u0119\u015bci\u0105 gospodarki Panamy. Firmy takie jak Chiquita maj\u0105 siln\u0105 obecno\u015b\u0107, przyczyniaj\u0105c si\u0119 do rynku krajowego i eksportu.<\/li>\n\n\n\n<li><strong>Technologia<\/strong>: Przemys\u0142 technologiczny Panamy ro\u015bnie, koncentruj\u0105c si\u0119 na fintech i us\u0142ugach cyfrowych. Inicjatywy rz\u0105dowe promuj\u0105ce transformacj\u0119 cyfrow\u0105 nap\u0119dzaj\u0105 wzrost w sektorze technologicznym, oferuj\u0105c mo\u017cliwo\u015bci innowacji.<\/li>\n<\/ul>\n\n\n\n<h2 class=\"wp-block-heading\">Trendy<\/h2>\n\n\n\n<p><\/p>\n\n\n\n<p>Panama zosta\u0142a zbadana, gdy Financial Action Task Force (FATF) doda\u0142a j\u0105 do swojej \u201eszarej listy\u201d. Oznacza to, \u017ce FATF jest pob\u0142a\u017cliwa w walce z praniem pieni\u0119dzy. Cho\u0107 znalezienie si\u0119 na szarej li\u015bcie nie powoduje sankcji, mo\u017ce zaszkodzi\u0107 scenie biznesowej Panamy.<\/p>\n\n\n\n<p>MFW prognozuje wzrost dla Panamy po spadku PKB spowodowanym pandemi\u0105. Oczekuje si\u0119, \u017ce produkcja miedzi i inwestycje prywatne b\u0119d\u0105 nap\u0119dza\u0107 ten wzrost.<\/p>\n\n\n\n<p>Mimo to globalne perspektywy pozostaj\u0105 niepewne. Nowe szczepy COVID-19 mog\u0105 r\u00f3wnie\u017c wp\u0142yn\u0105\u0107 na wysi\u0142ki na rzecz odbudowy.<\/p>\n\n\n\n<h2 class=\"wp-block-heading\"><strong>Czynniki nap\u0119dzaj\u0105ce rynek w Panamie<\/strong><\/h2>\n\n\n\n<p>Kluczowymi czynnikami nap\u0119dzaj\u0105cymi rynek w Panamie s\u0105:<\/p>\n\n\n\n<ol start=\"1\" class=\"wp-block-list\">\n<li><strong>Strategiczne po\u0142o\u017cenie<\/strong>:Po\u0142o\u017cenie Panamy jako bramy mi\u0119dzy Ameryk\u0105 P\u00f3\u0142nocn\u0105 i Po\u0142udniow\u0105 oraz Kana\u0142em Panamskim czyni j\u0105 strategicznym w\u0119z\u0142em \u015bwiatowego handlu.<\/li>\n\n\n\n<li><strong>Logistyka i rozw\u00f3j handlu<\/strong>:Sektor logistyczny, wspierany przez Kana\u0142 Panamski, nap\u0119dza znacz\u0105c\u0105 dzia\u0142alno\u015b\u0107 gospodarcz\u0105 i stwarza mo\u017cliwo\u015bci dla powi\u0105zanych z nim bran\u017c.<\/li>\n\n\n\n<li><strong>Ekspansja Turystyczna<\/strong>:Turystyka rozwija si\u0119, nap\u0119dzana przez atrakcje kulturalne i przyrodnicze Panamy, co przyczynia si\u0119 do rozwoju sektor\u00f3w hotelarskiego i us\u0142ugowego.<\/li>\n\n\n\n<li><strong>Inicjatywy rz\u0105dowe<\/strong>:Inicjatywy rz\u0105du maj\u0105ce na celu przyci\u0105gni\u0119cie zagranicznych inwestycji i rozw\u00f3j infrastruktury sprzyjaj\u0105 wzrostowi gospodarczemu.<\/li>\n\n\n\n<li><strong>Rosn\u0105ca klasa \u015brednia<\/strong>:Rozszerzaj\u0105ca si\u0119 klasa \u015brednia zwi\u0119ksza popyt na dobra konsumpcyjne, us\u0142ugi i produkty finansowe, co stwarza mo\u017cliwo\u015bci wzrostu.<\/li>\n\n\n\n<li><strong>Transformacja cyfrowa<\/strong>:Badania przeprowadzone w Panamie wskazuj\u0105 na wzrost popularno\u015bci rozwi\u0105za\u0144 cyfrowych, b\u0119d\u0105cy efektem m\u0142odej populacji i wsparcia rz\u0105dowego dla technologii.<\/li>\n\n\n\n<li><strong>Stabilno\u015b\u0107 finansowa<\/strong>:Stabilny sektor finansowy Panamy stanowi solidn\u0105 podstaw\u0119 dla rozwoju gospodarczego i mo\u017cliwo\u015bci inwestycyjnych.<\/li>\n<\/ol>\n\n\n\n<h2 class=\"wp-block-heading\"><strong>Ograniczenia rynkowe w Panamie<\/strong><\/h2>\n\n\n\n<p>Pomimo swoich mo\u017cliwo\u015bci, badania desk research w Panamie identyfikuj\u0105 kilka wyzwa\u0144, kt\u00f3rym musz\u0105 sprosta\u0107 firmy. Nale\u017c\u0105 do nich:<\/p>\n\n\n\n<ol start=\"1\" class=\"wp-block-list\">\n<li><strong>Z\u0142o\u017cono\u015b\u0107 regulacyjna<\/strong>:\u015arodowisko regulacyjne Panamy mo\u017ce by\u0107 trudne, zw\u0142aszcza dla zagranicznych firm, kt\u00f3re nie znaj\u0105 lokalnych przepis\u00f3w.<\/li>\n\n\n\n<li><strong>Nier\u00f3wno\u015bci dochodowe<\/strong>:R\u00f3\u017cnice ekonomiczne mog\u0105 mie\u0107 wp\u0142yw na si\u0142\u0119 nabywcz\u0105 konsument\u00f3w i segmentacj\u0119 rynku.<\/li>\n\n\n\n<li><strong>Wyzwania logistyczne<\/strong>:Mimo silnego sektora logistycznego, ograniczenia infrastrukturalne w niekt\u00f3rych regionach mog\u0105 stanowi\u0107 wyzwanie dla dystrybucji i \u0142a\u0144cuch\u00f3w dostaw.<\/li>\n\n\n\n<li><strong>Du\u017ca konkurencja<\/strong>Rynek w Panamie jest konkurencyjny, a lokalne i mi\u0119dzynarodowe marki rywalizuj\u0105 o uwag\u0119 konsument\u00f3w.<\/li>\n\n\n\n<li><strong>Dost\u0119p do finansowania<\/strong>:Dost\u0119p do finansowania mo\u017ce stanowi\u0107 barier\u0119 dla ma\u0142ych i \u015brednich przedsi\u0119biorstw, ograniczaj\u0105c ich potencja\u0142 wzrostu.<\/li>\n\n\n\n<li><strong>Op\u00f3\u017anienia biurokratyczne<\/strong>:Nieefektywne dzia\u0142ania biurokratyczne mog\u0105 prowadzi\u0107 do op\u00f3\u017anie\u0144 w procesach biznesowych, co ma wp\u0142yw na szybko\u015b\u0107 wej\u015bcia na rynek.<\/li>\n\n\n\n<li><strong>Obawy dotycz\u0105ce \u015brodowiska<\/strong>:Zr\u00f3wnowa\u017cony rozw\u00f3j \u015brodowiska naturalnego staje si\u0119 coraz wa\u017cniejszy, a przedsi\u0119biorstwa musz\u0105 dostosowa\u0107 si\u0119 do przepis\u00f3w i oczekiwa\u0144 konsument\u00f3w dotycz\u0105cych praktyk przyjaznych dla \u015brodowiska.<\/li>\n<\/ol>\n\n\n\n<h2 class=\"wp-block-heading\">Korzy\u015bci i mocne strony na rynku<\/h2>\n\n\n\n<figure class=\"gb-block-image gb-block-image-1409c1a3\"><img loading=\"lazy\" decoding=\"async\" width=\"1456\" height=\"816\" class=\"gb-image gb-image-1409c1a3\" src=\"https:\/\/www.sisinternational.com\/wp-content\/uploads\/2025\/09\/Panama-2.jpg\" alt=\"SIS Mi\u0119dzynarodowe badania rynku i strategia\" title=\"Panama (2)\" srcset=\"https:\/\/www.sisinternational.com\/wp-content\/uploads\/2025\/09\/Panama-2.jpg 1456w, https:\/\/www.sisinternational.com\/wp-content\/uploads\/2025\/09\/Panama-2-300x168.jpg 300w, https:\/\/www.sisinternational.com\/wp-content\/uploads\/2025\/09\/Panama-2-1024x574.jpg 1024w, https:\/\/www.sisinternational.com\/wp-content\/uploads\/2025\/09\/Panama-2-768x430.jpg 768w, https:\/\/www.sisinternational.com\/wp-content\/uploads\/2025\/09\/Panama-2-18x10.jpg 18w\" sizes=\"auto, (max-width: 1456px) 100vw, 1456px\"><\/figure>\n\n\n\n<p><\/p>\n\n\n\n<p>Panama ma kilka mocnych stron:<\/p>\n\n\n\n<ul class=\"wp-block-list\">\n<li>Strefa Wolnego Handlu Colon i Kana\u0142 Panamski przyczyni\u0142y si\u0119 do uczynienia z niego centrum handlowego<\/li>\n\n\n\n<li>Jest to r\u00f3wnie\u017c globalne centrum bankowe i centrum finansowe regionu<\/li>\n\n\n\n<li>Wykorzystanie dolar\u00f3w ameryka\u0144skich jako waluty lokalnej<\/li>\n\n\n\n<li>Du\u017cy potencja\u0142 turystyczny<\/li>\n\n\n\n<li>Populacja m\u0142odych ludzi<\/li>\n\n\n\n<li>Stabilny system polityczny<\/li>\n<\/ul>\n\n\n\n<h2 class=\"wp-block-heading\">Baza konsument\u00f3w<\/h2>\n\n\n\n<p>Pomimo wysokiego PKB per capita Panamy, ub\u00f3stwo jest powszechne. Konsumenci dziel\u0105 si\u0119 na dwa segmenty:<\/p>\n\n\n\n<ul class=\"wp-block-list\">\n<li>Grupa o wysokich dochodach. Ta grupa preferuje znane marki i zwraca wi\u0119ksz\u0105 uwag\u0119 na jako\u015b\u0107 ni\u017c cen\u0119. Trendy ameryka\u0144skie i europejskie wp\u0142ywaj\u0105 na cz\u0142onk\u00f3w tej grupy i lubi\u0105 robi\u0107 zakupy w centrach handlowych.<\/li>\n\n\n\n<li>Grupa o ni\u017cszych \u015brednich dochodach. Dla tej grupy cena jest kluczowym czynnikiem przy podejmowaniu decyzji o zakupie. Cz\u0142onkowie cz\u0119sto szukaj\u0105 zni\u017cek i maj\u0105 tendencj\u0119 do robienia zakup\u00f3w w domach towarowych i outletach.<\/li>\n<\/ul>\n\n\n\n<h2 class=\"wp-block-heading\">Powody, dla kt\u00f3rych warto rozwija\u0107 sw\u00f3j biznes w Panamie<\/h2>\n\n\n\n<p>Rz\u0105d Panamy og\u0142osi\u0142 sw\u00f3j program \u201eVision 2030 Panama\u201d. Plan ten ma na celu zbudowanie inteligentnego miasta i zach\u0119cenie zagranicznych inwestycji bezpo\u015brednich. Panama ma r\u00f3wnie\u017c niskie bariery wej\u015bcia, wi\u0119c \u0142atwo jest tam za\u0142o\u017cy\u0107 firm\u0119. Innym powodem rozwijania biznesu w Panamie jest brak podatku dochodowego od zysk\u00f3w zagranicznych.<\/p>\n\n\n\n<p>Panama ma kwitn\u0105c\u0105 scen\u0119 startup\u00f3w, a inwestorzy mog\u0105 rozwa\u017cy\u0107 kilka bran\u017c. Jej sektor turystyczny ro\u015bnie, a tak\u017ce ma wiele projekt\u00f3w nieruchomo\u015bci. Ponadto eksport produkt\u00f3w rolnych ro\u015bnie. Inwestorzy mog\u0105 r\u00f3wnie\u017c chcie\u0107 rozwa\u017cy\u0107 sektor bankowo\u015bci i finans\u00f3w. Ponadto Kana\u0142 Panamski w wyj\u0105tkowy spos\u00f3b umiejscawia kraj jako globalne centrum handlowe.<\/p>\n\n\n\n<h2 class=\"wp-block-heading\"><strong>W jaki spos\u00f3b badania biurowe SIS International w Panamie pomagaj\u0105 firmom<\/strong><\/h2>\n\n\n\n<p>Biuro SIS International <a href=\"https:\/\/www.linkedin.com\/pulse\/how-market-research-enables-growth-ruth-stanat-phekf\/\" target=\"_blank\" rel=\"noopener\"><span style=\"font-weight: 400;\">badania<\/span><\/a> w Panamie obejmuje kluczowe sektory, preferencje konsument\u00f3w i trendy rynkowe, pomagaj\u0105c firmom opracowywa\u0107 strategie, kt\u00f3re rezonuj\u0105 z lokalnym rynkiem. Nasze badania dostarczaj\u0105 klientom praktycznych danych i strategicznych spostrze\u017ce\u0144, aby podejmowa\u0107 \u015bwiadome decyzje biznesowe.<\/p>\n\n\n\n<ul class=\"wp-block-list\">\n<li><strong>Podejmowanie \u015bwiadomych decyzji<\/strong>:Nasz zesp\u00f3\u0142 umo\u017cliwia firmom podejmowanie decyzji opartych na danych, kt\u00f3re ograniczaj\u0105 ryzyko i maksymalizuj\u0105 sukces na rynku panamskim.<\/li>\n\n\n\n<li><strong>Przewaga konkurencyjna<\/strong>Pomagamy firmom identyfikowa\u0107 pojawiaj\u0105ce si\u0119 trendy i mo\u017cliwo\u015bci, zapewniaj\u0105c im przewag\u0119 nad konkurencj\u0105 i strategiczne pozycjonowanie w Panamie.<\/li>\n\n\n\n<li><strong>Lokalny rozw\u00f3j strategii<\/strong>: <a href=\"https:\/\/www.linkedin.com\/company\/sisinternationalresearch\/\" target=\"_blank\" rel=\"noopener\"><span style=\"font-weight: 400;\">SIS Mi\u0119dzynarodowy<\/span><\/a> pomaga firmom w opracowywaniu strategii dostosowanych do wyj\u0105tkowego krajobrazu kulturowego i gospodarczego Panamy, dostosowuj\u0105c produkty i dzia\u0142ania marketingowe do lokalnych preferencji.<\/li>\n\n\n\n<li><strong>Wskaz\u00f3wki regulacyjne<\/strong>Nasi eksperci pomagaj\u0105 firmom porusza\u0107 si\u0119 w otoczeniu regulacyjnym Panamy, zapewniaj\u0105c informacje na temat zgodno\u015bci z przepisami krajowymi i lokalnymi wymogami.<\/li>\n\n\n\n<li><strong>Skuteczne wej\u015bcie na rynek<\/strong>:Wspieramy firmy w tworzeniu skutecznych strategii wej\u015bcia na rynek, w tym w identyfikowaniu kluczowych punkt\u00f3w wej\u015bcia i zrozumieniu sieci dystrybucji w Panamie.<\/li>\n\n\n\n<li><strong>Identyfikacja Partnerstwa<\/strong>:Nasze badania pomagaj\u0105 przedsi\u0119biorstwom identyfikowa\u0107 lokalnych partner\u00f3w, dostawc\u00f3w i dystrybutor\u00f3w, wzmacniaj\u0105c ich obecno\u015b\u0107 na rynku w Panamie.<\/li>\n\n\n\n<li><strong>Niestandardowe rozwi\u0105zania badawcze<\/strong>:SIS International oferuje rozwi\u0105zania badawcze dostosowane do indywidualnych potrzeb ka\u017cdej firmy i dostosowane do wymaga\u0144 lokalnego rynku.<\/li>\n\n\n\n<li><strong>\u0141agodzenie ryzyka<\/strong>Pomagamy firmom identyfikowa\u0107 potencjalne ryzyka, w tym wyzwania regulacyjne i logistyczne, oraz opracowywa\u0107 strategie maj\u0105ce na celu zminimalizowanie ich wp\u0142ywu na dzia\u0142alno\u015b\u0107 w Panamie.<\/li>\n\n\n\n<li><strong>Zr\u00f3wnowa\u017cony wzrost<\/strong>: <a href=\"https:\/\/medium.com\/@sisinternational\/sis-international-c17160da8fac\" target=\"_blank\" rel=\"noopener\"><span style=\"font-weight: 400;\">SIS<\/span><\/a> dostarcza spostrze\u017ce\u0144 i strategii skoncentrowanych na d\u0142ugoterminowym wzro\u015bcie i zr\u00f3wnowa\u017conym rozwoju, pomagaj\u0105c firmom dostosowa\u0107 si\u0119 do lokalnych inicjatyw, takich jak transformacja cyfrowa i zaanga\u017cowanie spo\u0142eczno\u015bci.<\/li>\n<\/ul>\n\n\n\n<h2 class=\"wp-block-heading\">O badaniach biurkowych w Panamie<\/h2>\n\n\n\n<p><a href=\"https:\/\/www.sisinternational.com\/pl\/\"><span style=\"font-weight: 400;\">SIS Mi\u0119dzynarodowy<\/span><\/a><span style=\"font-weight: 400;\"> oferuje badania ilo\u015bciowe, jako\u015bciowe i strategiczne. Dostarczamy dane, narz\u0119dzia, strategie, raporty i spostrze\u017cenia do podejmowania decyzji. Prowadzimy r\u00f3wnie\u017c wywiady, ankiety, grupy fokusowe i inne metody i podej\u015bcia Desk Research.<\/span><a href=\"https:\/\/www.sisinternational.com\/pl\/o-moich-miedzynarodowych-badaniach\/contact-sis-international-market-research\/\"><span style=\"font-weight: 400;\"> Skontaktuj si\u0119 z nami<\/span><\/a><span style=\"font-weight: 400;\"> dla Twojego kolejnego projektu Desk Research.<\/span><\/p>\n\n\n\n<h2 class=\"wp-block-heading\">&nbsp;<\/h2>","protected":false},"excerpt":{"rendered":"<p>Dowiedz si\u0119, jak rozwin\u0105\u0107 swoj\u0105 organizacj\u0119 dzi\u0119ki badaniom rynku w Panamie.<\/p>","protected":false},"author":1,"featured_media":66332,"parent":14351,"menu_order":13,"comment_status":"closed","ping_status":"closed","template":"","meta":{"footnotes":""},"class_list":["post-38468","page","type-page","status-publish","has-post-thumbnail"],"_links":{"self":[{"href":"https:\/\/www.sisinternational.com\/pl\/wp-json\/wp\/v2\/pages\/38468","targetHints":{"allow":["GET"]}}],"collection":[{"href":"https:\/\/www.sisinternational.com\/pl\/wp-json\/wp\/v2\/pages"}],"about":[{"href":"https:\/\/www.sisinternational.com\/pl\/wp-json\/wp\/v2\/types\/page"}],"author":[{"embeddable":true,"href":"https:\/\/www.sisinternational.com\/pl\/wp-json\/wp\/v2\/users\/1"}],"replies":[{"embeddable":true,"href":"https:\/\/www.sisinternational.com\/pl\/wp-json\/wp\/v2\/comments?post=38468"}],"version-history":[{"count":10,"href":"https:\/\/www.sisinternational.com\/pl\/wp-json\/wp\/v2\/pages\/38468\/revisions"}],"predecessor-version":[{"id":79397,"href":"https:\/\/www.sisinternational.com\/pl\/wp-json\/wp\/v2\/pages\/38468\/revisions\/79397"}],"up":[{"embeddable":true,"href":"https:\/\/www.sisinternational.com\/pl\/wp-json\/wp\/v2\/pages\/14351"}],"wp:featuredmedia":[{"embeddable":true,"href":"https:\/\/www.sisinternational.com\/pl\/wp-json\/wp\/v2\/media\/66332"}],"wp:attachment":[{"href":"https:\/\/www.sisinternational.com\/pl\/wp-json\/wp\/v2\/media?parent=38468"}],"curies":[{"name":"wp","href":"https:\/\/api.w.org\/{rel}","templated":true}]}}