{"id":38466,"date":"2021-08-19T16:53:13","date_gmt":"2021-08-19T16:53:13","guid":{"rendered":"https:\/\/www.sisinternational.com\/?page_id=38466"},"modified":"2025-09-15T01:39:47","modified_gmt":"2025-09-15T05:39:47","slug":"badania-rynku-nikaragua","status":"publish","type":"page","link":"https:\/\/www.sisinternational.com\/pl\/zasieg\/latin-america\/badania-rynku-ameryki-lacinskiej\/badania-rynku-nikaragua\/","title":{"rendered":"Badania rynku w Nikaragui"},"content":{"rendered":"<h1 class=\"wp-block-heading\">Badania rynku w Nikaragui<\/h1>\n\n\n\n<figure class=\"gb-block-image gb-block-image-933f39c5\"><img loading=\"lazy\" decoding=\"async\" width=\"1456\" height=\"816\" class=\"gb-image gb-image-933f39c5\" src=\"https:\/\/www.sisinternational.com\/wp-content\/uploads\/2025\/09\/Nicaragua-1.jpg\" alt=\"SIS Mi\u0119dzynarodowe badania rynku i strategia\" title=\"Nicaragua (1)\" srcset=\"https:\/\/www.sisinternational.com\/wp-content\/uploads\/2025\/09\/Nicaragua-1.jpg 1456w, https:\/\/www.sisinternational.com\/wp-content\/uploads\/2025\/09\/Nicaragua-1-300x168.jpg 300w, https:\/\/www.sisinternational.com\/wp-content\/uploads\/2025\/09\/Nicaragua-1-1024x574.jpg 1024w, https:\/\/www.sisinternational.com\/wp-content\/uploads\/2025\/09\/Nicaragua-1-768x430.jpg 768w, https:\/\/www.sisinternational.com\/wp-content\/uploads\/2025\/09\/Nicaragua-1-18x10.jpg 18w\" sizes=\"auto, (max-width: 1456px) 100vw, 1456px\"><\/figure>\n\n\n\n<p><\/p>\n\n\n\n<h2 class=\"wp-block-heading\">Nikaragua jest jednym z najwi\u0119kszych kraj\u00f3w Ameryki \u0141aci\u0144skiej.<\/h2>\n\n\n\n<p>Graniczy z Hondurasem na p\u00f3\u0142nocy i Kostaryk\u0105 na po\u0142udniu. Ponadto ma dwie bardzo d\u0142ugie linie brzegowe.<\/p>\n\n\n\n<p>Klimat na wschodzie jest ch\u0142odny i znacznie wilgotniejszy ni\u017c na zachodzie.<\/p>\n\n\n\n<p>Oficjalnym j\u0119zykiem jest hiszpa\u0144ski. Wielu artyst\u00f3w i pisarzy nazywa ten kraj domem.<\/p>\n\n\n\n<p>Prawie po\u0142owa ludzi to katolicy. Kolejna jedna trzecia to protestanci. Nast\u0119pnie jest ma\u0142a grupa \u017byd\u00f3w i muzu\u0142man\u00f3w.<\/p>\n\n\n\n<p>Najwa\u017cniejszym \u015bwi\u0119tem religijnym jest La Pur\u00edsima, tygodniowe wydarzenie na pocz\u0105tku grudnia. Obchodzi Niepokalane Pocz\u0119cie. W tym czasie w domach i miejscach pracy cz\u0119sto wystawiane s\u0105 ozdobne o\u0142tarze po\u015bwi\u0119cone Matce Boskiej.<\/p>\n\n\n\n<h2 class=\"wp-block-heading\">Kluczowe bran\u017ce<\/h2>\n\n\n\n<p>Farming and <a href=\"https:\/\/www.sisinternational.com\/pl\/rozwiazania\/badania-rynku-i-doradztwo-strategiczne-w-zakresie-sztucznej-inteligencji\/ai-adoption-travel-hospitality-tourism-industry-consulting\/\" title=\"Wdra\u017canie AI w bran\u017cy podr\u00f3\u017cy, hotelarstwa i turystyki Konsultacje\"  data-wpil-monitor-id=\"7799\">tourism are two powerful industries<\/a> in this country. In fact, farmers produce bananas, rice, sugar cane, beans, beef, poultry, coffee, cotton, and timber.<\/p>\n\n\n\n<p>Then there\u2019s the service sector, which employs around half of the labor force.&nbsp;This sector includes many services, for example<\/p>\n\n\n\n<ul class=\"wp-block-list\">\n<li>transport, handel, us\u0142ugi bankowe<\/li>\n\n\n\n<li>sztuka, zdrowie i edukacja<\/li>\n\n\n\n<li><a href=\"https:\/\/www.sisinternational.com\/pl\/rozwiazania\/podroze-turystyka-hotelarstwo-doradztwo\/hotel-restaurant-marketing-consulting\/\" title=\"Doradztwo Marketingowe Hotelu Restauracji\"  data-wpil-monitor-id=\"7801\">restauracje i hotele<\/a><\/li>\n<\/ul>\n\n\n\n<p>Turystyka nap\u0119dza ten sektor i wiele innych. W rzeczywisto\u015bci turystyka jest krytyczna. Ponadto Los Angeles Times chwali kraj jako \u201eraj tropikalny\u201d. Ma wiele atrakcji turystycznych, w tym:<\/p>\n\n\n\n<ul class=\"wp-block-list\">\n<li>pla\u017ce,<\/li>\n\n\n\n<li>trasy widokowe,<\/li>\n\n\n\n<li>Pi\u0119kne miasta takie jak Le\u00f3n i Granada<\/li>\n<\/ul>\n\n\n\n<p>Tury\u015bci mog\u0105 wybra\u0107 si\u0119 na piesz\u0105 w\u0119dr\u00f3wk\u0119, kajakarstwo, zwiedzanie, wspinaczk\u0119, kemping i p\u0142ywanie. Kultura, natura i przygoda to kluczowe punkty sprzeda\u017cy. Wulkan Masaya to kolejne popularne miejsce turystyczne.<\/p>\n\n\n\n<p>Ekoturystyka to kolejny argument sprzeda\u017cy, a to kraj o r\u00f3\u017cnorodnej florze i faunie. Na przyk\u0142ad tury\u015bci mog\u0105 odwiedzi\u0107:<\/p>\n\n\n\n<ul class=\"wp-block-list\">\n<li>Rezerwat Przyrody Charco Verde,<\/li>\n\n\n\n<li>Bosawas, jeden z najwi\u0119kszych las\u00f3w deszczowych Ameryki \u0141aci\u0144skiej<\/li>\n\n\n\n<li>Jezioro Nikaragua<\/li>\n<\/ul>\n\n\n\n<p>Kraj ten szczyci si\u0119 78 obszarami chronionymi. Obejmuj\u0105 one jedn\u0105 pi\u0105t\u0105 kraju.<\/p>\n\n\n\n<p>Farmers profit from <a href=\"https:\/\/www.sisinternational.com\/pl\/rozwiazania\/podroze-turystyka-hotelarstwo-doradztwo\/\" title=\"Doradztwo w zakresie podr\u00f3\u017cy, turystyki i go\u015bcinno\u015bci\"  data-wpil-monitor-id=\"7794\">tourism by letting travelers<\/a> visit their coffee farms. There, they can learn about making coffee, stay overnight, and explore with a guide.<\/p>\n\n\n\n<p>Inne godne uwagi bran\u017ce to:<\/p>\n\n\n\n<ul class=\"wp-block-list\">\n<li>Tekstylia \u2013 tkaniny dzianinowe i tkane, obuwie.<\/li>\n\n\n\n<li>Cement, chemikalia, rafinacja ropy naftowej, maszyny i produkty metalowe<\/li>\n\n\n\n<li>Napoje, przetw\u00f3rstwo spo\u017cywcze<\/li>\n\n\n\n<li>G\u00f3rnictwo \u2013 mied\u017a, srebro i z\u0142oto<\/li>\n<\/ul>\n\n\n\n<h2 class=\"wp-block-heading\">Osiedla<\/h2>\n\n\n\n<p>Oko\u0142o trzech pi\u0105tych ludno\u015bci mieszka w miastach. Stolic\u0105 jest Managua, kt\u00f3ra jest najwi\u0119kszym miastem kraju. Inne godne uwagi obszary miejskie to Granada, Le\u00f3n, Matagalpa i Bluefields. Wi\u0119kszo\u015b\u0107 miast i ga\u0142\u0119zi przemys\u0142u znajduje si\u0119 na zachodzie, podobnie jak wi\u0119kszo\u015b\u0107 ludno\u015bci.<\/p>\n\n\n\n<p>Mieszka\u0144cy wschodu z kolei zajmuj\u0105 si\u0119 rolnictwem, hodowl\u0105 byd\u0142a i eksploatacj\u0105 zasob\u00f3w drewna.<\/p>\n\n\n\n<h2 class=\"wp-block-heading\">Trendy<\/h2>\n\n\n\n<figure class=\"gb-block-image gb-block-image-99378de4\"><img loading=\"lazy\" decoding=\"async\" width=\"1456\" height=\"816\" class=\"gb-image gb-image-99378de4\" src=\"https:\/\/www.sisinternational.com\/wp-content\/uploads\/2025\/09\/Nicaragua-2.jpg\" alt=\"SIS Mi\u0119dzynarodowe badania rynku i strategia\" title=\"Nicaragua (2)\" srcset=\"https:\/\/www.sisinternational.com\/wp-content\/uploads\/2025\/09\/Nicaragua-2.jpg 1456w, https:\/\/www.sisinternational.com\/wp-content\/uploads\/2025\/09\/Nicaragua-2-300x168.jpg 300w, https:\/\/www.sisinternational.com\/wp-content\/uploads\/2025\/09\/Nicaragua-2-1024x574.jpg 1024w, https:\/\/www.sisinternational.com\/wp-content\/uploads\/2025\/09\/Nicaragua-2-768x430.jpg 768w, https:\/\/www.sisinternational.com\/wp-content\/uploads\/2025\/09\/Nicaragua-2-18x10.jpg 18w\" sizes=\"auto, (max-width: 1456px) 100vw, 1456px\"><\/figure>\n\n\n\n<p><\/p>\n\n\n\n<p>Reakcja kraju na pandemi\u0119 COVID-19 by\u0142a pob\u0142a\u017cliwa. Kraj ten sprzeciwi\u0142 si\u0119 \u015brodkom lockdownu i rygorystycznej polityce testowania stosowanej w innych krajach. W rezultacie jedna z ameryka\u0144skich gazet nazwa\u0142a go \u201erz\u0105dem w zaprzeczeniu\u201d, a Departament Stanu USA przestrzeg\u0142 przed podr\u00f3\u017cami.<\/p>\n\n\n\n<p>Mimo to globalne blokady zaszkodzi\u0142y krajowi. Podobnie jak huragany Eta i Iota. W zwi\u0105zku z tym handel i turystyka si\u0119 skurczy\u0142y.<\/p>\n\n\n\n<p>Eksperci spodziewaj\u0105 si\u0119 rych\u0142ego o\u017cywienia gospodarczego.<\/p>\n\n\n\n<h2 class=\"wp-block-heading\">Korzy\u015bci i mocne strony rynku<\/h2>\n\n\n\n<p>This is a very promising Latam country, even though it\u2019s one of the least developed. For one thing, it has strong ties with the United States. It has also signed free trade agreements with large <a href=\"https:\/\/www.sisinternational.com\/pl\/zasieg\/ameryka\/zasieg-usa\/\" title=\"Badania rynku w Stanach Zjednoczonych\"  data-wpil-monitor-id=\"7791\">markets such as the United States<\/a>, Taiwan, and others.<\/p>\n\n\n\n<p>Po drugie, oferuje dobry klimat biznesowy dla mieszka\u0144c\u00f3w i potencjalnych inwestor\u00f3w.<\/p>\n\n\n\n<p>It is the <a href=\"https:\/\/www.sisinternational.com\/pl\/rozwiazania\/rozwiazania-w-zakresie-brandingu-i-badan-klientow\/badania-rynku-testowanie-produktow\/najlepsza-firma-zajmujaca-sie-testowaniem-lokalizacji-centralnych\/\" title=\"Najlepsza firma testuj\u0105ca w centralnej lokalizacji\"  data-wpil-monitor-id=\"7787\">top location in Central<\/a> America for starting or closing a business and investor protection. It also ranks high for ease of doing business, and it\u2019s easy to register a business and pay taxes.<\/p>\n\n\n\n<h2 class=\"wp-block-heading\">Baza konsument\u00f3w<\/h2>\n\n\n\n<p>W tym kraju mieszka ponad sze\u015b\u0107 milion\u00f3w ludzi. Wielu z nich to Metysi, mieszanka bia\u0142ych i tubylczych. Miastem z najwi\u0119ksz\u0105 liczb\u0105 mieszka\u0144c\u00f3w jest stolica, Managua.<\/p>\n\n\n\n<p>Many of the country\u2019s nationals are living abroad. Thus there is a high foreign remittance rate.&nbsp;Sadly, the global lockdowns caused a marked decrease in money sent home by those living abroad.<\/p>\n\n\n\n<p>Dziewi\u0119\u0107 dziesi\u0105tych ludno\u015bci \u017cyje na zachodnich nizinach Pacyfiku i pobliskich wy\u017cynach. Inni mieszkaj\u0105 w regionach Pacyfiku, Centralnym i P\u00f3\u0142nocnym. Pozosta\u0142\u0105 dziesi\u0105t\u0105 cz\u0119\u015b\u0107 stanowi region Wschodnich Karaib\u00f3w.<\/p>\n\n\n\n<p>Kraj ma m\u0142od\u0105 populacj\u0119, wielu jej cz\u0142onk\u00f3w jest w wieku poni\u017cej 15 lat.<\/p>\n\n\n\n<h2 class=\"wp-block-heading\">Dlaczego warto rozwija\u0107 sw\u00f3j biznes na rynku nikaragua\u0144skim<\/h2>\n\n\n\n<p>Wed\u0142ug Interpolu i wielu innych \u017ar\u00f3de\u0142 jest to kraj Ameryki \u0141aci\u0144skiej z najni\u017cszym wska\u017anikiem przest\u0119pczo\u015bci.<\/p>\n\n\n\n<p>Ponadto oferuje wiele zach\u0119t do zak\u0142adania i zamykania dzia\u0142alno\u015bci gospodarczej, a tak\u017ce ochron\u0119 inwestor\u00f3w. Kraj ten wyr\u00f3\u017cnia si\u0119 pod wzgl\u0119dem zdolno\u015bci do importu i eksportu. Zajmuje r\u00f3wnie\u017c wysokie miejsce w zakresie \u015brodk\u00f3w na uzyskanie nieruchomo\u015bci i p\u0142acenie podatk\u00f3w.<\/p>\n\n\n\n<h2 class=\"wp-block-heading\">O badaniach rynkowych w Nikaragui<\/h2>\n\n\n\n<p><a href=\"https:\/\/www.sisinternational.com\/pl\/rozwiazania\/rozwiazania-w-zakresie-badan-jakosciowych-i-ilosciowych\/rekrutacja-do-badan-jakosciowych\/\" title=\"Rekrutacja do bada\u0144 jako\u015bciowych\"  data-wpil-monitor-id=\"7796\">Qualitative and Quantitative research<\/a> can shed insights for your investment. So can Strategy Research. We also offer Surveys, Interviews, and Focus Groups. Contact us today to find out how we can help your business venture.<\/p>\n\n\n\n<p><\/p>","protected":false},"excerpt":{"rendered":"<p>Dowiedz si\u0119, jak rozwin\u0105\u0107 swoj\u0105 organizacj\u0119 dzi\u0119ki badaniom rynku w Nikaragui.<\/p>","protected":false},"author":1,"featured_media":66327,"parent":14351,"menu_order":12,"comment_status":"closed","ping_status":"closed","template":"","meta":{"footnotes":""},"class_list":["post-38466","page","type-page","status-publish","has-post-thumbnail"],"_links":{"self":[{"href":"https:\/\/www.sisinternational.com\/pl\/wp-json\/wp\/v2\/pages\/38466","targetHints":{"allow":["GET"]}}],"collection":[{"href":"https:\/\/www.sisinternational.com\/pl\/wp-json\/wp\/v2\/pages"}],"about":[{"href":"https:\/\/www.sisinternational.com\/pl\/wp-json\/wp\/v2\/types\/page"}],"author":[{"embeddable":true,"href":"https:\/\/www.sisinternational.com\/pl\/wp-json\/wp\/v2\/users\/1"}],"replies":[{"embeddable":true,"href":"https:\/\/www.sisinternational.com\/pl\/wp-json\/wp\/v2\/comments?post=38466"}],"version-history":[{"count":4,"href":"https:\/\/www.sisinternational.com\/pl\/wp-json\/wp\/v2\/pages\/38466\/revisions"}],"predecessor-version":[{"id":81316,"href":"https:\/\/www.sisinternational.com\/pl\/wp-json\/wp\/v2\/pages\/38466\/revisions\/81316"}],"up":[{"embeddable":true,"href":"https:\/\/www.sisinternational.com\/pl\/wp-json\/wp\/v2\/pages\/14351"}],"wp:featuredmedia":[{"embeddable":true,"href":"https:\/\/www.sisinternational.com\/pl\/wp-json\/wp\/v2\/media\/66327"}],"wp:attachment":[{"href":"https:\/\/www.sisinternational.com\/pl\/wp-json\/wp\/v2\/media?parent=38466"}],"curies":[{"name":"wp","href":"https:\/\/api.w.org\/{rel}","templated":true}]}}