{"id":38458,"date":"2021-08-19T13:14:11","date_gmt":"2021-08-19T13:14:11","guid":{"rendered":"https:\/\/www.sisinternational.com\/?page_id=38458"},"modified":"2025-09-14T18:58:14","modified_gmt":"2025-09-14T22:58:14","slug":"badania-rynku-honduras","status":"publish","type":"page","link":"https:\/\/www.sisinternational.com\/pl\/zasieg\/latin-america\/badania-rynku-ameryki-lacinskiej\/badania-rynku-honduras\/","title":{"rendered":"Badania rynku w Hondurasie"},"content":{"rendered":"<h1 class=\"wp-block-heading\">Badania rynku w Hondurasie<\/h1>\n\n\n\n<figure class=\"gb-block-image gb-block-image-85a8f18c\"><img loading=\"lazy\" decoding=\"async\" width=\"1456\" height=\"816\" class=\"gb-image gb-image-85a8f18c\" src=\"https:\/\/www.sisinternational.com\/wp-content\/uploads\/2025\/09\/Honduras-1.jpg\" alt=\"SIS Mi\u0119dzynarodowe badania rynku i strategia\" title=\"Honduras (1)\" srcset=\"https:\/\/www.sisinternational.com\/wp-content\/uploads\/2025\/09\/Honduras-1.jpg 1456w, https:\/\/www.sisinternational.com\/wp-content\/uploads\/2025\/09\/Honduras-1-300x168.jpg 300w, https:\/\/www.sisinternational.com\/wp-content\/uploads\/2025\/09\/Honduras-1-1024x574.jpg 1024w, https:\/\/www.sisinternational.com\/wp-content\/uploads\/2025\/09\/Honduras-1-768x430.jpg 768w, https:\/\/www.sisinternational.com\/wp-content\/uploads\/2025\/09\/Honduras-1-18x10.jpg 18w\" sizes=\"auto, (max-width: 1456px) 100vw, 1456px\"><\/figure>\n\n\n\n<p><\/p>\n\n\n\n<h2 class=\"wp-block-heading\">Osiedla<\/h2>\n\n\n\n<p>Honduras le\u017cy w Ameryce \u015arodkowej mi\u0119dzy Salwadorem a Gwatemal\u0105. Nikaragua jest dalej na po\u0142udniowy wsch\u00f3d. Zasadniczo kraj ma 18 departament\u00f3w, czyli stan\u00f3w. Stolica, \u201eTegucigalpa\u201d, jest r\u00f3wnie\u017c departamentem.<\/p>\n\n\n\n<p>Stolica Hondurasu jest jednym z g\u0142\u00f3wnych miast w ub\u00f3stwie. Wielu ludzi na obszarach wiejskich r\u00f3wnie\u017c zmaga si\u0119 ze skrajnym ub\u00f3stwem. Mimo to kraj nadal ma promyki nadziei. Eksport jest wy\u017cszy ni\u017c import, poniewa\u017c rolnictwo jest znacz\u0105cym sektorem.<\/p>\n\n\n\n<p>Istniej\u0105 pewne obszary, w kt\u00f3rych odbywa si\u0119 wi\u0119kszo\u015b\u0107 transakcji biznesowych. Innym kluczowym punktem jest to, \u017ce od 2013 r. Honduras rozwin\u0105\u0142 nowy podzia\u0142 strefy ekonomicznej. W rzeczywisto\u015bci, w ramach tego systemu, wi\u0119kszo\u015b\u0107 miast sta\u0142a si\u0119 samorz\u0105dna. Ten system jest dobry, poniewa\u017c mo\u017ce zwi\u0119kszy\u0107 dochody, ale z\u0142y ze wzgl\u0119du na wysokie ryzyko, kt\u00f3re si\u0119 z nim wi\u0105\u017ce. Amalia by\u0142a pierwszym dystryktem, kt\u00f3ry sta\u0142 si\u0119 stref\u0105 woln\u0105. Mo\u017ce prowadzi\u0107 swoj\u0105 dzia\u0142alno\u015b\u0107 z pewn\u0105 form\u0105 samorz\u0105dno\u015bci.<\/p>\n\n\n\n<h2 class=\"wp-block-heading\">Trendy<\/h2>\n\n\n\n<p>Kraj ma cztery lotniska. Najpopularniejszym jest \u201eRamon Villeda Morales\u201d, kt\u00f3re nie znajduje si\u0119 w stolicy, ale w obszarze zwanym San Pedro Sula. Inne lotnisko w Hondurasie s\u0142ynie z tego, \u017ce jest drugim najniebezpieczniejszym na \u015bwiecie. Cz\u0119sto mo\u017cna zobaczy\u0107 ludzi modl\u0105cych si\u0119 po l\u0105dowaniu.<\/p>\n\n\n\n<p>J\u0119zykiem dominuj\u0105cym w Hondurasie jest hiszpa\u0144ski. R\u00f3\u017cnorodno\u015b\u0107 ludzi sprawia, \u017ce kraj ten jest tak wspania\u0142y. Ruiny Maj\u00f3w w Copan i \u015bwi\u0105tynia Rosalii to jedne z najcz\u0119stszych miejsc. Rze\u017abione schody i staro\u017cytny wygl\u0105d to jedne z najlepszych atrakcji turystycznych.<\/p>\n\n\n\n<p>Honduras ma jedne z najbardziej egzotycznych zwierz\u0105t, poniewa\u017c jego obywatele s\u0105 dumni z ich ochrony. Ma r\u00f3wnie\u017c rezerwat le\u015bny, kt\u00f3ry pomaga w ochronie rzadkich drzew i zwierz\u0105t.<\/p>\n\n\n\n<p>Honduras ma oko\u0142o 20 wysp otaczaj\u0105cych go, z kt\u00f3rych wi\u0119kszo\u015b\u0107 znajduje si\u0119 na Morzu Karaibskim. Najbardziej znana jest \u201eBonacca Cay\u201d. Jest to najbardziej zat\u0142oczona wyspa w Hondurasie.<\/p>\n\n\n\n<p>Kraj ten ma histori\u0119 bycia niebezpiecznym, poniewa\u017c jest bardzo popularny w\u015br\u00f3d gang\u00f3w i z\u0142odziei. Tury\u015bci powinni zachowa\u0107 ostro\u017cno\u015b\u0107 podczas podr\u00f3\u017cy do Hondurasu.<\/p>\n\n\n\n<h2 class=\"wp-block-heading\">Baza konsument\u00f3w<\/h2>\n\n\n\n<p>Ich g\u0142\u00f3wnym \u017ar\u00f3d\u0142em dochodu jest rolnictwo. Honduranie uprawiaj\u0105 wi\u0119kszo\u015b\u0107 tego, co jedz\u0105, wi\u0119c ogranicza to import niekt\u00f3rych produkt\u00f3w spo\u017cywczych. Rzeczy takie jak maszyny do fabryk i paliwa s\u0105 g\u0142\u00f3wnymi importami.<\/p>\n\n\n\n<p>Kraj eksportuje wi\u0119cej, wydaj\u0105c mniej na import. Ta zmiana jest \u015bwietnym znakiem wzrostu gospodarczego. Jego g\u0142\u00f3wnymi partnerami handlowymi s\u0105 USA, Chiny, Meksyk i Gwatemala.<\/p>\n\n\n\n<h2 class=\"wp-block-heading\">Kluczowe bran\u017ce<\/h2>\n\n\n\n<figure class=\"gb-block-image gb-block-image-9b3ca6d9\"><img loading=\"lazy\" decoding=\"async\" width=\"1456\" height=\"816\" class=\"gb-image gb-image-9b3ca6d9\" src=\"https:\/\/www.sisinternational.com\/wp-content\/uploads\/2025\/09\/Honduras-5.jpg\" alt=\"SIS Mi\u0119dzynarodowe badania rynku i strategia\" title=\"Honduras (5)\" srcset=\"https:\/\/www.sisinternational.com\/wp-content\/uploads\/2025\/09\/Honduras-5.jpg 1456w, https:\/\/www.sisinternational.com\/wp-content\/uploads\/2025\/09\/Honduras-5-300x168.jpg 300w, https:\/\/www.sisinternational.com\/wp-content\/uploads\/2025\/09\/Honduras-5-1024x574.jpg 1024w, https:\/\/www.sisinternational.com\/wp-content\/uploads\/2025\/09\/Honduras-5-768x430.jpg 768w, https:\/\/www.sisinternational.com\/wp-content\/uploads\/2025\/09\/Honduras-5-18x10.jpg 18w\" sizes=\"auto, (max-width: 1456px) 100vw, 1456px\"><\/figure>\n\n\n\n<p><\/p>\n\n\n\n<p>Kraj jest bogaty w zasoby. Podstawowym sektorem jest rolnictwo, a kawa jest g\u0142\u00f3wnym eksportem. Stanowi 22 procent przychod\u00f3w z eksportu. Sektor ten zapewni\u0142 wiele miejsc pracy dla bezrobotnych i r\u00f3wnie\u017c zaoszcz\u0119dzi\u0142 wiele wydatk\u00f3w.<\/p>\n\n\n\n<p>Cement, Rybo\u0142\u00f3wstwo, G\u00f3rnictwo, Cygara i Le\u015bnictwo to inne g\u0142\u00f3wne ga\u0142\u0119zie przemys\u0142u. Niekt\u00f3re z lokalnych produkt\u00f3w to chemikalia, banany, cukier, kawa i drewno.<\/p>\n\n\n\n<h2 class=\"wp-block-heading\">Powody, dla kt\u00f3rych warto rozwija\u0107 sw\u00f3j biznes w Hondurasie<\/h2>\n\n\n\n<p>Honduras jest \u015bwietnym krajem do inwestowania. Zaanga\u017cowanie rz\u0105du w rozw\u00f3j gospodarczy kraju jest zdecydowanym plusem. Uczynili reformy priorytetem, aby przyci\u0105gn\u0105\u0107 inwestor\u00f3w. Posiadanie rz\u0105du, kt\u00f3ry ma na sercu najlepsze interesy kraju, jest doskona\u0142e dla inwestor\u00f3w. Pomaga im to osi\u0105ga\u0107 zyski.<\/p>\n\n\n\n<h2 class=\"wp-block-heading\">O badaniach rynkowych w Hondurasie<\/h2>\n\n\n\n<p>Czy chcesz zainwestowa\u0107 w Hondurasie? Ten artyku\u0142 zawiera wszystkie informacje potrzebne do podj\u0119cia decyzji. Organizujemy badania ilo\u015bciowe, jako\u015bciowe i strategiczne, aby zapewni\u0107 Ci wi\u0119ksz\u0105 wiedz\u0119 na temat Hondurasu. Taka wiedza jest niezb\u0119dna i mamy nadziej\u0119, \u017ce Ty r\u00f3wnie\u017c rozwa\u017cysz inwestycj\u0119 w Hondurasie.<\/p>\n\n\n\n<p><\/p>","protected":false},"excerpt":{"rendered":"<p>Dowiedz si\u0119, jak rozwin\u0105\u0107 swoj\u0105 organizacj\u0119 dzi\u0119ki badaniom rynku w Hondurasie.<\/p>","protected":false},"author":1,"featured_media":66287,"parent":14351,"menu_order":11,"comment_status":"closed","ping_status":"closed","template":"","meta":{"footnotes":""},"class_list":["post-38458","page","type-page","status-publish","has-post-thumbnail"],"_links":{"self":[{"href":"https:\/\/www.sisinternational.com\/pl\/wp-json\/wp\/v2\/pages\/38458","targetHints":{"allow":["GET"]}}],"collection":[{"href":"https:\/\/www.sisinternational.com\/pl\/wp-json\/wp\/v2\/pages"}],"about":[{"href":"https:\/\/www.sisinternational.com\/pl\/wp-json\/wp\/v2\/types\/page"}],"author":[{"embeddable":true,"href":"https:\/\/www.sisinternational.com\/pl\/wp-json\/wp\/v2\/users\/1"}],"replies":[{"embeddable":true,"href":"https:\/\/www.sisinternational.com\/pl\/wp-json\/wp\/v2\/comments?post=38458"}],"version-history":[{"count":3,"href":"https:\/\/www.sisinternational.com\/pl\/wp-json\/wp\/v2\/pages\/38458\/revisions"}],"predecessor-version":[{"id":68606,"href":"https:\/\/www.sisinternational.com\/pl\/wp-json\/wp\/v2\/pages\/38458\/revisions\/68606"}],"up":[{"embeddable":true,"href":"https:\/\/www.sisinternational.com\/pl\/wp-json\/wp\/v2\/pages\/14351"}],"wp:featuredmedia":[{"embeddable":true,"href":"https:\/\/www.sisinternational.com\/pl\/wp-json\/wp\/v2\/media\/66287"}],"wp:attachment":[{"href":"https:\/\/www.sisinternational.com\/pl\/wp-json\/wp\/v2\/media?parent=38458"}],"curies":[{"name":"wp","href":"https:\/\/api.w.org\/{rel}","templated":true}]}}