{"id":38456,"date":"2021-08-19T13:09:26","date_gmt":"2021-08-19T13:09:26","guid":{"rendered":"https:\/\/www.sisinternational.com\/?page_id=38456"},"modified":"2025-09-14T19:00:10","modified_gmt":"2025-09-14T23:00:10","slug":"badania-rynku-gwatemala","status":"publish","type":"page","link":"https:\/\/www.sisinternational.com\/pl\/zasieg\/latin-america\/badania-rynku-ameryki-lacinskiej\/badania-rynku-gwatemala\/","title":{"rendered":"Badania rynku w Gwatemali"},"content":{"rendered":"<h1 class=\"wp-block-heading\">Badania rynku w Gwatemali<\/h1>\n\n\n\n<figure class=\"gb-block-image gb-block-image-0a3badc8\"><img loading=\"lazy\" decoding=\"async\" width=\"1456\" height=\"816\" class=\"gb-image gb-image-0a3badc8\" src=\"https:\/\/www.sisinternational.com\/wp-content\/uploads\/2025\/09\/Guatemala-5.jpg\" alt=\"SIS Mi\u0119dzynarodowe badania rynku i strategia\" title=\"Guatemala (5)\" srcset=\"https:\/\/www.sisinternational.com\/wp-content\/uploads\/2025\/09\/Guatemala-5.jpg 1456w, https:\/\/www.sisinternational.com\/wp-content\/uploads\/2025\/09\/Guatemala-5-300x168.jpg 300w, https:\/\/www.sisinternational.com\/wp-content\/uploads\/2025\/09\/Guatemala-5-1024x574.jpg 1024w, https:\/\/www.sisinternational.com\/wp-content\/uploads\/2025\/09\/Guatemala-5-768x430.jpg 768w, https:\/\/www.sisinternational.com\/wp-content\/uploads\/2025\/09\/Guatemala-5-18x10.jpg 18w\" sizes=\"auto, (max-width: 1456px) 100vw, 1456px\"><\/figure>\n\n\n\n<p><\/p>\n\n\n\n<h2 class=\"wp-block-heading\">Osiedla<\/h2>\n\n\n\n<p>Guatemala is in Central America, south of Mexico. It is home to roughly 16 million people. Nearby countries include Mexico, Belize, Honduras, and El Salvador. It is lovely to travel to and also a nice place to <a href=\"https:\/\/www.sisinternational.com\/pl\/publikacje\/japans-mid-market-exporting\/\" title=\"Rozwijanie Twojego Biznesu w Japonii\"  data-wpil-monitor-id=\"7800\">grow your business<\/a>.<\/p>\n\n\n\n<p>Stolic\u0105 jest miasto Gwatemala. To tam ma miejsce wi\u0119kszo\u015b\u0107 aktywno\u015bci gospodarczej. Inne du\u017ce miasta to Mixco, Villa i Nueva.<\/p>\n\n\n\n<h2 class=\"wp-block-heading\">Trendy<\/h2>\n\n\n\n<p>Gwatemala ma bogate krajobrazy wulkaniczne i staro\u017cytne kamienne budynki. Historia Maj\u00f3w w tym kraju ma wiele wsp\u00f3lnego z tym, jak wygl\u0105da dzisiaj. Kultura kraju wywodzi si\u0119 z tradycji Maj\u00f3w. Ludzie nadal rozpoznaj\u0105 staro\u017cytne wydarzenia kulturalne.<\/p>\n\n\n\n<p>New <a href=\"https:\/\/www.sisinternational.com\/pl\/firma-monitorujaca-trendy-na-rynku-b2b\/\" title=\"Najlepsza firma monitoruj\u0105ca trendy na rynku B2B\"  data-wpil-monitor-id=\"7792\">trends continue to rise in the market<\/a>. For example, the country\u2019s communication sector has strong <a href=\"https:\/\/www.sisinternational.com\/pl\/rozwiazania\/international-corporate-growth-market-research\/\" title=\"International Corporate Growth Market Research\"  data-wpil-monitor-id=\"7795\">growth potential across the market<\/a>.<\/p>\n\n\n\n<p>Gwatemala r\u00f3wnie\u017c odnotowa\u0142a wzrost gospodarczy. Pomimo niedawnego wirusa kraj radzi\u0142 sobie dobrze. Niestety, luka dochodowa pozostaje du\u017ca, a wska\u017anik ub\u00f3stwa w\u015br\u00f3d Maj\u00f3w jest wysoki. Gwatemala jest obecnie g\u0142\u00f3wnym krajem pochodzenia os\u00f3b ubiegaj\u0105cych si\u0119 o azyl i migrant\u00f3w na po\u0142udniowej granicy USA.<\/p>\n\n\n\n<p>The government is giving out vaccines in light of the COVID-19 virus, and despite the challenges, things seem to be looking up for this small nation. It is on the path to being one of the largest <a href=\"https:\/\/www.sisinternational.com\/pl\/zasieg\/ameryka\/badania-rynku-ameryki-lacinskiej\/\" title=\"Badania rynku Ameryki \u0141aci\u0144skiej\"  data-wpil-monitor-id=\"7790\">markets in Central America<\/a>.<\/p>\n\n\n\n<h2 class=\"wp-block-heading\">Kluczowe bran\u017ce<\/h2>\n\n\n\n<p>Gwatemala ma du\u017c\u0105 gospodark\u0119: jedn\u0105 z najwi\u0119kszych w Ameryce \u015arodkowej. Ponad po\u0142owa \u017cycia gospodarczego kraju ma miejsce w sektorze prywatnym.<\/p>\n\n\n\n<p>Niekt\u00f3re z kluczowych ga\u0142\u0119zi przemys\u0142u to papier, kawa i turystyka. Ludzie zajmuj\u0105 si\u0119 r\u00f3wnie\u017c wydobyciem na ma\u0142\u0105 skal\u0119. Kamienie szlachetne i metale s\u0105 eksportowane. Chocia\u017c jest to co\u015b nowego, szybko si\u0119 rozwija. Kraj eksportuje r\u00f3wnie\u017c towary wytworzone. System eksportowy wspomaga bogactwo gospodarki.<\/p>\n\n\n\n<p>G\u0142\u00f3wnym sektorem Gwatemali jest rolnictwo, a g\u0142\u00f3wne uprawy obejmuj\u0105 ga\u0142k\u0119 muszkato\u0142ow\u0105, cukier trzcinowy, banany i kaw\u0119. Przemys\u0142 ten zapewnia r\u00f3wnie\u017c prac\u0119 wielu osobom. Mimo to kraj jest nara\u017cony na zmiany klimatyczne. Odczuwa ich skutki bardziej ni\u017c jego najbli\u017csi s\u0105siedzi. Brak deszczu jest jednym z g\u0142\u00f3wnych problem\u00f3w. Pory suche mog\u0105 trwa\u0107 nawet cztery miesi\u0105ce w wielu cz\u0119\u015bciach kraju. Zjawisko to wyst\u0119puje r\u00f3wnie\u017c w Salwadorze i Hondurasie, co z pewno\u015bci\u0105 nie pomaga bran\u017cy. Inwestowanie w sektor rolniczy Gwatemali jest ryzykowne z powodu cz\u0119stych susz. Mimo to ten ma\u0142y kraj radzi sobie dobrze.<\/p>\n\n\n\n<p>The primary export <a href=\"https:\/\/www.sisinternational.com\/pl\/zasieg\/ameryka\/zasieg-usa\/\" title=\"Badania rynku w Stanach Zjednoczonych\"  data-wpil-monitor-id=\"7783\">market is the United States<\/a> of America. Its other trading partners include El Salvador, Mexico, and Honduras.<\/p>\n\n\n\n<h2 class=\"wp-block-heading\">Baza klient\u00f3w<\/h2>\n\n\n\n<figure class=\"gb-block-image gb-block-image-34912991\"><img loading=\"lazy\" decoding=\"async\" width=\"1456\" height=\"816\" class=\"gb-image gb-image-34912991\" src=\"https:\/\/www.sisinternational.com\/wp-content\/uploads\/2025\/09\/Guatemala-5.jpg\" alt=\"SIS Mi\u0119dzynarodowe badania rynku i strategia\" title=\"Guatemala (5)\" srcset=\"https:\/\/www.sisinternational.com\/wp-content\/uploads\/2025\/09\/Guatemala-5.jpg 1456w, https:\/\/www.sisinternational.com\/wp-content\/uploads\/2025\/09\/Guatemala-5-300x168.jpg 300w, https:\/\/www.sisinternational.com\/wp-content\/uploads\/2025\/09\/Guatemala-5-1024x574.jpg 1024w, https:\/\/www.sisinternational.com\/wp-content\/uploads\/2025\/09\/Guatemala-5-768x430.jpg 768w, https:\/\/www.sisinternational.com\/wp-content\/uploads\/2025\/09\/Guatemala-5-18x10.jpg 18w\" sizes=\"auto, (max-width: 1456px) 100vw, 1456px\"><\/figure>\n\n\n\n<p><\/p>\n\n\n\n<p>G\u0142\u00f3wnymi produktami eksportowymi kraju s\u0105 dobra kapita\u0142owe, dobra konsumpcyjne i ropa naftowa. Wi\u0119kszo\u015b\u0107 importu pochodzi ze Stan\u00f3w Zjednoczonych. Pomimo tego importu obywatele \u017cyj\u0105 z produkt\u00f3w rolnych. S\u0105 zale\u017cni od p\u00f3l kukurydzy i innych lokalnych owoc\u00f3w i warzyw.<\/p>\n\n\n\n<h2 class=\"wp-block-heading\">Powody, dla kt\u00f3rych warto rozwija\u0107 sw\u00f3j biznes na rynku<\/h2>\n\n\n\n<p>The main reason to grow your business is the country\u2019s location. It is a bridge to a <a href=\"https:\/\/www.sisinternational.com\/pl\/ekspertyza\/branze\/indigenous-people-market-research\/\" title=\"Badania rynku rdzennej ludno\u015bci\"  data-wpil-monitor-id=\"7797\">market with over 68 million people<\/a>. Also, Guatemala offers perks like free trading with the US and Europe.<\/p>\n\n\n\n<p>Inne zalety to:<\/p>\n\n\n\n<ul class=\"wp-block-list\">\n<li>Niska stawka opodatkowania<\/li>\n\n\n\n<li>Niski wska\u017anik przest\u0119pczo\u015bci w por\u00f3wnaniu z innymi krajami<\/li>\n\n\n\n<li>Wykwalifikowana si\u0142a robocza.<\/li>\n<\/ul>\n\n\n\n<h2 class=\"wp-block-heading\">O badaniach rynkowych w Gwatemali<\/h2>\n\n\n\n<p>Are you looking to invest in Guatemala? Do you want to expand your business to new places? We have given you all the details about the country\u2019s economy and profit potential. <a href=\"https:\/\/www.sisinternational.com\/pl\/sis-przedstawia-platforme-do-nauki-o-danych-i-analizy-ilosciowej\/\" title=\"SIS przedstawia platform\u0119 Data Science i Quantitative Analytics\"  data-wpil-monitor-id=\"7781\">SIS Research gathers Quantitative and Qualitative data<\/a>, and we also offer Strategy Research. We use interviews, surveys, and <a href=\"https:\/\/www.sisinternational.com\/pl\/rozwiazania\/badania-rynku-w-grupie-fokusowej\/\" title=\"Badania rynku w grupie fokusowej\"  data-wpil-monitor-id=\"7786\">grupy fokusowe<\/a> to help you decide your market strategy. Contact us today for more insights!<\/p>\n\n\n\n<p><\/p>","protected":false},"excerpt":{"rendered":"<p>Dowiedz si\u0119, jak rozwin\u0105\u0107 swoj\u0105 organizacj\u0119 dzi\u0119ki badaniom rynku w Gwatemali.<\/p>","protected":false},"author":1,"featured_media":66276,"parent":14351,"menu_order":10,"comment_status":"closed","ping_status":"closed","template":"","meta":{"footnotes":""},"class_list":["post-38456","page","type-page","status-publish","has-post-thumbnail"],"_links":{"self":[{"href":"https:\/\/www.sisinternational.com\/pl\/wp-json\/wp\/v2\/pages\/38456","targetHints":{"allow":["GET"]}}],"collection":[{"href":"https:\/\/www.sisinternational.com\/pl\/wp-json\/wp\/v2\/pages"}],"about":[{"href":"https:\/\/www.sisinternational.com\/pl\/wp-json\/wp\/v2\/types\/page"}],"author":[{"embeddable":true,"href":"https:\/\/www.sisinternational.com\/pl\/wp-json\/wp\/v2\/users\/1"}],"replies":[{"embeddable":true,"href":"https:\/\/www.sisinternational.com\/pl\/wp-json\/wp\/v2\/comments?post=38456"}],"version-history":[{"count":4,"href":"https:\/\/www.sisinternational.com\/pl\/wp-json\/wp\/v2\/pages\/38456\/revisions"}],"predecessor-version":[{"id":81315,"href":"https:\/\/www.sisinternational.com\/pl\/wp-json\/wp\/v2\/pages\/38456\/revisions\/81315"}],"up":[{"embeddable":true,"href":"https:\/\/www.sisinternational.com\/pl\/wp-json\/wp\/v2\/pages\/14351"}],"wp:featuredmedia":[{"embeddable":true,"href":"https:\/\/www.sisinternational.com\/pl\/wp-json\/wp\/v2\/media\/66276"}],"wp:attachment":[{"href":"https:\/\/www.sisinternational.com\/pl\/wp-json\/wp\/v2\/media?parent=38456"}],"curies":[{"name":"wp","href":"https:\/\/api.w.org\/{rel}","templated":true}]}}