{"id":38454,"date":"2021-08-19T13:06:06","date_gmt":"2021-08-19T13:06:06","guid":{"rendered":"https:\/\/www.sisinternational.com\/?page_id=38454"},"modified":"2026-01-25T19:05:49","modified_gmt":"2026-01-26T00:05:49","slug":"badania-rynku-salwador","status":"publish","type":"page","link":"https:\/\/www.sisinternational.com\/pl\/zasieg\/latin-america\/badania-rynku-ameryki-lacinskiej\/badania-rynku-salwador\/","title":{"rendered":"Badania biurowe w Salwadorze"},"content":{"rendered":"<h1 class=\"wp-block-heading\">Badania biurowe w Salwadorze<\/h1>\n\n\n\n<figure class=\"gb-block-image gb-block-image-84bae6e4\"><img loading=\"lazy\" decoding=\"async\" width=\"1456\" height=\"816\" class=\"gb-image gb-image-84bae6e4\" src=\"https:\/\/www.sisinternational.com\/wp-content\/uploads\/2025\/09\/El-Salvador-2.jpg\" alt=\"SIS Mi\u0119dzynarodowe badania rynku i strategia\" title=\"El Salvador (2)\" srcset=\"https:\/\/www.sisinternational.com\/wp-content\/uploads\/2025\/09\/El-Salvador-2.jpg 1456w, https:\/\/www.sisinternational.com\/wp-content\/uploads\/2025\/09\/El-Salvador-2-300x168.jpg 300w, https:\/\/www.sisinternational.com\/wp-content\/uploads\/2025\/09\/El-Salvador-2-1024x574.jpg 1024w, https:\/\/www.sisinternational.com\/wp-content\/uploads\/2025\/09\/El-Salvador-2-768x430.jpg 768w, https:\/\/www.sisinternational.com\/wp-content\/uploads\/2025\/09\/El-Salvador-2-18x10.jpg 18w\" sizes=\"auto, (max-width: 1456px) 100vw, 1456px\"><\/figure>\n\n\n\n<p><\/p>\n\n\n\n<h3 class=\"wp-block-heading\">Salwador znajduje si\u0119 na skrzy\u017cowaniu rozwoju gospodarczego i wzrostu, prezentuj\u0105c wyj\u0105tkowe wyzwania i mo\u017cliwo\u015bci. Przedsi\u0119biorstwa potrzebuj\u0105 wiarygodnych danych i spostrze\u017ce\u0144, aby nawi\u0105za\u0107 kontakt z lokalnymi konsumentami i wykorzysta\u0107 trendy rynkowe.<\/h3>\n\n\n\n<p>W jaki spos\u00f3b firmy mog\u0105 wykorzysta\u0107 szanse na rozwijaj\u0105cym si\u0119 rynku Salwadoru? Badania biurowe w Salwadorze s\u0105 niezb\u0119dne do poruszania si\u0119 po zawi\u0142o\u015bciach tej gospodarki Ameryki \u015arodkowej i odkrywania mo\u017cliwo\u015bci wzrostu.<\/p>\n\n\n\n<h2 class=\"wp-block-heading\">Czym jest research biurkowy w Salwadorze?<\/h2>\n\n\n\n<p>Desk research in El Salvador analyzes the preferences and behaviors of the country&#8217;s population, assesses market opportunities, understands the regulatory environment, and develops targeted marketing campaigns that resonate with the local audience. Whether a business is launching a new product, expanding into new segments, or optimizing its current operations, <a class=\"wpil_keyword_link\" href=\"https:\/\/www.sisinternational.com\/pl\/the-impact-of-desk-research-on-strategic-decision-making\/\"   title=\"The Impact of Desk Research on Strategic Decision-Making\" data-wpil-keyword-link=\"linked\"  data-wpil-monitor-id=\"746\">desk research<\/a> provides the foundation for success in El Salvador.<\/p>\n\n\n\n<h2 class=\"wp-block-heading\">Dlaczego firmy w Salwadorze potrzebuj\u0105 bada\u0144 biurkowych?<\/h2>\n\n\n\n<p>Badania biurowe w Salwadorze pomagaj\u0105 firmom identyfikowa\u0107 nawyki zakupowe konsument\u00f3w, rozumie\u0107 wp\u0142ywy kulturowe i dostosowywa\u0107 swoj\u0105 ofert\u0119 do lokalnych potrzeb. Dzi\u0119ki jasnemu zrozumieniu rynku firmy mog\u0105 opracowa\u0107 skuteczne strategie, kt\u00f3re znajd\u0105 odd\u017awi\u0119k u salwadorskich konsument\u00f3w i pomog\u0105 im wyr\u00f3\u017cni\u0107 si\u0119 na tle konkurencji.<\/p>\n\n\n\n<p>Ponadto analiza biurkowa w Salwadorze dostarcza wgl\u0105du w krajobraz konkurencyjny, pomagaj\u0105c firmom identyfikowa\u0107 kluczowych konkurent\u00f3w, rozumie\u0107 ich mocne i s\u0142abe strony oraz znajdowa\u0107 mo\u017cliwo\u015bci r\u00f3\u017cnicowania si\u0119. Analiza biurkowa pomaga firmom przewidywa\u0107 zmiany w gospodarce, identyfikowa\u0107 pojawiaj\u0105ce si\u0119 trendy i odpowiednio dostosowywa\u0107 swoje strategie. To proaktywne podej\u015bcie pozwala firmom utrzyma\u0107 przewag\u0119 konkurencyjn\u0105 i osi\u0105gn\u0105\u0107 d\u0142ugoterminowy sukces.<\/p>\n\n\n\n<p>W ka\u017cdym razie badania biurowe w Salwadorze oferuj\u0105 wiele innych korzy\u015bci, w tym:<\/p>\n\n\n\n<ul class=\"wp-block-list\">\n<li><p><strong>Lokalizowane spostrze\u017cenia<\/strong>:Zdob\u0105d\u017a g\u0142\u0119bsze zrozumienie preferencji salwadorskich konsument\u00f3w, co umo\u017cliwi skuteczniejsze targetowanie i anga\u017cowanie.<\/p><\/li>\n\n\n\n<li><p><strong>Strategie oparte na danych<\/strong>Podejmuj \u015bwiadome decyzje biznesowe w oparciu o dok\u0142adne i aktualne dane, zmniejszaj\u0105c ryzyko i zwi\u0119kszaj\u0105c szanse na sukces.<\/p><\/li>\n\n\n\n<li><p><strong>Przewaga konkurencyjna<\/strong>:Wyprzed\u017a konkurencj\u0119, rozumiej\u0105c trendy rynkowe, potrzeby konsument\u00f3w i identyfikuj\u0105c luki na rynku.<\/p><\/li>\n\n\n\n<li><p><strong>Podej\u015bcie zorientowane na klienta<\/strong>:Dostosowywanie produkt\u00f3w i us\u0142ug do potrzeb lokalnych odbiorc\u00f3w, zwi\u0119kszaj\u0105c zadowolenie i lojalno\u015b\u0107 klient\u00f3w.<\/p><\/li>\n\n\n\n<li><p><strong>Zoptymalizowane kampanie marketingowe<\/strong>:Zwi\u0119ksz skuteczno\u015b\u0107 dzia\u0142a\u0144 marketingowych, wykorzystuj\u0105c dane w celu dotarcia do w\u0142a\u015bciwej grupy odbiorc\u00f3w z w\u0142a\u015bciwym komunikatem we w\u0142a\u015bciwym czasie.<\/p><\/li>\n\n\n\n<li><p><strong>\u0141agodzenie ryzyka<\/strong>:Identyfikuj potencjalne wyzwania i opracowuj strategie ich rozwi\u0105zania, zapewniaj\u0105c p\u0142ynniejsze wej\u015bcie na rynek i rozw\u00f3j.<\/p><\/li>\n\n\n\n<li><p><strong>Alokacja zasob\u00f3w<\/strong>:Alokuj zasoby bardziej efektywnie, koncentruj\u0105c si\u0119 na obszarach o wysokim potencjale, maksymalizuj\u0105c zwrot z inwestycji.<\/p><\/li>\n\n\n\n<li><p><strong>Analiza percepcji marki<\/strong>: Dowiedz si\u0119, jak Twoja marka jest postrzegana lokalnie i wprowad\u017a niezb\u0119dne zmiany, aby poprawi\u0107 reputacj\u0119 i zaufanie konsument\u00f3w.<\/p><\/li>\n<\/ul>\n\n\n\n<h2 class=\"wp-block-heading\">Kluczowe bran\u017ce<\/h2>\n\n\n\n<figure class=\"gb-block-image gb-block-image-f9592698\"><img loading=\"lazy\" decoding=\"async\" width=\"1456\" height=\"816\" class=\"gb-image gb-image-f9592698\" src=\"https:\/\/www.sisinternational.com\/wp-content\/uploads\/2025\/09\/El-Salvador-3.jpg\" alt=\"SIS Mi\u0119dzynarodowe badania rynku i strategia\" title=\"El Salvador (3)\" srcset=\"https:\/\/www.sisinternational.com\/wp-content\/uploads\/2025\/09\/El-Salvador-3.jpg 1456w, https:\/\/www.sisinternational.com\/wp-content\/uploads\/2025\/09\/El-Salvador-3-300x168.jpg 300w, https:\/\/www.sisinternational.com\/wp-content\/uploads\/2025\/09\/El-Salvador-3-1024x574.jpg 1024w, https:\/\/www.sisinternational.com\/wp-content\/uploads\/2025\/09\/El-Salvador-3-768x430.jpg 768w, https:\/\/www.sisinternational.com\/wp-content\/uploads\/2025\/09\/El-Salvador-3-18x10.jpg 18w\" sizes=\"auto, (max-width: 1456px) 100vw, 1456px\"><\/figure>\n\n\n\n<p><\/p>\n\n\n\n<p>G\u0142\u00f3wne ga\u0142\u0119zie przemys\u0142u to rolnictwo, turystyka i produkcja. Kawa, uprawiana w zachodniej cz\u0119\u015bci kraju, jest g\u0142\u00f3wn\u0105 upraw\u0105 towarow\u0105. Jest tam ogromna ilo\u015b\u0107 ziemi uprawnej, z kt\u00f3rej wi\u0119kszo\u015b\u0107 zosta\u0142a ju\u017c nawodniona.<\/p>\n\n\n\n<p>Wielu turyst\u00f3w odwiedza ten kraj, g\u0142\u00f3wnie z Europy i Ameryki P\u00f3\u0142nocnej. Zazwyczaj lubi\u0105 atrakcje naturalne i zabytki w kraju, a dzi\u0119ki temu sektorowi wielu mieszka\u0144c\u00f3w ma prac\u0119.<\/p>\n\n\n\n<p>Kraj produkuje wiele towar\u00f3w, m.in. tekstylia, tyto\u0144 i napoje.<\/p>\n\n\n\n<h2 class=\"wp-block-heading\">G\u0142\u00f3wne atrakcje turystyczne w Salwadorze<\/h2>\n\n\n\n<p>Salwador jest znany ze swojego naturalnego pi\u0119kna i atrakcji kulturalnych, kt\u00f3re przyci\u0105gaj\u0105 turyst\u00f3w z ca\u0142ego \u015bwiata. Oto niekt\u00f3re z miejsc, kt\u00f3re trzeba koniecznie zobaczy\u0107 w Salwadorze:<\/p>\n\n\n\n<ul class=\"wp-block-list\">\n<li><p><strong>Park Narodowy El Boquer\u00f3n<\/strong> \u2013 Pi\u0119kny park po\u0142o\u017cony wok\u00f3\u0142 krateru wulkanu San Salvador, oferuj\u0105cy szlaki turystyczne i malownicze widoki.<\/p><\/li>\n\n\n\n<li><p><strong>Droga Las Flores<\/strong> \u2013 Malownicza trasa znana z kolorowych miasteczek, targowisk rzemie\u015blniczych i plantacji kawy.<\/p><\/li>\n\n\n\n<li><p><strong>Jezioro Coatepeque<\/strong> \u2013 Osza\u0142amiaj\u0105ce jezioro wulkaniczne, popularne miejsce do p\u0142ywania, p\u0142ywania \u0142\u00f3dk\u0105 i relaksu.<\/p><\/li>\n\n\n\n<li><p><strong>Rado\u015b\u0107 Cer\u00e9n<\/strong> \u2013 Obiekt wpisany na list\u0119 \u015bwiatowego dziedzictwa UNESCO, cz\u0119sto nazywany \u201ePompejami Ameryk\u201d, prezentuj\u0105cy zachowan\u0105 przedhiszpa\u0144sk\u0105 wiosk\u0119 rolnicz\u0105.<\/p><\/li>\n\n\n\n<li><p><strong>Suchitoto<\/strong> \u2013 Miasto kolonialne znane z brukowanych uliczek, zabytkowej architektury i bogatej sceny kulturalnej.<\/p><\/li>\n\n\n\n<li><p><strong>Tazumal<\/strong> \u2013 Najwa\u017cniejsze ruiny Maj\u00f3w w Salwadorze, oferuj\u0105ce wgl\u0105d w staro\u017cytn\u0105 histori\u0119 kraju.<\/p><\/li>\n\n\n\n<li><p><strong>Pla\u017ca El Tunco<\/strong> \u2013 Popularne miejsce dla surfer\u00f3w, znane z lu\u017anej atmosfery, czarnych piaszczystych pla\u017c i bogatego \u017cycia nocnego.<\/p><\/li>\n<\/ul>\n\n\n\n<h2 class=\"wp-block-heading\">Korzy\u015bci i mocne strony na rynku<\/h2>\n\n\n\n<p>Wiod\u0105cym partnerem handlowym Salwadoru s\u0105 Stany Zjednoczone, a wiele ameryka\u0144skich firm ma tam swoje plac\u00f3wki. Ze wzgl\u0119du na blisko\u015b\u0107, handel mi\u0119dzy tymi dwoma krajami jest \u015bwietny. Ponadto kraj ten mo\u017ce s\u0142u\u017cy\u0107 jako regionalny hub dla Ameryki \u015arodkowej, poniewa\u017c jego obywatele za granic\u0105 pozostaj\u0105 po\u0142\u0105czeni z domem.<\/p>\n\n\n\n<p>Ponadto dolar ameryka\u0144ski jest g\u0142\u00f3wn\u0105 walut\u0105. Dolar utrzymuje stabilno\u015b\u0107 i obni\u017ca ryzyko walutowe. Kraj ma r\u00f3wnie\u017c doskona\u0142y potencja\u0142 inwestycyjny. W ka\u017cdej bran\u017cy jest du\u017co miejsca na wzrost.<\/p>\n\n\n\n<h2 class=\"wp-block-heading\">Czynniki nap\u0119dzaj\u0105ce rynek w Salwadorze<\/h2>\n\n\n\n<p>Rynek Salwadoru jest kszta\u0142towany przez kilka kluczowych czynnik\u00f3w promuj\u0105cych wzrost gospodarczy i tworz\u0105cych mo\u017cliwo\u015bci biznesowe. Zrozumienie tych czynnik\u00f3w jest niezb\u0119dne dla firm, kt\u00f3re chc\u0105 odnie\u015b\u0107 sukces na tym dynamicznym rynku:<\/p>\n\n\n\n<ol start=\"1\" class=\"wp-block-list\">\n<li><p><strong>Przelewy pieni\u0119\u017cne<\/strong> \u2013 Przekazy pieni\u0119\u017cne od Salwadorczyk\u00f3w mieszkaj\u0105cych za granic\u0105 stanowi\u0105 g\u0142\u00f3wne \u017ar\u00f3d\u0142o dochodu dla wielu gospodarstw domowych, nap\u0119dzaj\u0105c wydatki konsument\u00f3w.<\/p><\/li>\n\n\n\n<li><p><strong>Stabilno\u015b\u0107 gospodarcza<\/strong> \u2013 Ostatnia poprawa stabilno\u015bci gospodarczej zwi\u0119kszy\u0142a zaufanie inwestor\u00f3w i stworzy\u0142a bardziej sprzyjaj\u0105ce \u015brodowisko dla biznesu.<\/p><\/li>\n\n\n\n<li><p><strong>Urbanizacja<\/strong> \u2013 Rozw\u00f3j obszar\u00f3w miejskich, szczeg\u00f3lnie w San Salvador, powoduje popyt na mieszkania, infrastruktur\u0119 i us\u0142ugi.<\/p><\/li>\n\n\n\n<li><p><strong>Inicjatywy rz\u0105dowe<\/strong> \u2013 Wspieraj\u0105ca polityka rz\u0105dowa, kt\u00f3ra przyci\u0105ga inwestycje i pobudza wzrost gospodarczy, przyczynia si\u0119 do rozwoju rynku.<\/p><\/li>\n\n\n\n<li><p><strong>Adopcja technologiczna<\/strong> \u2013 Coraz powszechniejsze wykorzystanie technologii we wszystkich sektorach nap\u0119dza wzrost, zw\u0142aszcza w handlu detalicznym, finansach i us\u0142ugach cyfrowych.<\/p><\/li>\n\n\n\n<li><p><strong>Rozw\u00f3j turystyki<\/strong> \u2013 Dzia\u0142ania maj\u0105ce na celu promocj\u0119 turystyki stwarzaj\u0105 mo\u017cliwo\u015bci w bran\u017cy hotelarskiej, transportowej i pokrewnych sektorach.<\/p><\/li>\n\n\n\n<li><p><strong>Inwestycje zagraniczne<\/strong> \u2013 Inwestycje mi\u0119dzynarodowych firm nap\u0119dzaj\u0105 wzrost w kluczowych sektorach, w tym w sektorze produkcji i technologii.<\/p><\/li>\n<\/ol>\n\n\n\n<h2 class=\"wp-block-heading\">Ograniczenia rynkowe w Salwadorze<\/h2>\n\n\n\n<figure class=\"gb-block-image gb-block-image-23cac6cb\"><img loading=\"lazy\" decoding=\"async\" width=\"1456\" height=\"816\" class=\"gb-image gb-image-23cac6cb\" src=\"https:\/\/www.sisinternational.com\/wp-content\/uploads\/2025\/09\/El-Salvador-1.jpg\" alt=\"SIS Mi\u0119dzynarodowe badania rynku i strategia\" title=\"El Salvador (1)\" srcset=\"https:\/\/www.sisinternational.com\/wp-content\/uploads\/2025\/09\/El-Salvador-1.jpg 1456w, https:\/\/www.sisinternational.com\/wp-content\/uploads\/2025\/09\/El-Salvador-1-300x168.jpg 300w, https:\/\/www.sisinternational.com\/wp-content\/uploads\/2025\/09\/El-Salvador-1-1024x574.jpg 1024w, https:\/\/www.sisinternational.com\/wp-content\/uploads\/2025\/09\/El-Salvador-1-768x430.jpg 768w, https:\/\/www.sisinternational.com\/wp-content\/uploads\/2025\/09\/El-Salvador-1-18x10.jpg 18w\" sizes=\"auto, (max-width: 1456px) 100vw, 1456px\"><\/figure>\n\n\n\n<p><\/p>\n\n\n\n<p>Podczas gdy Salwador oferuje liczne mo\u017cliwo\u015bci wzrostu, istnieje r\u00f3wnie\u017c kilka wyzwa\u0144, z kt\u00f3rymi firmy musz\u0105 si\u0119 zmierzy\u0107. Poni\u017cej przedstawiono niekt\u00f3re z g\u0142\u00f3wnych ogranicze\u0144 rynkowych, z kt\u00f3rymi borykaj\u0105 si\u0119 firmy w Salwadorze:<\/p>\n\n\n\n<ol start=\"1\" class=\"wp-block-list\">\n<li><p><strong>Nier\u00f3wno\u015bci ekonomiczne<\/strong> \u2013 R\u00f3\u017cnice w dochodach mog\u0105 ogranicza\u0107 si\u0142\u0119 nabywcz\u0105 konsument\u00f3w i wp\u0142ywa\u0107 na potencja\u0142 rynkowy niekt\u00f3rych produkt\u00f3w i us\u0142ug.<\/p><\/li>\n\n\n\n<li><p><strong>Obawy dotycz\u0105ce bezpiecze\u0144stwa<\/strong> \u2013 Problemy zwi\u0105zane z przest\u0119pczo\u015bci\u0105 i bezpiecze\u0144stwem mog\u0105 mie\u0107 wp\u0142yw na dzia\u0142alno\u015b\u0107 przedsi\u0119biorstw i zniech\u0119ca\u0107 do inwestycji.<\/p><\/li>\n\n\n\n<li><p><strong>Z\u0142o\u017cono\u015b\u0107 regulacyjna<\/strong> \u2013 Poruszanie si\u0119 w \u015brodowisku regulacyjnym mo\u017ce by\u0107 trudne, zw\u0142aszcza dla przedsi\u0119biorstw mi\u0119dzynarodowych, kt\u00f3re nie znaj\u0105 lokalnych przepis\u00f3w.<\/p><\/li>\n\n\n\n<li><p><strong>Ograniczenia infrastruktury<\/strong> \u2013 Pomimo ci\u0105g\u0142ych ulepsze\u0144, wyzwania infrastrukturalne, takie jak stan dr\u00f3g i \u0142\u0105czno\u015b\u0107, mog\u0105 utrudnia\u0107 dzia\u0142alno\u015b\u0107 biznesow\u0105.<\/p><\/li>\n\n\n\n<li><p><strong>Du\u017ca konkurencja<\/strong> \u2013 Silna konkurencja w niekt\u00f3rych sektorach sprawia, \u017ce nowym podmiotom trudno jest zdoby\u0107 pozycj\u0119 na rynku bez jasnej strategii r\u00f3\u017cnicowania.<\/p><\/li>\n\n\n\n<li><p><strong>Uzale\u017cnienie od przekaz\u00f3w pieni\u0119\u017cnych<\/strong> \u2013 Zale\u017cno\u015b\u0107 gospodarki od przekaz\u00f3w pieni\u0119\u017cnych sprawia, \u017ce jest ona podatna na zewn\u0119trzne czynniki ekonomiczne, kt\u00f3re mog\u0105 mie\u0107 wp\u0142yw na dochody gospodarstw domowych.<\/p><\/li>\n\n\n\n<li><p><strong>Ograniczony dost\u0119p do finans\u00f3w<\/strong> \u2013 Dost\u0119p do kredytu nadal stanowi wyzwanie dla wielu ma\u0142ych i \u015brednich przedsi\u0119biorstw, ograniczaj\u0105c ich mo\u017cliwo\u015bci ekspansji i wzrostu.<\/p><\/li>\n<\/ol>\n\n\n\n<h2 class=\"wp-block-heading\">W jaki spos\u00f3b badania biurowe SIS International w Salwadorze pomagaj\u0105 firmom<\/h2>\n\n\n\n<p>Desk research is essential for understanding <a href=\"https:\/\/www.sisinternational.com\/pl\/ekspertyza\/branze\/heavy-machinery-market-research\/\" title=\"Badania rynku maszyn ci\u0119\u017ckich\"  data-wpil-monitor-id=\"5402\">El Salvador&#8217;s<\/a> unique market dynamics. SIS International provides tailored insights that help businesses enhance strategic planning and adapt to local conditions.<\/p>\n\n\n\n<p><strong>Ulepszone planowanie strategiczne<\/strong>:Nasze biurko <a href=\"https:\/\/www.linkedin.com\/pulse\/how-market-research-enables-growth-ruth-stanat-phekf\/\" target=\"_blank\" rel=\"noopener\"><span style=\"font-weight: 400;\">badania<\/span><\/a> w Salwadorze pomaga przedsi\u0119biorstwom opracowywa\u0107 kompleksowe strategie dostosowane do potrzeb lokalnych konsument\u00f3w i trend\u00f3w rynkowych, zapewniaj\u0105c d\u0142ugoterminowy sukces w konkurencyjnym \u015brodowisku Salwadoru.<\/p>\n\n\n\n<p><strong>Redukcja ryzyka<\/strong>: Pomagamy identyfikowa\u0107 potencjalne ryzyka i opracowywa\u0107 strategie ich \u0142agodzenia, zapewniaj\u0105c p\u0142ynniejsze dzia\u0142anie. Obejmuje to analiz\u0119 zmienno\u015bci gospodarczej, zmian regulacyjnych i innych czynnik\u00f3w wp\u0142ywaj\u0105cych na wyniki biznesowe.<\/p>\n\n\n\n<p><strong>Poprawiona efektywno\u015b\u0107 marketingu<\/strong>: Nasze spostrze\u017cenia pomagaj\u0105 optymalizowa\u0107 kampanie marketingowe, zapewniaj\u0105c skuteczne dotarcie do w\u0142a\u015bciwej grupy odbiorc\u00f3w. Firmy mog\u0105 tworzy\u0107 komunikaty, kt\u00f3re znajduj\u0105 odd\u017awi\u0119k i nap\u0119dzaj\u0105 zaanga\u017cowanie, rozumiej\u0105c preferencje konsument\u00f3w.<\/p>\n\n\n\n<p><strong>Zwi\u0119kszony zwrot z inwestycji (ROI)<\/strong>:Badania biurowe pomagaj\u0105 alokowa\u0107 zasoby tam, gdzie najprawdopodobniej wygeneruj\u0105 najwy\u017csze zyski, maksymalizuj\u0105c rentowno\u015b\u0107.<\/p>\n\n\n\n<p><strong>Pozycjonowanie rynkowe<\/strong>:&nbsp;<span style=\"box-sizing: border-box; margin: 0px; padding: 0px;\"><a href=\"https:\/\/www.linkedin.com\/company\/sisinternationalresearch\/\" target=\"_blank\" rel=\"noopener\">Dzi\u0119ki zrozumieniu dynamiki konkurencji firma SIS International<\/a> pomaga firmom pozycjonowa\u0107 si\u0119 jako liderzy na rynku salwadorskim<\/span>Obejmuje to identyfikacj\u0119 mocnych i s\u0142abych stron, szans i zagro\u017ce\u0144 w celu ustanowienia silnej obecno\u015bci na rynku.<\/p>\n\n\n\n<p><strong>Zgodno\u015b\u0107 z przepisami<\/strong>: B\u0105d\u017a na bie\u017c\u0105co ze zmianami regulacyjnymi, kt\u00f3re mog\u0105 mie\u0107 wp\u0142yw na dzia\u0142alno\u015b\u0107 biznesow\u0105. Nasze badania informuj\u0105 firmy o lokalnych przepisach i regulacjach, zmniejszaj\u0105c ryzyko problem\u00f3w ze zgodno\u015bci\u0105 i potencjalnych kar pieni\u0119\u017cnych.<\/p>\n\n\n\n<h2 class=\"wp-block-heading\">O badaniach biurkowych w Salwadorze<\/h2>\n\n\n\n<p><a href=\"https:\/\/www.sisinternational.com\/pl\/\"><span style=\"font-weight: 400;\">SIS Mi\u0119dzynarodowy<\/span><\/a><span style=\"font-weight: 400;\"> oferuje badania ilo\u015bciowe, jako\u015bciowe i strategiczne. Dostarczamy dane, narz\u0119dzia, strategie, raporty i spostrze\u017cenia do podejmowania decyzji. Prowadzimy r\u00f3wnie\u017c wywiady, ankiety, grupy fokusowe i inne metody i podej\u015bcia do bada\u0144 rynku.<\/span><a href=\"https:\/\/www.sisinternational.com\/pl\/o-moich-miedzynarodowych-badaniach\/contact-sis-international-market-research\/\"><span style=\"font-weight: 400;\"> Skontaktuj si\u0119 z nami<\/span><\/a><span style=\"font-weight: 400;\"> dla Twojego kolejnego projektu badania rynku.<\/span><\/p>\n\n\n\n<p><\/p>","protected":false},"excerpt":{"rendered":"<p>Dowiedz si\u0119, jak rozwin\u0105\u0107 swoj\u0105 organizacj\u0119 dzi\u0119ki badaniom rynku w Salwadorze.<\/p>","protected":false},"author":1,"featured_media":66265,"parent":14351,"menu_order":9,"comment_status":"closed","ping_status":"closed","template":"","meta":{"footnotes":""},"class_list":["post-38454","page","type-page","status-publish","has-post-thumbnail"],"_links":{"self":[{"href":"https:\/\/www.sisinternational.com\/pl\/wp-json\/wp\/v2\/pages\/38454","targetHints":{"allow":["GET"]}}],"collection":[{"href":"https:\/\/www.sisinternational.com\/pl\/wp-json\/wp\/v2\/pages"}],"about":[{"href":"https:\/\/www.sisinternational.com\/pl\/wp-json\/wp\/v2\/types\/page"}],"author":[{"embeddable":true,"href":"https:\/\/www.sisinternational.com\/pl\/wp-json\/wp\/v2\/users\/1"}],"replies":[{"embeddable":true,"href":"https:\/\/www.sisinternational.com\/pl\/wp-json\/wp\/v2\/comments?post=38454"}],"version-history":[{"count":9,"href":"https:\/\/www.sisinternational.com\/pl\/wp-json\/wp\/v2\/pages\/38454\/revisions"}],"predecessor-version":[{"id":79182,"href":"https:\/\/www.sisinternational.com\/pl\/wp-json\/wp\/v2\/pages\/38454\/revisions\/79182"}],"up":[{"embeddable":true,"href":"https:\/\/www.sisinternational.com\/pl\/wp-json\/wp\/v2\/pages\/14351"}],"wp:featuredmedia":[{"embeddable":true,"href":"https:\/\/www.sisinternational.com\/pl\/wp-json\/wp\/v2\/media\/66265"}],"wp:attachment":[{"href":"https:\/\/www.sisinternational.com\/pl\/wp-json\/wp\/v2\/media?parent=38454"}],"curies":[{"name":"wp","href":"https:\/\/api.w.org\/{rel}","templated":true}]}}