{"id":38450,"date":"2021-08-19T04:44:36","date_gmt":"2021-08-19T04:44:36","guid":{"rendered":"https:\/\/www.sisinternational.com\/?page_id=38450"},"modified":"2025-09-14T19:06:59","modified_gmt":"2025-09-14T23:06:59","slug":"badania-rynku-kostaryka","status":"publish","type":"page","link":"https:\/\/www.sisinternational.com\/pl\/zasieg\/latin-america\/badania-rynku-ameryki-lacinskiej\/badania-rynku-kostaryka\/","title":{"rendered":"Badania rynku w Kostaryce"},"content":{"rendered":"<h1 class=\"wp-block-heading\">Badania rynku w Kostaryce<\/h1>\n\n\n\n<figure class=\"gb-block-image gb-block-image-10e61012\"><img loading=\"lazy\" decoding=\"async\" width=\"1456\" height=\"816\" class=\"gb-image gb-image-10e61012\" src=\"https:\/\/www.sisinternational.com\/wp-content\/uploads\/2025\/09\/Costa-Rica-2.jpg\" alt=\"SIS Mi\u0119dzynarodowe badania rynku i strategia\" title=\"Costa Rica (2)\" srcset=\"https:\/\/www.sisinternational.com\/wp-content\/uploads\/2025\/09\/Costa-Rica-2.jpg 1456w, https:\/\/www.sisinternational.com\/wp-content\/uploads\/2025\/09\/Costa-Rica-2-300x168.jpg 300w, https:\/\/www.sisinternational.com\/wp-content\/uploads\/2025\/09\/Costa-Rica-2-1024x574.jpg 1024w, https:\/\/www.sisinternational.com\/wp-content\/uploads\/2025\/09\/Costa-Rica-2-768x430.jpg 768w, https:\/\/www.sisinternational.com\/wp-content\/uploads\/2025\/09\/Costa-Rica-2-18x10.jpg 18w\" sizes=\"auto, (max-width: 1456px) 100vw, 1456px\"><\/figure>\n\n\n\n<p><\/p>\n\n\n\n<h2 class=\"wp-block-heading\">Costa Rica is a strong market in Central America, providing many benefits.<\/h2>\n\n\n\n<p>It is also a member of the World Trade Organization, and as a result, it doesn\u2019t have many trade barriers. The presence of Foreign Trade Agreements also makes it a prime marketplace. These agreements make trade possible between many countries such as Chile, the USA, Mexico, and Canada. This trade provides many benefits for Costa Rica. It also has a social and economic balance, which allows it to handle foreign commerce.<\/p>\n\n\n\n<h2 class=\"wp-block-heading\">Kluczowe bran\u017ce<\/h2>\n\n\n\n<p>The primary <a href=\"https:\/\/www.sisinternational.com\/pl\/rozwiazania\/badania-rynku-i-doradztwo-strategiczne-w-zakresie-sztucznej-inteligencji\/ai-adoption-travel-hospitality-tourism-industry-consulting\/\" title=\"Wdra\u017canie AI w bran\u017cy podr\u00f3\u017cy, hotelarstwa i turystyki Konsultacje\"  data-wpil-monitor-id=\"7861\">industries in Costa Rica are tourism<\/a>, agriculture, and electrical exports.<\/p>\n\n\n\n<p>Kostaryka otrzymuje kapita\u0142 z eksportu ananas\u00f3w, banan\u00f3w i kawy. Ma \u0142agodny klimat i idealn\u0105 lokalizacj\u0119, a owoce i kawa przyczyniaj\u0105 si\u0119 do jej PKB. Sektor rolniczy zatrudnia r\u00f3wnie\u017c znaczn\u0105 cz\u0119\u015b\u0107 si\u0142y roboczej kraju.<\/p>\n\n\n\n<p>The manufacturing sector is also prominent in Costa Rica. The main <a href=\"https:\/\/www.sisinternational.com\/pl\/rozwiazania\/rozwiazania-w-zakresie-brandingu-i-badan-klientow\/badania-rynku-testowanie-produktow\/product-testing-for-consumer-products\/medical-device-product-testing-in-nyc\/\" title=\"Medical Device Product Testing in NYC\"  data-wpil-monitor-id=\"7864\">products are medical<\/a>, electrical, and aerospace devices. It also produces jewelry, clothing, and food products. It is also known for cheese factories and sawmills.<\/p>\n\n\n\n<p>Tourism is a leading sector. It is also the fastest-growing. Many visit because of the country\u2019s natural beauty and attractions. The government is taking measures to develop this sector further.<\/p>\n\n\n\n<h2 class=\"wp-block-heading\">Osiedla<\/h2>\n\n\n\n<p>San Jos\u00e9 jest stolic\u0105 i najwi\u0119kszym miastem Kostaryki. Jest bogate w kultur\u0119 i histori\u0119, a ka\u017cdego dnia wita wielu go\u015bci. Jest pe\u0142ne przyjaznych ludzi i fantastycznych atrakcji, a tak\u017ce oferuje ruchliwe noce i spokojne, ciep\u0142e dni. \u017bywe bary i restauracje to prawdziwa gratka.<\/p>\n\n\n\n<p>Puerto Lim\u00f3n is the second-largest city in Costa Rica and the most important port for the country. It offers many attractions, such as a volcano, a beach, and parks. Puerto Lim\u00f3n is also famous for its cashew wine, which the locals produce themselves. It houses many bars and restaurants. You will also find a few open-air markets to explore.<\/p>\n\n\n\n<p>Alajuela to \u201eidealne miejsce na letni wypad\u201d. Znane jest r\u00f3wnie\u017c jako \u201emiasto mango\u201d. Rolnictwo Alajueli jest tym, co czyni je wyj\u0105tkowym. Miejscowi uprawiaj\u0105 korzenie, kaw\u0119 i ry\u017c, a tak\u017ce zbieraj\u0105 trzcin\u0119 cukrow\u0105, kukurydz\u0119 i banany. To miasto jest bogate w \u017cycie rolnicze.<\/p>\n\n\n\n<h2 class=\"wp-block-heading\">Trendy<\/h2>\n\n\n\n<p>Technology is a growing trend in Costa Rica. Thus, it produces many devices. Because of the recent pandemic, this need has increased. The need for social distancing has raised e-commerce rates. Costa Ricans are turning toward tech to help with daily life tasks. Consumers are finding it easier to shop online than head to physical stores. So, online retail <a href=\"https:\/\/www.sisinternational.com\/pl\/firma-monitorujaca-trendy-na-rynku-b2b\/\" title=\"Najlepsza firma monitoruj\u0105ca trendy na rynku B2B\"  data-wpil-monitor-id=\"7860\">markets take advantage of this trend<\/a>. E-commerce increases ease in shopping for the consumer.<\/p>\n\n\n\n<h2 class=\"wp-block-heading\">Baza konsument\u00f3w<\/h2>\n\n\n\n<p>Costa Rica is a growing economy, and the <a href=\"https:\/\/www.sisinternational.com\/pl\/przewoznicy-niskokosztowi-w-branzy-lotniczej\/\" title=\"Badania rynku tanich linii lotniczych\"  data-wpil-monitor-id=\"7862\">cost of living is low<\/a>. Most of the people are middle-class. The people are open to new <a href=\"https:\/\/www.sisinternational.com\/pl\/rozwiazania\/testowanie-smaku\/product-testing-for-companies\/\" title=\"Product Testing for Companies\"  data-wpil-monitor-id=\"7865\">companies and products<\/a>. They know about foreign trends, and they value good product quality. Costa Ricans love good product promotion, and it ensures the sale of products. They show brand loyalty to products they already know. When brands do not promote their products, consumers tend not to buy. If the consumer base is not happy, the business will fail.<\/p>\n\n\n\n<h2 class=\"wp-block-heading\">Powody, dla kt\u00f3rych warto rozwija\u0107 sw\u00f3j biznes na rynku<\/h2>\n\n\n\n<p>Kostaryka ma wiele zalet. Ma idealn\u0105 lokalizacj\u0119 w \u015brodku kontynentu ameryka\u0144skiego. Dzi\u0119ki temu ma doskona\u0142y dost\u0119p do rynku. Kraj ma porty zar\u00f3wno na wybrze\u017cu Pacyfiku, jak i Atlantyku. Kostaryka ma wysoki wska\u017anik alfabetyzacji. Oferuje r\u00f3wnie\u017c niskie stawki podatkowe, co sprawia, \u017ce inwestorzy s\u0105 bardziej zainteresowani tym krajem. Inwestorzy p\u0142ac\u0105 podatek na podstawie swoich dochod\u00f3w, co jest wielk\u0105 korzy\u015bci\u0105, szczeg\u00f3lnie dla nowicjuszy na rynku. \u0141atwo jest tu za\u0142o\u017cy\u0107 firm\u0119, a kraj jest dojrza\u0142y do inwestycji.<\/p>\n\n\n\n<h2 class=\"wp-block-heading\">O badaniach w Kostaryce<\/h2>\n\n\n\n<p>Costa Rica is a growing economy. <a href=\"https:\/\/www.sisinternational.com\/pl\/zasieg\/ameryka\/zasieg-usa\/\" title=\"Badania rynku w Stanach Zjednoczonych\"  data-wpil-monitor-id=\"7859\">Badania rynku<\/a> is vital to look at the state of the economy. It\u2019s essential to carry out Qualitative, Quantitative, and Strategy research. <a href=\"https:\/\/www.sisinternational.com\/pl\/rozwiazania\/badania-rynku-w-grupie-fokusowej\/\" title=\"Badania rynku w grupie fokusowej\"  data-wpil-monitor-id=\"7858\">Market Research can also involve Focus Groups<\/a> and Interviews. We also use <a href=\"https:\/\/www.sisinternational.com\/pl\/rozwiazania\/rozwiazania-w-zakresie-badan-jakosciowych-i-ilosciowych\/survey-market-research\/\" title=\"Badanie rynku ankietowego\"  data-wpil-monitor-id=\"7863\">Surveys in our research<\/a> efforts. Contact us today for a consultation.<\/p>\n\n\n\n<p><\/p>","protected":false},"excerpt":{"rendered":"<p>Dowiedz si\u0119, jak rozwin\u0105\u0107 swoj\u0105 organizacj\u0119 dzi\u0119ki badaniom rynku w Kostaryce.<\/p>","protected":false},"author":1,"featured_media":66240,"parent":14351,"menu_order":8,"comment_status":"closed","ping_status":"closed","template":"","meta":{"footnotes":""},"class_list":["post-38450","page","type-page","status-publish","has-post-thumbnail"],"_links":{"self":[{"href":"https:\/\/www.sisinternational.com\/pl\/wp-json\/wp\/v2\/pages\/38450","targetHints":{"allow":["GET"]}}],"collection":[{"href":"https:\/\/www.sisinternational.com\/pl\/wp-json\/wp\/v2\/pages"}],"about":[{"href":"https:\/\/www.sisinternational.com\/pl\/wp-json\/wp\/v2\/types\/page"}],"author":[{"embeddable":true,"href":"https:\/\/www.sisinternational.com\/pl\/wp-json\/wp\/v2\/users\/1"}],"replies":[{"embeddable":true,"href":"https:\/\/www.sisinternational.com\/pl\/wp-json\/wp\/v2\/comments?post=38450"}],"version-history":[{"count":5,"href":"https:\/\/www.sisinternational.com\/pl\/wp-json\/wp\/v2\/pages\/38450\/revisions"}],"predecessor-version":[{"id":81325,"href":"https:\/\/www.sisinternational.com\/pl\/wp-json\/wp\/v2\/pages\/38450\/revisions\/81325"}],"up":[{"embeddable":true,"href":"https:\/\/www.sisinternational.com\/pl\/wp-json\/wp\/v2\/pages\/14351"}],"wp:featuredmedia":[{"embeddable":true,"href":"https:\/\/www.sisinternational.com\/pl\/wp-json\/wp\/v2\/media\/66240"}],"wp:attachment":[{"href":"https:\/\/www.sisinternational.com\/pl\/wp-json\/wp\/v2\/media?parent=38450"}],"curies":[{"name":"wp","href":"https:\/\/api.w.org\/{rel}","templated":true}]}}