{"id":38438,"date":"2021-08-19T02:57:31","date_gmt":"2021-08-19T02:57:31","guid":{"rendered":"https:\/\/www.sisinternational.com\/?page_id=38438"},"modified":"2026-01-25T16:53:58","modified_gmt":"2026-01-25T21:53:58","slug":"badania-rynku-pakistan","status":"publish","type":"page","link":"https:\/\/www.sisinternational.com\/pl\/zasieg\/badania-rynku-azja\/badania-rynku-pakistan\/","title":{"rendered":"Badania rynku w Pakistanie"},"content":{"rendered":"<h1 class=\"wp-block-heading\">Badania rynku w Pakistanie<\/h1>\n\n\n\n<figure class=\"gb-block-image gb-block-image-7401f36e\"><img loading=\"lazy\" decoding=\"async\" width=\"1456\" height=\"816\" class=\"gb-image gb-image-7401f36e\" src=\"https:\/\/www.sisinternational.com\/wp-content\/uploads\/2025\/09\/Pakistan-2.jpg\" alt=\"SIS Mi\u0119dzynarodowe badania rynku i strategia\" title=\"Pakistan (2)\" srcset=\"https:\/\/www.sisinternational.com\/wp-content\/uploads\/2025\/09\/Pakistan-2.jpg 1456w, https:\/\/www.sisinternational.com\/wp-content\/uploads\/2025\/09\/Pakistan-2-300x168.jpg 300w, https:\/\/www.sisinternational.com\/wp-content\/uploads\/2025\/09\/Pakistan-2-1024x574.jpg 1024w, https:\/\/www.sisinternational.com\/wp-content\/uploads\/2025\/09\/Pakistan-2-768x430.jpg 768w, https:\/\/www.sisinternational.com\/wp-content\/uploads\/2025\/09\/Pakistan-2-18x10.jpg 18w\" sizes=\"auto, (max-width: 1456px) 100vw, 1456px\"><\/figure>\n\n\n\n<p><\/p>\n\n\n\n<h3 class=\"wp-block-heading\">Wykorzystuj\u0105c wnioski z bada\u0144 rynku, przedsi\u0119biorstwa mog\u0105 dostosowywa\u0107 swoje strategie do wymaga\u0144 zr\u00f3\u017cnicowanego rynku i mie\u0107 pewno\u015b\u0107, \u017ce utrzymaj\u0105 przewag\u0119 nad konkurencj\u0105.<\/h3>\n\n\n\n<p>Co sprawia, \u017ce badania rynku s\u0105 kluczowe dla sukcesu biznesowego w Pakistanie dzisiaj? Przy szybkich zmianach preferencji konsument\u00f3w i dynamicznym krajobrazie gospodarczym badania rynku w Pakistanie pomagaj\u0105 firmom identyfikowa\u0107 pojawiaj\u0105ce si\u0119 mo\u017cliwo\u015bci i porusza\u0107 si\u0119 po zawi\u0142o\u015bciach regionalnych.<\/p>\n\n\n\n<h2 class=\"wp-block-heading\">Czym s\u0105 badania rynku w Pakistanie?<\/h2>\n\n\n\n<p>Market research in Pakistan&nbsp;analyzes data about the local market, consumer preferences, industry trends, and competitive landscape. By conducting thorough market research, businesses can better understand the needs and desires of Pakistani consumers, identify gaps in the market, and develop targeted strategies that cater to specific demographics. Market research helps address issues such as regional disparities, changing consumer habits, and emerging market opportunities.<\/p>\n\n\n\n<h2 class=\"wp-block-heading\">Dlaczego firmy w Pakistanie potrzebuj\u0105 bada\u0144 rynku?<\/h2>\n\n\n\n<p>Przedsi\u0119biorstwa dzia\u0142aj\u0105ce w Pakistanie potrzebuj\u0105 bada\u0144 rynku, aby zrozumie\u0107 zr\u00f3\u017cnicowany krajobraz kulturowy i gospodarczy kraju. Populacja Pakistanu znacznie r\u00f3\u017cni si\u0119 pod wzgl\u0119dem preferencji i si\u0142y nabywczej, a zrozumienie tych r\u00f3\u017cnic jest kluczowe dla opracowania skutecznych strategii marketingowych i sprzeda\u017cowych. Badania rynku pomagaj\u0105 r\u00f3wnie\u017c przedsi\u0119biorstwom identyfikowa\u0107 pojawiaj\u0105ce si\u0119 mo\u017cliwo\u015bci, takie jak zmiany w zachowaniu konsument\u00f3w lub nowe segmenty rynku, co pozwala im wyprzedza\u0107 konkurencj\u0119.<\/p>\n\n\n\n<p>Ponadto badania rynku w Pakistanie pozwalaj\u0105 firmom \u0142agodzi\u0107 ryzyko, dostarczaj\u0105c danych opartych na spostrze\u017ceniach, kt\u00f3re informuj\u0105 o strategicznych decyzjach. Niezale\u017cnie od tego, czy chodzi o wprowadzenie nowego produktu, wej\u015bcie na nowy region, czy optymalizacj\u0119 istniej\u0105cego modelu biznesowego, badania rynku stanowi\u0105 podstaw\u0119 sukcesu na dynamicznym i ewoluuj\u0105cym rynku Pakistanu.<\/p>\n\n\n\n<h2 class=\"wp-block-heading\">Nasz aktualny przegl\u0105d rynku i rekomendacje<\/h2>\n\n\n\n<figure class=\"gb-block-image gb-block-image-ae02e344\"><img loading=\"lazy\" decoding=\"async\" width=\"1456\" height=\"816\" class=\"gb-image gb-image-ae02e344\" src=\"https:\/\/www.sisinternational.com\/wp-content\/uploads\/2025\/09\/Pakistan-3.jpg\" alt=\"SIS Mi\u0119dzynarodowe badania rynku i strategia\" title=\"Pakistan (3)\" srcset=\"https:\/\/www.sisinternational.com\/wp-content\/uploads\/2025\/09\/Pakistan-3.jpg 1456w, https:\/\/www.sisinternational.com\/wp-content\/uploads\/2025\/09\/Pakistan-3-300x168.jpg 300w, https:\/\/www.sisinternational.com\/wp-content\/uploads\/2025\/09\/Pakistan-3-1024x574.jpg 1024w, https:\/\/www.sisinternational.com\/wp-content\/uploads\/2025\/09\/Pakistan-3-768x430.jpg 768w, https:\/\/www.sisinternational.com\/wp-content\/uploads\/2025\/09\/Pakistan-3-18x10.jpg 18w\" sizes=\"auto, (max-width: 1456px) 100vw, 1456px\"><\/figure>\n\n\n\n<p><\/p>\n\n\n\n<p>Zalecamy, aby firmy skupi\u0142y si\u0119 na wykorzystaniu kana\u0142\u00f3w cyfrowych, aby dotrze\u0107 do coraz bardziej zorientowanej na technologi\u0119 populacji. Wraz ze wzrostem penetracji Internetu i smartfon\u00f3w istniej\u0105 znacz\u0105ce mo\u017cliwo\u015bci dla firm, aby nawi\u0105za\u0107 kontakt z konsumentami za po\u015brednictwem platform internetowych i handlu elektronicznego. Ponadto uwa\u017camy za niezb\u0119dne, aby firmy dostosowywa\u0142y swoje produkty i us\u0142ugi do konkretnych potrzeb r\u00f3\u017cnych region\u00f3w w Pakistanie, poniewa\u017c zachowania konsument\u00f3w mog\u0105 si\u0119 znacznie r\u00f3\u017cni\u0107 w ca\u0142ym kraju.<\/p>\n\n\n\n<h2 class=\"wp-block-heading\">Osiedla<\/h2>\n\n\n\n<p>Pakistan jest tyglem kulturowym, w kt\u00f3rym popularne s\u0105 ta\u0144ce ludowe Bhangra, muzyka i krykiet. Mimo to niekt\u00f3re konflikty, z kt\u00f3rych wiele ma charakter religijny, budz\u0105 obawy. Ponadto du\u017ce miasta si\u0119 rozrastaj\u0105. Ludzie przeprowadzaj\u0105 si\u0119 do kraju, co zmniejsza liczb\u0119 miejsc pracy. Ta zmiana powoduje r\u00f3wnie\u017c problemy w opiece zdrowotnej i spo\u0142ecznej.<\/p>\n\n\n\n<p>Stolic\u0105 jest Islamabad. Znany jako \u201eMiasto Pokoju\u201d, jest sercem kultury, sztuki i historii. Nowe domy powstaj\u0105 po\u015br\u00f3d nowoczesnych budynk\u00f3w. Bazar w tym mie\u015bcie jest centrum \u017cycia. Stragany s\u0105 pe\u0142ne przypraw, bi\u017cuterii, suszonych owoc\u00f3w, ryb, ubra\u0144 i wszelkiego rodzaju towar\u00f3w.<\/p>\n\n\n\n<p>Karaczi jest stolic\u0105 prowincji Sindh i centrum finansowym kraju. Jest r\u00f3wnie\u017c wiod\u0105cym o\u015brodkiem handlu i przemys\u0142u, produkuj\u0105cym tekstylia, drewno i meble. Karaczi ma lotnisko.<\/p>\n\n\n\n<p>W Karaczi pr\u0119\u017cnie rozwija si\u0119 przemys\u0142 cha\u0142upniczy w zakresie rzemios\u0142a, ceramiki, grawerowania z\u0142ota i srebra oraz wyrob\u00f3w haftowanych. Ludzie tam zajmuj\u0105 si\u0119 r\u00f3wnie\u017c innymi rodzajami obr\u00f3bki metalu, wyrobami dywan\u00f3w, wyrobami sk\u00f3rzanymi, tkaninami i koronkami.<\/p>\n\n\n\n<h2 class=\"wp-block-heading\">Trendy<\/h2>\n\n\n\n<p>Oko\u0142o 2\/3 mieszka\u0144c\u00f3w Pakistanu ma mniej ni\u017c 30 lat. Ponadto kraj zmaga si\u0119 z ub\u00f3stwem, a wielu nie potrafi czyta\u0107 ani pisa\u0107. Terrory\u015bci nadal stanowi\u0105 zagro\u017cenie, a korupcja jest r\u00f3wnie\u017c zbyt powszechna.<\/p>\n\n\n\n<p>Ponadto w kraju wyst\u0119puje niedob\u00f3r \u017cywno\u015bci, zapotrzebowanie na czyst\u0105 wod\u0119 i opiek\u0119 medyczn\u0105 jest du\u017ce, a w wielu obszarach wiejskich panuj\u0105 z\u0142e warunki mieszkaniowe i bytowe.<\/p>\n\n\n\n<p>W kraju mieszka oko\u0142o 8 milion\u00f3w imigrant\u00f3w, ale miliony obywateli mieszka i pracuje za granic\u0105. Przy tak wielu uchod\u017acach przybywaj\u0105cych do kraju, powstaj\u0105 slumsy.<\/p>\n\n\n\n<h2 class=\"wp-block-heading\">Kluczowe bran\u017ce<\/h2>\n\n\n\n<p>Gospodarka Pakistanu jest zr\u00f3\u017cnicowana, a kilka kluczowych bran\u017c nap\u0119dza wzrost i stwarza mo\u017cliwo\u015bci dla przedsi\u0119biorstw. Badania rynku w Pakistanie podkre\u015bli\u0142y znaczenie tych bran\u017c i wiod\u0105cych graczy w ich obr\u0119bie, do kt\u00f3rych nale\u017c\u0105:<\/p>\n\n\n\n<ul class=\"wp-block-list\">\n<li><p><strong>Przemys\u0142 tekstylny<\/strong>:Jeden z najwi\u0119kszych dostawc\u00f3w pakista\u0144skiego eksportu, a firmy takie jak Nishat Mills i Gul Ahmed wyznaczaj\u0105 standardy sukcesu.<\/p><\/li>\n\n\n\n<li><p><span style=\"box-sizing: border-box; margin: 0px; padding: 0px;\"><strong>Rolnictwo<\/strong>:Zapewnia zatrudnienie i wspiera takie przedsi\u0119biorstwa, jak Engro Fertilizers i Fauji Foods.<\/span><\/p><\/li>\n\n\n\n<li><p><strong>Technologia informacyjna<\/strong>:Sektor ten rozwija si\u0119 w szybkim tempie, a firmy takie jak NetSol Technologies and Systems Limited zyskuj\u0105 coraz wi\u0119ksz\u0105 popularno\u015b\u0107 zar\u00f3wno na rynku krajowym, jak i mi\u0119dzynarodowym.<\/p><\/li>\n\n\n\n<li><p><strong>Produkcja<\/strong>: Ten sektor obejmuje motoryzacj\u0119 i dobra konsumpcyjne, a jego si\u0142\u0105 nap\u0119dow\u0105 jest rosn\u0105cy popyt krajowy i inwestycje mi\u0119dzynarodowe. Wiod\u0105cymi graczami s\u0105 Pak Suzuki Motors i Atlas Honda.<\/p><\/li>\n\n\n\n<li><p><strong>Us\u0142ugi finansowe<\/strong>:Sektor bankowo-finansowy, z instytucjami takimi jak Habib Bank Limited (HBL) i United Bank Limited (UBL), wspiera wzrost gospodarczy poprzez u\u0142atwianie inwestycji i transakcji.<\/p><\/li>\n\n\n\n<li><p><strong>Telekomunikacja<\/strong>:Dzi\u0119ki takim firmom jak Jazz i Telenor bran\u017ca telekomunikacyjna odgrywa kluczow\u0105 rol\u0119 w \u0142\u0105czno\u015bci cyfrowej i rozwoju gospodarczym.<\/p><\/li>\n<\/ul>\n\n\n\n<p>\u2026 A g\u0142\u00f3wnymi partnerami eksportowymi Pakistanu s\u0105:<\/p>\n\n\n\n<ul class=\"wp-block-list\">\n<li>Chiny<\/li>\n\n\n\n<li>Emiraty Arabskie<\/li>\n\n\n\n<li>Afganistan<\/li>\n\n\n\n<li>Stany Zjednoczone Ameryki<\/li>\n\n\n\n<li>Arabia Saudyjska<\/li>\n<\/ul>\n\n\n\n<h2 class=\"wp-block-heading\">Mo\u017cliwo\u015bci w Pakistanie<\/h2>\n\n\n\n<figure class=\"gb-block-image gb-block-image-cd55a87f\"><img loading=\"lazy\" decoding=\"async\" width=\"1456\" height=\"816\" class=\"gb-image gb-image-cd55a87f\" src=\"https:\/\/www.sisinternational.com\/wp-content\/uploads\/2025\/09\/Pakistan-4.jpg\" alt=\"SIS Mi\u0119dzynarodowe badania rynku i strategia\" title=\"Pakistan (4)\" srcset=\"https:\/\/www.sisinternational.com\/wp-content\/uploads\/2025\/09\/Pakistan-4.jpg 1456w, https:\/\/www.sisinternational.com\/wp-content\/uploads\/2025\/09\/Pakistan-4-300x168.jpg 300w, https:\/\/www.sisinternational.com\/wp-content\/uploads\/2025\/09\/Pakistan-4-1024x574.jpg 1024w, https:\/\/www.sisinternational.com\/wp-content\/uploads\/2025\/09\/Pakistan-4-768x430.jpg 768w, https:\/\/www.sisinternational.com\/wp-content\/uploads\/2025\/09\/Pakistan-4-18x10.jpg 18w\" sizes=\"auto, (max-width: 1456px) 100vw, 1456px\"><\/figure>\n\n\n\n<p><\/p>\n\n\n\n<p>Badania rynku w Pakistanie wskaza\u0142y kilka obszar\u00f3w potencjalnego wzrostu, na kt\u00f3rych przedsi\u0119biorstwa mog\u0105 skorzysta\u0107, w tym szybko rozwijaj\u0105ca si\u0119 gospodarka cyfrowa, rosn\u0105ca si\u0142a nabywcza konsument\u00f3w i ci\u0105g\u0142y rozw\u00f3j projekt\u00f3w infrastrukturalnych.<\/p>\n\n\n\n<ul class=\"wp-block-list\">\n<li><p><strong>Wzrost gospodarki cyfrowej<\/strong>:Gospodarka cyfrowa Pakistanu rozwija si\u0119 dzi\u0119ki rosn\u0105cej penetracji Internetu i smartfon\u00f3w. E-commerce, fintech i us\u0142ugi cyfrowe to obszary, w kt\u00f3rych firmy mog\u0105 znale\u017a\u0107 znacz\u0105ce mo\u017cliwo\u015bci wzrostu.<\/p><\/li>\n\n\n\n<li><p><strong>Ekspansja rynku konsumenckiego<\/strong>:Klasa \u015brednia w Pakistanie ro\u015bnie, co prowadzi do wzrostu si\u0142y nabywczej konsument\u00f3w. Stwarza to mo\u017cliwo\u015bci dla przedsi\u0119biorstw w sektorach takich jak dobra konsumpcyjne, handel detaliczny i rozrywka.<\/p><\/li>\n\n\n\n<li><p><strong>Rozw\u00f3j infrastruktury<\/strong>:Rz\u0105dowe projekty infrastrukturalne, takie jak autostrady, mosty i rozw\u00f3j obszar\u00f3w miejskich, stwarzaj\u0105 mo\u017cliwo\u015bci dla przedsi\u0119biorstw z bran\u017cy budowlanej, nieruchomo\u015bci i pokrewnych sektor\u00f3w.<\/p><\/li>\n\n\n\n<li><p><strong>Inicjatywy w zakresie energii odnawialnej<\/strong>: There is an increasing focus on renewable energy projects, including solar and wind energy, which offer opportunities for companies involved in energy production and technology.<\/p><\/li>\n\n\n\n<li><p><strong>Modernizacja rolnictwa<\/strong>:Sektor rolniczy jest gotowy na modernizacj\u0119, a firmy agrotechnologiczne maj\u0105 szans\u0119 wprowadzi\u0107 innowacyjne rozwi\u0105zania zwi\u0119kszaj\u0105ce wydajno\u015b\u0107 i plony.<\/p><\/li>\n<\/ul>\n\n\n\n<h2 class=\"wp-block-heading\">Baza konsument\u00f3w<\/h2>\n\n\n\n<p>Pakistan oferuje dobre perspektywy inwestycyjne. Sektor turystyczny kraju prawdopodobnie wkr\u00f3tce ruszy. Z malowniczymi pasmami g\u00f3rskimi, rzekami i dolinami staje si\u0119 miejscem przyg\u00f3d. Kraj ten ma potencja\u0142, aby sta\u0107 si\u0119 jednym z najlepszych miejsc na wakacje na \u015bwiecie.<\/p>\n\n\n\n<p>Inwestorzy mog\u0105 r\u00f3wnie\u017c rozszerzy\u0107 sektor energetyczny, aby zwi\u0119kszy\u0107 dostawy energii do kraju. Istnieje du\u017ce zapotrzebowanie na telefony kom\u00f3rkowe i us\u0142ugi internetowe. Import obejmuje chemikalia, w\u0119giel, pojazdy silnikowe, \u017cywno\u015b\u0107 i rafinowan\u0105 rop\u0119 naftow\u0105. Lokalni i zagraniczni partnerzy produkuj\u0105 traktory, samochody i rowery.<\/p>\n\n\n\n<p>Pakistan potrzebuje r\u00f3wnie\u017c inwestycji w ma\u0142e rezerwy ropy naftowej. Innym obszarem dojrza\u0142ym do inwestycji s\u0105 pola gazu ziemnego w tym kraju. Warto r\u00f3wnie\u017c zwr\u00f3ci\u0107 uwag\u0119 na fakt, \u017ce Pakistan ma wysokie plony konopi indyjskich i maku lekarskiego.<\/p>\n\n\n\n<h2 class=\"wp-block-heading\">Powody, dla kt\u00f3rych warto rozwija\u0107 sw\u00f3j biznes w Pakistanie<\/h2>\n\n\n\n<p>Pakistan rozkwita. Po latach niepokoj\u00f3w kraj cieszy si\u0119 wzrostem i stabilnym rz\u0105dem. Ludzie s\u0105 przyja\u017ani, a tropikalny klimat jest idealny dla turystyki. Transport lotniczy i drogowy jest niezawodny. Jest nawet kolej \u0142\u0105cz\u0105ca si\u0119 z granic\u0105 z Chinami.<\/p>\n\n\n\n<p>Ponadto Pakistan ma jedn\u0105 z najszybciej rozwijaj\u0105cych si\u0119 gospodarek na \u015bwiecie. Kraj ma rosn\u0105c\u0105 klas\u0119 \u015bredni\u0105 i ekscytuj\u0105ce perspektywy na przysz\u0142o\u015b\u0107.<\/p>\n\n\n\n<h2 class=\"wp-block-heading\">W jaki spos\u00f3b badania rynku SIS International w Pakistanie pomagaj\u0105 firmom<\/h2>\n\n\n\n<p><a href=\"https:\/\/www.linkedin.com\/company\/sisinternationalresearch\/\" target=\"_blank\" rel=\"noopener\"><span style=\"font-weight: 400;\">SIS Mi\u0119dzynarodowy<\/span><\/a> helps businesses succeed in Pakistan. By leveraging our in-depth <a href=\"https:\/\/www.sisinternational.com\/pl\/zasieg\/ameryka\/badania-rynku-na-karaibach\/badania-rynku-antigua-barbuda\/\" title=\"Badania rynku w Antigua i Barbuda\" data-wpil-monitor-id=\"3805\">market knowledge and research<\/a> capabilities, we assist companies in understanding the local market dynamics, identifying growth opportunities, and mitigating risks.<\/p>\n\n\n\n<ul class=\"wp-block-list\">\n<li><strong>G\u0142\u0119bokie zrozumienie rynku<\/strong>: <a href=\"https:\/\/twitter.com\/SISIntlResearch\" target=\"_blank\" rel=\"noopener\"><span style=\"font-weight: 400;\">SIS<\/span><\/a> zapewnia kompleksowe zrozumienie dynamiki lokalnego rynku, pomagaj\u0105c firmom podejmowa\u0107 \u015bwiadome decyzje w oparciu o rzeczywiste dane.<\/li>\n\n\n\n<li><strong>Indywidualne rozwi\u0105zania badawcze<\/strong>:Oferujemy dostosowane us\u0142ugi badawcze, kt\u00f3re odpowiadaj\u0105 konkretnym celom biznesowym Twojej firmy, gwarantuj\u0105c, \u017ce uzyskane informacje s\u0105 istotne i mo\u017cliwe do zastosowania w praktyce.<\/li>\n\n\n\n<li><strong>Ekspertyza w r\u00f3\u017cnych bran\u017cach<\/strong>:Dzi\u0119ki bogatemu do\u015bwiadczeniu w wielu sektorach, SIS oferuje bran\u017cowe spostrze\u017cenia, kt\u00f3re pomagaj\u0105 firmom zachowa\u0107 konkurencyjno\u015b\u0107 i wykorzystywa\u0107 pojawiaj\u0105ce si\u0119 trendy.<\/li>\n\n\n\n<li><strong>Zaawansowane metodologie<\/strong>:Nasze wykorzystanie zaawansowanych <a href=\"https:\/\/www.linkedin.com\/pulse\/how-market-research-enables-growth-ruth-stanat-phekf\/\" target=\"_blank\" rel=\"noopener\"><span style=\"font-weight: 400;\">badania rynku<\/span><\/a> metodologie te zapewniaj\u0105 dok\u0142adne zbieranie i analiz\u0119 danych, dostarczaj\u0105c przedsi\u0119biorstwom wiarygodnych informacji na potrzeby planowania strategicznego.<\/li>\n\n\n\n<li><strong>\u0141agodzenie ryzyka<\/strong>:SIS International pomaga przedsi\u0119biorstwom identyfikowa\u0107 potencjalne zagro\u017cenia i opracowywa\u0107 strategie ich \u0142agodzenia, redukuj\u0105c niepewno\u015b\u0107 i zwi\u0119kszaj\u0105c pewno\u015b\u0107 podejmowania decyzji.<\/li>\n\n\n\n<li><strong>Wgl\u0105d w rynek lokalny<\/strong>:Nasza wiedza specjalistyczna zdobyta w terenie w Pakistanie pozwala nam gromadzi\u0107 szczeg\u00f3\u0142owe informacje na temat sytuacji lokalnej, co przek\u0142ada si\u0119 na g\u0142\u0119bsze zrozumienie zachowa\u0144 konsument\u00f3w i regionalnych trend\u00f3w rynkowych.<\/li>\n\n\n\n<li><strong>Praktyczne rekomendacje<\/strong>:Wykraczamy poza gromadzenie danych, oferuj\u0105c praktyczne rekomendacje, kt\u00f3re pomagaj\u0105 firmom osi\u0105ga\u0107 cele i nap\u0119dza\u0107 wzrost na rynku pakista\u0144skim.<\/li>\n<\/ul>\n\n\n\n<h2 class=\"wp-block-heading\"><strong>O firmie SIS International<\/strong><\/h2>\n\n\n\n<p><a href=\"https:\/\/www.sisinternational.com\/pl\/\"><span style=\"font-weight: 400;\">SIS Mi\u0119dzynarodowy<\/span><\/a><span style=\"font-weight: 400;\"> oferuje badania ilo\u015bciowe, jako\u015bciowe i strategiczne. Dostarczamy dane, narz\u0119dzia, strategie, raporty i spostrze\u017cenia do podejmowania decyzji. Prowadzimy r\u00f3wnie\u017c wywiady, ankiety, grupy fokusowe i inne metody i podej\u015bcia do bada\u0144 rynku.<\/span><a href=\"https:\/\/www.sisinternational.com\/pl\/o-moich-miedzynarodowych-badaniach\/contact-sis-international-market-research\/\"><span style=\"font-weight: 400;\"> Skontaktuj si\u0119 z nami<\/span><\/a><span style=\"font-weight: 400;\"> dla Twojego kolejnego projektu badania rynku.<\/span><\/p>\n\n\n\n<p><\/p>","protected":false},"excerpt":{"rendered":"<p>Dowiedz si\u0119, jak rozwin\u0105\u0107 swoj\u0105 organizacj\u0119 dzi\u0119ki badaniom rynku w Pakistanie.<\/p>","protected":false},"author":1,"featured_media":65580,"parent":14508,"menu_order":31,"comment_status":"closed","ping_status":"closed","template":"","meta":{"footnotes":""},"class_list":["post-38438","page","type-page","status-publish","has-post-thumbnail"],"_links":{"self":[{"href":"https:\/\/www.sisinternational.com\/pl\/wp-json\/wp\/v2\/pages\/38438","targetHints":{"allow":["GET"]}}],"collection":[{"href":"https:\/\/www.sisinternational.com\/pl\/wp-json\/wp\/v2\/pages"}],"about":[{"href":"https:\/\/www.sisinternational.com\/pl\/wp-json\/wp\/v2\/types\/page"}],"author":[{"embeddable":true,"href":"https:\/\/www.sisinternational.com\/pl\/wp-json\/wp\/v2\/users\/1"}],"replies":[{"embeddable":true,"href":"https:\/\/www.sisinternational.com\/pl\/wp-json\/wp\/v2\/comments?post=38438"}],"version-history":[{"count":5,"href":"https:\/\/www.sisinternational.com\/pl\/wp-json\/wp\/v2\/pages\/38438\/revisions"}],"predecessor-version":[{"id":77993,"href":"https:\/\/www.sisinternational.com\/pl\/wp-json\/wp\/v2\/pages\/38438\/revisions\/77993"}],"up":[{"embeddable":true,"href":"https:\/\/www.sisinternational.com\/pl\/wp-json\/wp\/v2\/pages\/14508"}],"wp:featuredmedia":[{"embeddable":true,"href":"https:\/\/www.sisinternational.com\/pl\/wp-json\/wp\/v2\/media\/65580"}],"wp:attachment":[{"href":"https:\/\/www.sisinternational.com\/pl\/wp-json\/wp\/v2\/media?parent=38438"}],"curies":[{"name":"wp","href":"https:\/\/api.w.org\/{rel}","templated":true}]}}