{"id":38073,"date":"2021-07-16T03:12:42","date_gmt":"2021-07-16T03:12:42","guid":{"rendered":"https:\/\/www.sisinternational.com\/?page_id=38073"},"modified":"2026-01-24T20:50:46","modified_gmt":"2026-01-25T01:50:46","slug":"market-research-in-somalia-africa","status":"publish","type":"page","link":"https:\/\/www.sisinternational.com\/pl\/zasieg\/badania-rynku-afryka\/market-research-in-somalia-africa\/","title":{"rendered":"Badania rynku w Somalii, Afryka"},"content":{"rendered":"<h1 class=\"wp-block-heading\">Badania rynku w Somalii, Afryka<\/h1>\n\n\n\n<figure class=\"gb-block-image gb-block-image-123a9767\"><img loading=\"lazy\" decoding=\"async\" width=\"1456\" height=\"816\" class=\"gb-image gb-image-123a9767\" src=\"https:\/\/www.sisinternational.com\/wp-content\/uploads\/2025\/08\/Somalia-3.jpg\" alt=\"SIS Mi\u0119dzynarodowe badania rynku i strategia\" title=\"Somalia, (3)\" srcset=\"https:\/\/www.sisinternational.com\/wp-content\/uploads\/2025\/08\/Somalia-3.jpg 1456w, https:\/\/www.sisinternational.com\/wp-content\/uploads\/2025\/08\/Somalia-3-300x168.jpg 300w, https:\/\/www.sisinternational.com\/wp-content\/uploads\/2025\/08\/Somalia-3-1024x574.jpg 1024w, https:\/\/www.sisinternational.com\/wp-content\/uploads\/2025\/08\/Somalia-3-768x430.jpg 768w, https:\/\/www.sisinternational.com\/wp-content\/uploads\/2025\/08\/Somalia-3-18x10.jpg 18w\" sizes=\"auto, (max-width: 1456px) 100vw, 1456px\"><\/figure>\n\n\n\n<p><\/p>\n\n\n\n<p>Somalia is an East African country that wraps around the Horn of Africa. As can be seen on the map, this pointy headland on the African continent stretches out into the Indian Ocean.<\/p>\n\n\n\n<p>The country is flat and dry, with desert-like conditions. Many Somali people are still nomadic or semi-nomadic. As a result, they move from place to place, seeking arable land to raise cattle, camels, goats, and sheep. On the other hand, many Somalis are farmers.<\/p>\n\n\n\n<p>This country has a long history influenced by both Africa and Arabia. It has one ethnic group, the Somali, but other empires ruled too. Italy and Britain were the last governing powers, arriving in the 1800 and 1900s. When these colonies merged, it caused lots of rivalry and disputes. Due to this, civil war broke out in 1991. Since then, there has been no actual central government.<\/p>\n\n\n\n<h2 class=\"wp-block-heading\">Kluczowe bran\u017ce<\/h2>\n\n\n\n<p>The key exports are livestock, fish, and produce.<\/p>\n\n\n\n<p>The economy is informal and runs without government mandate or checks. It\u2019s also not taxed. In fact, a federal government body manages the country, assisted by different agencies.<\/p>\n\n\n\n<p>This shaky governance and corruption jeopardize the progress of the country. Still, the economy is buoyant, and growing thanks to foreign companies. These overseas <a href=\"https:\/\/www.sisinternational.com\/pl\/ekspertyza\/branze\/healthcare-market-research-solutions\/\" title=\"Firma badawcza rynku opieki zdrowotnej\"  data-wpil-monitor-id=\"11136\">firms<\/a> run outlets in the local Somali market. What\u2019s more, they control these outlets remotely from more developed countries. Thus, they have access to resources like banks and a skilled workforce. They also get stable legal frameworks.<\/p>\n\n\n\n<h2 class=\"wp-block-heading\">Osiedla<\/h2>\n\n\n\n<p>Mogadishu is an important port city on the <a href=\"https:\/\/www.sisinternational.com\/pl\/zasieg\/badania-rynku-afryka\/badania-rynku-na-mauritiusie-afryka\/\" title=\"Market Research in Mauritius \u2014 Island off Africa&#8217;s East Coast\"  data-wpil-monitor-id=\"11132\">East African coast<\/a>. Known to locals as \u201cXamar\u201d or \u201cHamar,\u201d it is the capital city. Somali and Arabic are the official languages. Yet, it is common to hear Swahili, English, and Italian in its busy streets. The city is lively, with many street markets, cafes, and grocery stores. It is a peaceful city, and locals feel safe shopping and living there.<\/p>\n\n\n\n<p>People have lived and traded in this country for thousands of years. As a matter of fact, you can see the history in the cave art. Enjoy this art in places like the ancient Laas Geel cave complex, which shows the rich and early culture of the north coast region. Primeval pyramids called \u201ctaalo\u201d also dot the landscape. These were once burial structures.<\/p>\n\n\n\n<h2 class=\"wp-block-heading\">Trendy<\/h2>\n\n\n\n<p>Foreign firms are eager to invest in this country. It has reserves of natural resources, such as uranium, iron ore, and natural gas. Foreign mining companies are seeking uranium deposits. The deposits in this country may be the largest in the world. So, this sector offers the chance for business growth for the country.<\/p>\n\n\n\n<p>Another key point is that&nbsp;Arab countries are investing in livestock infrastructure.&nbsp;For instance, countries like the <a href=\"https:\/\/www.sisinternational.com\/pl\/zasieg\/badania-rynku-bliski-wschod\/market-research-in-uae-united-arab-emirates\/\" title=\"Badania rynku w Zjednoczonych Emiratach Arabskich\"  data-wpil-monitor-id=\"11130\">Emiraty Arabskie<\/a> are purchasing large farms. These countries have a long history of trading with their African neighbors. They remain hopeful about the future growth Somalia promises.<\/p>\n\n\n\n<p>Global trade is also on the rise, and the Somali business class is making an input to the rapidly growing economy.<\/p>\n\n\n\n<p>The widespread violence and starvation in the 1990s pushed many to become refugees.\u00a0More than a million Somali people have fled the country since 1991.\u00a0They left to find a better life in other countries.\u00a0As a result, the country now has a large diaspora, which takes an interest in its progress. The diaspora and the private sector are the lifelines of the nation.<\/p>\n\n\n\n<h2 class=\"wp-block-heading\">Benefits and Strengths<\/h2>\n\n\n\n<p>Somalia is near the Arab Peninsula, and traders on both sides of the Persian Gulf take <a href=\"https:\/\/www.sisinternational.com\/pl\/ekspertyza\/branze\/turystyka-podroznicza\/advantage-nyc-jako-rynek-testowy-dla-podrozy\/\" title=\"Strategiczna zaleta wykorzystania Nowego Jorku jako rynku testowego dla podr\u00f3\u017cy i turystyki\"  data-wpil-monitor-id=\"11133\">advantage of this strategic<\/a> spot. Animals are one of the biggest exports, and they go to the Middle East. Somali livestock is of high quality and sells at a great price.<\/p>\n\n\n\n<h2 class=\"wp-block-heading\">Baza konsument\u00f3w<\/h2>\n\n\n\n<p>Nomadic clans make up a large part of the populace. Their lifestyle is very off-the-grid. They don\u2019t have access to things like banking services and savings accounts. Instead, most money transactions happen via phone.<\/p>\n\n\n\n<p>Somalis depend on funds sent from abroad as part of their income. In fact, many Somalis live below the poverty line.<\/p>\n\n\n\n<h2 class=\"wp-block-heading\">Reasons to Grow Your Business in Somalia<\/h2>\n\n\n\n<p>The country\u2019s economy is growing stronger. As it expands in the cities, more companies are opening. But, be warned: doing <a href=\"https:\/\/www.sisinternational.com\/pl\/walentynki-jak-twoja-firma-moze-poczuc-milosc\/\" title=\"Valentine&#8217;s Day Market Research:  How Your Business Can Feel The Love\"  data-wpil-monitor-id=\"11135\">business will feel<\/a> odd without government oversight. In fact, investors form part of the informal economy.<\/p>\n\n\n\n<h2 class=\"wp-block-heading\">About Market Research in Somalia<\/h2>\n\n\n\n<p>There\u2019s nothing like knowing exactly who your customers are. That\u2019s why we provide <a href=\"https:\/\/www.sisinternational.com\/pl\/badania-rynku-w-afryce\/\" title=\"Badania rynku w Afryce\"  data-wpil-monitor-id=\"2926\">market strategy research<\/a> in Somalia. Our <a href=\"https:\/\/www.sisinternational.com\/pl\/rozwiazania\/rozwiazania-w-zakresie-badan-jakosciowych-i-ilosciowych\/\">Qualitative and Quantitative Research<\/a> delivers the data you need. We help you to expand your business. You can also use our Focus Groups to learn about opportunities in Somalia.<\/p>\n\n\n\n<p>We also use interviews and surveys. These tools help you pinpoint the right place and time for <a href=\"https:\/\/www.sisinternational.com\/pl\/rozwiazania\/doradztwo-strategiczne\/badanie-mozliwosci-wejscia-na-rynek\/the-effectiveness-of-product-testing-in-nyc-for-entering-the-american-market\/\" title=\"The Effectiveness of Product testing in NYC for Entering the American Market\"  data-wpil-monitor-id=\"11134\">entering the market<\/a>. <a href=\"https:\/\/www.sisinternational.com\/pl\/ekspertyza\/cv-z-doswiadczeniem\/badania-marki\/\" title=\"Firma badawcza marki\"  data-wpil-monitor-id=\"11131\">Companies can grow with the right research<\/a> team. Contact us today to get started with your Somali investment.<\/p>\n\n\n\n<p><\/p>","protected":false},"excerpt":{"rendered":"<p>Badania rynku w Somalii; nasze badania jako\u015bciowe i ilo\u015bciowe dostarczaj\u0105 danych, kt\u00f3rych potrzebujesz. Pomagamy Ci rozwija\u0107 Tw\u00f3j biznes.<\/p>","protected":false},"author":1,"featured_media":65220,"parent":14281,"menu_order":42,"comment_status":"closed","ping_status":"closed","template":"","meta":{"footnotes":""},"class_list":["post-38073","page","type-page","status-publish","has-post-thumbnail"],"_links":{"self":[{"href":"https:\/\/www.sisinternational.com\/pl\/wp-json\/wp\/v2\/pages\/38073","targetHints":{"allow":["GET"]}}],"collection":[{"href":"https:\/\/www.sisinternational.com\/pl\/wp-json\/wp\/v2\/pages"}],"about":[{"href":"https:\/\/www.sisinternational.com\/pl\/wp-json\/wp\/v2\/types\/page"}],"author":[{"embeddable":true,"href":"https:\/\/www.sisinternational.com\/pl\/wp-json\/wp\/v2\/users\/1"}],"replies":[{"embeddable":true,"href":"https:\/\/www.sisinternational.com\/pl\/wp-json\/wp\/v2\/comments?post=38073"}],"version-history":[{"count":6,"href":"https:\/\/www.sisinternational.com\/pl\/wp-json\/wp\/v2\/pages\/38073\/revisions"}],"predecessor-version":[{"id":81819,"href":"https:\/\/www.sisinternational.com\/pl\/wp-json\/wp\/v2\/pages\/38073\/revisions\/81819"}],"up":[{"embeddable":true,"href":"https:\/\/www.sisinternational.com\/pl\/wp-json\/wp\/v2\/pages\/14281"}],"wp:featuredmedia":[{"embeddable":true,"href":"https:\/\/www.sisinternational.com\/pl\/wp-json\/wp\/v2\/media\/65220"}],"wp:attachment":[{"href":"https:\/\/www.sisinternational.com\/pl\/wp-json\/wp\/v2\/media?parent=38073"}],"curies":[{"name":"wp","href":"https:\/\/api.w.org\/{rel}","templated":true}]}}