{"id":38071,"date":"2021-07-16T03:06:23","date_gmt":"2021-07-16T03:06:23","guid":{"rendered":"https:\/\/www.sisinternational.com\/?page_id=38071"},"modified":"2025-09-14T18:37:39","modified_gmt":"2025-09-14T22:37:39","slug":"badania-rynku-w-sierra-leone-afryka","status":"publish","type":"page","link":"https:\/\/www.sisinternational.com\/pl\/zasieg\/badania-rynku-afryka\/badania-rynku-w-sierra-leone-afryka\/","title":{"rendered":"Badania rynku w Sierra Leone, Afryka"},"content":{"rendered":"<h1 class=\"wp-block-heading\">Badania rynku w Sierra Leone, Afryka<\/h1>\n\n\n\n<figure class=\"gb-block-image gb-block-image-d0617c66\"><img loading=\"lazy\" decoding=\"async\" width=\"1456\" height=\"816\" class=\"gb-image gb-image-d0617c66\" src=\"https:\/\/www.sisinternational.com\/wp-content\/uploads\/2025\/08\/Sierra-Leone-1.jpg\" alt=\"SIS Mi\u0119dzynarodowe badania rynku i strategia\" title=\"Sierra Leone, (1)\" srcset=\"https:\/\/www.sisinternational.com\/wp-content\/uploads\/2025\/08\/Sierra-Leone-1.jpg 1456w, https:\/\/www.sisinternational.com\/wp-content\/uploads\/2025\/08\/Sierra-Leone-1-300x168.jpg 300w, https:\/\/www.sisinternational.com\/wp-content\/uploads\/2025\/08\/Sierra-Leone-1-1024x574.jpg 1024w, https:\/\/www.sisinternational.com\/wp-content\/uploads\/2025\/08\/Sierra-Leone-1-768x430.jpg 768w, https:\/\/www.sisinternational.com\/wp-content\/uploads\/2025\/08\/Sierra-Leone-1-18x10.jpg 18w\" sizes=\"auto, (max-width: 1456px) 100vw, 1456px\"><\/figure>\n\n\n\n<p><\/p>\n\n\n\n<p>Sierra Leone to kraj Afryki Zachodniej. W ostatnich latach kraj ten zmaga\u0142 si\u0119 z wieloma problemami. W latach 1991\u20132002 toczy\u0142a si\u0119 tam wojna domowa. Na podstawie tej wojny domowej powsta\u0142 film Blood Diamond z 2006 r. Ebola r\u00f3wnie\u017c spustoszy\u0142a kraj w 2014 r., zabijaj\u0105c 11 000 os\u00f3b. Kraj zacz\u0105\u0142 si\u0119 odradza\u0107, ale COVID-19 go spowalnia. Dlaczego wi\u0119c warto zainwestowa\u0107 w Sierra Leone? Czytaj dalej, aby si\u0119 dowiedzie\u0107.<\/p>\n\n\n\n<h2 class=\"wp-block-heading\">Kluczowe bran\u017ce<\/h2>\n\n\n\n<p>Sierra Leone is one of the world\u2019s main suppliers of titanium. Diamond mining is also a source of income.&nbsp;Both industries provide jobs and boost tax revenues.<\/p>\n\n\n\n<p>Sierra Leone ma \u017cyzn\u0105 ziemi\u0119, a rolnictwo jest kolejnym wa\u017cnym \u017ar\u00f3d\u0142em dochodu. Partnerami handlowymi kraju s\u0105 Stany Zjednoczone, Belgia, Holandia i Francja. G\u0142\u00f3wnymi produktami eksportowymi s\u0105 kawa i kakao.<\/p>\n\n\n\n<p>Sierra Leone produkuje r\u00f3wnie\u017c drewno na eksport. Ponadto kraj eksportuje ryby. Ten przemys\u0142 tworzy miejsca pracy poprzez budow\u0119 \u0142odzi, sprzeda\u017c ryb i marketing.<\/p>\n\n\n\n<p>Sektory turystyki i produkcji r\u00f3wnie\u017c odnotowuj\u0105 wzrost.<\/p>\n\n\n\n<h2 class=\"wp-block-heading\">Osiedla<\/h2>\n\n\n\n<p>Freetown jest stolic\u0105 Sierra Leone. G\u0142\u0119bokowodny port w tym mie\u015bcie jest jednym z najwi\u0119kszych na \u015bwiecie. Freetown s\u0142ynie r\u00f3wnie\u017c z ogromnego drzewa bawe\u0142ny jedwabnej w centrum miasta. Drzewo jest symbolem wolno\u015bci.<\/p>\n\n\n\n<p>Sierra Leone Museum to kolejna atrakcja. W muzeum znajduje si\u0119 kilka artefakt\u00f3w. Przyk\u0142adami s\u0105 Ruiter Stone i oryginalny b\u0119ben Bai Bureh.<\/p>\n\n\n\n<h2 class=\"wp-block-heading\">Trendy<\/h2>\n\n\n\n<p>Sierra Leone\u2019s <a href=\"https:\/\/www.sisinternational.com\/pl\/ekspertyza\/branze\/oil-and-gas-market-research\/\" title=\"Badania rynku ropy naftowej i gazu\"  data-wpil-monitor-id=\"8649\">oil and gas<\/a> sector is still in the research stage. The government hopes to attract investments in this sector. But first, it needs to find deposits.<\/p>\n\n\n\n<h2 class=\"wp-block-heading\">Korzy\u015bci i mocne strony na rynku<\/h2>\n\n\n\n<p>Sierra Leone wci\u0105\u017c zmaga si\u0119 ze skutkami COVID-19. Co wi\u0119cej, kraj ten nie otrz\u0105sn\u0105\u0142 si\u0119 jeszcze po wybuchu wirusa Ebola.<\/p>\n\n\n\n<p>Still, the government is looking for <a href=\"https:\/\/www.sisinternational.com\/pl\/customer-satisfaction-analysis\/\" title=\"8 sposob\u00f3w na zwi\u0119kszenie satysfakcji klienta w handlu detalicznym\"  data-wpil-monitor-id=\"8650\">ways to boost<\/a> the economy. One of these avenues is organic farming. It is also looking at eco-tourism and renewable energy. Sierra Leone is aiming to become Africa\u2019s first Zero-Carbon middle economy.<\/p>\n\n\n\n<h2 class=\"wp-block-heading\">Baza konsument\u00f3w<\/h2>\n\n\n\n<p>Sierra Leone\u2019s economy has matured over the years. At heart, farming employs many working people. Many of the people are tenant farmers. Despite its profits, the economy is in trouble. For example, there is a high rate of unemployed youths.&nbsp;Still, the country is now stable and the climate is right for investors.<\/p>\n\n\n\n<h2 class=\"wp-block-heading\">Powody, dla kt\u00f3rych warto rozwija\u0107 sw\u00f3j biznes na rynku<\/h2>\n\n\n\n<p>Dlaczego wi\u0119c inwestowa\u0107 w Sierra Leone? Po pierwsze, rynek oferuje inwestorom wiele opcji. Na przyk\u0142ad, istnieje zwi\u0119kszony globalny popyt na z\u0142o\u017ca mineralne. Sierra Leone ma ogromne z\u0142o\u017ca boksyt\u00f3w i diament\u00f3w. Posiada r\u00f3wnie\u017c z\u0142oto, platyn\u0119, koltan i inne zasoby naturalne. Dlatego oferuje pi\u0119\u0107 rodzaj\u00f3w licencji zagranicznym firmom na wydobywanie tych minera\u0142\u00f3w.<\/p>\n\n\n\n<p>Kraj promuje r\u00f3wnie\u017c rolnictwo i dzia\u0142alno\u015b\u0107 na ma\u0142\u0105 skal\u0119. Obni\u017cone stopy procentowe sprawiaj\u0105, \u017ce sektory te staj\u0105 si\u0119 bardziej atrakcyjne. Ponadto rz\u0105d Sierra Leone stara si\u0119 przyci\u0105gn\u0105\u0107 innych inwestor\u00f3w. Na przyk\u0142ad stara si\u0119 o\u017cywi\u0107 gospodark\u0119 poprzez inwestycje w turystyk\u0119. Dlatego potencjalni inwestorzy powinni zbada\u0107 sektor turystyczny.<\/p>\n\n\n\n<h2 class=\"wp-block-heading\">O badaniach rynkowych w Sierra Leone<\/h2>\n\n\n\n<p>Ludzie w Sierra Leone zmagaj\u0105 si\u0119 z ub\u00f3stwem. Tylko nieliczni s\u0105 bogaci lub maj\u0105 \u015brednie dochody. Ponadto kraj nie jest dobrze rozwini\u0119ty.<\/p>\n\n\n\n<p>That\u2019s why we provide <a href=\"https:\/\/www.sisinternational.com\/pl\/how-to-design-effective-surveys-for-quantitative-research\/\" title=\"How to Design Effective Surveys for Quantitative Research\"  data-wpil-monitor-id=\"8648\">Quantitative and Qualitative Research<\/a> services. We also offer surveys, interviews, and focus groups. These tools can help you decide if investing in <a href=\"https:\/\/statehouse.gov.sl\" target=\"_blank\" rel=\"noopener\">Sierra Leone<\/a> jest dla Ciebie w\u0142a\u015bciwym rozwi\u0105zaniem.<\/p>\n\n\n\n<p>Oferujemy r\u00f3wnie\u017c <a href=\"https:\/\/www.sisinternational.com\/pl\/rozwiazania\/doradztwo-strategiczne\/how-strategy-research-can-boost-your-performance\/\">Badania strategiczne<\/a>Ten kluczowy rodzaj bada\u0144 podpowiada inwestorowi, co sprawdzi si\u0119 najlepiej w Sierra Leone<\/p>\n\n\n\n<p>Czy rozwa\u017casz inwestycj\u0119 w Sierra Leone?<\/p>\n\n\n\n<p><\/p>","protected":false},"excerpt":{"rendered":"<p>Badania rynku w Sierra Leone; ankiety, wywiady, grupy fokusowe. Te narz\u0119dzia mog\u0105 pom\u00f3c Ci zdecydowa\u0107, czy inwestowanie jest dla Ciebie w\u0142a\u015bciwym ruchem.<\/p>","protected":false},"author":1,"featured_media":65215,"parent":14281,"menu_order":41,"comment_status":"closed","ping_status":"closed","template":"","meta":{"_uag_custom_page_level_css":"","footnotes":""},"class_list":["post-38071","page","type-page","status-publish","has-post-thumbnail"],"uagb_featured_image_src":{"full":["https:\/\/www.sisinternational.com\/wp-content\/uploads\/2025\/08\/Sierra-Leone-1.jpg",1456,816,false],"thumbnail":["https:\/\/www.sisinternational.com\/wp-content\/uploads\/2025\/08\/Sierra-Leone-1-150x150.jpg",150,150,true],"medium":["https:\/\/www.sisinternational.com\/wp-content\/uploads\/2025\/08\/Sierra-Leone-1-300x168.jpg",300,168,true],"medium_large":["https:\/\/www.sisinternational.com\/wp-content\/uploads\/2025\/08\/Sierra-Leone-1-768x430.jpg",768,430,true],"large":["https:\/\/www.sisinternational.com\/wp-content\/uploads\/2025\/08\/Sierra-Leone-1-1024x574.jpg",1024,574,true],"1536x1536":["https:\/\/www.sisinternational.com\/wp-content\/uploads\/2025\/08\/Sierra-Leone-1.jpg",1456,816,false],"2048x2048":["https:\/\/www.sisinternational.com\/wp-content\/uploads\/2025\/08\/Sierra-Leone-1.jpg",1456,816,false],"trp-custom-language-flag":["https:\/\/www.sisinternational.com\/wp-content\/uploads\/2025\/08\/Sierra-Leone-1-18x10.jpg",18,10,true]},"uagb_author_info":{"display_name":"Ruth Stanat","author_link":"https:\/\/www.sisinternational.com\/pl\/author\/expert\/"},"uagb_comment_info":0,"uagb_excerpt":"Market Research in Sierra Leone; surveys, interviews, focus groups. These tools can help you decide if investing is the right move for you.","_links":{"self":[{"href":"https:\/\/www.sisinternational.com\/pl\/wp-json\/wp\/v2\/pages\/38071","targetHints":{"allow":["GET"]}}],"collection":[{"href":"https:\/\/www.sisinternational.com\/pl\/wp-json\/wp\/v2\/pages"}],"about":[{"href":"https:\/\/www.sisinternational.com\/pl\/wp-json\/wp\/v2\/types\/page"}],"author":[{"embeddable":true,"href":"https:\/\/www.sisinternational.com\/pl\/wp-json\/wp\/v2\/users\/1"}],"replies":[{"embeddable":true,"href":"https:\/\/www.sisinternational.com\/pl\/wp-json\/wp\/v2\/comments?post=38071"}],"version-history":[{"count":5,"href":"https:\/\/www.sisinternational.com\/pl\/wp-json\/wp\/v2\/pages\/38071\/revisions"}],"predecessor-version":[{"id":81451,"href":"https:\/\/www.sisinternational.com\/pl\/wp-json\/wp\/v2\/pages\/38071\/revisions\/81451"}],"up":[{"embeddable":true,"href":"https:\/\/www.sisinternational.com\/pl\/wp-json\/wp\/v2\/pages\/14281"}],"wp:featuredmedia":[{"embeddable":true,"href":"https:\/\/www.sisinternational.com\/pl\/wp-json\/wp\/v2\/media\/65215"}],"wp:attachment":[{"href":"https:\/\/www.sisinternational.com\/pl\/wp-json\/wp\/v2\/media?parent=38071"}],"curies":[{"name":"wp","href":"https:\/\/api.w.org\/{rel}","templated":true}]}}