{"id":38069,"date":"2021-07-16T02:56:20","date_gmt":"2021-07-16T02:56:20","guid":{"rendered":"https:\/\/www.sisinternational.com\/?page_id=38069"},"modified":"2026-01-24T20:50:47","modified_gmt":"2026-01-25T01:50:47","slug":"market-research-in-seychelles-africa","status":"publish","type":"page","link":"https:\/\/www.sisinternational.com\/pl\/zasieg\/badania-rynku-afryka\/market-research-in-seychelles-africa\/","title":{"rendered":"Badania rynku na Seszelach, Afryka"},"content":{"rendered":"<h1 class=\"wp-block-heading\">Badania rynku na Seszelach, Afryka<\/h1>\n\n\n\n<figure class=\"gb-block-image gb-block-image-2e2a6b72\"><img loading=\"lazy\" decoding=\"async\" width=\"1456\" height=\"816\" class=\"gb-image gb-image-2e2a6b72\" src=\"https:\/\/www.sisinternational.com\/wp-content\/uploads\/2025\/08\/Seychelles-4.jpg\" alt=\"SIS Mi\u0119dzynarodowe badania rynku i strategia\" title=\"Seychelles, (4)\" srcset=\"https:\/\/www.sisinternational.com\/wp-content\/uploads\/2025\/08\/Seychelles-4.jpg 1456w, https:\/\/www.sisinternational.com\/wp-content\/uploads\/2025\/08\/Seychelles-4-300x168.jpg 300w, https:\/\/www.sisinternational.com\/wp-content\/uploads\/2025\/08\/Seychelles-4-1024x574.jpg 1024w, https:\/\/www.sisinternational.com\/wp-content\/uploads\/2025\/08\/Seychelles-4-768x430.jpg 768w, https:\/\/www.sisinternational.com\/wp-content\/uploads\/2025\/08\/Seychelles-4-18x10.jpg 18w\" sizes=\"auto, (max-width: 1456px) 100vw, 1456px\"><\/figure>\n\n\n\n<p><\/p>\n\n\n\n<p>Seychelles is a beautiful 115-island country. It\u2019s located in the Somali Sea off the coasts of Kenya and Madagascar. Despite being an island nation, Seychelles is a member of the African Union.<\/p>\n\n\n\n<h2 class=\"wp-block-heading\">Kluczowe bran\u017ce<\/h2>\n\n\n\n<p>Seychelles used to be agrarian. It is now a thriving tourism-based country. In fact, tourism provides most of the country\u2019s revenue. As a result, Seychelles has the highest nominal per capita GDP in Africa.<\/p>\n\n\n\n<p>The tourism sector is also a large employer. In addition, it adds to total foreign earnings. Most of the tourists come from Europe.<\/p>\n\n\n\n<p>The fishing <a href=\"https:\/\/www.sisinternational.com\/pl\/ekspertyza\/branze\/badania-rynku-przemyslowego\/\" title=\"Badania i Strategia Rynku Przemys\u0142owego\"  data-wpil-monitor-id=\"11262\">industry supplies both local and foreign markets<\/a>. Another benefit of this <a href=\"https:\/\/www.sisinternational.com\/pl\/rozwiazania\/badania-rynku-przemyslu-spozywczego-i-napojow\/\" title=\"Badania rynku bran\u017cy spo\u017cywczej i napoj\u00f3w\"  data-wpil-monitor-id=\"11265\">industry is that it boosts food<\/a> security. In addition, it provides income. Seychelles exports high-quality fish to Europe, Japan, France, and Germany. It also targets countries like the United Kingdom and Mauritius.<\/p>\n\n\n\n<p>The government of Seychelles is trying to reduce food imports. Still, agriculture accounts for only a fraction of the country\u2019s Gross Domestic Product.<\/p>\n\n\n\n<p>The manufacturing sector of the country is also growing. This sector has several food processing plants. In addition, Seychelles has chemical and furniture making industries.<\/p>\n\n\n\n<h2 class=\"wp-block-heading\">Osiedla<\/h2>\n\n\n\n<p>Victoria is the capital of Seychelles. It is on the northeastern <a href=\"https:\/\/www.sisinternational.com\/pl\/zasieg\/badania-rynku-afryka\/badania-rynku-na-mauritiusie-afryka\/\" title=\"Market Research in Mauritius \u2014 Island off Africa&#8217;s East Coast\"  data-wpil-monitor-id=\"11266\">coast of Mahe Island<\/a>. Since it is the country\u2019s only port, all exports leave from there.<\/p>\n\n\n\n<p>The capital is also the seat of the national government. The State House, which is the Office of the President, is also in the capital. In addition, the capital is the nation\u2019s cultural business center. One of its landmarks is the Clock Tower. This tower has stood the test of time, ticking since 1903.<\/p>\n\n\n\n<p>Anse Boileau is another district on the west coast of Mahe. This beautiful spot is at the foot of a mountain. It has an array of streams, mini-forests, creeks, and ponds. Anse Boileau houses a police station, grocery stores, and shops. The beach is easy to access by vehicle or foot. It is also suitable for swimming and snorkeling thanks to its small waves and shallow waters. Visitors can also enjoy lovely sunsets.<\/p>\n\n\n\n<h2 class=\"wp-block-heading\">Trendy<\/h2>\n\n\n\n<p>Managing the COVID-19 virus remains a prime concern. In fact, the government gives extra funding to the sectors which need it most.<\/p>\n\n\n\n<p>Budget spending has shifted towards:<\/p>\n\n\n\n<ol class=\"wp-block-list\">\n<li>Healthcare to contain and combat the virus<\/li>\n\n\n\n<li>Food security during the crisis<\/li>\n\n\n\n<li>Ensuring that private-sector employees keep their jobs and get paid<\/li>\n\n\n\n<li>Social protection to ensure the safety of those most at risk<\/li>\n\n\n\n<li>More measures to prevent crime during the downturn<\/li>\n\n\n\n<li>Investments to support growth<\/li>\n<\/ol>\n\n\n\n<h2 class=\"wp-block-heading\">Benefits and Strengths in the Seychelles Market<\/h2>\n\n\n\n<p>The pandemic caused growth to decline due to reduced tourism.<\/p>\n\n\n\n<p>On the other hand, the fishing industry continues to do well. Thus, Seychelles can survive. The industry has three main components. They are:<\/p>\n\n\n\n<ol class=\"wp-block-list\">\n<li>The artisanal fisheries, done by local fishers using small motorboats.<\/li>\n\n\n\n<li>The semi-industrial fisheries, also owned by locals. They fish in the open seas, using long lines.<\/li>\n\n\n\n<li>The industrial fisheries, made up mainly of foreign-owned fleets. This is the backbone of the fishing industry and it targets tuna species.<\/li>\n<\/ol>\n\n\n\n<h2 class=\"wp-block-heading\">Baza konsument\u00f3w<\/h2>\n\n\n\n<p>Despite the growth in Seychelles, poverty is still widespread.&nbsp;This is due to unequal wealth distribution among its population.<\/p>\n\n\n\n<h2 class=\"wp-block-heading\">Reasons to Grow Your Business in the Seychelles Market<\/h2>\n\n\n\n<p>The government is putting several measures in place to support local farmers and fishers. It is assisting them in the production of meat, vegetables, and fish.<\/p>\n\n\n\n<p>Seychelles\u2019 borders remain closed. In fact, we\u2019ve seen that the tourism sector is in a slump. Thus, the country needs to branch out. It needs to reduce its over-dependence on the tourism sector. In doing so, the government must also preserve its people\u2019s standards of living. It also has to remain stable.<\/p>\n\n\n\n<p>That\u2019s why it\u2019s important to attract new investors. Once a business starts <a href=\"https:\/\/www.sisinternational.com\/pl\/ekspertyza\/cv-z-doswiadczeniem\/badania-rynku-produktow-do-pielegnacji-osobistej\/\" title=\"Badania rynku produkt\u00f3w do piel\u0119gnacji osobistej\"  data-wpil-monitor-id=\"11263\">marketing its products<\/a> it can boost the growth of the country.<\/p>\n\n\n\n<h2 class=\"wp-block-heading\">About Market Research in Seychelles<\/h2>\n\n\n\n<p>Focus groups play a crucial role in protecting investors. That\u2019s why it\u2019s important to conduct surveys on the country. Such <a href=\"https:\/\/www.sisinternational.com\/pl\/badania-rynku-w-afryce\/\" title=\"Badania rynku w Afryce\"  data-wpil-monitor-id=\"2929\">research is necessary to understand the market<\/a>. <a href=\"https:\/\/www.sisinternational.com\/pl\/rozwiazania\/rozwiazania-w-zakresie-badan-jakosciowych-i-ilosciowych\/rekrutacja-do-badan-jakosciowych\/\" title=\"Rekrutacja do bada\u0144 jako\u015bciowych\"  data-wpil-monitor-id=\"11264\">Qualitative and Quantitative research<\/a> will also help business owners. Investors can determine if investing in Seychelles will benefit them.<\/p>\n\n\n\n<p><a href=\"https:\/\/www.sisinternational.com\/pl\/rozwiazania\/doradztwo-strategiczne\/how-strategy-research-can-boost-your-performance\/\">Strategy research<\/a> is also essential.&nbsp;It tells the investor what will work best in Seychelles.<\/p>\n\n\n\n<p>Are you thinking of investing in Seychelles? We are happy to provide your Market Research. We want to help you decide. Contact us now!<\/p>\n\n\n\n<p><\/p>","protected":false},"excerpt":{"rendered":"<p>Badania rynku na Seszelach; my\u015blisz o inwestowaniu? Ch\u0119tnie dostarczymy Ci badania rynku. Chcemy pom\u00f3c Ci podj\u0105\u0107 decyzj\u0119.<\/p>","protected":false},"author":1,"featured_media":65214,"parent":14281,"menu_order":40,"comment_status":"closed","ping_status":"closed","template":"","meta":{"footnotes":""},"class_list":["post-38069","page","type-page","status-publish","has-post-thumbnail"],"_links":{"self":[{"href":"https:\/\/www.sisinternational.com\/pl\/wp-json\/wp\/v2\/pages\/38069","targetHints":{"allow":["GET"]}}],"collection":[{"href":"https:\/\/www.sisinternational.com\/pl\/wp-json\/wp\/v2\/pages"}],"about":[{"href":"https:\/\/www.sisinternational.com\/pl\/wp-json\/wp\/v2\/types\/page"}],"author":[{"embeddable":true,"href":"https:\/\/www.sisinternational.com\/pl\/wp-json\/wp\/v2\/users\/1"}],"replies":[{"embeddable":true,"href":"https:\/\/www.sisinternational.com\/pl\/wp-json\/wp\/v2\/comments?post=38069"}],"version-history":[{"count":6,"href":"https:\/\/www.sisinternational.com\/pl\/wp-json\/wp\/v2\/pages\/38069\/revisions"}],"predecessor-version":[{"id":81837,"href":"https:\/\/www.sisinternational.com\/pl\/wp-json\/wp\/v2\/pages\/38069\/revisions\/81837"}],"up":[{"embeddable":true,"href":"https:\/\/www.sisinternational.com\/pl\/wp-json\/wp\/v2\/pages\/14281"}],"wp:featuredmedia":[{"embeddable":true,"href":"https:\/\/www.sisinternational.com\/pl\/wp-json\/wp\/v2\/media\/65214"}],"wp:attachment":[{"href":"https:\/\/www.sisinternational.com\/pl\/wp-json\/wp\/v2\/media?parent=38069"}],"curies":[{"name":"wp","href":"https:\/\/api.w.org\/{rel}","templated":true}]}}