{"id":37919,"date":"2021-06-25T09:37:20","date_gmt":"2021-06-25T09:37:20","guid":{"rendered":"https:\/\/www.sisinternational.com\/?page_id=37919"},"modified":"2025-09-14T17:20:55","modified_gmt":"2025-09-14T21:20:55","slug":"market-research-in-mauritania-africa","status":"publish","type":"page","link":"https:\/\/www.sisinternational.com\/pl\/zasieg\/badania-rynku-afryka\/market-research-in-mauritania-africa\/","title":{"rendered":"Badania rynku w Mauretanii, Afryka \u2014 przegl\u0105d"},"content":{"rendered":"<h1 class=\"wp-block-heading\">Market Research in Mauritania, Africa<\/h1>\n\n\n\n<figure class=\"gb-block-image gb-block-image-4469e8e6\"><img loading=\"lazy\" decoding=\"async\" width=\"1456\" height=\"816\" class=\"gb-image gb-image-4469e8e6\" src=\"https:\/\/www.sisinternational.com\/wp-content\/uploads\/2025\/08\/Mauritania-2.jpg\" alt=\"SIS Mi\u0119dzynarodowe badania rynku i strategia\" title=\"Mauritania (2)\" srcset=\"https:\/\/www.sisinternational.com\/wp-content\/uploads\/2025\/08\/Mauritania-2.jpg 1456w, https:\/\/www.sisinternational.com\/wp-content\/uploads\/2025\/08\/Mauritania-2-300x168.jpg 300w, https:\/\/www.sisinternational.com\/wp-content\/uploads\/2025\/08\/Mauritania-2-1024x574.jpg 1024w, https:\/\/www.sisinternational.com\/wp-content\/uploads\/2025\/08\/Mauritania-2-768x430.jpg 768w, https:\/\/www.sisinternational.com\/wp-content\/uploads\/2025\/08\/Mauritania-2-18x10.jpg 18w\" sizes=\"auto, (max-width: 1456px) 100vw, 1456px\"><\/figure>\n\n\n\n<p><\/p>\n\n\n\n<h2 class=\"wp-block-heading\">Osiedla<\/h2>\n\n\n\n<p>Located in Northwest Africa, Mauritania is one of the poorest countries in the world. However, its mixed pot of people makes the country unique. In fact, some sources refer to Mauritania as the Eye of Africa. It\u2019s a vast country, the eleventh largest sovereign state on the continent. The Atlantic Ocean washes its shores to the west. Mali is to the east, Western Sahara is to the north and northwest, and Algeria is northeast.<\/p>\n\n\n\n<p>The capital of Mauritania is Nouakchott, and it is also the country\u2019s largest city. Some of the other major cities in Mauritania are Nouadhibou, Atar, Kiffa, and Rosso. French is the primary language spoken in Mauritania. Therefore, some of the cities\u2019 names are French. Mauritania\u2019s name comes from the ancient Berber Kingdom. This kingdom existed from the third century BCE into the seventh century CE.<\/p>\n\n\n\n<p>The main religion in Mauritania is Islam. Almost the entire population is Muslim. This religion also has significant influence in Morocco, Algeria, and other neighboring countries.<\/p>\n\n\n\n<p>On April 7, 2018, the government made atheism a crime punishable by death. In fact, Mauritania is one of thirteen countries in the world with the death penalty for atheism.<\/p>\n\n\n\n<p>Mauritania is a desert country, with about 90 percent of the land being within the Sahara. So, most Mauritanians live in the south, where there is water.<\/p>\n\n\n\n<p>Because of severe, extended drought, the desert has been expanding since the mid-1960s. As a result, many Mauritanians are nomads moving from place to place, tending their flocks. Thus, they have no permanent place of abode.<\/p>\n\n\n\n<h2 class=\"wp-block-heading\">Kluczowe bran\u017ce<\/h2>\n\n\n\n<p>Mauritania has plenty resources like iron, fish, and oil. However, the majority of people in Mauritania remain poor. The country\u2019s economy is agriculture- and livestock-based, and many of the major industries are derivatives of the country\u2019s natural resources.<\/p>\n\n\n\n<p>Mauritanians rely on exports and natural resources. Some of their natural resources include gold, diamonds, phosphate, gypsum, copper, and oil. Unfortunately, the political climate is one of the reasons that most of its citizens live in poverty.<\/p>\n\n\n\n<p>Although <a href=\"https:\/\/oec.world\/en\/profile\/country\/mrt\" target=\"_blank\" rel=\"noopener\">Mauritania imports<\/a> many items, the country has a sound export system. Some of the primary exports are:<\/p>\n\n\n\n<ul class=\"wp-block-list\">\n<li>Iron<\/li>\n\n\n\n<li>Gold<\/li>\n\n\n\n<li>Frozen fish<\/li>\n<\/ul>\n\n\n\n<p>Mauritania has several trading partners, including China, France, the <a href=\"https:\/\/www.sisinternational.com\/pl\/zasieg\/badania-rynku-bliski-wschod\/market-research-in-uae-united-arab-emirates\/\" title=\"Badania rynku w Zjednoczonych Emiratach Arabskich\" data-wpil-monitor-id=\"11268\">Emiraty Arabskie<\/a>, and Spain.<\/p>\n\n\n\n<h2 class=\"wp-block-heading\">Baza klient\u00f3w<\/h2>\n\n\n\n<p>The population is dependent on imported foods such as wheat, sugar, and rice, despite the country\u2019s high production rate in metal and oil. More than forty percent of Mauritanians live below the poverty line. As a result, many of the children suffer from malnutrition.<\/p>\n\n\n\n<h2 class=\"wp-block-heading\">Reasons to Grow Your Business in Mauritania<\/h2>\n\n\n\n<figure class=\"gb-block-image gb-block-image-f340ce03\"><img loading=\"lazy\" decoding=\"async\" width=\"1456\" height=\"816\" class=\"gb-image gb-image-f340ce03\" src=\"https:\/\/www.sisinternational.com\/wp-content\/uploads\/2025\/08\/Mauritania-3.jpg\" alt=\"SIS Mi\u0119dzynarodowe badania rynku i strategia\" title=\"Mauritania (3)\" srcset=\"https:\/\/www.sisinternational.com\/wp-content\/uploads\/2025\/08\/Mauritania-3.jpg 1456w, https:\/\/www.sisinternational.com\/wp-content\/uploads\/2025\/08\/Mauritania-3-300x168.jpg 300w, https:\/\/www.sisinternational.com\/wp-content\/uploads\/2025\/08\/Mauritania-3-1024x574.jpg 1024w, https:\/\/www.sisinternational.com\/wp-content\/uploads\/2025\/08\/Mauritania-3-768x430.jpg 768w, https:\/\/www.sisinternational.com\/wp-content\/uploads\/2025\/08\/Mauritania-3-18x10.jpg 18w\" sizes=\"auto, (max-width: 1456px) 100vw, 1456px\"><\/figure>\n\n\n\n<p><\/p>\n\n\n\n<p>At present, Mauritania faces grinding poverty, and the economic outlook is bleak. However, economists expect this situation to change within the next decade. They forecast that Mauritania will be moving into privatized <a href=\"https:\/\/www.sisinternational.com\/pl\/industry-forecast\/it-industry-forecast\/\" title=\"IT Industry Forecast\" data-wpil-monitor-id=\"11276\">industry<\/a>.<\/p>\n\n\n\n<p>There is plenty of room for agricultural and tourism development in Mauritania. Moreover, the agrarian investment will lessen the considerable dependency on imported food.<\/p>\n\n\n\n<p>Mauritania, being rich in fisheries and minerals, is sure to be profitable for you. In addition, the tourism field holds much potential because of the country\u2019s rich culture. Mauritania also has prehistoric ruins, which is another plus for tourism.<\/p>\n\n\n\n<h2 class=\"wp-block-heading\">Market Research in Mauritania, Africa<\/h2>\n\n\n\n<p>Are you looking to invest or <a href=\"https:\/\/www.sisinternational.com\/pl\/publikacje\/japans-mid-market-exporting\/\" title=\"Rozwijanie Twojego Biznesu w Japonii\" data-wpil-monitor-id=\"11272\">grow your business<\/a> in Mauritania? This article has all the information you <a href=\"https:\/\/www.sisinternational.com\/pl\/analysis-b2b\/\" title=\"What Business Leaders Need to Know Right Now\" data-wpil-monitor-id=\"11274\">need to know<\/a> about investing in Mauritania. We organize <a href=\"https:\/\/www.sisinternational.com\/pl\/rozwiazania\/rozwiazania-w-zakresie-badan-jakosciowych-i-ilosciowych\/\">Quantitative, Qualitative<\/a>, I <a href=\"https:\/\/www.sisinternational.com\/pl\/zasieg\/ameryka\/zasieg-usa\/new-york-market-research-firm\/\" target=\"_blank\" rel=\"noopener\">Badania strategiczne<\/a>. Thus, we can keep you well-informed about which countries are the best bet for your business. This article gives you <a href=\"https:\/\/www.sisinternational.com\/pl\/how-to-conduct-in-depth-interviews-for-market-insights\/\" title=\"Jak przeprowadza\u0107 pog\u0142\u0119bione wywiady w celu uzyskania wgl\u0105du w rynek\" data-wpil-monitor-id=\"11270\">insight into the Mauritanian market<\/a>. It shows you the areas that are ripe for investment. We hope that it helps you in your decision-making. We also hope that you will consider investing in Mauritania.<\/p>\n\n\n\n<p><\/p>","protected":false},"excerpt":{"rendered":"<p>Market Research in Mauritania, Africa Neighborhoods Located in Northwest Africa, Mauritania is one of the poorest countries in the world. However, its mixed pot of people makes the country unique. In fact, some sources refer to Mauritania as the Eye of Africa. It\u2019s a vast country, the eleventh largest sovereign state on the continent. The &#8230; <a title=\"Badania rynku w Mauretanii, Afryka \u2014 przegl\u0105d\" class=\"read-more\" href=\"https:\/\/www.sisinternational.com\/pl\/zasieg\/badania-rynku-afryka\/market-research-in-mauritania-africa\/\" aria-label=\"Dowiedz si\u0119 wi\u0119cej o Market Research in Mauritania, Africa \u2014 an Overview\">Czytaj dalej<\/a><\/p>","protected":false},"author":1,"featured_media":65295,"parent":14281,"menu_order":35,"comment_status":"closed","ping_status":"closed","template":"","meta":{"footnotes":""},"class_list":["post-37919","page","type-page","status-publish","has-post-thumbnail"],"_links":{"self":[{"href":"https:\/\/www.sisinternational.com\/pl\/wp-json\/wp\/v2\/pages\/37919","targetHints":{"allow":["GET"]}}],"collection":[{"href":"https:\/\/www.sisinternational.com\/pl\/wp-json\/wp\/v2\/pages"}],"about":[{"href":"https:\/\/www.sisinternational.com\/pl\/wp-json\/wp\/v2\/types\/page"}],"author":[{"embeddable":true,"href":"https:\/\/www.sisinternational.com\/pl\/wp-json\/wp\/v2\/users\/1"}],"replies":[{"embeddable":true,"href":"https:\/\/www.sisinternational.com\/pl\/wp-json\/wp\/v2\/comments?post=37919"}],"version-history":[{"count":3,"href":"https:\/\/www.sisinternational.com\/pl\/wp-json\/wp\/v2\/pages\/37919\/revisions"}],"predecessor-version":[{"id":81839,"href":"https:\/\/www.sisinternational.com\/pl\/wp-json\/wp\/v2\/pages\/37919\/revisions\/81839"}],"up":[{"embeddable":true,"href":"https:\/\/www.sisinternational.com\/pl\/wp-json\/wp\/v2\/pages\/14281"}],"wp:featuredmedia":[{"embeddable":true,"href":"https:\/\/www.sisinternational.com\/pl\/wp-json\/wp\/v2\/media\/65295"}],"wp:attachment":[{"href":"https:\/\/www.sisinternational.com\/pl\/wp-json\/wp\/v2\/media?parent=37919"}],"curies":[{"name":"wp","href":"https:\/\/api.w.org\/{rel}","templated":true}]}}