{"id":37917,"date":"2021-06-25T09:30:36","date_gmt":"2021-06-25T09:30:36","guid":{"rendered":"https:\/\/www.sisinternational.com\/?page_id=37917"},"modified":"2025-09-14T17:21:58","modified_gmt":"2025-09-14T21:21:58","slug":"badania-rynku-na-mauritiusie-afryka","status":"publish","type":"page","link":"https:\/\/www.sisinternational.com\/pl\/zasieg\/badania-rynku-afryka\/badania-rynku-na-mauritiusie-afryka\/","title":{"rendered":"Badania rynku na Mauritiusie \u2014 wyspie u wschodniego wybrze\u017ca Afryki"},"content":{"rendered":"<h1 class=\"wp-block-heading\">Badania rynku na Mauritiusie, Afryka<\/h1>\n\n\n\n<figure class=\"gb-block-image gb-block-image-4f3a3bf9\"><img loading=\"lazy\" decoding=\"async\" width=\"1456\" height=\"816\" class=\"gb-image gb-image-4f3a3bf9\" src=\"https:\/\/www.sisinternational.com\/wp-content\/uploads\/2025\/08\/Mauritius-1.jpg\" alt=\"SIS Mi\u0119dzynarodowe badania rynku i strategia\" title=\"Mauritius (1)\" srcset=\"https:\/\/www.sisinternational.com\/wp-content\/uploads\/2025\/08\/Mauritius-1.jpg 1456w, https:\/\/www.sisinternational.com\/wp-content\/uploads\/2025\/08\/Mauritius-1-300x168.jpg 300w, https:\/\/www.sisinternational.com\/wp-content\/uploads\/2025\/08\/Mauritius-1-1024x574.jpg 1024w, https:\/\/www.sisinternational.com\/wp-content\/uploads\/2025\/08\/Mauritius-1-768x430.jpg 768w, https:\/\/www.sisinternational.com\/wp-content\/uploads\/2025\/08\/Mauritius-1-18x10.jpg 18w\" sizes=\"auto, (max-width: 1456px) 100vw, 1456px\"><\/figure>\n\n\n\n<p><\/p>\n\n\n\n<h2 class=\"wp-block-heading\">Osiedla<\/h2>\n\n\n\n<p>Republika Mauritiusu to archipelag na Oceanie Indyjskim. Najbli\u017cszym s\u0105siadem kraju jest Madagaskar, 700 mil na zach\u00f3d. Stolic\u0105 jest Port Louis. Jest to t\u0119tni\u0105ce \u017cyciem miasto, w kt\u00f3rym odbywa si\u0119 wiele transakcji sprzeda\u017cy i kupna. Francuski gubernator za\u0142o\u017cy\u0142 Port Louis oko\u0142o po\u0142owy XVIII wieku. Inne du\u017ce miasta o du\u017cej populacji i aktywno\u015bci gospodarczej to Curepipe, Grand Baie, Beau Bassin-Rose Hill, Quatre Bornes i Vacoas-Phoenix.<\/p>\n\n\n\n<h2 class=\"wp-block-heading\">Trendy<\/h2>\n\n\n\n<p>G\u0142\u00f3wnym j\u0119zykiem Mauritiusa jest francuski, ale wi\u0119kszo\u015b\u0107 mieszka\u0144c\u00f3w m\u00f3wi po francusku kreolsku i angielsku. Ludzie s\u0105 r\u00f3\u017cnorodni, podobnie jak kultura. G\u0142\u00f3wn\u0105 religi\u0105 na Mauritiusie jest hinduizm. Mniej ni\u017c po\u0142owa wszystkich Mauritius\u00f3w to chrze\u015bcijanie.<\/p>\n\n\n\n<p>Mauritius jest dobrze znany ze swoich willi kulturowych, piaszczystych pla\u017c i turkusowych w\u00f3d. Ze wzgl\u0119du na wzgl\u0119dn\u0105 izolacj\u0119 Mauritius jest \u015bwietnym miejscem na ucieczk\u0119. Ma wiele p\u00f3l trzcinowych i unikalne, charakterystyczne gatunki ro\u015blin i zwierz\u0105t. S\u0142ynie z ptaka Dodo, wymar\u0142ego rodzimego ptaka wielko\u015bci kr\u00f3lika. Ptak ten, uznany za wymar\u0142y pod koniec XVII wieku, by\u0142 endemiczny dla Mauritiusa.<\/p>\n\n\n\n<p>Te wyspy s\u0105 wielk\u0105 atrakcj\u0105 turystyczn\u0105, znan\u0105 ze swojego naturalnego \u015brodowiska. Ich architektura kulturalna r\u00f3wnie\u017c przyci\u0105ga turyst\u00f3w.<\/p>\n\n\n\n<p>Mimo to Mauritius zmaga si\u0119 z problemem przeludnienia \u2013 w 2019 r. wyspa liczy\u0142a 1,3 mln mieszka\u0144c\u00f3w. Mimo to mieszka\u0144cy Mauritiusa zdaj\u0105 si\u0119 dobrze radzi\u0107 sobie, wykorzystuj\u0105c dost\u0119pne zasoby.<\/p>\n\n\n\n<h2 class=\"wp-block-heading\">Kluczowe bran\u017ce<\/h2>\n\n\n\n<p>The five primary <a href=\"https:\/\/www.sisinternational.com\/pl\/rozwiazania\/badania-rynku-i-doradztwo-strategiczne-w-zakresie-sztucznej-inteligencji\/ai-adoption-travel-hospitality-tourism-industry-consulting\/\" title=\"Wdra\u017canie AI w bran\u017cy podr\u00f3\u017cy, hotelarstwa i turystyki Konsultacje\"  data-wpil-monitor-id=\"10968\">industries of Mauritius are Tourism<\/a>, Agriculture, Mining, Services, and Manufacturing.<\/p>\n\n\n\n<p><a href=\"https:\/\/oec.world\/en\/profile\/country\/mus\" target=\"_blank\" rel=\"noopener\">G\u0142\u00f3wne ga\u0142\u0119zie przemys\u0142u wytw\u00f3rczego na Mauritiusie obejmuj\u0105 przetw\u00f3rstwo \u017cywno\u015bci i odzie\u017c, rybo\u0142\u00f3wstwo, tekstylia i chemikalia, a tak\u017ce pr\u0119\u017cnie rozwijaj\u0105cy si\u0119 przemys\u0142 wydobywczy<\/a>. Ponadto wyspy zajmuj\u0105 si\u0119 szeroko zakrojonym mieleniem cukru na eksport do innych kraj\u00f3w. Fabryki miel\u0105ce produkuj\u0105 zar\u00f3wno cukier buraczany, jak i trzcinowy. Trzcina cukrowa zajmuje 80 procent powierzchni Mauritiusa.<\/p>\n\n\n\n<p>Matka Natura obdarzy\u0142a ten nar\u00f3d zapieraj\u0105cym dech w piersiach pi\u0119knem. To pi\u0119kno kusi\u0142o odwiedzaj\u0105cych przez stulecia. Nic wi\u0119c dziwnego, \u017ce turystyka jest wa\u017cnym filarem gospodarki Mauritiusa. W rezultacie liczba turyst\u00f3w wzros\u0142a na przestrzeni lat.<\/p>\n\n\n\n<h2 class=\"wp-block-heading\">Baza klient\u00f3w<\/h2>\n\n\n\n<p>Importy na Mauritius s\u0105 wy\u017csze ni\u017c eksporty. Wyspy te sprowadzaj\u0105 towary z zagranicy, takie jak rafinowana ropa naftowa i samochody.<\/p>\n\n\n\n<p>\u017bywno\u015b\u0107 z Francji stanowi r\u00f3wnie\u017c znacz\u0105cy procent importu Mauritiusa. Indie, Australia i RPA to r\u00f3wnie\u017c inne kraje, z kt\u00f3rych Mauritius importuje. Innym partnerem handlowym s\u0105 Stany Zjednoczone. Mauritius importuje \u017cywno\u015b\u0107, tak\u0105 jak mi\u0119so, kawa i produkty mleczne ze Stan\u00f3w Zjednoczonych. Dostaje r\u00f3wnie\u017c mro\u017cone warzywa i owoce, takie jak pomara\u0144cze, z tego kraju. Kraj importuje r\u00f3wnie\u017c ubrania ze Stan\u00f3w Zjednoczonych i Europy.<\/p>\n\n\n\n<h2 class=\"wp-block-heading\">Powody, dla kt\u00f3rych warto rozwija\u0107 sw\u00f3j biznes na Mauritiusie<\/h2>\n\n\n\n<figure class=\"gb-block-image gb-block-image-df70ab1f\"><img loading=\"lazy\" decoding=\"async\" width=\"1456\" height=\"816\" class=\"gb-image gb-image-df70ab1f\" src=\"https:\/\/www.sisinternational.com\/wp-content\/uploads\/2025\/08\/Mauritius-4.jpg\" alt=\"SIS Mi\u0119dzynarodowe badania rynku i strategia\" title=\"Mauritius (4)\" srcset=\"https:\/\/www.sisinternational.com\/wp-content\/uploads\/2025\/08\/Mauritius-4.jpg 1456w, https:\/\/www.sisinternational.com\/wp-content\/uploads\/2025\/08\/Mauritius-4-300x168.jpg 300w, https:\/\/www.sisinternational.com\/wp-content\/uploads\/2025\/08\/Mauritius-4-1024x574.jpg 1024w, https:\/\/www.sisinternational.com\/wp-content\/uploads\/2025\/08\/Mauritius-4-768x430.jpg 768w, https:\/\/www.sisinternational.com\/wp-content\/uploads\/2025\/08\/Mauritius-4-18x10.jpg 18w\" sizes=\"auto, (max-width: 1456px) 100vw, 1456px\"><\/figure>\n\n\n\n<p><\/p>\n\n\n\n<p>Inwestowanie na Mauritiusie mo\u017ce by\u0107 korzystne, poniewa\u017c oferuje inwestorom nisk\u0105 stawk\u0119 opodatkowania. Ponadto nie ma podatku od spadk\u00f3w, co jest dobr\u0105 wiadomo\u015bci\u0105, je\u015bli odziedziczy\u0142e\u015b nieruchomo\u015b\u0107. Nie musisz r\u00f3wnie\u017c p\u0142aci\u0107 podatku VAT ani c\u0142a za sprz\u0119t importowany do Twojej firmy.<\/p>\n\n\n\n<p>Mauritius is a well-off country. Its exports of sugar have been of real value to the country. Moreover, many economists consider it to be one of the developed countries in Africa. As a result, Mauritius is an excellent country to <a href=\"https:\/\/www.sisinternational.com\/pl\/publikacje\/japans-mid-market-exporting\/\" title=\"Rozwijanie Twojego Biznesu w Japonii\" data-wpil-monitor-id=\"10969\">grow your business<\/a>.<\/p>\n\n\n\n<h2 class=\"wp-block-heading\">Badania rynku na Mauritiusie<\/h2>\n\n\n\n<p>Czy jeste\u015b w\u0142a\u015bcicielem firmy zainteresowanym inwestowaniem na Mauritiusie? Nasza strona internetowa zawiera wiele informacji, kt\u00f3re mog\u0105 pom\u00f3c w Twoich poszukiwaniach. Mauritius jest dobrze rozwini\u0119tym krajem, kt\u00f3ry zainteresuje ka\u017cdego poszukuj\u0105cego inwestora. Gromadzimy <a href=\"https:\/\/www.sisinternational.com\/pl\/rozwiazania\/rozwiazania-w-zakresie-badan-jakosciowych-i-ilosciowych\/\">Dane jako\u015bciowe i ilo\u015bciowe<\/a> i zr\u00f3b <a href=\"https:\/\/www.sisinternational.com\/pl\/rozwiazania\/doradztwo-strategiczne\/\">Badania strategiczne<\/a>. Mamy nadziej\u0119, \u017ce w tym artykule znajdziesz wszystkie informacje, kt\u00f3rych potrzebujesz, aby podj\u0105\u0107 decyzj\u0119. Inwestowanie na Mauritiusie to doskona\u0142y wyb\u00f3r, kt\u00f3ry pomno\u017cy Tw\u00f3j kapita\u0142.<\/p>","protected":false},"excerpt":{"rendered":"<p>Badania rynku na Mauritiusie. Nasza strona internetowa zawiera wiele informacji, kt\u00f3re mog\u0105 pom\u00f3c w wyszukiwaniu. Dane jako\u015bciowe i ilo\u015bciowe.<\/p>","protected":false},"author":1,"featured_media":65298,"parent":14281,"menu_order":34,"comment_status":"closed","ping_status":"closed","template":"","meta":{"footnotes":""},"class_list":["post-37917","page","type-page","status-publish","has-post-thumbnail"],"_links":{"self":[{"href":"https:\/\/www.sisinternational.com\/pl\/wp-json\/wp\/v2\/pages\/37917","targetHints":{"allow":["GET"]}}],"collection":[{"href":"https:\/\/www.sisinternational.com\/pl\/wp-json\/wp\/v2\/pages"}],"about":[{"href":"https:\/\/www.sisinternational.com\/pl\/wp-json\/wp\/v2\/types\/page"}],"author":[{"embeddable":true,"href":"https:\/\/www.sisinternational.com\/pl\/wp-json\/wp\/v2\/users\/1"}],"replies":[{"embeddable":true,"href":"https:\/\/www.sisinternational.com\/pl\/wp-json\/wp\/v2\/comments?post=37917"}],"version-history":[{"count":3,"href":"https:\/\/www.sisinternational.com\/pl\/wp-json\/wp\/v2\/pages\/37917\/revisions"}],"predecessor-version":[{"id":81795,"href":"https:\/\/www.sisinternational.com\/pl\/wp-json\/wp\/v2\/pages\/37917\/revisions\/81795"}],"up":[{"embeddable":true,"href":"https:\/\/www.sisinternational.com\/pl\/wp-json\/wp\/v2\/pages\/14281"}],"wp:featuredmedia":[{"embeddable":true,"href":"https:\/\/www.sisinternational.com\/pl\/wp-json\/wp\/v2\/media\/65298"}],"wp:attachment":[{"href":"https:\/\/www.sisinternational.com\/pl\/wp-json\/wp\/v2\/media?parent=37917"}],"curies":[{"name":"wp","href":"https:\/\/api.w.org\/{rel}","templated":true}]}}