{"id":37913,"date":"2021-06-25T09:17:44","date_gmt":"2021-06-25T09:17:44","guid":{"rendered":"https:\/\/www.sisinternational.com\/?page_id=37913"},"modified":"2025-09-14T17:24:47","modified_gmt":"2025-09-14T21:24:47","slug":"market-research-in-niger-africa","status":"publish","type":"page","link":"https:\/\/www.sisinternational.com\/pl\/zasieg\/badania-rynku-afryka\/market-research-in-niger-africa\/","title":{"rendered":"Badania rynku w Nigrze, Afryka"},"content":{"rendered":"<h1 class=\"wp-block-heading\">Market Research in Niger<\/h1>\n\n\n\n<figure class=\"gb-block-image gb-block-image-67074810\"><img loading=\"lazy\" decoding=\"async\" width=\"1456\" height=\"816\" class=\"gb-image gb-image-67074810\" src=\"https:\/\/www.sisinternational.com\/wp-content\/uploads\/2025\/08\/Niger-1.jpg\" alt=\"SIS Mi\u0119dzynarodowe badania rynku i strategia\" title=\"Niger (1)\" srcset=\"https:\/\/www.sisinternational.com\/wp-content\/uploads\/2025\/08\/Niger-1.jpg 1456w, https:\/\/www.sisinternational.com\/wp-content\/uploads\/2025\/08\/Niger-1-300x168.jpg 300w, https:\/\/www.sisinternational.com\/wp-content\/uploads\/2025\/08\/Niger-1-1024x574.jpg 1024w, https:\/\/www.sisinternational.com\/wp-content\/uploads\/2025\/08\/Niger-1-768x430.jpg 768w, https:\/\/www.sisinternational.com\/wp-content\/uploads\/2025\/08\/Niger-1-18x10.jpg 18w\" sizes=\"auto, (max-width: 1456px) 100vw, 1456px\"><\/figure>\n\n\n\n<p><\/p>\n\n\n\n<p><a href=\"https:\/\/oec.world\/en\/profile\/country\/ner\" target=\"_blank\" rel=\"noopener\">Niger (official name: the Republic of Niger)<\/a> is a landlocked West African country. As a matter of fact, it takes its name from the Niger River, which runs through its southwestern territory. Its capital is Niamey. Algeria is on its northwest border, Libya on its northeast, Chad on its east, Nigeria and Benin to the south, and Burkina Faso and Mali are on the west boundary.<\/p>\n\n\n\n<p>The official language is French. In addition, the commonest language used is Hausa, followed by Songhai, Fula, Tamashek, and Kanuri. People also speak Arabic and Teda.<\/p>\n\n\n\n<p>A majority claim Sunni Islam as their religion. Christianity remains a religion of the towns, particularly of Niamey. By the same token, some of the rural areas continue to embrace the traditional animist religions of the Black Africans.<\/p>\n\n\n\n<p>Rainfall determines Niger\u2019s ability to remain self-sufficient in food and livestock. What\u2019s more, the country suffers from droughts, which increase the need to import and receive food aid. Still, the government has invested in irrigation projects and an \u201coff-season growing program.\u201d This program consists of small-scale production and irrigation operations to circumvent the droughts.<\/p>\n\n\n\n<p>The three main objectives of Niger are:<\/p>\n\n\n\n<ul class=\"wp-block-list\">\n<li>The maintenance of national unity.<\/li>\n\n\n\n<li>The elevation of the standard of living.<\/li>\n\n\n\n<li>Economic independence.<\/li>\n<\/ul>\n\n\n\n<h2 class=\"wp-block-heading\">Key Industries in Niger<\/h2>\n\n\n\n<p>Agriculture, mining, and exportation are critical in Niger.<\/p>\n\n\n\n<p>Agriculture and agricultural products make up the largest sector of Niger\u2019s economy, employing the most persons and making up the highest percentage of GNP. Major crops include millet, sorghum, and cassava, coupled with sugar cane and rice, all of which grow in the Niger River valley.<\/p>\n\n\n\n<p>Livestock and fish are also significant exports, and animal farmers raise cattle, sheep, and goats for meat, milk, and hides. Additionally, artisans use the skins of ostriches, crocodiles, and snakes for handicrafts. The primary market for these handicrafts is Europe.<\/p>\n\n\n\n<p>Niger is among the world\u2019s leading producers of uranium. Most of the uranium deposits are in central Niger, and production fluctuates according to market demands.<\/p>\n\n\n\n<p>Investors have established several manufacturing industries, most of which are in Niamey. These industries produce chemicals, food products, textiles, farm equipment, and metal furniture. The petroleum refinery is in another city, Zinder.<\/p>\n\n\n\n<p>The private sector consists partly of many small enterprises. It also consists of enterprises belonging to large French or international companies.<\/p>\n\n\n\n<h2 class=\"wp-block-heading\">Osiedla<\/h2>\n\n\n\n<p>Niger has four principal towns: Niamey, Zinder, Maradi, Tahoua. Niamey, the capital of Niger, is along the Niger River in the southwest corner of the republic. The indigenous people founded Niamey as an agricultural village. It became the capital in 1926 and grew after World War II.<\/p>\n\n\n\n<p>Niamey has a cosmopolitan character, varying between European and African rural aesthetics. There is an international airport. Roads also link Niamey with Atlantic ports in Benin and Nigeria.<\/p>\n\n\n\n<p>Today, traders, merchants, officials, and artisans occupy Niamey. They come from Niger as well as Nigeria, Benin, and Togo. Most people in Niamey work in the service sector.<\/p>\n\n\n\n<p>About one-fifth of the population lives in towns, but many of the rural folk are nomads. Niger has some 10,000 villages, of which almost half have only a few hundred inhabitants. There are no villages in the desert zone.<\/p>\n\n\n\n<h2 class=\"wp-block-heading\">Trends in Niger<\/h2>\n\n\n\n<p>The number of internet users in Niger increased in 2021.<\/p>\n\n\n\n<p>Economic growth fell owing to the COVID-19 pandemic. Niger has also experienced violent terrorist attacks in recent years. But, economists project an economic turnaround. The Nigerian border has reopened, and significant investment projects have resumed. Supply chains have also gone back to normal.<\/p>\n\n\n\n<h2 class=\"wp-block-heading\">Korzy\u015bci i mocne strony rynku<\/h2>\n\n\n\n<p>As a developing country with many raw resources, Niger has investment potential. It has immense land areas fit for intensive agro-business. These lands are also ideal for pastoral business.<\/p>\n\n\n\n<p>Niger is a leading producer of uranium. Its soil is rich in mineral deposits such as uranium, oil and gas, gold, iron, and phosphates. It also supplies coal, limestone, gypsum, and cassiterite.<\/p>\n\n\n\n<p>Niger has many trading partners. The primary ones include Nigeria, France, and China.<\/p>\n\n\n\n<h2 class=\"wp-block-heading\">Consumer Base in Niger<\/h2>\n\n\n\n<p>Niger has a low adult literacy rate: one of the lowest in western Africa. Different agencies have been conducting literacy programs in the five principal African languages.<\/p>\n\n\n\n<p>Education in Niger is free, but only a tiny proportion of children attend school.<\/p>\n\n\n\n<p>Niger has high birth and population growth rates: among the highest globally. The country\u2019s death rate is among the highest in Africa. Life expectancy is about 58 years for men and 61 years for women. Niger\u2019s population, on the whole, is young. Almost one-half of the people are under age 15, and about one-fourth is between the ages of 15 and 29 years.<\/p>\n\n\n\n<h2 class=\"wp-block-heading\">Why Grow Your Business in the Nigerien Market?<\/h2>\n\n\n\n<p>Tapping into the raw potential of the country can prove fruitful. One way is by investing in the expansion and development of Niger\u2019s industries.<\/p>\n\n\n\n<p>Niger promotes economic relationships between African countries. Besides its membership in the African Union, Niger is also a member of regional groups contributing to its development. They include Conseil de L\u2019Enfant and the Economic Community of West African States. Niger also has an affiliation with the African Continental Free Trade Area. This last group assists in developing the country, infrastructure, and economy.<\/p>\n\n\n\n<h2 class=\"wp-block-heading\">About Market Research in Niger<\/h2>\n\n\n\n<p>Surveys to approach a wide range of Nigeriens can help keep a pulse on current trends and staples. Well-placed focus groups and market research can help draw out how best to invest in Niger.<\/p>\n\n\n\n<p><a href=\"https:\/\/www.sisinternational.com\/pl\/co-to-jest-badanie-jakosciowe\/\" target=\"_blank\" rel=\"noopener\">Jako\u015bciowy<\/a>, <a href=\"https:\/\/www.sisinternational.com\/pl\/co-to-jest-badanie-ilosciowe\/\" target=\"_blank\" rel=\"noopener\">Ilo\u015bciowy<\/a>, I <a href=\"https:\/\/www.sisinternational.com\/pl\/rozwiazania\/doradztwo-strategiczne\/how-strategy-research-can-boost-your-performance\/\" target=\"_blank\" rel=\"noopener\">Badania strategiczne<\/a> is also essential. It helps potential investors to decide on better, more efficient infrastructure and systems. It also shows them which products are more suited to Niger, allowing for greater returns.<\/p>\n\n\n\n<p><\/p>","protected":false},"excerpt":{"rendered":"<p>Niger jest wiod\u0105cym producentem uranu. Jego gleba jest bogata w z\u0142o\u017ca mineralne, takie jak uran, ropa i gaz, z\u0142oto, \u017celazo i fosforany. <\/p>","protected":false},"author":1,"featured_media":65321,"parent":14281,"menu_order":32,"comment_status":"closed","ping_status":"closed","template":"","meta":{"footnotes":""},"class_list":["post-37913","page","type-page","status-publish","has-post-thumbnail"],"_links":{"self":[{"href":"https:\/\/www.sisinternational.com\/pl\/wp-json\/wp\/v2\/pages\/37913","targetHints":{"allow":["GET"]}}],"collection":[{"href":"https:\/\/www.sisinternational.com\/pl\/wp-json\/wp\/v2\/pages"}],"about":[{"href":"https:\/\/www.sisinternational.com\/pl\/wp-json\/wp\/v2\/types\/page"}],"author":[{"embeddable":true,"href":"https:\/\/www.sisinternational.com\/pl\/wp-json\/wp\/v2\/users\/1"}],"replies":[{"embeddable":true,"href":"https:\/\/www.sisinternational.com\/pl\/wp-json\/wp\/v2\/comments?post=37913"}],"version-history":[{"count":2,"href":"https:\/\/www.sisinternational.com\/pl\/wp-json\/wp\/v2\/pages\/37913\/revisions"}],"predecessor-version":[{"id":68546,"href":"https:\/\/www.sisinternational.com\/pl\/wp-json\/wp\/v2\/pages\/37913\/revisions\/68546"}],"up":[{"embeddable":true,"href":"https:\/\/www.sisinternational.com\/pl\/wp-json\/wp\/v2\/pages\/14281"}],"wp:featuredmedia":[{"embeddable":true,"href":"https:\/\/www.sisinternational.com\/pl\/wp-json\/wp\/v2\/media\/65321"}],"wp:attachment":[{"href":"https:\/\/www.sisinternational.com\/pl\/wp-json\/wp\/v2\/media?parent=37913"}],"curies":[{"name":"wp","href":"https:\/\/api.w.org\/{rel}","templated":true}]}}