{"id":37909,"date":"2021-06-25T08:13:35","date_gmt":"2021-06-25T08:13:35","guid":{"rendered":"https:\/\/www.sisinternational.com\/?page_id=37909"},"modified":"2025-09-14T17:29:21","modified_gmt":"2025-09-14T21:29:21","slug":"market-research-in-senegal-africa","status":"publish","type":"page","link":"https:\/\/www.sisinternational.com\/pl\/zasieg\/badania-rynku-afryka\/market-research-in-senegal-africa\/","title":{"rendered":"Badania rynku w Senegalu, Afryka"},"content":{"rendered":"<h1 class=\"wp-block-heading\">Market Research in Senegal<\/h1>\n\n\n\n<figure class=\"gb-block-image gb-block-image-c0d25b66\"><img loading=\"lazy\" decoding=\"async\" width=\"1456\" height=\"816\" class=\"gb-image gb-image-c0d25b66\" src=\"https:\/\/www.sisinternational.com\/wp-content\/uploads\/2025\/08\/Senegal-3.jpg\" alt=\"SIS Mi\u0119dzynarodowe badania rynku i strategia\" title=\"Senegal, (3)\" srcset=\"https:\/\/www.sisinternational.com\/wp-content\/uploads\/2025\/08\/Senegal-3.jpg 1456w, https:\/\/www.sisinternational.com\/wp-content\/uploads\/2025\/08\/Senegal-3-300x168.jpg 300w, https:\/\/www.sisinternational.com\/wp-content\/uploads\/2025\/08\/Senegal-3-1024x574.jpg 1024w, https:\/\/www.sisinternational.com\/wp-content\/uploads\/2025\/08\/Senegal-3-768x430.jpg 768w, https:\/\/www.sisinternational.com\/wp-content\/uploads\/2025\/08\/Senegal-3-18x10.jpg 18w\" sizes=\"auto, (max-width: 1456px) 100vw, 1456px\"><\/figure>\n\n\n\n<p><\/p>\n\n\n\n<p>The Gambia partially surrounds the <a href=\"https:\/\/oec.world\/en\/profile\/country\/sen\" target=\"_blank\" rel=\"noopener\">West African Republic of Senegal<\/a> on the north, south, and west. Guinea and Guinea-Bissau lie south of Senegal, and Mali is on the east border. The official language of Senegal is French.<\/p>\n\n\n\n<h2 class=\"wp-block-heading\">Kluczowe bran\u017ce<\/h2>\n\n\n\n<p>Senegal\u2019s key industries include agriculture, manufacturing, food and beverage, textile, construction, and materials. Other important industries include the chemical, energy, mining, and hydrocarbon fields.<\/p>\n\n\n\n<p>The agricultural sector is the most important industry. Apart from it being critical to the survival of much of the populace, it is also responsible for the majority of Senegal\u2019s foreign capital. It also contributes to a large part of the GDP and employs around one-third of the workforce.<\/p>\n\n\n\n<p>The industrial sector is also a heavy contributor to GDP and employs much of the workforce. It involves the processing of agricultural produce, e.g., peanut oil and seafood packaging.<\/p>\n\n\n\n<p>The service sector, including the growing telecommunications and tourism industries, is also crucial.<\/p>\n\n\n\n<h2 class=\"wp-block-heading\">Neighborhoods in Senegal<\/h2>\n\n\n\n<h3 class=\"wp-block-heading\">Dakar<\/h3>\n\n\n\n<p>The capital and principal city in Senegal is Dakar (both in population and total land area). Dakar is a strategic departure point for European trade. It offers attractions such as mosques, markets, the IFAN museum, and Goree Island.<\/p>\n\n\n\n<h3 class=\"wp-block-heading\">Touba<\/h3>\n\n\n\n<p>Touba is in central Senegal and, at the present time, is the second-largest city by population. The Muslims in Touba make an annual pilgrimage known as Grand Magai, with millions of local and foreign participants every year.<\/p>\n\n\n\n<h3 class=\"wp-block-heading\">Rufisque<\/h3>\n\n\n\n<p>Rufisque is a town and minor port east of Dakar, a frequented transport hub on the Dakar-Niger and Dakar-Saint -Louis railways. It has a light industry, with oil, lime, and cement works. In addition, the town has many markets and an artisan village with beautiful beaches.<\/p>\n\n\n\n<h2 class=\"wp-block-heading\">Trendy<\/h2>\n\n\n\n<p>While Senegal is a growing economy, the recent pandemic has affected its survival. There has been a decrease in the tourism and service sector of the economy on account of COVID-19. Senegal expects the economy to recover sooner or later by private consumption and investment.<\/p>\n\n\n\n<p>The Senegalese Government plans to eventually use the untapped agricultural potential of the country. This move should, in effect, increase food security and boost nutrition within the population.<\/p>\n\n\n\n<h2 class=\"wp-block-heading\">Korzy\u015bci i mocne strony rynku<\/h2>\n\n\n\n<p>The agricultural sector is Senegal\u2019s pride and joy, and the country ranks as one of the largest peanut producers in the world. Moreover, it has rich mineral soil and an excellent climate. Another key point is that the Senegal market is penetrable and businesses can reap tremendous profits.<\/p>\n\n\n\n<h2 class=\"wp-block-heading\">Consumer Base in Senegal<\/h2>\n\n\n\n<p>Senegal has a growing economy. However, this economic growth has not made jobs for the youths possible. The literacy level is still at an all-time low. The majority of the population is either unemployed or working jobs at minimum wage. Sadly, these factors don\u2019t constitute a strong consumer market among the Senegalese people.<\/p>\n\n\n\n<h2 class=\"wp-block-heading\">Reasons to Grow Your Business in Senegal<\/h2>\n\n\n\n<p>Senegal is a country with many influences. Any investor, regardless of origin, can surely prosper in Senegal. Because it is a liberal country, support from the authorities and politicians is never lacking. Furthermore, it serves as an essential gateway to significant export markets in Europe, Asia, and the Americas.<\/p>\n\n\n\n<h2 class=\"wp-block-heading\">About Market Research in Senegal<\/h2>\n\n\n\n<p>When venturing into any new market, it is essential to carry out <a href=\"https:\/\/www.sisinternational.com\/pl\/co-to-jest-badanie-ilosciowe\/\" target=\"_blank\" rel=\"noopener\">Ilo\u015bciowy<\/a>, <a href=\"https:\/\/www.sisinternational.com\/pl\/co-to-jest-badanie-jakosciowe\/\" target=\"_blank\" rel=\"noopener\">Jako\u015bciowy<\/a>, I <a href=\"https:\/\/www.sisinternational.com\/pl\/rozwiazania\/doradztwo-strategiczne\/how-strategy-research-can-boost-your-performance\/\" target=\"_blank\" rel=\"noopener\">Strategy research<\/a>. In addition, interactions with the consumers provide a deeper understanding of the market. It can also help your business to gain potential partners.<\/p>\n\n\n\n<p>Market Research can also involve Focus Groups, Interviews, and Surveys. Each of these methods has its merits, and put together, they can make your business a stronger player in the Senegalese market.<\/p>\n\n\n\n<p><\/p>","protected":false},"excerpt":{"rendered":"<p>Sektor rolniczy jest dum\u0105 i rado\u015bci\u0105 Senegalu. Kraj ten jest jednym z najwi\u0119kszych producent\u00f3w orzeszk\u00f3w ziemnych na \u015bwiecie.<\/p>","protected":false},"author":1,"featured_media":65209,"parent":14281,"menu_order":30,"comment_status":"closed","ping_status":"closed","template":"","meta":{"footnotes":""},"class_list":["post-37909","page","type-page","status-publish","has-post-thumbnail"],"_links":{"self":[{"href":"https:\/\/www.sisinternational.com\/pl\/wp-json\/wp\/v2\/pages\/37909","targetHints":{"allow":["GET"]}}],"collection":[{"href":"https:\/\/www.sisinternational.com\/pl\/wp-json\/wp\/v2\/pages"}],"about":[{"href":"https:\/\/www.sisinternational.com\/pl\/wp-json\/wp\/v2\/types\/page"}],"author":[{"embeddable":true,"href":"https:\/\/www.sisinternational.com\/pl\/wp-json\/wp\/v2\/users\/1"}],"replies":[{"embeddable":true,"href":"https:\/\/www.sisinternational.com\/pl\/wp-json\/wp\/v2\/comments?post=37909"}],"version-history":[{"count":3,"href":"https:\/\/www.sisinternational.com\/pl\/wp-json\/wp\/v2\/pages\/37909\/revisions"}],"predecessor-version":[{"id":68550,"href":"https:\/\/www.sisinternational.com\/pl\/wp-json\/wp\/v2\/pages\/37909\/revisions\/68550"}],"up":[{"embeddable":true,"href":"https:\/\/www.sisinternational.com\/pl\/wp-json\/wp\/v2\/pages\/14281"}],"wp:featuredmedia":[{"embeddable":true,"href":"https:\/\/www.sisinternational.com\/pl\/wp-json\/wp\/v2\/media\/65209"}],"wp:attachment":[{"href":"https:\/\/www.sisinternational.com\/pl\/wp-json\/wp\/v2\/media?parent=37909"}],"curies":[{"name":"wp","href":"https:\/\/api.w.org\/{rel}","templated":true}]}}