{"id":37843,"date":"2021-06-15T06:59:55","date_gmt":"2021-06-15T06:59:55","guid":{"rendered":"https:\/\/www.sisinternational.com\/?page_id=37843"},"modified":"2025-09-14T17:33:07","modified_gmt":"2025-09-14T21:33:07","slug":"market-research-in-libya-africa","status":"publish","type":"page","link":"https:\/\/www.sisinternational.com\/pl\/zasieg\/badania-rynku-afryka\/market-research-in-libya-africa\/","title":{"rendered":"Badania rynku w Libii, Afryka"},"content":{"rendered":"<h1 class=\"wp-block-heading\">Market Research in Libya<\/h1>\n\n\n\n<figure class=\"gb-block-image gb-block-image-46af734e\"><img loading=\"lazy\" decoding=\"async\" width=\"1456\" height=\"816\" class=\"gb-image gb-image-46af734e\" src=\"https:\/\/www.sisinternational.com\/wp-content\/uploads\/2025\/08\/Libya-44.jpg\" alt=\"SIS Mi\u0119dzynarodowe badania rynku i strategia\" title=\"Libya 44\" srcset=\"https:\/\/www.sisinternational.com\/wp-content\/uploads\/2025\/08\/Libya-44.jpg 1456w, https:\/\/www.sisinternational.com\/wp-content\/uploads\/2025\/08\/Libya-44-300x168.jpg 300w, https:\/\/www.sisinternational.com\/wp-content\/uploads\/2025\/08\/Libya-44-1024x574.jpg 1024w, https:\/\/www.sisinternational.com\/wp-content\/uploads\/2025\/08\/Libya-44-768x430.jpg 768w, https:\/\/www.sisinternational.com\/wp-content\/uploads\/2025\/08\/Libya-44-18x10.jpg 18w\" sizes=\"auto, (max-width: 1456px) 100vw, 1456px\"><\/figure>\n\n\n\n<p><\/p>\n\n\n\n<p>Libya is a well-known Arabic-speaking North African country. It is also huge. With more than 600,000 square miles, <a href=\"https:\/\/oec.world\/en\/profile\/country\/lby\" target=\"_blank\" rel=\"noopener\">Libya is the fourth largest country in Africa<\/a> and the sixteenth largest in the world. It\u2019s almost three times bigger than Texas in the USA.<\/p>\n\n\n\n<p>Libya went through a civil war that ended in 2020. To be clear, two governments were fighting to be dominant, pitting one faction against the other. In short, everyone wanted to have a share of authority. Additionally, there is no central government in Libya, so no one has control. Libya is now trying to reshape itself, but because of its vast size, it is having difficulty doing so.<\/p>\n\n\n\n<h2 class=\"wp-block-heading\">Kluczowe bran\u017ce<\/h2>\n\n\n\n<p>Libya exports petroleum, cement, textiles, iron, and steel.<\/p>\n\n\n\n<p>The country also has a proven oil reserve of forty-six billion barrels, the largest in Africa. Its annual oil production is about 1.65 million barrels per day. Because of the recent war, oil prices have dropped to super-low levels. Still, oil and natural gas account for over half of Libya\u2019s national income. In fact, Europe buys about eighty percent of Libya\u2019s oil exports.<\/p>\n\n\n\n<h2 class=\"wp-block-heading\">Neighborhoods in Libya<\/h2>\n\n\n\n<p>Chad is south of Libya, Nigeria is southwest, and Sudan is southeast. It also shares a border with Egypt, which is to the east.<\/p>\n\n\n\n<p>The capital of Libya is Tripoli, located in the northwest on the Mediterranean coast. Tripoli is the largest city in Libya, and it is where most of the trade in the country takes place. More than a million people live there. Tripoli is also the main port of Libya. Other major cities in Libya include Benghazi, Misrata, and Tarhuna. These cities are where most people live and where they trade goods and services.<\/p>\n\n\n\n<h2 class=\"wp-block-heading\">Baza konsument\u00f3w<\/h2>\n\n\n\n<p>Libya\u2019s import bill is higher than other countries in Africa due to the recent war. One of the main imports is food, which it buys from other countries. Things like beans, wheat, rice, lentils, and corn are some of the foods in demand in Libya. As a result, the agriculture industry is a great investment opportunity to make money in Libya.<\/p>\n\n\n\n<p>More than three-quarters of Libya\u2019s population is urban. The country suffers from acute unemployment, reported figures run as high as 50 percent. However, it is home to a large number of foreign workers from countries such as Egypt, Turkey, and India. Many of these workers have jobs in the oil industry, and as a result, they earn high wages.<\/p>\n\n\n\n<h2 class=\"wp-block-heading\">Reasons to Grow Your Business in Libya<\/h2>\n\n\n\n<p>Libya is a great place to grow your business because of its large population. It also needs help with economic growth. South Africa, Nigeria, and Egypt are some of the most prosperous countries in Africa, and Libya has the potential to rank with these countries. Economists expect Libya to continue growing in wealth. The oil production is excellent, and it has vast untapped reserves. That is why investing in Libya would be an excellent idea.<\/p>\n\n\n\n<h2 class=\"wp-block-heading\">About Market Research in Libya<\/h2>\n\n\n\n<p>Would you like to do business in Libya? We have you covered with up-to-date information on investment opportunities. We gather <a href=\"https:\/\/www.sisinternational.com\/pl\/co-to-jest-badanie-ilosciowe\/\" target=\"_blank\" rel=\"noopener\">Ilo\u015bciowy<\/a>, <a href=\"https:\/\/www.sisinternational.com\/pl\/co-to-jest-badanie-jakosciowe\/\" target=\"_blank\" rel=\"noopener\">Jako\u015bciowy<\/a>, I <a href=\"https:\/\/www.sisinternational.com\/pl\/rozwiazania\/doradztwo-strategiczne\/how-strategy-research-can-boost-your-performance\/\" target=\"_blank\" rel=\"noopener\">Strategy research<\/a> for you or your company. The data compiled is to inform you of the economic situation in Libya. We hope this article was beneficial to you and that you would consider investing in Libya.<\/p>\n\n\n\n<p><\/p>","protected":false},"excerpt":{"rendered":"<p>Libia jest \u015bwietnym miejscem do rozwijania biznesu ze wzgl\u0119du na du\u017c\u0105 populacj\u0119. Ekonomi\u015bci spodziewaj\u0105 si\u0119, \u017ce Libia b\u0119dzie nadal ros\u0142a w bogactwie.<\/p>","protected":false},"author":1,"featured_media":65375,"parent":14281,"menu_order":26,"comment_status":"closed","ping_status":"closed","template":"","meta":{"footnotes":""},"class_list":["post-37843","page","type-page","status-publish","has-post-thumbnail"],"_links":{"self":[{"href":"https:\/\/www.sisinternational.com\/pl\/wp-json\/wp\/v2\/pages\/37843","targetHints":{"allow":["GET"]}}],"collection":[{"href":"https:\/\/www.sisinternational.com\/pl\/wp-json\/wp\/v2\/pages"}],"about":[{"href":"https:\/\/www.sisinternational.com\/pl\/wp-json\/wp\/v2\/types\/page"}],"author":[{"embeddable":true,"href":"https:\/\/www.sisinternational.com\/pl\/wp-json\/wp\/v2\/users\/1"}],"replies":[{"embeddable":true,"href":"https:\/\/www.sisinternational.com\/pl\/wp-json\/wp\/v2\/comments?post=37843"}],"version-history":[{"count":2,"href":"https:\/\/www.sisinternational.com\/pl\/wp-json\/wp\/v2\/pages\/37843\/revisions"}],"predecessor-version":[{"id":68554,"href":"https:\/\/www.sisinternational.com\/pl\/wp-json\/wp\/v2\/pages\/37843\/revisions\/68554"}],"up":[{"embeddable":true,"href":"https:\/\/www.sisinternational.com\/pl\/wp-json\/wp\/v2\/pages\/14281"}],"wp:featuredmedia":[{"embeddable":true,"href":"https:\/\/www.sisinternational.com\/pl\/wp-json\/wp\/v2\/media\/65375"}],"wp:attachment":[{"href":"https:\/\/www.sisinternational.com\/pl\/wp-json\/wp\/v2\/media?parent=37843"}],"curies":[{"name":"wp","href":"https:\/\/api.w.org\/{rel}","templated":true}]}}