{"id":37839,"date":"2021-06-15T06:46:00","date_gmt":"2021-06-15T06:46:00","guid":{"rendered":"https:\/\/www.sisinternational.com\/?page_id=37839"},"modified":"2026-01-24T20:41:06","modified_gmt":"2026-01-25T01:41:06","slug":"market-research-in-lesotho-africa","status":"publish","type":"page","link":"https:\/\/www.sisinternational.com\/pl\/zasieg\/badania-rynku-afryka\/market-research-in-lesotho-africa\/","title":{"rendered":"Badania rynku w Lesotho, Afryka"},"content":{"rendered":"<h1 class=\"wp-block-heading\">Market Research in Lesotho<\/h1>\n\n\n\n<figure class=\"gb-block-image gb-block-image-8b04ab6e\"><img loading=\"lazy\" decoding=\"async\" width=\"1456\" height=\"816\" class=\"gb-image gb-image-8b04ab6e\" src=\"https:\/\/www.sisinternational.com\/wp-content\/uploads\/2025\/08\/Lesotho-1vv-3.jpg\" alt=\"SIS Mi\u0119dzynarodowe badania rynku i strategia\" title=\"Lesotho (1vv) (3)\" srcset=\"https:\/\/www.sisinternational.com\/wp-content\/uploads\/2025\/08\/Lesotho-1vv-3.jpg 1456w, https:\/\/www.sisinternational.com\/wp-content\/uploads\/2025\/08\/Lesotho-1vv-3-300x168.jpg 300w, https:\/\/www.sisinternational.com\/wp-content\/uploads\/2025\/08\/Lesotho-1vv-3-1024x574.jpg 1024w, https:\/\/www.sisinternational.com\/wp-content\/uploads\/2025\/08\/Lesotho-1vv-3-768x430.jpg 768w, https:\/\/www.sisinternational.com\/wp-content\/uploads\/2025\/08\/Lesotho-1vv-3-18x10.jpg 18w\" sizes=\"auto, (max-width: 1456px) 100vw, 1456px\"><\/figure>\n\n\n\n<p><\/p>\n\n\n\n<p>South Africa surrounds the <a href=\"https:\/\/oec.world\/en\/profile\/country\/lso\" target=\"_blank\" rel=\"noopener\">former British protectorate now known as Lesotho<\/a> \u2013 a unique situation. Formerly known as Basutoland, Lesotho gained independence in 1966. Presently, Lesotho is a monarchy with an integrated economy. Today, most families live by agriculture.<\/p>\n\n\n\n<h2 class=\"wp-block-heading\">Key Industries in Lesotho<\/h2>\n\n\n\n<p>Lesotho\u2019s economy focuses on production, agriculture, mining, and animal husbandry. Many Basotho, which is the name for people from Lesotho, also rely on remittances. Although Lesotho depends on agriculture, much of its land is not arable. Thus, many Basotho leave to work in mines in South Africa. These remittances come from those migrant workers.<\/p>\n\n\n\n<p>Lesotho\u2019s main exports are natural resources and manufactured goods. The clothing sector is one of the primary industries, and it employs many female workers.<\/p>\n\n\n\n<h2 class=\"wp-block-heading\">Osiedla<\/h2>\n\n\n\n<p>The capital and largest town of Lesotho is Maseru. It lies adjacent to the Caledon River, right on the border between Lesotho and South Africa. The town used to be a police camp and became the capital after Lesotho became a British protectorate in 1869. Maseru continued to be the capital in 1966 even after the country got its independence. The name of the city means \u201cred sandstone,\u201d the word derived from a Sesotho word.<\/p>\n\n\n\n<h2 class=\"wp-block-heading\">Consumer Base in Lesotho<\/h2>\n\n\n\n<p>The term \u201cmokhoro\u201d refers to the building style of Lesotho. Many traditional houses, especially in small villages and towns, are mokhoro style. The Basotho often glue the walls to large cement pieces. Clay bricks, especially concrete blocks, are also used today. The owners often replace the traditional thatched roofs with corrugated cardboard.<\/p>\n\n\n\n<p>Lesotho has limited food resources, so most families produce livestock and food to feed themselves. Presently, the economy is in transition. The country is trying to end this dependence on subsistence farming. Thus, it is slowly diversifying, which is a great opportunity for investors. It will mean higher incomes for Basotho, so the local market will be able to sustain a business.<\/p>\n\n\n\n<h2 class=\"wp-block-heading\">Mocne strony na rynku<\/h2>\n\n\n\n<p>Lesotho\u2019s strength is in tourism. It is an excellent visitor vacation spot because it offers the following:<\/p>\n\n\n\n<ol class=\"wp-block-list\">\n<li>African nature experience. Lesotho is the destination for demanding travelers and adventure lovers. It\u2019s perfect for those who want something other than a business vacation.<\/li>\n\n\n\n<li>Scenic landscape. Lesotho is rich in unique wildlife and also has beautiful clear streams. It is one of the region\u2019s cleanest and most pristine natural environments.<\/li>\n\n\n\n<li>Near South Africa. As mentioned earlier, South Africa surrounds Lesotho. As a matter of fact, this situation presents many opportunities. Firstly, it helps with the development and growth of Lesotho\u2019s tourism industry. South Africa gets many tourists, giving Lesotho a unique opportunity. It can leverage the strengths of its neighboring country. In fact, it can position itself to become an international tourism destination. South Africa can thus become Lesotho\u2019s \u201cgateway.\u201d<\/li>\n<\/ol>\n\n\n\n<h2 class=\"wp-block-heading\">Powody, dla kt\u00f3rych warto rozwija\u0107 sw\u00f3j biznes na rynku<\/h2>\n\n\n\n<ol class=\"wp-block-list\">\n<li>Lesotho has political stability. Thus, investors will benefit from policy continuity. This stability also allows businesses to grow and prosper. Investors can plan for the long term without having to worry about interruptions due to political upheavals.<\/li>\n\n\n\n<li>Recent government reforms have had a positive effect on the economy.<\/li>\n\n\n\n<li>Investment opportunities exist in the following areas:\n<ol class=\"wp-block-list\">\n<li>Rolnictwo<\/li>\n\n\n\n<li>Infrastructure and construction<\/li>\n\n\n\n<li>Produkcja<\/li>\n\n\n\n<li>ICT<\/li>\n\n\n\n<li>Renewable energy<\/li>\n\n\n\n<li>Financial services<\/li>\n\n\n\n<li>Turystyka<\/li>\n\n\n\n<li>G\u00f3rnictwo<\/li>\n<\/ol>\n<\/li>\n\n\n\n<li>Lesotho\u2019s stunning scenery and snowy slopes are great for skiing. These features can promote tourism.<\/li>\n\n\n\n<li>The \u201cAfrican Growth and Opportunity Act\u201d and the Continental Free Trade Area. These agreements provide a broader <a href=\"https:\/\/www.sisinternational.com\/pl\/zmieniajacy-sie-rynek-afrykanski\/\" title=\"Badania mo\u017cliwo\u015bci rynkowych w Afryce\" data-wpil-monitor-id=\"2802\">market for countries outside of South Africa<\/a>.<\/li>\n<\/ol>\n\n\n\n<h2 class=\"wp-block-heading\">About Market Research in Lesotho<\/h2>\n\n\n\n<p>Want to start a business? Does Lesotho sound like an ideal place? Then this article is for you. We set up focus groups for African private sectors. We can also carry out <a href=\"https:\/\/www.sisinternational.com\/pl\/co-to-jest-badanie-ilosciowe\/\" target=\"_blank\" rel=\"noopener\">Ilo\u015bciowy<\/a>, <a href=\"https:\/\/www.sisinternational.com\/pl\/co-to-jest-badanie-jakosciowe\/\" target=\"_blank\" rel=\"noopener\">Jako\u015bciowy<\/a>, I <a href=\"https:\/\/www.sisinternational.com\/pl\/rozwiazania\/doradztwo-strategiczne\/how-strategy-research-can-boost-your-performance\/\" target=\"_blank\" rel=\"noopener\">Strategy research<\/a> for your company. So you can choose the best industry to start your business. In short, our Market Research can ensure the success of your business.<\/p>\n\n\n\n<p><\/p>","protected":false},"excerpt":{"rendered":"<p>Si\u0142\u0105 Lesotho jest turystyka. Lesotho jest monarchi\u0105 ze zintegrowan\u0105 gospodark\u0105. Obecnie wi\u0119kszo\u015b\u0107 rodzin \u017cyje z rolnictwa.<\/p>","protected":false},"author":1,"featured_media":65365,"parent":14281,"menu_order":24,"comment_status":"closed","ping_status":"closed","template":"","meta":{"footnotes":""},"class_list":["post-37839","page","type-page","status-publish","has-post-thumbnail"],"_links":{"self":[{"href":"https:\/\/www.sisinternational.com\/pl\/wp-json\/wp\/v2\/pages\/37839","targetHints":{"allow":["GET"]}}],"collection":[{"href":"https:\/\/www.sisinternational.com\/pl\/wp-json\/wp\/v2\/pages"}],"about":[{"href":"https:\/\/www.sisinternational.com\/pl\/wp-json\/wp\/v2\/types\/page"}],"author":[{"embeddable":true,"href":"https:\/\/www.sisinternational.com\/pl\/wp-json\/wp\/v2\/users\/1"}],"replies":[{"embeddable":true,"href":"https:\/\/www.sisinternational.com\/pl\/wp-json\/wp\/v2\/comments?post=37839"}],"version-history":[{"count":4,"href":"https:\/\/www.sisinternational.com\/pl\/wp-json\/wp\/v2\/pages\/37839\/revisions"}],"predecessor-version":[{"id":77137,"href":"https:\/\/www.sisinternational.com\/pl\/wp-json\/wp\/v2\/pages\/37839\/revisions\/77137"}],"up":[{"embeddable":true,"href":"https:\/\/www.sisinternational.com\/pl\/wp-json\/wp\/v2\/pages\/14281"}],"wp:featuredmedia":[{"embeddable":true,"href":"https:\/\/www.sisinternational.com\/pl\/wp-json\/wp\/v2\/media\/65365"}],"wp:attachment":[{"href":"https:\/\/www.sisinternational.com\/pl\/wp-json\/wp\/v2\/media?parent=37839"}],"curies":[{"name":"wp","href":"https:\/\/api.w.org\/{rel}","templated":true}]}}