{"id":37835,"date":"2021-06-15T06:23:17","date_gmt":"2021-06-15T06:23:17","guid":{"rendered":"https:\/\/www.sisinternational.com\/?page_id=37835"},"modified":"2025-09-14T16:14:45","modified_gmt":"2025-09-14T20:14:45","slug":"badania-rynku-w-gwinei-bissau-afryka","status":"publish","type":"page","link":"https:\/\/www.sisinternational.com\/pl\/zasieg\/badania-rynku-afryka\/badania-rynku-w-gwinei-bissau-afryka\/","title":{"rendered":"Badania rynku w Gwinei Bissau, Afryka"},"content":{"rendered":"<h1 class=\"wp-block-heading\">Badania rynku w Gwinei Bissau<\/h1>\n\n\n\n<figure class=\"gb-block-image gb-block-image-74da283f\"><img loading=\"lazy\" decoding=\"async\" width=\"1456\" height=\"816\" class=\"gb-image gb-image-74da283f\" src=\"https:\/\/www.sisinternational.com\/wp-content\/uploads\/2025\/08\/Guinea-Bissau-2.jpg\" alt=\"SIS Mi\u0119dzynarodowe badania rynku i strategia\" title=\"Guinea-Bissau (2)\" srcset=\"https:\/\/www.sisinternational.com\/wp-content\/uploads\/2025\/08\/Guinea-Bissau-2.jpg 1456w, https:\/\/www.sisinternational.com\/wp-content\/uploads\/2025\/08\/Guinea-Bissau-2-300x168.jpg 300w, https:\/\/www.sisinternational.com\/wp-content\/uploads\/2025\/08\/Guinea-Bissau-2-1024x574.jpg 1024w, https:\/\/www.sisinternational.com\/wp-content\/uploads\/2025\/08\/Guinea-Bissau-2-768x430.jpg 768w, https:\/\/www.sisinternational.com\/wp-content\/uploads\/2025\/08\/Guinea-Bissau-2-18x10.jpg 18w\" sizes=\"auto, (max-width: 1456px) 100vw, 1456px\"><\/figure>\n\n\n\n<p><\/p>\n\n\n\n<p><a href=\"https:\/\/oec.world\/en\/profile\/country\/gnb\" target=\"_blank\" rel=\"noopener\">Gwinea Bissau to nisko po\u0142o\u017cony kraj w Afryce Zachodniej<\/a>. Jest to jeden z najmniejszych kraj\u00f3w Afryki, ale jest domem dla wielu zwierz\u0105t i dzikich zwierz\u0105t. Jego sk\u0142ad geograficzny sk\u0142ada si\u0119 z teren\u00f3w podmok\u0142ych, las\u00f3w tropikalnych i sawann.<\/p>\n\n\n\n<p>Gwinea Bissau graniczy z Senegalem, Gwine\u0105 i Oceanem Atlantyckim. Senegal jest na p\u00f3\u0142nocy, a Gwinea na po\u0142udniowym wschodzie. Ocean Atlantycki jest na zachodzie.<\/p>\n\n\n\n<h2 class=\"wp-block-heading\">Kluczowe bran\u017ce w Gwinei Bissau<\/h2>\n\n\n\n<p>Gwinea Bissau opiera si\u0119 na rolnictwie. Rolnictwo stanowi ponad po\u0142ow\u0119 produktu krajowego brutto kraju. Jest \u017ar\u00f3d\u0142em dochodu dla ponad trzech czwartych populacji. Nerkowce s\u0105 g\u0142\u00f3wn\u0105 upraw\u0105 wykorzystywan\u0105 na eksport komercyjny, a inne niezb\u0119dne produkty to \u017cywno\u015b\u0107 gruntowa, orzeszki ziemne i olej palmowy. Podobnie jak kauczuk, kopra i drewno li\u015bciaste. Przemys\u0142 wytw\u00f3rczy przyczynia si\u0119 do znacznej cz\u0119\u015bci produktu krajowego brutto kraju.<\/p>\n\n\n\n<p>Rybo\u0142\u00f3wstwo to kolejna wa\u017cna bran\u017ca. Wi\u0119kszo\u015b\u0107 eksportu Gwinei Bissau trafia do kraj\u00f3w azjatyckich, co przyczynia si\u0119 do wymiany walut.<\/p>\n\n\n\n<p>Gwinea Bissau ma potencja\u0142 w zakresie rozwoju le\u015bnictwa, poniewa\u017c lasy pokrywaj\u0105 oko\u0142o trzech pi\u0105tych powierzchni l\u0105du. Miejscowi wykorzystuj\u0105 wi\u0119kszo\u015b\u0107 tego drewna jako lokalne paliwo. Kraj eksportuje r\u00f3wnie\u017c niewielkie ilo\u015bci tarcicy.<\/p>\n\n\n\n<h2 class=\"wp-block-heading\">Dzielnice w Gwinei Bissau<\/h2>\n\n\n\n<p>Stolic\u0105 Gwinei Bissau jest Bissau. Bissau, co oznacza \u201eodwa\u017cny jak jaguar\u201d, le\u017cy na zachodnim brzegu rzeki Geba. Graniczy z Oceanem Atlantyckim.<\/p>\n\n\n\n<p>Bissau, najludniejsze miasto w kraju, ma mi\u0119dzynarodowe lotnisko Osvaldo Vieira i nowy stadion Bissau. Miasto mie\u015bci g\u0142\u00f3wny port, Port Pidjiguiti. Na molo stoi pomnik przypominaj\u0105cy gigantyczn\u0105 czarn\u0105 pi\u0119\u015b\u0107. Pi\u0119\u015b\u0107 upami\u0119tnia masakr\u0119, kt\u00f3ra mia\u0142a miejsce w 1959 roku.<\/p>\n\n\n\n<p>Bissau ma wiele atrakcji. Nale\u017c\u0105 do nich rynek g\u0142\u00f3wny, Mercado de Bandim i Narodowe Muzeum Etnograficzne. Wykwintne restauracje i zach\u0119caj\u0105ce pla\u017ce wzbogacaj\u0105 miasto. Pa\u0142ac Prezydencki jest lustrem wojny domowej. Zwiedzaj\u0105cy mog\u0105 spacerowa\u0107 po terenie.<\/p>\n\n\n\n<p>Bafat\u00e1 to kolejne miasto po\u0142o\u017cone w centralnej Gwinei Bissau. To miasto jest siedzib\u0105 rzymskokatolickiej diecezji Bafat\u00e1. Pas startowy, lotnisko Bafat\u00e1, obs\u0142uguje miasto. Bafat\u00e1 s\u0142ynie z przemys\u0142u cegielnianego i centrum handlowego.<\/p>\n\n\n\n<h2 class=\"wp-block-heading\">Trendy<\/h2>\n\n\n\n<p>Stopa bezrobocia w Gwinei Bissau nadal ro\u015bnie. Wzrasta r\u00f3wnie\u017c liczba przypadk\u00f3w COVID-19. W rezultacie rz\u0105d pr\u00f3buje podawa\u0107 szczepionki. Sytuacja zaczyna si\u0119 poprawia\u0107, poniewa\u017c Afryka\u0144skie Centra Kontroli Chor\u00f3b potwierdzi\u0142y, \u017ce trwaj\u0105 badania kliniczne.<\/p>\n\n\n\n<p>Gwinea Bissau ma szybko rozwijaj\u0105cy si\u0119 przemys\u0142 przetw\u00f3rstwa spo\u017cywczego. Najpierw inwestorzy za\u0142o\u017cyli zak\u0142ad przetw\u00f3rstwa ry\u017cu i orzeszk\u00f3w ziemnych. Nast\u0119pnie inni inwestorzy za\u0142o\u017cyli r\u00f3wnie\u017c rafineri\u0119 cukru, co pomaga w efektywnej produkcji \u017cywno\u015bci. Pomaga r\u00f3wnie\u017c utrzyma\u0107 gospodark\u0119 kraju na powierzchni.<\/p>\n\n\n\n<h2 class=\"wp-block-heading\">Korzy\u015bci i mocne strony na rynku<\/h2>\n\n\n\n<figure class=\"gb-block-image gb-block-image-630a5743\"><img loading=\"lazy\" decoding=\"async\" width=\"1024\" height=\"574\" class=\"gb-image gb-image-630a5743\" src=\"https:\/\/www.sisinternational.com\/wp-content\/uploads\/2025\/08\/Guinea-Bissau-3-1024x574.jpg\" srcset=\"https:\/\/www.sisinternational.com\/wp-content\/uploads\/2025\/08\/Guinea-Bissau-3-1024x574.jpg 1024w, https:\/\/www.sisinternational.com\/wp-content\/uploads\/2025\/08\/Guinea-Bissau-3-300x168.jpg 300w, https:\/\/www.sisinternational.com\/wp-content\/uploads\/2025\/08\/Guinea-Bissau-3-768x430.jpg 768w, https:\/\/www.sisinternational.com\/wp-content\/uploads\/2025\/08\/Guinea-Bissau-3-18x10.jpg 18w, https:\/\/www.sisinternational.com\/wp-content\/uploads\/2025\/08\/Guinea-Bissau-3.jpg 1456w\" sizes=\"auto, (max-width: 1024px) 100vw, 1024px\" alt=\"SIS Mi\u0119dzynarodowe badania rynku i strategia\"><\/figure>\n\n\n\n<p><\/p>\n\n\n\n<p>Gwinea Bissau ma doskona\u0142y potencja\u0142 rolniczy, poniewa\u017c kraj ma \u017cyzn\u0105 gleb\u0119 i du\u017ce opady deszczu. Egzotyczna uprawa towarowa, nerkowiec, nadal dominuje. Zyskuje powszechn\u0105 akceptacj\u0119 w gospodarce Gwinei Bissau.<\/p>\n\n\n\n<h2 class=\"wp-block-heading\">Baza konsument\u00f3w w Gwinei Bissau<\/h2>\n\n\n\n<p>Gwinea Bissau jest jednym z najbiedniejszych i najbardziej niestabilnych kraj\u00f3w na \u015bwiecie. Jest to gospodarka rolna, a wielu mieszka\u0144c\u00f3w pracuje w tym sektorze. Przemys\u0142 rybny jest r\u00f3wnie\u017c istotny dla gospodarki narodowej. Mimo to sytuacja si\u0119 poprawia. Gospodarka ro\u015bnie dzi\u0119ki zwi\u0119kszonej produkcji nerkowc\u00f3w, co oznacza wi\u0119kszy doch\u00f3d do dyspozycji dla wszystkich.<\/p>\n\n\n\n<h2 class=\"wp-block-heading\">Powody, dla kt\u00f3rych warto rozwija\u0107 sw\u00f3j biznes dzi\u0119ki badaniom rynku w Gwinei Bissau<\/h2>\n\n\n\n<p>Poniewa\u017c nerkowiec jest g\u0142\u00f3wn\u0105 upraw\u0105 towarow\u0105, istniej\u0105 obawy dotycz\u0105ce bior\u00f3\u017cnorodno\u015bci. Ekonomi\u015bci kwestionuj\u0105 r\u00f3wnie\u017c zr\u00f3wnowa\u017cony rozw\u00f3j i bezpiecze\u0144stwo \u017cywno\u015bciowe kraju. Tak wi\u0119c potencja\u0142 istnieje w uprawie innych upraw \u017cywno\u015bciowych.<\/p>\n\n\n\n<p>Produkcja mineralna to kolejna rozwijaj\u0105ca si\u0119 bran\u017ca w Gwinei Bissau. Wydobycie piasku i \u017cwiru odbywa si\u0119 na niewielk\u0105 skal\u0119. Jednak kraj chce rozwija\u0107 przemys\u0142 wydobywczy poprzez inwestycje zagraniczne. Niedawno odkryto z\u0142o\u017ca boksytu. Firma Bauxite Angola zobowi\u0105za\u0142a si\u0119 zainwestowa\u0107 setki milion\u00f3w dolar\u00f3w w eksploracj\u0119. Inni inwestorzy s\u0105 mile widziani w bran\u017cy.<\/p>\n\n\n\n<h2 class=\"wp-block-heading\">O badaniach rynkowych w Gwinei Bissau<\/h2>\n\n\n\n<p>Inwestorzy musz\u0105 zrozumie\u0107 rynek Gwinei Bissau. Mocn\u0105 stron\u0105 jest to, \u017ce kraj jest bogaty w zasoby. Natomiast s\u0142abo\u015bci\u0105 jest to, \u017ce gospodarka kraju jest nadal podatna na zagro\u017cenia. Du\u017ca cz\u0119\u015b\u0107 tej podatno\u015bci wynika z niestabilno\u015bci politycznej. Dlatego grupy fokusowe odgrywaj\u0105 kluczow\u0105 rol\u0119 w przeprowadzaniu bada\u0144 ankietowych w kraju w celu zrozumienia rynku. Mog\u0105 r\u00f3wnie\u017c przeprowadza\u0107 wywiady. <a href=\"https:\/\/www.sisinternational.com\/pl\/co-to-jest-badanie-jakosciowe\/\" target=\"_blank\" rel=\"noopener\">Jako\u015bciowy<\/a> I <a href=\"https:\/\/www.sisinternational.com\/pl\/co-to-jest-badanie-ilosciowe\/\" target=\"_blank\" rel=\"noopener\">Ilo\u015bciowy<\/a> Badania zapewniaj\u0105 dalsz\u0105 ochron\u0119 inwestor\u00f3w. <a href=\"https:\/\/www.sisinternational.com\/pl\/rozwiazania\/doradztwo-strategiczne\/how-strategy-research-can-boost-your-performance\/\" target=\"_blank\" rel=\"noopener\">Badania strategiczne<\/a> umo\u017cliwia inwestorowi poznanie gospodarki kraju. Ten rodzaj bada\u0144 jest ogromn\u0105 pomoc\u0105 w planowaniu biznesowym.<\/p>\n\n\n\n<p><\/p>","protected":false},"excerpt":{"rendered":"<p>Gwinea Bissau ma doskona\u0142y potencja\u0142 rolniczy. Kraj ma \u017cyzn\u0105 gleb\u0119, wysokie opady deszczu i szybko rozwijaj\u0105cy si\u0119 przemys\u0142 przetw\u00f3rstwa spo\u017cywczego.<\/p>","protected":false},"author":1,"featured_media":65202,"parent":14281,"menu_order":22,"comment_status":"closed","ping_status":"closed","template":"","meta":{"footnotes":""},"class_list":["post-37835","page","type-page","status-publish","has-post-thumbnail"],"_links":{"self":[{"href":"https:\/\/www.sisinternational.com\/pl\/wp-json\/wp\/v2\/pages\/37835","targetHints":{"allow":["GET"]}}],"collection":[{"href":"https:\/\/www.sisinternational.com\/pl\/wp-json\/wp\/v2\/pages"}],"about":[{"href":"https:\/\/www.sisinternational.com\/pl\/wp-json\/wp\/v2\/types\/page"}],"author":[{"embeddable":true,"href":"https:\/\/www.sisinternational.com\/pl\/wp-json\/wp\/v2\/users\/1"}],"replies":[{"embeddable":true,"href":"https:\/\/www.sisinternational.com\/pl\/wp-json\/wp\/v2\/comments?post=37835"}],"version-history":[{"count":2,"href":"https:\/\/www.sisinternational.com\/pl\/wp-json\/wp\/v2\/pages\/37835\/revisions"}],"predecessor-version":[{"id":68518,"href":"https:\/\/www.sisinternational.com\/pl\/wp-json\/wp\/v2\/pages\/37835\/revisions\/68518"}],"up":[{"embeddable":true,"href":"https:\/\/www.sisinternational.com\/pl\/wp-json\/wp\/v2\/pages\/14281"}],"wp:featuredmedia":[{"embeddable":true,"href":"https:\/\/www.sisinternational.com\/pl\/wp-json\/wp\/v2\/media\/65202"}],"wp:attachment":[{"href":"https:\/\/www.sisinternational.com\/pl\/wp-json\/wp\/v2\/media?parent=37835"}],"curies":[{"name":"wp","href":"https:\/\/api.w.org\/{rel}","templated":true}]}}