{"id":37833,"date":"2021-06-15T06:17:32","date_gmt":"2021-06-15T06:17:32","guid":{"rendered":"https:\/\/www.sisinternational.com\/?page_id=37833"},"modified":"2025-09-14T16:16:20","modified_gmt":"2025-09-14T20:16:20","slug":"badania-rynku-w-ghanie-afryka","status":"publish","type":"page","link":"https:\/\/www.sisinternational.com\/pl\/zasieg\/badania-rynku-afryka\/badania-rynku-w-ghanie-afryka\/","title":{"rendered":"Badania rynku w Ghanie, Afryka"},"content":{"rendered":"<h1 class=\"wp-block-heading\">Badania rynku w Ghanie, Afryka<\/h1>\n\n\n\n<figure class=\"gb-block-image gb-block-image-c483eb15\"><img loading=\"lazy\" decoding=\"async\" width=\"1456\" height=\"816\" class=\"gb-image gb-image-c483eb15\" src=\"https:\/\/www.sisinternational.com\/wp-content\/uploads\/2025\/08\/Ghana-4.jpg\" alt=\"SIS Mi\u0119dzynarodowe badania rynku i strategia\" title=\"Ghana, (4)\" srcset=\"https:\/\/www.sisinternational.com\/wp-content\/uploads\/2025\/08\/Ghana-4.jpg 1456w, https:\/\/www.sisinternational.com\/wp-content\/uploads\/2025\/08\/Ghana-4-300x168.jpg 300w, https:\/\/www.sisinternational.com\/wp-content\/uploads\/2025\/08\/Ghana-4-1024x574.jpg 1024w, https:\/\/www.sisinternational.com\/wp-content\/uploads\/2025\/08\/Ghana-4-768x430.jpg 768w, https:\/\/www.sisinternational.com\/wp-content\/uploads\/2025\/08\/Ghana-4-18x10.jpg 18w\" sizes=\"auto, (max-width: 1456px) 100vw, 1456px\"><\/figure>\n\n\n\n<p><\/p>\n\n\n\n<p><a href=\"https:\/\/oec.world\/en\/profile\/country\/gha\" target=\"_blank\" rel=\"noopener\">Po\u0142o\u017cone na wybrze\u017cu Zatoki Gwinejskiej w zachodniej Afryce<\/a>, Ghana graniczy na p\u00f3\u0142nocy i p\u00f3\u0142nocnym zachodzie z Burkina Faso. Togo jest na wschodzie, Wybrze\u017ce Ko\u015bci S\u0142oniowej na zachodzie, a Ocean Atlantycki na po\u0142udniu. Klimat jest tropikalny. Cho\u0107 jest wieloj\u0119zyczna, oficjalnym j\u0119zykiem Ghany jest angielski.<\/p>\n\n\n\n<p>Ghana wyr\u00f3\u017cnia si\u0119 jako jeden z wiod\u0105cych kraj\u00f3w w Afryce.<\/p>\n\n\n\n<p>Podczas gdy mieszka\u0144cy Ghany mog\u0105 nale\u017ce\u0107 do jednej szerokiej grupy z rodzin\u0105 afryka\u0144sk\u0105, istnieje wiele podgrup. Wi\u0119kszo\u015b\u0107 populacji to chrze\u015bcijanie, a jedna pi\u0105ta to muzu\u0142manie. Ponadto, niewielki segment wyznaje tradycyjne religie tubylcze.<\/p>\n\n\n\n<h2 class=\"wp-block-heading\">Kluczowe bran\u017ce w Ghanie<\/h2>\n\n\n\n<p>Rolnictwo, le\u015bnictwo i rybo\u0142\u00f3wstwo to kluczowe ga\u0142\u0119zie przemys\u0142u w Ghanie. Bran\u017ce te zatrudniaj\u0105 znaczn\u0105 cz\u0119\u015b\u0107 populacji. Uprawa kakao na ziarna kakaowe stanowi ponad po\u0142ow\u0119 grunt\u00f3w ornych Ghany. Ponadto jest to znacz\u0105ce \u017ar\u00f3d\u0142o dochod\u00f3w z eksportu kraju, a Ghana jest jednym z wiod\u0105cych producent\u00f3w kakao na \u015bwiecie. Drewno jest r\u00f3wnie\u017c wa\u017cnym produktem eksportowym. Ponadto eksport Ghany obejmuje cukier, kaw\u0119, olej palmowy, kopr\u0119 i r\u00f3\u017cne owoce i warzywa.<\/p>\n\n\n\n<p>Istnieje ma\u0142y, ale niezb\u0119dny przemys\u0142 szklarski. Opr\u00f3cz szk\u0142a, kraj produkuje cement i aluminium.<\/p>\n\n\n\n<p>Rynek samochodowy Ghany znacz\u0105co zyska\u0142 na warto\u015bci w 2020 roku. Prognozy wskazuj\u0105, \u017ce do 2026 roku warto\u015b\u0107 ta b\u0119dzie nadal ros\u0142a.<\/p>\n\n\n\n<h2 class=\"wp-block-heading\">Osiedla<\/h2>\n\n\n\n<p>Accra, po\u0142o\u017cona na wybrze\u017cu, jest stolic\u0105 Ghany oraz handlowym i edukacyjnym centrum kraju. Po pierwsze, miasto dzieli si\u0119 na pi\u0119\u0107 region\u00f3w geograficznych \u2013 P\u00f3\u0142nocny, Zachodni, Wschodni, Centralny i Po\u0142udniowy. Nast\u0119pnie ma jedena\u015bcie obszar\u00f3w submetropolitalnych, z kt\u00f3rych ka\u017cdy ma swoj\u0105 unikaln\u0105 cech\u0119. Na przyk\u0142ad Central jest domem ministerstw i najbardziej ruchliw\u0105 cz\u0119\u015bci\u0105 Accry.<\/p>\n\n\n\n<p>Kumasi, Garden City of West Africa, jest po\u0142udniowo-centralnym, prominentnym o\u015brodkiem handlowym. To miasto, b\u0119d\u0105ce stolic\u0105 historycznego Imperium Aszanti, znajduje si\u0119 w regionie las\u00f3w deszczowych.<\/p>\n\n\n\n<p>Strefa Przybrze\u017cna jest zdecydowanie najmniejszym regionem. To tam mo\u017cna znale\u017a\u0107 rybak\u00f3w i drobnych rolnik\u00f3w. Strefa Przybrze\u017cna ma wi\u0119cej o\u015brodk\u00f3w miejskich ni\u017c jakikolwiek inny region w Ghanie.<\/p>\n\n\n\n<h2 class=\"wp-block-heading\">Trendy<\/h2>\n\n\n\n<p>Pandemia COVID-19 dotkn\u0119\u0142a Ghan\u0119, wprowadzaj\u0105c protoko\u0142y takie jak dystans spo\u0142eczny. Ponadto Ghana ponios\u0142a dotkliwy cios z powodu zamkni\u0119cia o\u015brodk\u00f3w turystycznych i hotelarskich. Wirus przyt\u0142oczy\u0142 system opieki zdrowotnej Ghany.<\/p>\n\n\n\n<p>Ghana mo\u017ce zmieni\u0107 te wyzwania w perspektywy i mo\u017cliwo\u015bci. Rz\u0105d inwestuje w rozw\u00f3j sektora zdrowia. Tworzy r\u00f3wnie\u017c wsparcie dla M\u015aP. Te bran\u017ce zapewniaj\u0105 wiele miejsc pracy dla wielu Gha\u0144czyk\u00f3w.<\/p>\n\n\n\n<h2 class=\"wp-block-heading\">Korzy\u015bci i mocne strony rynku<\/h2>\n\n\n\n<p>Rynek gha\u0144ski jest bogaty w zasoby naturalne, takie jak z\u0142oto, diamenty, ropa naftowa i boksyty. Istniej\u0105 r\u00f3wnie\u017c rozwijaj\u0105ce si\u0119 ga\u0142\u0119zie przemys\u0142u, takie jak film.<\/p>\n\n\n\n<p>Ghana chce pozosta\u0107 jednym z wiod\u0105cych kraj\u00f3w Afryki Zachodniej. Rz\u0105d pomaga rozwija\u0107 swoje ma\u0142e i wi\u0119ksze ga\u0142\u0119zie przemys\u0142u. Od pocz\u0105tku pandemii udziela jeszcze wi\u0119kszego wsparcia. Jednym z przyk\u0142ad\u00f3w jest uchwalenie ustawy o rozwoju i klasyfikacji filmu, aby przyspieszy\u0107 rozw\u00f3j rozwijaj\u0105cego si\u0119 przemys\u0142u filmowego.<\/p>\n\n\n\n<h2 class=\"wp-block-heading\">Baza konsument\u00f3w<\/h2>\n\n\n\n<p>Ghana ma doskona\u0142y system edukacyjny, jeden z najlepszych w Afryce Zachodniej.<\/p>\n\n\n\n<p>Kraj ten ma r\u00f3wnie\u017c wysoki wska\u017anik wzrostu. Oko\u0142o dw\u00f3ch trzecich Gha\u0144czyk\u00f3w ma mniej ni\u017c 30 lat. Posiadanie m\u0142odej populacji oznacza, \u017ce wysoki wska\u017anik wzrostu kraju utrzyma si\u0119 przez jaki\u015b czas. Chocia\u017c niska wed\u0142ug standard\u00f3w \u015bwiatowych, oczekiwana d\u0142ugo\u015b\u0107 \u017cycia poprawi\u0142a si\u0119 od 1960 r. Jest jedn\u0105 z najwy\u017cszych w zachodniej Afryce.<\/p>\n\n\n\n<h2 class=\"wp-block-heading\">Powody, dla kt\u00f3rych warto rozwija\u0107 swoj\u0105 firm\u0119 poprzez badania rynku w Ghanie<\/h2>\n\n\n\n<p>Rz\u0105d inwestuje w sw\u00f3j przemys\u0142, infrastruktur\u0119 i bezpiecze\u0144stwo \u017cywno\u015bciowe, kt\u00f3re s\u0105 kluczowymi elementami o\u017cywienia gospodarczego w ramach wizji Ghana Beyond Aid. To wsparcie pomaga zasila\u0107 lokalne przedsi\u0119biorstwa. Skupia si\u0119 r\u00f3wnie\u017c na lokalnej produkcji i konsumpcji. Inwestowanie w Ghollywood, gha\u0144ski przemys\u0142 filmowy, mo\u017ce okaza\u0107 si\u0119 owocne.<\/p>\n\n\n\n<p>Istnieje r\u00f3wnie\u017c rozwijaj\u0105cy si\u0119 przemys\u0142 w produkcji i sprzeda\u017cy samochod\u00f3w, kt\u00f3ry otrzymuje pomoc od rz\u0105du. Jest to jeden z najszybciej rozwijaj\u0105cych si\u0119 na \u015bwiecie. Ghana prognozuje, \u017ce do ko\u0144ca 2021 r. b\u0119dzie on odpowiada\u0142 za znaczn\u0105 cz\u0119\u015b\u0107 PKB.<\/p>\n\n\n\n<h2 class=\"wp-block-heading\">O badaniach rynkowych w Ghanie<\/h2>\n\n\n\n<p><a href=\"https:\/\/www.sisinternational.com\/pl\/co-to-jest-badanie-jakosciowe\/\" target=\"_blank\" rel=\"noopener\">Jako\u015bciowy<\/a> I <a href=\"https:\/\/www.sisinternational.com\/pl\/co-to-jest-badanie-ilosciowe\/\" target=\"_blank\" rel=\"noopener\">Ilo\u015bciowy<\/a> Badania dostarczy\u0142yby potrzebnych spostrze\u017ce\u0144 na temat Ghany. Takie badania s\u0105 niezb\u0119dne, bior\u0105c pod uwag\u0119 wcze\u015bniejsze oszustwa i korupcj\u0119 w rz\u0105dzie.<\/p>\n\n\n\n<p>Szczeg\u00f3\u0142owy <a href=\"https:\/\/www.sisinternational.com\/pl\/rozwiazania\/doradztwo-strategiczne\/how-strategy-research-can-boost-your-performance\/\" target=\"_blank\" rel=\"noopener\">Badania strategiczne<\/a> pomog\u0142oby r\u00f3wnie\u017c, je\u015bli chcesz wykorzysta\u0107 zasoby naturalne. Grupy fokusowe, ankiety i wywiady dostarczaj\u0105 krytycznych spostrze\u017ce\u0144 na temat tego, gdzie wykorzysta\u0107 rynek.<\/p>\n\n\n\n<p><\/p>","protected":false},"excerpt":{"rendered":"<p>Ghana wyr\u00f3\u017cnia si\u0119 jako jeden z wiod\u0105cych kraj\u00f3w w Afryce. Rolnictwo, le\u015bnictwo i rybo\u0142\u00f3wstwo to wa\u017cne ga\u0142\u0119zie przemys\u0142u.<\/p>","protected":false},"author":1,"featured_media":65200,"parent":14281,"menu_order":21,"comment_status":"closed","ping_status":"closed","template":"","meta":{"footnotes":""},"class_list":["post-37833","page","type-page","status-publish","has-post-thumbnail"],"_links":{"self":[{"href":"https:\/\/www.sisinternational.com\/pl\/wp-json\/wp\/v2\/pages\/37833","targetHints":{"allow":["GET"]}}],"collection":[{"href":"https:\/\/www.sisinternational.com\/pl\/wp-json\/wp\/v2\/pages"}],"about":[{"href":"https:\/\/www.sisinternational.com\/pl\/wp-json\/wp\/v2\/types\/page"}],"author":[{"embeddable":true,"href":"https:\/\/www.sisinternational.com\/pl\/wp-json\/wp\/v2\/users\/1"}],"replies":[{"embeddable":true,"href":"https:\/\/www.sisinternational.com\/pl\/wp-json\/wp\/v2\/comments?post=37833"}],"version-history":[{"count":2,"href":"https:\/\/www.sisinternational.com\/pl\/wp-json\/wp\/v2\/pages\/37833\/revisions"}],"predecessor-version":[{"id":68519,"href":"https:\/\/www.sisinternational.com\/pl\/wp-json\/wp\/v2\/pages\/37833\/revisions\/68519"}],"up":[{"embeddable":true,"href":"https:\/\/www.sisinternational.com\/pl\/wp-json\/wp\/v2\/pages\/14281"}],"wp:featuredmedia":[{"embeddable":true,"href":"https:\/\/www.sisinternational.com\/pl\/wp-json\/wp\/v2\/media\/65200"}],"wp:attachment":[{"href":"https:\/\/www.sisinternational.com\/pl\/wp-json\/wp\/v2\/media?parent=37833"}],"curies":[{"name":"wp","href":"https:\/\/api.w.org\/{rel}","templated":true}]}}