{"id":37831,"date":"2021-06-15T06:04:58","date_gmt":"2021-06-15T06:04:58","guid":{"rendered":"https:\/\/www.sisinternational.com\/?page_id=37831"},"modified":"2025-09-14T16:20:22","modified_gmt":"2025-09-14T20:20:22","slug":"market-research-in-gabon-africa","status":"publish","type":"page","link":"https:\/\/www.sisinternational.com\/pl\/zasieg\/badania-rynku-afryka\/market-research-in-gabon-africa\/","title":{"rendered":"Badania rynku w Gabonie, Afryka"},"content":{"rendered":"<h1 class=\"wp-block-heading\">Market Research in Gabon<\/h1>\n\n\n\n<figure class=\"gb-block-image gb-block-image-820d3f6c\"><img loading=\"lazy\" decoding=\"async\" width=\"1456\" height=\"816\" class=\"gb-image gb-image-820d3f6c\" src=\"https:\/\/www.sisinternational.com\/wp-content\/uploads\/2025\/08\/Gabon-2.jpg\" alt=\"SIS Mi\u0119dzynarodowe badania rynku i strategia\" title=\"Gabon (2)\" srcset=\"https:\/\/www.sisinternational.com\/wp-content\/uploads\/2025\/08\/Gabon-2.jpg 1456w, https:\/\/www.sisinternational.com\/wp-content\/uploads\/2025\/08\/Gabon-2-300x168.jpg 300w, https:\/\/www.sisinternational.com\/wp-content\/uploads\/2025\/08\/Gabon-2-1024x574.jpg 1024w, https:\/\/www.sisinternational.com\/wp-content\/uploads\/2025\/08\/Gabon-2-768x430.jpg 768w, https:\/\/www.sisinternational.com\/wp-content\/uploads\/2025\/08\/Gabon-2-18x10.jpg 18w\" sizes=\"auto, (max-width: 1456px) 100vw, 1456px\"><\/figure>\n\n\n\n<p><\/p>\n\n\n\n<h2 class=\"wp-block-heading\">Kluczowe bran\u017ce<\/h2>\n\n\n\n<p>Gabon is an upper-middle-income country, with petroleum contributing to its gross domestic product and foreign exchange, and mining also an essential industry. Gabon is the fifth-largest oil producer in Africa and the fourth-largest manganese producer in the region. Forestry also contributes to Gabon\u2019s export earnings. So are rubber, tourism, agriculture, and fishing.<\/p>\n\n\n\n<h2 class=\"wp-block-heading\">Osiedla<\/h2>\n\n\n\n<p><a href=\"https:\/\/oec.world\/en\/profile\/country\/gab\" target=\"_blank\" rel=\"noopener\">Gabon is a central African nation<\/a> located on the Atlantic seacoast. It shares borders with Cameroon, Equatorial Guinea, and the Republic of Congo.<\/p>\n\n\n\n<p>Cameroon lies to the north of Gabon. Equatorial Guinea sits to the northwest, and the Republic of Congo is to the southeast.<\/p>\n\n\n\n<p>Libreville is the capital city of Gabon. It is also the most populous urban development. Libreville lies near the Gulf of Guinea, on the banks of the Komo River. Libreville hosts the Palais L\u00e9on M\u2019ba, the meeting place of the Parliament of the country. The city is also home to the Libreville International Airport. Libreville\u2019s port has a thriving shipbuilding industry. This seaport is for the export of cocoa, wood, and rubber.<\/p>\n\n\n\n<p>Port-Gentil is Gabon\u2019s second city, which stretches along the beach. It has massive oil and gas rigs.<\/p>\n\n\n\n<h2 class=\"wp-block-heading\">Trends in Gabon<\/h2>\n\n\n\n<p>Gabon\u2019s wealth of natural resources creates an avenue for businesses.<\/p>\n\n\n\n<p>Gabon grows hardwoods, some of which are in high demand across the world. Examples are Okoume, Mahogany, Ebony, and Tigerwood. In the past, the lack of transport infrastructure hampered the exploitation of forest products. This situation changed following the building of the Ndjole Bitam Highway and the Trans Gabon Railway development. The Gabonese government has also encouraged reforestation and selective thinning of the trees.<\/p>\n\n\n\n<h2 class=\"wp-block-heading\">Korzy\u015bci i mocne strony na rynku<\/h2>\n\n\n\n<p>COVID-19 cases in Gabon have ebbed and spiked, leading to the closure of land borders except for government-approved crossings. Situations such as these can impact the international sale of petroleum.<\/p>\n\n\n\n<p>The Gabonese government is taking steps to diversify its economy. Although tourism in Gabon is still underdeveloped, there are many tourist attractions. These include inland fishing facilities, beaches, rivers, and mountains. Tourists enjoy visiting the Crystal Mountains National Park and the Ogoou\u00e9 River Falls, and a national park system is also under development, promoting eco-tourism.<\/p>\n\n\n\n<h2 class=\"wp-block-heading\">Reasons to Grow Your Business in Gabon<\/h2>\n\n\n\n<p>Currently, more than fifty companies are exploring the forests in Gabon for opportunities in the timber industry. The government is also granting concessions to potential investors.<\/p>\n\n\n\n<p>The government is considering diversification of the economy. Measures include making it a one-stop-shop for investors and introducing a Public-Private Partnership (PPP) framework and a domestic arbitration court.<\/p>\n\n\n\n<p>Gabon now offers guidelines for the hydrocarbon and mining industries, making them more transparent and investor-friendly.<\/p>\n\n\n\n<h2 class=\"wp-block-heading\">About Market Research in Gabon<\/h2>\n\n\n\n<p>Poverty and the unemployment rate in Gabon are significant challenges. These problems are due to high levels of corruption. Thus, Focus Groups have a crucial role in safeguarding investors. That\u2019s why it\u2019s essential to conduct surveys on each country to understand the market. Qualitative and Quantitative Research also helps business owners. Investors can determine if an investment in Gabon\u2019s economy will be worthwhile.<\/p>\n\n\n\n<p>Strategy research also enables the investor to conduct a systematic study of the country\u2019s economy. For example, an investor is considering investing in fossil fuel. That investor will have to be aware of the resources that are available in the country. He or she will also need to know their location. The investor must also consider the competition that exists in the particular field. The equipment required to conduct the tests is another critical strategic decision. So is knowledge of the proper legal channels.<\/p>\n\n\n\n<p>Are you thinking of investing in Gabon? We are happy to provide <a href=\"https:\/\/www.sisinternational.com\/pl\/co-to-jest-badanie-ilosciowe\/\" target=\"_blank\" rel=\"noopener\">Ilo\u015bciowy<\/a>, <a href=\"https:\/\/www.sisinternational.com\/pl\/co-to-jest-badanie-jakosciowe\/\" target=\"_blank\" rel=\"noopener\">Jako\u015bciowy<\/a>, I <a href=\"https:\/\/www.sisinternational.com\/pl\/rozwiazania\/doradztwo-strategiczne\/how-strategy-research-can-boost-your-performance\/\" target=\"_blank\" rel=\"noopener\">Strategy research<\/a>. We can help you decide on your plan of action. Contact us now for a consultation.<\/p>","protected":false},"excerpt":{"rendered":"<p>Gabon podejmuje kroki maj\u0105ce na celu dywersyfikacj\u0119 swojej gospodarki. Jest tu wiele atrakcji turystycznych z miejscami do w\u0119dkowania, pla\u017cami, rzekami i g\u00f3rami.<\/p>","protected":false},"author":1,"featured_media":65191,"parent":14281,"menu_order":20,"comment_status":"closed","ping_status":"closed","template":"","meta":{"footnotes":""},"class_list":["post-37831","page","type-page","status-publish","has-post-thumbnail"],"_links":{"self":[{"href":"https:\/\/www.sisinternational.com\/pl\/wp-json\/wp\/v2\/pages\/37831","targetHints":{"allow":["GET"]}}],"collection":[{"href":"https:\/\/www.sisinternational.com\/pl\/wp-json\/wp\/v2\/pages"}],"about":[{"href":"https:\/\/www.sisinternational.com\/pl\/wp-json\/wp\/v2\/types\/page"}],"author":[{"embeddable":true,"href":"https:\/\/www.sisinternational.com\/pl\/wp-json\/wp\/v2\/users\/1"}],"replies":[{"embeddable":true,"href":"https:\/\/www.sisinternational.com\/pl\/wp-json\/wp\/v2\/comments?post=37831"}],"version-history":[{"count":2,"href":"https:\/\/www.sisinternational.com\/pl\/wp-json\/wp\/v2\/pages\/37831\/revisions"}],"predecessor-version":[{"id":68520,"href":"https:\/\/www.sisinternational.com\/pl\/wp-json\/wp\/v2\/pages\/37831\/revisions\/68520"}],"up":[{"embeddable":true,"href":"https:\/\/www.sisinternational.com\/pl\/wp-json\/wp\/v2\/pages\/14281"}],"wp:featuredmedia":[{"embeddable":true,"href":"https:\/\/www.sisinternational.com\/pl\/wp-json\/wp\/v2\/media\/65191"}],"wp:attachment":[{"href":"https:\/\/www.sisinternational.com\/pl\/wp-json\/wp\/v2\/media?parent=37831"}],"curies":[{"name":"wp","href":"https:\/\/api.w.org\/{rel}","templated":true}]}}