{"id":37823,"date":"2021-06-15T05:14:22","date_gmt":"2021-06-15T05:14:22","guid":{"rendered":"https:\/\/www.sisinternational.com\/?page_id=37823"},"modified":"2025-09-14T16:25:14","modified_gmt":"2025-09-14T20:25:14","slug":"market-research-in-comoros-africa","status":"publish","type":"page","link":"https:\/\/www.sisinternational.com\/pl\/zasieg\/badania-rynku-afryka\/market-research-in-comoros-africa\/","title":{"rendered":"Badania rynku na Komorach, Afryka"},"content":{"rendered":"<h1 class=\"wp-block-heading\">Market Research in Comoros<\/h1>\n\n\n\n<figure class=\"gb-block-image gb-block-image-9deb7018\"><img loading=\"lazy\" decoding=\"async\" width=\"1456\" height=\"816\" class=\"gb-image gb-image-9deb7018\" src=\"https:\/\/www.sisinternational.com\/wp-content\/uploads\/2025\/08\/Comoros-3.jpg\" alt=\"SIS Mi\u0119dzynarodowe badania rynku i strategia\" title=\"Comoros, (3)\" srcset=\"https:\/\/www.sisinternational.com\/wp-content\/uploads\/2025\/08\/Comoros-3.jpg 1456w, https:\/\/www.sisinternational.com\/wp-content\/uploads\/2025\/08\/Comoros-3-300x168.jpg 300w, https:\/\/www.sisinternational.com\/wp-content\/uploads\/2025\/08\/Comoros-3-1024x574.jpg 1024w, https:\/\/www.sisinternational.com\/wp-content\/uploads\/2025\/08\/Comoros-3-768x430.jpg 768w, https:\/\/www.sisinternational.com\/wp-content\/uploads\/2025\/08\/Comoros-3-18x10.jpg 18w\" sizes=\"auto, (max-width: 1456px) 100vw, 1456px\"><\/figure>\n\n\n\n<p><\/p>\n\n\n\n<p>Ten <a href=\"https:\/\/oec.world\/en\/profile\/country\/com\" target=\"_blank\" rel=\"noopener\">Union of Comoros<\/a> is in the Indian Ocean. This island chain is an East African nation since it sits right off the Eastern coast of Africa. Its neighboring countries are Mozambique, Madagascar, Seychelles, Tanzania, and Mayotte. And it is also a part of the African Union.<\/p>\n\n\n\n<p>The official religion of Comoros is Sunni Islam, and it is a member state of the Arab League and the only Arab nation located entirely in the Southern Hemisphere. The people of Comoros speak three official languages: Comorian, French, and Arabic, and there are two existing ethnic groups in Comoros. The majority of the population is Afro-Arab, and there is a small group who are Malagasy. This country\u2019s currency is the Comorian Franc.<\/p>\n\n\n\n<h2 class=\"wp-block-heading\">Key Industries in Comoros<\/h2>\n\n\n\n<p>Agriculture is the primary industry. Some people supplement it with hunting, fishing, and subsistence farming. Agriculture employs most of the country\u2019s labor force, which is essential to the people and the economy since it accounts for most exports. Vanilla, cloves, perfume essences, and copra are the main exports.<\/p>\n\n\n\n<p>Comoros is the world\u2019s leading supplier of ylang-ylang, an essence used in the manufacture of perfumes. The country is the world\u2019s second-largest supplier of vanilla while crops such as bananas, coconuts, and cassava are grown for the population\u2019s consumption. These foods play a part in their daily cuisine.<\/p>\n\n\n\n<h2 class=\"wp-block-heading\">Osiedla<\/h2>\n\n\n\n<p>Moroni is the capital and largest city of Comoros and sits on the largest of the three main islands-Grand Comore. Moroni is home to a port and a museum, which serve as tourist attractions. The infrastructure maintains a traditional Arabian look, even with modifications to buildings. The city has many mosques, but Moroni has Christian churches and temples as well.<\/p>\n\n\n\n<h2 class=\"wp-block-heading\">Benefits and strengths of the Market<\/h2>\n\n\n\n<p>Comoros cultivates ylang ylang. It\u2019s a strength because it is in specific demand in the beauty\/cosmetic industry. The country has the capacity and workforce to be the primary producer of this commodity to the world, however, Comoros is very dependent on trade for many things, including food items. The country has been able to maintain the supply of its spices and essences, however, it has also developed good international relationships for trade.<\/p>\n\n\n\n<h2 class=\"wp-block-heading\">Trends in Comoros<\/h2>\n\n\n\n<p>Comoros is a poor and developing nation. The country possesses both natural and human resources but doesn\u2019t have the means to make the most of them. Like many other developing countries, human resources need work, consequently, Comoros\u2019s skilled and educated people have been migrating to France, causing a brain drain. That is why the development of their industries is slow. Subsistence agriculture remains the leading economic activity.<\/p>\n\n\n\n<h2 class=\"wp-block-heading\">Baza konsument\u00f3w<\/h2>\n\n\n\n<p>About two-thirds of the population of Comoros lives in rural areas, and the rest occupies the capital and other cities. The Comorian islanders shop in places such as the Volo Volo Market for local goods. Vendors there sell spices, oils, cloth, jewelry, crafts, and more. Their buyers are both the people of Comoros and tourists passing through the islands. Comoros also has several food markets. Here, consumers buy crops, processed and imported foods, and other items.<\/p>\n\n\n\n<h2 class=\"wp-block-heading\">About Market Research in Comoros<\/h2>\n\n\n\n<p>If you\u2019re thinking of doing business in Comoros, we can assist. At SIS, we put together Focus Groups in the different African markets, and we do the <a href=\"https:\/\/www.sisinternational.com\/pl\/co-to-jest-badanie-ilosciowe\/\" target=\"_blank\" rel=\"noopener\">Ilo\u015bciowy<\/a>, <a href=\"https:\/\/www.sisinternational.com\/pl\/co-to-jest-badanie-jakosciowe\/\" target=\"_blank\" rel=\"noopener\">Jako\u015bciowy<\/a>, I <a href=\"https:\/\/www.sisinternational.com\/pl\/rozwiazania\/doradztwo-strategiczne\/how-strategy-research-can-boost-your-performance\/\" target=\"_blank\" rel=\"noopener\">Badania strategiczne<\/a> for your company. We delve through information and findings and compile them all for your business. We hope this article helps with your business venture in Comoros.<\/p>\n\n\n\n<p><\/p>","protected":false},"excerpt":{"rendered":"<p>Rolnictwo jest g\u0142\u00f3wn\u0105 ga\u0142\u0119zi\u0105 przemys\u0142u na Komorach. Niekt\u00f3rzy uzupe\u0142niaj\u0105 j\u0105 \u0142owiectwem, rybo\u0142\u00f3wstwem i rolnictwem na w\u0142asne potrzeby.<\/p>","protected":false},"author":1,"featured_media":65166,"parent":14281,"menu_order":16,"comment_status":"closed","ping_status":"closed","template":"","meta":{"footnotes":""},"class_list":["post-37823","page","type-page","status-publish","has-post-thumbnail"],"_links":{"self":[{"href":"https:\/\/www.sisinternational.com\/pl\/wp-json\/wp\/v2\/pages\/37823","targetHints":{"allow":["GET"]}}],"collection":[{"href":"https:\/\/www.sisinternational.com\/pl\/wp-json\/wp\/v2\/pages"}],"about":[{"href":"https:\/\/www.sisinternational.com\/pl\/wp-json\/wp\/v2\/types\/page"}],"author":[{"embeddable":true,"href":"https:\/\/www.sisinternational.com\/pl\/wp-json\/wp\/v2\/users\/1"}],"replies":[{"embeddable":true,"href":"https:\/\/www.sisinternational.com\/pl\/wp-json\/wp\/v2\/comments?post=37823"}],"version-history":[{"count":2,"href":"https:\/\/www.sisinternational.com\/pl\/wp-json\/wp\/v2\/pages\/37823\/revisions"}],"predecessor-version":[{"id":68525,"href":"https:\/\/www.sisinternational.com\/pl\/wp-json\/wp\/v2\/pages\/37823\/revisions\/68525"}],"up":[{"embeddable":true,"href":"https:\/\/www.sisinternational.com\/pl\/wp-json\/wp\/v2\/pages\/14281"}],"wp:featuredmedia":[{"embeddable":true,"href":"https:\/\/www.sisinternational.com\/pl\/wp-json\/wp\/v2\/media\/65166"}],"wp:attachment":[{"href":"https:\/\/www.sisinternational.com\/pl\/wp-json\/wp\/v2\/media?parent=37823"}],"curies":[{"name":"wp","href":"https:\/\/api.w.org\/{rel}","templated":true}]}}