{"id":37733,"date":"2021-05-19T05:57:17","date_gmt":"2021-05-19T05:57:17","guid":{"rendered":"https:\/\/www.sisinternational.com\/?page_id=37733"},"modified":"2025-09-14T16:11:14","modified_gmt":"2025-09-14T20:11:14","slug":"market-research-the-congo","status":"publish","type":"page","link":"https:\/\/www.sisinternational.com\/pl\/zasieg\/badania-rynku-afryka\/market-research-the-congo\/","title":{"rendered":"Badania rynku w Kongo"},"content":{"rendered":"<h1 class=\"wp-block-heading\">Badania rynku w Kongo<\/h1>\n\n\n\n<figure class=\"gb-block-image gb-block-image-24c68747\"><img loading=\"lazy\" decoding=\"async\" width=\"1456\" height=\"816\" class=\"gb-image gb-image-24c68747\" src=\"https:\/\/www.sisinternational.com\/wp-content\/uploads\/2025\/08\/Congo-1.jpg\" alt=\"SIS Mi\u0119dzynarodowe badania rynku i strategia\" title=\"Congo (1)\" srcset=\"https:\/\/www.sisinternational.com\/wp-content\/uploads\/2025\/08\/Congo-1.jpg 1456w, https:\/\/www.sisinternational.com\/wp-content\/uploads\/2025\/08\/Congo-1-300x168.jpg 300w, https:\/\/www.sisinternational.com\/wp-content\/uploads\/2025\/08\/Congo-1-1024x574.jpg 1024w, https:\/\/www.sisinternational.com\/wp-content\/uploads\/2025\/08\/Congo-1-768x430.jpg 768w, https:\/\/www.sisinternational.com\/wp-content\/uploads\/2025\/08\/Congo-1-18x10.jpg 18w\" sizes=\"auto, (max-width: 1456px) 100vw, 1456px\"><\/figure>\n\n\n\n<p><\/p>\n\n\n\n<p>Congo-Brazzaville and Congo-Kinshasa are neighboring countries in sub-Saharan Africa. The name \u201cCongo\u201d comes from the Bakongo, a Bantu tribe that populates both countries. The countries share the Bakongo culture and near-identical names, yet, they differ on several factors.<\/p>\n\n\n\n<p>Congo-Kinshasa, which is the other name for the Democratic Republic of Congo, is gigantic. It is the second-largest country on the continent. More than 80 million people live there. But, the population of Congo-Brazzaville is only 5 million people. It covers a tiny geographic area.<\/p>\n\n\n\n<p>Both countries use French as their official language. Yet, two different nations once colonized them. France occupied the Republic of Congo (ROC). The Democratic Republic of the Congo was a Belgian colony.<\/p>\n\n\n\n<p>The Democratic Republic of Congo (DRC) sits in a unique geographical position. It has 25 miles of coastline access to the Atlantic Ocean to the west. Yet sitting in the heart of Africa, it is the crossing point of the corridors going North, South, East, and West. Congo-Kinshasa\u2019s capital, Kinshasa, is the country\u2019s largest city.<\/p>\n\n\n\n<h2 class=\"wp-block-heading\">Osiedla<\/h2>\n\n\n\n<p>Kinshasa is a megapolis on the south riverbank of the Congo River. Central Africa\u2019s most prominent and fastest-growing urban system is expanding by five square miles per year. Following Cairo and Lagos, Kinshasa is the third-largest city in Africa. Ville Basse is the older and wealthier area, located on the flats near the river. Newer parts of Kinshasa are developing on the hills which surround it.<\/p>\n\n\n\n<h2 class=\"wp-block-heading\">Kluczowe bran\u017ce<\/h2>\n\n\n\n<p>On the western border of the Congo River is Congo-Brazzaville, the smaller of the two. In Brazzaville (ROC), the petroleum, timber, and mining sectors lead the economy. The oil sector claims most of the foreign investment inflows. It is only a small industry, but forestry is the next largest and is expanding.<\/p>\n\n\n\n<p>The DRC mining sector is likewise abundant. There is a vast wealth of arable land. Within the earth, copper, cobalt, gold, diamond, and zinc are a few of the many natural resources.<\/p>\n\n\n\n<h2 class=\"wp-block-heading\">Trendy<\/h2>\n\n\n\n<p>The economy of Congo-Kinshasa has suffered from long years of political instability. Despite this, it shows a trend of upward growth, and the business climate is improving, reflecting many planned reforms aimed at strengthening governance and natural resource management. Surveys show a new environment of confidence alongside new directives to fight corruption. <a href=\"https:\/\/www.sisinternational.com\/pl\/rozwiazania\/doradztwo-strategiczne\/esg-investor-market-research-strategy-consulting\/\" title=\"ESG Investor Strategy Consulting\"  data-wpil-monitor-id=\"8779\">Investors conducting strategy<\/a> research can focus on financing agriculture, mining, energy, and infrastructure.<\/p>\n\n\n\n<h2 class=\"wp-block-heading\">Korzy\u015bci i mocne strony na rynku<\/h2>\n\n\n\n<p>The government of Congo-Brazzaville is seeking to stimulate development and growth in Congo-Brazzaville. The country plans to diversify its economy. Agribusiness in Congo-Brazzaville represents an opportunity. Not much of the arable land in the country is under cultivation. The land also presents the potential for investment in ecotourism. It contains endless pristine forest reserves. Construction, transport, and mining are also attractive sectors for foreign investors.<\/p>\n\n\n\n<p>Brazzaville is the largest city of Congo-Brazzaville, but Pointe-Noire is the important commercial center. Brazzaville is also the oldest city. It is a coastal town filled with ex-pats and flowing with oil money. The city separates into the European quarter and the African quarter (La Cit\u00e9), offering distinct experiences and international eating options. The African quarter is busy and bustling. La Cit\u00e9 has many lively restaurants and bars and is the best place to discover traditional African cuisine. The beaches in Pointe-Noire offer boat hires and a chance to kick back.<\/p>\n\n\n\n<p>There is room for internet <a href=\"https:\/\/www.sisinternational.com\/pl\/rozwiazania\/doradztwo-strategiczne-fintech-badania\/banking-as-a-service-market-research-and-strategy-consulting\/\" title=\"Badania rynku us\u0142ug bankowych i doradztwo strategiczne\"  data-wpil-monitor-id=\"8780\">services and mobile banking<\/a> here in the Republic of Congo, and consumers have high connectivity despite inadequate infrastructure in the telecommunications sector. The many cyber cafes are an indicator of unmet demand for reliable internet services.<\/p>\n\n\n\n<h2 class=\"wp-block-heading\">Reasons to Grow Your Business; Market Research in the Congo<\/h2>\n\n\n\n<p>Investors will soon enjoy the reforms planned by the Republic of the Congo. Government initiatives include FDI entry and protection, establishing companies, taxation, and human resources. Foreign investment continues to increase. They currently make ROC the top FDI destination in <a href=\"https:\/\/www.sisinternational.com\/pl\/zasieg\/badania-rynku-afryka\/badania-rynku-republika-srodkowoafrykanska\/\">Central Africa<\/a>. Quantitative research supports these facts.<\/p>\n\n\n\n<p>You\u2019ll find that there is no lesser of the two Congos but that each presents opportunities. Qualitative <a href=\"https:\/\/www.sisinternational.com\/pl\/rozwiazania\/badania-rynku-w-grupie-fokusowej\/\" title=\"Badania rynku w grupie fokusowej\"  data-wpil-monitor-id=\"8778\">research via focus groups<\/a> can bring further clarity for future ventures.<\/p>\n\n\n\n<p>&nbsp;<\/p>","protected":false},"excerpt":{"rendered":"<p>Badania rynku w Kongo \u2014 ka\u017cde z nich stwarza mo\u017cliwo\u015bci. Badania jako\u015bciowe za po\u015brednictwem grup fokusowych przynosz\u0105 dalsz\u0105 jasno\u015b\u0107 dla przysz\u0142ych przedsi\u0119wzi\u0119\u0107.<\/p>","protected":false},"author":1,"featured_media":65168,"parent":14281,"menu_order":15,"comment_status":"closed","ping_status":"closed","template":"","meta":{"footnotes":""},"class_list":["post-37733","page","type-page","status-publish","has-post-thumbnail"],"_links":{"self":[{"href":"https:\/\/www.sisinternational.com\/pl\/wp-json\/wp\/v2\/pages\/37733","targetHints":{"allow":["GET"]}}],"collection":[{"href":"https:\/\/www.sisinternational.com\/pl\/wp-json\/wp\/v2\/pages"}],"about":[{"href":"https:\/\/www.sisinternational.com\/pl\/wp-json\/wp\/v2\/types\/page"}],"author":[{"embeddable":true,"href":"https:\/\/www.sisinternational.com\/pl\/wp-json\/wp\/v2\/users\/1"}],"replies":[{"embeddable":true,"href":"https:\/\/www.sisinternational.com\/pl\/wp-json\/wp\/v2\/comments?post=37733"}],"version-history":[{"count":4,"href":"https:\/\/www.sisinternational.com\/pl\/wp-json\/wp\/v2\/pages\/37733\/revisions"}],"predecessor-version":[{"id":81472,"href":"https:\/\/www.sisinternational.com\/pl\/wp-json\/wp\/v2\/pages\/37733\/revisions\/81472"}],"up":[{"embeddable":true,"href":"https:\/\/www.sisinternational.com\/pl\/wp-json\/wp\/v2\/pages\/14281"}],"wp:featuredmedia":[{"embeddable":true,"href":"https:\/\/www.sisinternational.com\/pl\/wp-json\/wp\/v2\/media\/65168"}],"wp:attachment":[{"href":"https:\/\/www.sisinternational.com\/pl\/wp-json\/wp\/v2\/media?parent=37733"}],"curies":[{"name":"wp","href":"https:\/\/api.w.org\/{rel}","templated":true}]}}