{"id":37731,"date":"2021-05-19T05:53:02","date_gmt":"2021-05-19T05:53:02","guid":{"rendered":"https:\/\/www.sisinternational.com\/?page_id=37731"},"modified":"2026-01-25T16:55:42","modified_gmt":"2026-01-25T21:55:42","slug":"badania-rynku-dzibuti","status":"publish","type":"page","link":"https:\/\/www.sisinternational.com\/pl\/zasieg\/badania-rynku-afryka\/badania-rynku-dzibuti\/","title":{"rendered":"Badania rynku w D\u017cibuti"},"content":{"rendered":"<h1 class=\"wp-block-heading\">Badania rynku w D\u017cibuti<\/h1>\n\n\n\n<figure class=\"gb-block-image gb-block-image-77261c6a\"><img loading=\"lazy\" decoding=\"async\" width=\"1456\" height=\"816\" class=\"gb-image gb-image-77261c6a\" src=\"https:\/\/www.sisinternational.com\/wp-content\/uploads\/2025\/08\/Djibouti-3.jpg\" alt=\"SIS Mi\u0119dzynarodowe badania rynku i strategia\" title=\"Djibouti (3)\" srcset=\"https:\/\/www.sisinternational.com\/wp-content\/uploads\/2025\/08\/Djibouti-3.jpg 1456w, https:\/\/www.sisinternational.com\/wp-content\/uploads\/2025\/08\/Djibouti-3-300x168.jpg 300w, https:\/\/www.sisinternational.com\/wp-content\/uploads\/2025\/08\/Djibouti-3-1024x574.jpg 1024w, https:\/\/www.sisinternational.com\/wp-content\/uploads\/2025\/08\/Djibouti-3-768x430.jpg 768w, https:\/\/www.sisinternational.com\/wp-content\/uploads\/2025\/08\/Djibouti-3-18x10.jpg 18w\" sizes=\"auto, (max-width: 1456px) 100vw, 1456px\"><\/figure>\n\n\n\n<p><\/p>\n\n\n\n<p>D\u017cibuti jest jednym z najbardziej strategicznych kraj\u00f3w Afryki. Ten ma\u0142y kraj na rogu Afryki ma oficjaln\u0105 nazw\u0119 Republika D\u017cibuti. D\u017cibuti le\u017cy na p\u00f3\u0142nocno-wschodnim wybrze\u017cu Afryki nad Morzem Czerwonym. S\u0142ynie z unikalnych krajobraz\u00f3w i r\u00f3\u017cnorodnej przyrody. Tradycje i kultury D\u017cibuti s\u0105 r\u00f3wnie\u017c pe\u0142ne r\u00f3\u017cnorodno\u015bci. Nie tylko pod wzgl\u0119dem j\u0119zyka, ale tak\u017ce kolor\u00f3w i przes\u0105dnych wierze\u0144.<\/p>\n\n\n\n<p>W tym kraju mieszka prawie milion ludzi, wed\u0142ug ostatnich danych. Stolic\u0105 jest miasto D\u017cibuti, a najpopularniejszymi j\u0119zykami s\u0105 francuski i arabski. W D\u017cibuti \u017cyj\u0105 dwa g\u0142\u00f3wne plemiona: Somalijczycy i Afarowie. Muzu\u0142manie stanowi\u0105 94 procent populacji, a islam jest wiod\u0105c\u0105 religi\u0105.<\/p>\n\n\n\n<p>D\u017cibuti zajmuje powierzchni\u0119 nieco ponad czternastu tysi\u0119cy mil kwadratowych. Jest nieco wi\u0119ksze od S\u0142owenii, ale odrobin\u0119 mniejsze od New Jersey w Stanach Zjednoczonych. D\u017cibuti ma jeden z najbardziej s\u0142onych ocean\u00f3w na \u015bwiecie.<\/p>\n\n\n\n<h2 class=\"wp-block-heading\">Osiedla<\/h2>\n\n\n\n<p>S\u0105siaduj\u0105ce kraje D\u017cibuti to Somalia, Etiopia, Erytrea i Jemen. Wszystkie te kraje granicz\u0105 z D\u017cibuti.<\/p>\n\n\n\n<p>Kraj ten jest interesuj\u0105cy z geograficznego punktu widzenia, poniewa\u017c kontroluje wa\u017cne szlaki wodne, takie jak Morze Czerwone i Kana\u0142 Sueski. Wody te s\u0105 dwoma najwi\u0119kszymi szlakami \u017ceglugowymi.<\/p>\n\n\n\n<h2 class=\"wp-block-heading\">Mi\u0119dzynarodowa Strefa Wolnego Handlu w D\u017cibuti<\/h2>\n\n\n\n<p>DIFTZ (Djibouti international Free Trade Zone) is a model of China Africa cooperation. With the support of the Djibouti government, <a href=\"https:\/\/www.sisinternational.com\/pl\/zasieg\/badania-rynku-azja\/focus-group-market-research-in-china\/\" title=\"Badania rynku Focus Group w Chinach\"  data-wpil-monitor-id=\"9315\">China and the port group<\/a> have joined forces and are collaborating to build this fantastic African project. They are transforming the Avenue General Gallieni, the location of the main port. It is already one of the most attractive areas for businesses. It can attract lots of international trade.<\/p>\n\n\n\n<h2 class=\"wp-block-heading\">Korzy\u015bci i mocne strony rynku w D\u017cibuti: Dlaczego warto rozwija\u0107 tam sw\u00f3j biznes?<\/h2>\n\n\n\n<p>Jak widzieli\u015bmy wcze\u015bniej, D\u017cibuti znajduje si\u0119 w do\u015b\u0107 strategicznym po\u0142o\u017ceniu. To po\u0142o\u017cenie samo w sobie jest si\u0142\u0105 powiatu. To po\u0142o\u017cenie znajduje si\u0119 w Cie\u015bninie Bab-el-Mandeb, gdzie ko\u0144czy si\u0119 Ocean Indyjski, a zaczyna Morze Czerwone. Te dwa zbiorniki wodne s\u0105 oddalone od siebie o oko\u0142o 15 mil. To po\u0142o\u017cenie sprawia, \u017ce D\u017cibuti jest szcz\u0119\u015bliwym krajem.<\/p>\n\n\n\n<p>Zalet\u0105 po\u0142o\u017cenia kraju jest to, \u017ce jest on gruntem dla handlu regionalnego. Handel ten zach\u0119ca do wymiany walut i zwi\u0119ksza tempo eksportu kraju.<\/p>\n\n\n\n<p>The position is essential when deciding what country you would like your <a href=\"https:\/\/www.sisinternational.com\/pl\/publikacje\/japans-mid-market-exporting\/\" title=\"Rozwijanie Twojego Biznesu w Japonii\"  data-wpil-monitor-id=\"9314\">business to grow<\/a> in. Ships from China, India, or anywhere in Asia to Europe or vice versa usually cross the strait.<\/p>\n\n\n\n<p>Region ten jest jednym z najwi\u0119kszych w produkcji ropy naftowej. Kiedy przep\u0142ywaj\u0105 przez niego \u0142adunki i statki, zapotrzebowanie na zasoby jest wysokie, wi\u0119c zatrzymuj\u0105 si\u0119 w D\u017cibuti. To po\u0142\u0105czenie oznacza, \u017ce mo\u017cliwo\u015bci handlowe i turystyczne s\u0105 liczne.<\/p>\n\n\n\n<p>Etiopia jest krajem \u015br\u00f3dl\u0105dowym, ale ma jedn\u0105 z najwi\u0119kszych populacji w Afryce. D\u017cibuti jest portem Etiopii od 1999 r. Dlatego port w D\u017cibuti jest kluczowy i zawsze aktywny. Port jest jedn\u0105 z g\u0142\u00f3wnych zalet D\u017cibuti.<\/p>\n\n\n\n<p>Prowadzenie dzia\u0142alno\u015bci gospodarczej w D\u017cibuti to pi\u0119kny krok inwestycyjny. Chocia\u017c stawka podatku wynosi 10 procent, zyski mog\u0105 by\u0107 ponad dwukrotnie wy\u017csze. B\u0119d\u0105c w idealnej lokalizacji, wystarczy nad\u0105\u017ca\u0107 za \u017c\u0105daniami ludzi. \u0141atwo jest rozpocz\u0105\u0107 dzia\u0142alno\u015b\u0107 gospodarcz\u0105, chocia\u017c nie ma gwarancji, poniewa\u017c ze wszystkim wi\u0105\u017ce si\u0119 ryzyko. To doskona\u0142y wyb\u00f3r kraju do inwestycji.<\/p>\n\n\n\n<h2 class=\"wp-block-heading\">O badaniach rynku w D\u017cibuti<\/h2>\n\n\n\n<p>Are you interested in owning a business in Djibouti? This article has all there is to know about this unique country. SIS International <a href=\"https:\/\/www.sisinternational.com\/pl\/ekspertyza\/branze\/geopolitical-market-research\/\" title=\"Badania rynku geopolitycznego\"  data-wpil-monitor-id=\"3821\">Research organizes Focus Groups in the markets<\/a> of Africa. We also do Qualitative, Quantitative, and Strategy Research. This <a href=\"https:\/\/www.sisinternational.com\/pl\/publikacje\/scalable-business-market-research-7-ways-to-build-a-scalable-business\/\" title=\"Skalowalne badania rynku biznesowego: 7 sposob\u00f3w na zbudowanie skalowalnego biznesu\"  data-wpil-monitor-id=\"9316\">research will aid in your business<\/a> inquiries and help you decide your next move. We hope that you will consider doing business and investing in Djibouti. You will not regret it!<\/p>\n\n\n\n<p><\/p>","protected":false},"excerpt":{"rendered":"<p>Market Research in Djibouti Djibouti is one of Africa\u2019s most strategic countries. This small country on the horn of Africa has the official name of the Republic of Djibouti. Djibouti is on the northeastern coast of Africa to the Red Sea. It is famous for its unique landscapes and diverse wildlife. The traditions and cultures &#8230; <a title=\"Badania rynku w D\u017cibuti\" class=\"read-more\" href=\"https:\/\/www.sisinternational.com\/pl\/zasieg\/badania-rynku-afryka\/badania-rynku-dzibuti\/\" aria-label=\"Dowiedz si\u0119 wi\u0119cej o Market Research in Djibouti\">Czytaj dalej<\/a><\/p>","protected":false},"author":1,"featured_media":65176,"parent":14281,"menu_order":14,"comment_status":"closed","ping_status":"closed","template":"","meta":{"footnotes":""},"class_list":["post-37731","page","type-page","status-publish","has-post-thumbnail"],"_links":{"self":[{"href":"https:\/\/www.sisinternational.com\/pl\/wp-json\/wp\/v2\/pages\/37731","targetHints":{"allow":["GET"]}}],"collection":[{"href":"https:\/\/www.sisinternational.com\/pl\/wp-json\/wp\/v2\/pages"}],"about":[{"href":"https:\/\/www.sisinternational.com\/pl\/wp-json\/wp\/v2\/types\/page"}],"author":[{"embeddable":true,"href":"https:\/\/www.sisinternational.com\/pl\/wp-json\/wp\/v2\/users\/1"}],"replies":[{"embeddable":true,"href":"https:\/\/www.sisinternational.com\/pl\/wp-json\/wp\/v2\/comments?post=37731"}],"version-history":[{"count":5,"href":"https:\/\/www.sisinternational.com\/pl\/wp-json\/wp\/v2\/pages\/37731\/revisions"}],"predecessor-version":[{"id":81557,"href":"https:\/\/www.sisinternational.com\/pl\/wp-json\/wp\/v2\/pages\/37731\/revisions\/81557"}],"up":[{"embeddable":true,"href":"https:\/\/www.sisinternational.com\/pl\/wp-json\/wp\/v2\/pages\/14281"}],"wp:featuredmedia":[{"embeddable":true,"href":"https:\/\/www.sisinternational.com\/pl\/wp-json\/wp\/v2\/media\/65176"}],"wp:attachment":[{"href":"https:\/\/www.sisinternational.com\/pl\/wp-json\/wp\/v2\/media?parent=37731"}],"curies":[{"name":"wp","href":"https:\/\/api.w.org\/{rel}","templated":true}]}}