{"id":37727,"date":"2021-05-19T05:44:09","date_gmt":"2021-05-19T05:44:09","guid":{"rendered":"https:\/\/www.sisinternational.com\/?page_id=37727"},"modified":"2025-09-14T17:12:36","modified_gmt":"2025-09-14T21:12:36","slug":"market-research-burundi","status":"publish","type":"page","link":"https:\/\/www.sisinternational.com\/pl\/zasieg\/badania-rynku-afryka\/market-research-burundi\/","title":{"rendered":"Badania rynku w Burundi"},"content":{"rendered":"<h1 class=\"wp-block-heading\">Badania rynku w Burundi<\/h1>\n\n\n\n<figure class=\"gb-block-image gb-block-image-3af6ae8b\"><img loading=\"lazy\" decoding=\"async\" width=\"1456\" height=\"816\" class=\"gb-image gb-image-3af6ae8b\" src=\"https:\/\/www.sisinternational.com\/wp-content\/uploads\/2025\/08\/Burundi-1.jpg\" alt=\"SIS Mi\u0119dzynarodowe badania rynku i strategia\" title=\"Burundi (1)\" srcset=\"https:\/\/www.sisinternational.com\/wp-content\/uploads\/2025\/08\/Burundi-1.jpg 1456w, https:\/\/www.sisinternational.com\/wp-content\/uploads\/2025\/08\/Burundi-1-300x168.jpg 300w, https:\/\/www.sisinternational.com\/wp-content\/uploads\/2025\/08\/Burundi-1-1024x574.jpg 1024w, https:\/\/www.sisinternational.com\/wp-content\/uploads\/2025\/08\/Burundi-1-768x430.jpg 768w, https:\/\/www.sisinternational.com\/wp-content\/uploads\/2025\/08\/Burundi-1-18x10.jpg 18w\" sizes=\"auto, (max-width: 1456px) 100vw, 1456px\"><\/figure>\n\n\n\n<p><\/p>\n\n\n\n<h2 class=\"wp-block-heading\">Kluczowe bran\u017ce<\/h2>\n\n\n\n<p>Burundi is a landlocked state in the Great Lakes Region of East Africa. It shares borders with Rwanda, Tanzania, and the Democratic Republic of the Congo. Burundi\u2019s main exports include coffee, tea, and sugar, and most of the population works in agriculture, the central pillar of the Burundian economy. Agriculture makes up a third of the gross domestic product (GDP) and 60% of Burundi\u2019s exports.<\/p>\n\n\n\n<p>The agricultural and mining sectors capture the majority of foreign investment. Burundi has international support for its agrarian policy. Its ongoing construction of hydroelectric dams is also popular. The generation of geothermal, wind, and solar energy has great potential.<\/p>\n\n\n\n<h2 class=\"wp-block-heading\">Trendy<\/h2>\n\n\n\n<p>The world is showing an increasing interest in the development of rare earth production. More quantitative research efforts are underway on its untapped mineral deposits. The greatest of these are copper, cobalt, and nickel. Other natural resources like petroleum are likely profitable.<\/p>\n\n\n\n<h2 class=\"wp-block-heading\">Korzy\u015bci i mocne strony na rynku<\/h2>\n\n\n\n<p>Burundi has excellent <a href=\"https:\/\/www.sisinternational.com\/pl\/connected_car_market_research\/\" title=\"Badania rynku samochod\u00f3w po\u0142\u0105czonych\"  data-wpil-monitor-id=\"7963\">connections in the African markets<\/a>. Its geographical location positions it as a regional commercial hub. It has not yet taken advantage of its convenient location, but it has access to several neighboring countries.<\/p>\n\n\n\n<p>It is a member of many free trade agreements on the continent. These include the Central African Economic Area, the East African Community, and the African Continental Free-Trade Area. It also has Agreements with the United States and the European Union.<\/p>\n\n\n\n<p>A decline in foreign aid since 2015 has caused difficulties for Burundi\u2019s economy. This loss of external resources has resulted in lower growth. The shock of the COVID-19 pandemic has worsened the situation. The economy is not diversified and is too dependent on volatile world coffee prices.<\/p>\n\n\n\n<p>The population is growing. Thus, the government has sought to meet the surge in demand for social and consumer goods. Their focus has turned to stimulate internal resources. Yet, a significant gap still exists in the <a href=\"https:\/\/www.sisinternational.com\/pl\/ekspertyza\/branze\/food-beverage-manufacturing-market-research\/\" title=\"Badania rynku produkcji \u017cywno\u015bci i napoj\u00f3w\"  data-wpil-monitor-id=\"7960\">market for locally-produced manufactured<\/a> goods. Public services make up 25% of Burundi\u2019s GDP.<\/p>\n\n\n\n<h2 class=\"wp-block-heading\">Osiedla<\/h2>\n\n\n\n<p>Bujumbura is the economic capital city of Burundi. It sits on the shores of Lake Tanganyika. Here, Tutsi and Hutu ethnic groups coexist alongside small immigrant populations. Expats are usually Europeans and South Asians. A lingering European influence is evident in the buildings in Bujumbura (formerly Usumbura), a remnant from its days as a colonial capital.<\/p>\n\n\n\n<p>The mix of cultures gives the city a cosmopolitan flair. Visitors can enjoy fantastic French cuisine, with excellent food and drink and the nightlife scene is attractive. Art lovers can visit The Living Museum of Bujumbura, a zoo and museum. The Living Museum is one of the best in Africa, with both ancient and modern crafts on display.<\/p>\n\n\n\n<p>Rohero I, home to Jardin Public (a large park), is one of the safest neighborhoods in Bujumbura. Many Bujumbura residents relax in this green space and enjoy the country\u2019s warm climate. Another more exclusive suburb is Kiriri, the presidential neighborhood which overlooks Lake Tanganyika.<\/p>\n\n\n\n<h2 class=\"wp-block-heading\">Baza konsument\u00f3w<\/h2>\n\n\n\n<p>Burundi\u2019s youngest generation will grow into an educated workforce. The Gross Enrollment Rate of primary education has exploded compared to twenty years ago. Most of the country speaks Kirundi, the first official language, as well as French. In the coming years, <a href=\"https:\/\/www.sisinternational.com\/pl\/rozwiazania\/badania-rynku-i-doradztwo-strategiczne-w-zakresie-sztucznej-inteligencji\/consumer-goods-services-automation-ai-consulting\/\" title=\"Consumer Goods and Services Automation and AI Consulting\"  data-wpil-monitor-id=\"7962\">consumers will seek more online services<\/a>. The broadband internet market is untapped. With fiber optics installation, e-admin and e-banking opportunities will arise.<\/p>\n\n\n\n<h2 class=\"wp-block-heading\">Reasons to Grow Your Business in Burundi<\/h2>\n\n\n\n<p>The government shows a vested interest in improving the business environment in Burundi. It aims to surpass its low ranking at 116th out of 190 economies (Doing Business 2020). It has enacted a new investment law, which grants foreign investors similar rights to domestic ones. Investors enjoy few limits on ownership and control, as well as limited screening.<\/p>\n\n\n\n<h2 class=\"wp-block-heading\">About Market Research in Burundi<\/h2>\n\n\n\n<p>For discerning shareholders, there are many investments available in Burundi. With focus groups and surveys, investors can gain essential insights into hot industries. Such insights can prove priceless. <a href=\"https:\/\/www.sisinternational.com\/pl\/ekspertyza\/branze\/badania-rynku-przemyslowego\/\" title=\"Badania i Strategia Rynku Przemys\u0142owego\"  data-wpil-monitor-id=\"7959\">Strategy research on manufacturing industries<\/a> can result in critical assets for quantitative analysis. There are many <a href=\"https:\/\/www.sisinternational.com\/pl\/rozwiazania\/doradztwo-strategiczne\/market-product-opportunity-mapping-consulting\/\" title=\"Doradztwo w zakresie mapowania mo\u017cliwo\u015bci rynkowych i produktowych\"  data-wpil-monitor-id=\"7961\">opportunities in manufacturing because the food products<\/a> processing, building materials, chemicals, and textiles industries are few. Burundi imports the majority of manufactured consumer goods. Hence the government is turning to foreign investors to fill the gap.<\/p>\n\n\n\n<p><\/p>","protected":false},"excerpt":{"rendered":"<p>Market Research in Burundi Key Industries Burundi is a landlocked state in the Great Lakes Region of East Africa. It shares borders with Rwanda, Tanzania, and the Democratic Republic of the Congo. Burundi\u2019s main exports include coffee, tea, and sugar, and most of the population works in agriculture, the central pillar of the Burundian economy. &#8230; <a title=\"Badania rynku w Burundi\" class=\"read-more\" href=\"https:\/\/www.sisinternational.com\/pl\/zasieg\/badania-rynku-afryka\/market-research-burundi\/\" aria-label=\"Dowiedz si\u0119 wi\u0119cej o Market Research in Burundi\">Czytaj dalej<\/a><\/p>","protected":false},"author":1,"featured_media":65265,"parent":14281,"menu_order":12,"comment_status":"closed","ping_status":"closed","template":"","meta":{"footnotes":""},"class_list":["post-37727","page","type-page","status-publish","has-post-thumbnail"],"_links":{"self":[{"href":"https:\/\/www.sisinternational.com\/pl\/wp-json\/wp\/v2\/pages\/37727","targetHints":{"allow":["GET"]}}],"collection":[{"href":"https:\/\/www.sisinternational.com\/pl\/wp-json\/wp\/v2\/pages"}],"about":[{"href":"https:\/\/www.sisinternational.com\/pl\/wp-json\/wp\/v2\/types\/page"}],"author":[{"embeddable":true,"href":"https:\/\/www.sisinternational.com\/pl\/wp-json\/wp\/v2\/users\/1"}],"replies":[{"embeddable":true,"href":"https:\/\/www.sisinternational.com\/pl\/wp-json\/wp\/v2\/comments?post=37727"}],"version-history":[{"count":3,"href":"https:\/\/www.sisinternational.com\/pl\/wp-json\/wp\/v2\/pages\/37727\/revisions"}],"predecessor-version":[{"id":81341,"href":"https:\/\/www.sisinternational.com\/pl\/wp-json\/wp\/v2\/pages\/37727\/revisions\/81341"}],"up":[{"embeddable":true,"href":"https:\/\/www.sisinternational.com\/pl\/wp-json\/wp\/v2\/pages\/14281"}],"wp:featuredmedia":[{"embeddable":true,"href":"https:\/\/www.sisinternational.com\/pl\/wp-json\/wp\/v2\/media\/65265"}],"wp:attachment":[{"href":"https:\/\/www.sisinternational.com\/pl\/wp-json\/wp\/v2\/media?parent=37727"}],"curies":[{"name":"wp","href":"https:\/\/api.w.org\/{rel}","templated":true}]}}