{"id":37720,"date":"2021-05-19T05:29:23","date_gmt":"2021-05-19T05:29:23","guid":{"rendered":"https:\/\/www.sisinternational.com\/?page_id=37720"},"modified":"2026-01-27T16:37:06","modified_gmt":"2026-01-27T21:37:06","slug":"market-research-cote-divoire","status":"publish","type":"page","link":"https:\/\/www.sisinternational.com\/pl\/zasieg\/badania-rynku-afryka\/market-research-cote-divoire\/","title":{"rendered":"Badania rynku w Wybrze\u017cu Ko\u015bci S\u0142oniowej"},"content":{"rendered":"<h1 class=\"wp-block-heading p1\"><span class=\"s1\">Badania rynku w Wybrze\u017cu Ko\u015bci S\u0142oniowej<\/span><\/h1>\n\n\n\n<figure class=\"gb-block-image gb-block-image-2b9f1310\"><img loading=\"lazy\" decoding=\"async\" width=\"1456\" height=\"816\" class=\"gb-image gb-image-2b9f1310\" src=\"https:\/\/www.sisinternational.com\/wp-content\/uploads\/2025\/08\/Cote-dIvoire-3.jpg\" srcset=\"https:\/\/www.sisinternational.com\/wp-content\/uploads\/2025\/08\/Cote-dIvoire-3.jpg 1456w, https:\/\/www.sisinternational.com\/wp-content\/uploads\/2025\/08\/Cote-dIvoire-3-300x168.jpg 300w, https:\/\/www.sisinternational.com\/wp-content\/uploads\/2025\/08\/Cote-dIvoire-3-1024x574.jpg 1024w, https:\/\/www.sisinternational.com\/wp-content\/uploads\/2025\/08\/Cote-dIvoire-3-768x430.jpg 768w, https:\/\/www.sisinternational.com\/wp-content\/uploads\/2025\/08\/Cote-dIvoire-3-18x10.jpg 18w\" sizes=\"auto, (max-width: 1456px) 100vw, 1456px\" alt=\"SIS Mi\u0119dzynarodowe badania rynku i strategia\"><\/figure>\n\n\n\n<p><\/p>\n\n\n\n<hr class=\"wp-block-separator has-alpha-channel-opacity is-style-dots\"\/>\n\n\n\n<h2 class=\"wp-block-heading p3\">Kluczowe bran\u017ce<\/h2>\n\n\n\n<p class=\"p5\">Cote d&#8217;Ivoire is French for the Coast of Ivory or Ivory Coast. This country has been growing its economy despite the instability of its political government. Its agricultural sector is thriving. Cote d\u2019Ivoire produces palm oil, cocoa beans, coffee, yam, and cashews. Other exports are crude petroleum, rubber, refined petroleum, and gold.<\/p>\n\n\n\n<p class=\"p5\">The Ivory Coast has the largest fishing port in <a href=\"https:\/\/www.sisinternational.com\/pl\/zasieg\/badania-rynku-afryka\/badania-rynku-na-mauritiusie-afryka\/\" title=\"Market Research in Mauritius \u2014 Island off Africa&#8217;s East Coast\"  data-wpil-monitor-id=\"8766\">Afryka<\/a> for tuna. Their sardines supply is also high in stock.<\/p>\n\n\n\n<p class=\"p5\">There is much mining on the Ivory Coast. This mining has ensured its place as the 9th largest producer of manganese in the world.<\/p>\n\n\n\n<h2 class=\"wp-block-heading p3\">Osiedla<\/h2>\n\n\n\n<p class=\"p5\">The capital city of Cote d&#8217;Ivoire is the District of Yamoussoukro, which is north of Abidjan. This district is on rolling hills and plains.<\/p>\n\n\n\n<p class=\"p5\">Abidjan is the former capital of C\u00f4te d&#8217;Ivoire. It is the largest city and home to many commercial and banking centers. It is on several peninsulas and islands connected by bridges.<\/p>\n\n\n\n<p class=\"p5\">Cote d&#8217;Ivoire is hot and humid, and the streets are often full of street vendors. Despite that fact, Abidjan is the &#8220;Paris of West Africa &#8221;. This title came about due to its universities, parks, and exotic fashions. It also has broad boulevards and museums.<\/p>\n\n\n\n<p class=\"p5\">There are many government departments in the city, including the one responsible for the national road system. It is also the end of the Abidjan-Niger Railway.<\/p>\n\n\n\n<p class=\"p5\">Once upon a time, Ivory Coast was a most peaceful country well on its way to becoming wealthy. Now it is recovering from the Ivorian Civil Wars, fought from 2002 to 2011.<\/p>\n\n\n\n<h2 class=\"wp-block-heading p3\">Trends, Consumer Base<\/h2>\n\n\n\n<h3 class=\"wp-block-heading p6\">G\u0142oska bezd\u017awi\u0119czna<\/h3>\n\n\n\n<p class=\"p5\">Television, radio, telecommunications, and print are all owned and controlled by the government. Freedom of speech in the media is not something that happens on Ivory Coast. The authorities often punish reporters and journalists for going out of line.<\/p>\n\n\n\n<h3 class=\"wp-block-heading p6\">Cuisine<\/h3>\n\n\n\n<p class=\"p5\">The Ivorians are very big on their food. They often use grains and tubers in their cuisines. The use of plantains and cassava plays a big part in their meals. Aitiu, which is a form of corn paste, is usually used when making cornballs. One of their main side dishes is Atti\u00e9k\u00e9.<\/p>\n\n\n\n<p class=\"p5\">Ivorians eat lots of chicken. They also like to use seafood such as sardines, bonito, tuna, and shrimp.<\/p>\n\n\n\n<h3 class=\"wp-block-heading p6\">Music<\/h3>\n\n\n\n<p class=\"p5\">Ivory Coast has made an impact on the international scene with its music. Artists such as AfroB, Meiway, Magic Syst\u00e9me have placed Ivory Coast on the map for its music. The music genres differentiate based on the ethnic groups. Two of their distinctive features are their drums and vocal polyphony.<\/p>\n\n\n\n<h2 class=\"wp-block-heading p6\">Mocne strony na rynku<\/h2>\n\n\n\n<figure class=\"gb-block-image gb-block-image-18789f0b\"><img loading=\"lazy\" decoding=\"async\" width=\"1456\" height=\"816\" class=\"gb-image gb-image-18789f0b\" src=\"https:\/\/www.sisinternational.com\/wp-content\/uploads\/2025\/08\/Cote-dIvoire-1.jpg\" alt=\"SIS Mi\u0119dzynarodowe badania rynku i strategia\" title=\"Cote d&#039;Ivoire (1)\" srcset=\"https:\/\/www.sisinternational.com\/wp-content\/uploads\/2025\/08\/Cote-dIvoire-1.jpg 1456w, https:\/\/www.sisinternational.com\/wp-content\/uploads\/2025\/08\/Cote-dIvoire-1-300x168.jpg 300w, https:\/\/www.sisinternational.com\/wp-content\/uploads\/2025\/08\/Cote-dIvoire-1-1024x574.jpg 1024w, https:\/\/www.sisinternational.com\/wp-content\/uploads\/2025\/08\/Cote-dIvoire-1-768x430.jpg 768w, https:\/\/www.sisinternational.com\/wp-content\/uploads\/2025\/08\/Cote-dIvoire-1-18x10.jpg 18w\" sizes=\"auto, (max-width: 1456px) 100vw, 1456px\"><\/figure>\n\n\n\n<ol class=\"wp-block-list ol1\">\n<li>More than one-third of Ivoirians live in poverty, and child labor still exists. Still, there is an expansion of the middle class.<\/li>\n\n\n\n<li>Diversified resources: Cote d&#8217;Ivoire is rich in agriculture (cocoa, coffee, sugar, cashews. It is also the world&#8217;s largest rubber producer). The country also produces hydrocarbons and minerals (gold, copper, iron, manganese, and bauxite).<\/li>\n\n\n\n<li>Cote d&#8217;Ivoire is a part of the West African Economic and Monetary Union (WAEMU). This organization has a common currency, which keeps inflation in check.<\/li>\n\n\n\n<li>Infrastructure is in the modernization process.<\/li>\n\n\n\n<li>The country is making continuous improvements in the business and governance environments.<\/li>\n<\/ol>\n\n\n\n<h2 class=\"wp-block-heading p6\">Powody, dla kt\u00f3rych warto rozwija\u0107 sw\u00f3j biznes na rynku<\/h2>\n\n\n\n<ol class=\"wp-block-list ol1\">\n<li>Agribusiness: Ivory Coast exports raw materials. There is potential for businesses wishing to process those materials within the country.<\/li>\n\n\n\n<li>The region imports the vast majority of its medical supplies. Thus, this sector has many opportunities, and as the population expands, the demand for healthcare will increase. Local <a href=\"https:\/\/www.sisinternational.com\/pl\/ekspertyza\/branze\/clinical-diagnostics-market-research\/\" title=\"Badania rynku diagnostyki klinicznej\"  data-wpil-monitor-id=\"8765\">diagnostics centers and clinics<\/a> are still scarce. Affluent people often travel abroad for treatment. There is potential for the private sector to expand healthcare capacity.<\/li>\n\n\n\n<li>Education is another area of interest for investors. There is a shortfall in capacity and growing demand in this sector. Many members of the young population leave the educational circuit early with few qualifications. There are gaps in theoretical training and business needs.&nbsp;Businesses can establish training centers to close those gaps.<\/li>\n<\/ol>\n\n\n\n<h2 class=\"wp-block-heading p3\">About Market Research in Cote d\u2019ivoire<\/h2>\n\n\n\n<p class=\"p5\">If you&#8217;re a business visionary who wants to work in Ivory Coast, <a href=\"https:\/\/www.sisinternational.com\/pl\/skontaktuj-sie-z-nami\/\" title=\"Skontaktuj si\u0119 z nami\"  data-wpil-monitor-id=\"8763\">SIS Mi\u0119dzynarodowe Badania<\/a> is ideal for you. We arrange focus groups in different <a href=\"https:\/\/www.sisinternational.com\/pl\/the-nigerian-market-cultures-effect-on-business\/\" title=\"The Nigerian Market: Culture&#8217;s effect on Business\"  data-wpil-monitor-id=\"7482\">business areas in Africa<\/a> and conduct Quantitative, Qualitative, and Strategy Research. We will collect essential information for you and your business. <a href=\"https:\/\/www.sisinternational.com\/pl\/kluczowe-czynniki-sukcesu-w-badaniach-rynku-motoryzacyjnego\/\" title=\"Kluczowe czynniki sukcesu w badaniach rynku motoryzacyjnego\"  data-wpil-monitor-id=\"8764\">Market Research ensures your success<\/a>.<\/p>\n\n\n\n<p class=\"p5\"><\/p>","protected":false},"excerpt":{"rendered":"<p>Badania rynku w Wybrze\u017cu Ko\u015bci S\u0142oniowej Kluczowe bran\u017ce Wybrze\u017ce Ko\u015bci S\u0142oniowej to po francusku Wybrze\u017ce Ko\u015bci S\u0142oniowej. Ten kraj rozwija swoj\u0105 gospodark\u0119 pomimo niestabilno\u015bci rz\u0105du politycznego. Jego sektor rolniczy kwitnie. Wybrze\u017ce Ko\u015bci S\u0142oniowej produkuje olej palmowy, ziarna kakao, kaw\u0119, bataty i orzechy nerkowca. Inne produkty eksportowe to ropa naftowa, kauczuk, \u2026 <a title=\"Market Research in Cote d&#8217;Ivoire\" class=\"read-more\" href=\"https:\/\/www.sisinternational.com\/pl\/zasieg\/badania-rynku-afryka\/market-research-cote-divoire\/\" aria-label=\"Dowiedz si\u0119 wi\u0119cej o Market Research in Cote d&#8217;Ivoire\">Czytaj dalej<\/a><\/p>","protected":false},"author":1,"featured_media":65173,"parent":14281,"menu_order":9,"comment_status":"closed","ping_status":"closed","template":"","meta":{"footnotes":""},"class_list":["post-37720","page","type-page","status-publish","has-post-thumbnail"],"_links":{"self":[{"href":"https:\/\/www.sisinternational.com\/pl\/wp-json\/wp\/v2\/pages\/37720","targetHints":{"allow":["GET"]}}],"collection":[{"href":"https:\/\/www.sisinternational.com\/pl\/wp-json\/wp\/v2\/pages"}],"about":[{"href":"https:\/\/www.sisinternational.com\/pl\/wp-json\/wp\/v2\/types\/page"}],"author":[{"embeddable":true,"href":"https:\/\/www.sisinternational.com\/pl\/wp-json\/wp\/v2\/users\/1"}],"replies":[{"embeddable":true,"href":"https:\/\/www.sisinternational.com\/pl\/wp-json\/wp\/v2\/comments?post=37720"}],"version-history":[{"count":5,"href":"https:\/\/www.sisinternational.com\/pl\/wp-json\/wp\/v2\/pages\/37720\/revisions"}],"predecessor-version":[{"id":81470,"href":"https:\/\/www.sisinternational.com\/pl\/wp-json\/wp\/v2\/pages\/37720\/revisions\/81470"}],"up":[{"embeddable":true,"href":"https:\/\/www.sisinternational.com\/pl\/wp-json\/wp\/v2\/pages\/14281"}],"wp:featuredmedia":[{"embeddable":true,"href":"https:\/\/www.sisinternational.com\/pl\/wp-json\/wp\/v2\/media\/65173"}],"wp:attachment":[{"href":"https:\/\/www.sisinternational.com\/pl\/wp-json\/wp\/v2\/media?parent=37720"}],"curies":[{"name":"wp","href":"https:\/\/api.w.org\/{rel}","templated":true}]}}