{"id":37718,"date":"2021-05-19T05:24:58","date_gmt":"2021-05-19T05:24:58","guid":{"rendered":"https:\/\/www.sisinternational.com\/?page_id=37718"},"modified":"2025-09-14T14:46:34","modified_gmt":"2025-09-14T18:46:34","slug":"badania-rynku-angola","status":"publish","type":"page","link":"https:\/\/www.sisinternational.com\/pl\/zasieg\/badania-rynku-afryka\/badania-rynku-angola\/","title":{"rendered":"Badania rynku w Angoli"},"content":{"rendered":"<h1 class=\"wp-block-heading\">Badania rynku w Angoli<\/h1>\n\n\n\n<figure class=\"gb-block-image gb-block-image-92ac5641\"><img loading=\"lazy\" decoding=\"async\" width=\"1024\" height=\"574\" class=\"gb-image gb-image-92ac5641\" src=\"https:\/\/www.sisinternational.com\/wp-content\/uploads\/2025\/08\/Angola-2-1024x574.jpg\" srcset=\"https:\/\/www.sisinternational.com\/wp-content\/uploads\/2025\/08\/Angola-2-1024x574.jpg 1024w, https:\/\/www.sisinternational.com\/wp-content\/uploads\/2025\/08\/Angola-2-300x168.jpg 300w, https:\/\/www.sisinternational.com\/wp-content\/uploads\/2025\/08\/Angola-2-768x430.jpg 768w, https:\/\/www.sisinternational.com\/wp-content\/uploads\/2025\/08\/Angola-2-18x10.jpg 18w, https:\/\/www.sisinternational.com\/wp-content\/uploads\/2025\/08\/Angola-2.jpg 1456w\" sizes=\"auto, (max-width: 1024px) 100vw, 1024px\" alt=\"SIS Mi\u0119dzynarodowe badania rynku i strategia\"><\/figure>\n\n\n\n<p><\/p>\n\n\n\n<h2 class=\"wp-block-heading\">Kluczowe bran\u017ce<\/h2>\n\n\n\n<p>W okresie kolonialnym Angola by\u0142a klejnotem koronnym Portugalii. Dawa\u0142a ludziom zach\u0119t\u0119, kt\u00f3rej potrzebowali, aby inwestowa\u0107 w swoj\u0105 gospodark\u0119. Dzi\u0119ki temu gospodarka zacz\u0119\u0142a szybko rosn\u0105\u0107 w latach 70. G\u0142\u00f3wnymi towarami eksportowymi by\u0142y diamenty, kawa, ropa naftowa i sizal. W wi\u0119kszych miastach rozwija\u0142 si\u0119 r\u00f3wnie\u017c przemys\u0142 lekki.<\/p>\n\n\n\n<p>Wzrost gospodarczy by\u0142 nier\u00f3wnomierny, poniewa\u017c zyski trafia\u0142y do \u201eklasy osadnik\u00f3w\u201d. Z tego powodu zwykli ludzie musieli skupi\u0107 si\u0119 na rolnictwie. Musieli obni\u017cy\u0107 ceny produkt\u00f3w, aby zarobi\u0107 na \u017cycie. W rezultacie doprowadzi\u0142o to Angol\u0119 do ruchu nacjonalistycznego.<\/p>\n\n\n\n<h2 class=\"wp-block-heading\">Osiedla<\/h2>\n\n\n\n<p>Angola to kraj w po\u0142udniowo-zachodniej Afryce. Jest to ogromny kraj z szerok\u0105 gam\u0105 krajobraz\u00f3w: g\u00f3ry, doliny, lasy deszczowe i p\u00f3\u0142pustynne tereny.<\/p>\n\n\n\n<p>Luanda, stolica Angoli, to ogromne miasto portowe na p\u00f3\u0142nocnym wybrze\u017cu. \u0141\u0105czy tradycyjne afryka\u0144skie style dom\u00f3w z kolonialnymi budynkami w stylu portugalskim. Luanda ma r\u00f3wnie\u017c wiele nowoczesnych wie\u017cowc\u00f3w.<\/p>\n\n\n\n<h2 class=\"wp-block-heading\">Trendy<\/h2>\n\n\n\n<p>Kino, sport i muzyka s\u0105 wa\u017cn\u0105 cz\u0119\u015bci\u0105 kultury Angoli. Afryka\u0144skie korzenie s\u0105 wyra\u017ane w muzyce i ta\u0144cu i kszta\u0142tuj\u0105 mow\u0119 j\u0119zyka portugalskiego. S\u0105 r\u00f3wnie\u017c obecne we wsp\u00f3\u0142czesnym pi\u015bmiennictwie angolskim, szczeg\u00f3lnie w dzie\u0142ach rodzimych pisarzy.<\/p>\n\n\n\n<p>Najpopularniejsz\u0105 gr\u0105 w Angoli jest koszyk\u00f3wka. Jej dru\u017cyna narodowa wielokrotnie wygrywa\u0142a AfroBasket i jest rekordzistk\u0105 pod wzgl\u0119dem liczby tytu\u0142\u00f3w. Jako najlepsza dru\u017cyna w Afryce, jest regularnym pretendentem do Letnich Igrzysk Olimpijskich i Pucharu \u015awiata FIBA.<\/p>\n\n\n\n<p>W pi\u0142ce no\u017cnej Angola by\u0142a gospodarzem Pucharu Narod\u00f3w Afryki 2010. Reprezentacja Angoli w pi\u0142ce no\u017cnej dotar\u0142a do fina\u0142u Mistrzostw \u015awiata FIFA 2006: by\u0142 to ich pierwszy wyst\u0119p na tym poziomie. Wygrali trzy Puchary COSAFA i byli wicemistrzami Mistrzostw Narod\u00f3w Afryki 2011.<\/p>\n\n\n\n<p>Angola bierze udzia\u0142 w Mistrzostwach \u015awiata w Pi\u0142ce R\u0119cznej Kobiet od d\u0142u\u017cszego czasu. Kraj ten pojawia si\u0119 r\u00f3wnie\u017c na Letnich Igrzyskach Olimpijskich od bardzo dawna.<\/p>\n\n\n\n<p>Mocne strony na rynku<\/p>\n\n\n\n<h3 class=\"wp-block-heading\">1. Bogate zasoby naturalne<\/h3>\n\n\n\n<p>Angola ma ogromne zasoby w\u0119glowodor\u00f3w i minera\u0142\u00f3w oraz obfite ziemie uprawne. Ma r\u00f3wnie\u017c dobry potencja\u0142 na lata hydroenergii.<\/p>\n\n\n\n<h3 class=\"wp-block-heading\">2. Relacje biznesowe z Chinami.<\/h3>\n\n\n\n<p>Angola utrzymuje stosunki handlowe z Chinami w celu rozwoju swojego kraju.<\/p>\n\n\n\n<h2 class=\"wp-block-heading\">Baza konsument\u00f3w<\/h2>\n\n\n\n<p>Wi\u0119kszo\u015b\u0107 Angolijczyk\u00f3w jest m\u0142oda, co sprawia, \u017ce baza konsument\u00f3w nabywc\u00f3w jest m\u0142oda. Ponadto wi\u0119kszo\u015b\u0107 tych ludzi mieszka w regionach metropolitalnych.<\/p>\n\n\n\n<p>The standard of living in Angola has improved as of late with financial development. Yet, on average, Angolans still have a low standard of living. Discretionary income is insufficient. A high volume of <a href=\"https:\/\/www.sisinternational.com\/pl\/ekspertyza\/branze\/food-beverage-voice-of-the-customer-market-research\/\" title=\"Badania rynku \u017cywno\u015bci i napoj\u00f3w G\u0142os klienta\"  data-wpil-monitor-id=\"7748\">customer spending is on food<\/a> and drink. Also, the food costs are high.<\/p>\n\n\n\n<p>If Angolans grow new foods instead of importing, this will ensure extra cash in the country. It can further enable a better standard of living. Thus, the fresh produce <a href=\"https:\/\/www.sisinternational.com\/pl\/ekspertyza\/branze\/space-mining-market-research\/\" title=\"Badania rynku g\u00f3rnictwa kosmicznego\"  data-wpil-monitor-id=\"7749\">market<\/a> in Angola has a lot of space to develop.<\/p>\n\n\n\n<p>Kraj ponownie rozwa\u017ca program rozwoju. Program ten b\u0119dzie koncentrowa\u0142 si\u0119 na obszarach rybo\u0142\u00f3wstwa, wydobycia, monetarnych i l\u0105dowych. Ju\u017c teraz po\u0142owy ryb wzros\u0142y.<\/p>\n\n\n\n<h2 class=\"wp-block-heading\">Powody, dla kt\u00f3rych warto rozwija\u0107 sw\u00f3j biznes na rynku<\/h2>\n\n\n\n<figure class=\"gb-block-image gb-block-image-8764b699\"><img loading=\"lazy\" decoding=\"async\" width=\"1456\" height=\"816\" class=\"gb-image gb-image-8764b699\" src=\"https:\/\/www.sisinternational.com\/wp-content\/uploads\/2025\/08\/Angola-3.jpg\" alt=\"SIS Mi\u0119dzynarodowe badania rynku i strategia\" title=\"Angola (3)\" srcset=\"https:\/\/www.sisinternational.com\/wp-content\/uploads\/2025\/08\/Angola-3.jpg 1456w, https:\/\/www.sisinternational.com\/wp-content\/uploads\/2025\/08\/Angola-3-300x168.jpg 300w, https:\/\/www.sisinternational.com\/wp-content\/uploads\/2025\/08\/Angola-3-1024x574.jpg 1024w, https:\/\/www.sisinternational.com\/wp-content\/uploads\/2025\/08\/Angola-3-768x430.jpg 768w, https:\/\/www.sisinternational.com\/wp-content\/uploads\/2025\/08\/Angola-3-18x10.jpg 18w\" sizes=\"auto, (max-width: 1456px) 100vw, 1456px\"><\/figure>\n\n\n\n<p><\/p>\n\n\n\n<h3 class=\"wp-block-heading\">1. Niekt\u00f3re sektory przemys\u0142u s\u0105 zwolnione z podatku.<\/h3>\n\n\n\n<p>Rz\u0105d poszukuje:<\/p>\n\n\n\n<h3 class=\"wp-block-heading\">2. Dywersyfikacja gospodarcza<\/h3>\n\n\n\n<h3 class=\"wp-block-heading\">3. Modyfikacja nowoczesnych technologii<\/h3>\n\n\n\n<h3 class=\"wp-block-heading\">4. Obszary finansowe i spo\u0142eczne o najwi\u0119kszym potencjale to:<\/h3>\n\n\n\n<ul class=\"wp-block-list\">\n<li>Agrobiznes, produkcja zwierz\u0119ca i le\u015bnictwo<\/li>\n\n\n\n<li>Turystyka<\/li>\n\n\n\n<li>Przemys\u0142 monta\u017cowy i przetw\u00f3rczy<\/li>\n\n\n\n<li>Rybo\u0142\u00f3wstwo i akwakultura, w tym obr\u00f3bka ryb<\/li>\n\n\n\n<li>Transport i Telekomunikacja<\/li>\n\n\n\n<li>Szkolnictwo (kszta\u0142cenie regularne i kszta\u0142cenie techniczno-zawodowe)<\/li>\n\n\n\n<li>Wsparcie Rozwoju i Mieszkalnictwa<\/li>\n\n\n\n<li>IT i technologia zarz\u0105dzania<\/li>\n\n\n\n<li>Opieka medyczna (medycyna zapobiegawcza i przemys\u0142 farmaceutyczny)<\/li>\n<\/ul>\n\n\n\n<h2 class=\"wp-block-heading\">O badaniach rynku w Angoli<\/h2>\n\n\n\n<p>Are you a business visionary looking to work in Angola? If so, you have come to the best place. We put together Focus Groups in the different African business areas, and we can also do Quantitative, Qualitative, and Strategy <a href=\"https:\/\/www.sisinternational.com\/pl\/ekspertyza\/branze\/contract-research-organizations-market-research\/\" title=\"Organizacje badawcze kontraktowe Badania rynku\"  data-wpil-monitor-id=\"7747\">Research for your organization<\/a>. We tunnel through primary research, surveys, interviews, and articles. That is only the start. We collect essential information for you and your business.<\/p>\n\n\n\n<p><\/p>","protected":false},"excerpt":{"rendered":"<p>Badania rynku w Angoli Kluczowe bran\u017ce W okresie kolonialnym Angola by\u0142a klejnotem koronnym Portugalii. Dawa\u0142a ludziom zach\u0119t\u0119, kt\u00f3rej potrzebowali, aby inwestowa\u0107 w swoj\u0105 gospodark\u0119. Dzi\u0119ki temu gospodarka zacz\u0119\u0142a szybko rosn\u0105\u0107 w latach 70. G\u0142\u00f3wnymi towarami eksportowymi by\u0142y diamenty, kawa, ropa naftowa i sizal. Rozwijano r\u00f3wnie\u017c \u2026 <a title=\"Badania rynku w Angoli\" class=\"read-more\" href=\"https:\/\/www.sisinternational.com\/pl\/zasieg\/badania-rynku-afryka\/badania-rynku-angola\/\" aria-label=\"Dowiedz si\u0119 wi\u0119cej o Market Research in Angola\">Czytaj dalej<\/a><\/p>","protected":false},"author":1,"featured_media":65244,"parent":14281,"menu_order":8,"comment_status":"closed","ping_status":"closed","template":"","meta":{"footnotes":""},"class_list":["post-37718","page","type-page","status-publish","has-post-thumbnail"],"_links":{"self":[{"href":"https:\/\/www.sisinternational.com\/pl\/wp-json\/wp\/v2\/pages\/37718","targetHints":{"allow":["GET"]}}],"collection":[{"href":"https:\/\/www.sisinternational.com\/pl\/wp-json\/wp\/v2\/pages"}],"about":[{"href":"https:\/\/www.sisinternational.com\/pl\/wp-json\/wp\/v2\/types\/page"}],"author":[{"embeddable":true,"href":"https:\/\/www.sisinternational.com\/pl\/wp-json\/wp\/v2\/users\/1"}],"replies":[{"embeddable":true,"href":"https:\/\/www.sisinternational.com\/pl\/wp-json\/wp\/v2\/comments?post=37718"}],"version-history":[{"count":3,"href":"https:\/\/www.sisinternational.com\/pl\/wp-json\/wp\/v2\/pages\/37718\/revisions"}],"predecessor-version":[{"id":81305,"href":"https:\/\/www.sisinternational.com\/pl\/wp-json\/wp\/v2\/pages\/37718\/revisions\/81305"}],"up":[{"embeddable":true,"href":"https:\/\/www.sisinternational.com\/pl\/wp-json\/wp\/v2\/pages\/14281"}],"wp:featuredmedia":[{"embeddable":true,"href":"https:\/\/www.sisinternational.com\/pl\/wp-json\/wp\/v2\/media\/65244"}],"wp:attachment":[{"href":"https:\/\/www.sisinternational.com\/pl\/wp-json\/wp\/v2\/media?parent=37718"}],"curies":[{"name":"wp","href":"https:\/\/api.w.org\/{rel}","templated":true}]}}