{"id":37716,"date":"2021-05-19T05:18:50","date_gmt":"2021-05-19T05:18:50","guid":{"rendered":"https:\/\/www.sisinternational.com\/?page_id=37716"},"modified":"2025-11-10T22:16:27","modified_gmt":"2025-11-11T03:16:27","slug":"market-research-cameroon","status":"publish","type":"page","link":"https:\/\/www.sisinternational.com\/pl\/zasieg\/badania-rynku-afryka\/market-research-cameroon\/","title":{"rendered":"Badania rynku w Kamerunie"},"content":{"rendered":"<h1 class=\"wp-block-heading\">Market Research in Cameroon, Africa<\/h1>\n\n\n\n<figure class=\"gb-block-image gb-block-image-5bc7228c\"><img loading=\"lazy\" decoding=\"async\" width=\"1456\" height=\"816\" class=\"gb-image gb-image-5bc7228c\" src=\"https:\/\/www.sisinternational.com\/wp-content\/uploads\/2025\/08\/Cameroon-1.jpg\" alt=\"SIS Mi\u0119dzynarodowe badania rynku i strategia\" title=\"Cameroon (1)\" srcset=\"https:\/\/www.sisinternational.com\/wp-content\/uploads\/2025\/08\/Cameroon-1.jpg 1456w, https:\/\/www.sisinternational.com\/wp-content\/uploads\/2025\/08\/Cameroon-1-300x168.jpg 300w, https:\/\/www.sisinternational.com\/wp-content\/uploads\/2025\/08\/Cameroon-1-1024x574.jpg 1024w, https:\/\/www.sisinternational.com\/wp-content\/uploads\/2025\/08\/Cameroon-1-768x430.jpg 768w, https:\/\/www.sisinternational.com\/wp-content\/uploads\/2025\/08\/Cameroon-1-18x10.jpg 18w\" sizes=\"auto, (max-width: 1456px) 100vw, 1456px\"><\/figure>\n\n\n\n<p><\/p>\n\n\n\n<hr class=\"wp-block-separator has-alpha-channel-opacity is-style-dots\"\/>\n\n\n\n<p>Lying on the Gulf of Guinea is the country of Cameroon, sandwiched between Nigeria and the Central African Republic. Its name derives from the Portuguese \u2018Camaroes\u2019 (meaning shrimps). Some people view it as \u201cAfrica in miniature\u201d due to its diverse geographical and cultural makeup. It is a lower to middle-income country with a population of over 25 million (2018)<\/p>\n\n\n\n<p>The main languages of Cameroon are French and English. The dominant religion is Christianity. Its capital, Yaounde, lies in the south-central part of the country. As with any other tropical region, Cameroon is humid year-round. It has lower temperatures in mountainous areas.<\/p>\n\n\n\n<h2 class=\"wp-block-heading\">Osiedla<\/h2>\n\n\n\n<p>Besides the capital Yaounde, one other region to take note of is Douala. The quality of life in both cities borders on average, with Douala having more expensive living costs.<\/p>\n\n\n\n<p>The most prominent threat to safety in Cameroon is the ongoing attacks by Boko Haram in the north. These attacks have led to a rise in deaths and frequent refugee situations.<\/p>\n\n\n\n<h2 class=\"wp-block-heading\">Trendy<\/h2>\n\n\n\n<p>The agriculture sector represents more than half of the country\u2019s revenue. It employs 60 percent of the population. Cameroon\u2019s main cash crops range from traditional food crops to crops for export. Agriculture employs at least one adult in the average Cameroonian household. Half of Cameroon lives in a state of poverty amid a rising population level.<\/p>\n\n\n\n<p>Most of the country\u2019s citizens eat large quantities of fruits and vegetables since they have, over time, linked health and well-being to healthy foods. This rise in demand has increased the <a href=\"https:\/\/www.sisinternational.com\/pl\/rozwiazania\/testowanie-smaku\/food-product-tests-in-ny\/\" title=\"Food Product Tests In NY\"  data-wpil-monitor-id=\"7893\">production of healthier choices of food<\/a> and crops.<\/p>\n\n\n\n<h2 class=\"wp-block-heading\">Benefits and strengths in the market<\/h2>\n\n\n\n<p>Cameroon has the advantage of excellent climatic conditions, resulting in fertile soil for the growth of staple food crops. Another benefit is supportive government policies. Farmers and traders have freedom of movement, which has resulted in the <a href=\"https:\/\/www.sisinternational.com\/pl\/ekspertyza\/branze\/low-code-development-market-research\/\" title=\"Badania rynku rozwoju Low Code\"  data-wpil-monitor-id=\"7892\">development of the market<\/a>. Sometimes producers and farmers cannot sell their <a href=\"https:\/\/www.sisinternational.com\/pl\/ekspertyza\/cv-z-doswiadczeniem\/badania-rynku-produktow-do-pielegnacji-osobistej\/\" title=\"Badania rynku produkt\u00f3w do piel\u0119gnacji osobistej\"  data-wpil-monitor-id=\"7890\">products on the local market<\/a>. The government does not prevent them from doing so on the international market.<\/p>\n\n\n\n<h2 class=\"wp-block-heading\">Baza konsument\u00f3w<\/h2>\n\n\n\n<p>Despite the challenges faced, Cameroon remains one of the most stable countries. Its strategic location gives it access to the Nigerian market. It also has potential consumers from other neighboring regions. Its location also serves as a hub for major prospective future projects.<\/p>\n\n\n\n<p>Imports from the U.S., Europe, and China dominate some essential local goods. Cameroonians associate foreign products with quality. Middle-class people are the <a href=\"https:\/\/www.sisinternational.com\/pl\/ekspertyza\/primary-custom-research-2\/\" title=\"Badania rynku pierwotnego\"  data-wpil-monitor-id=\"7891\">primary consumers in this market<\/a>.<\/p>\n\n\n\n<h2 class=\"wp-block-heading\">Powody, dla kt\u00f3rych warto rozwija\u0107 sw\u00f3j biznes na rynku.<\/h2>\n\n\n\n<figure class=\"gb-block-image gb-block-image-ceb6ccd5\"><img loading=\"lazy\" decoding=\"async\" width=\"1456\" height=\"816\" class=\"gb-image gb-image-ceb6ccd5\" src=\"https:\/\/www.sisinternational.com\/wp-content\/uploads\/2025\/08\/Cameroon-2.jpg\" alt=\"SIS Mi\u0119dzynarodowe badania rynku i strategia\" title=\"Cameroon (2)\" srcset=\"https:\/\/www.sisinternational.com\/wp-content\/uploads\/2025\/08\/Cameroon-2.jpg 1456w, https:\/\/www.sisinternational.com\/wp-content\/uploads\/2025\/08\/Cameroon-2-300x168.jpg 300w, https:\/\/www.sisinternational.com\/wp-content\/uploads\/2025\/08\/Cameroon-2-1024x574.jpg 1024w, https:\/\/www.sisinternational.com\/wp-content\/uploads\/2025\/08\/Cameroon-2-768x430.jpg 768w, https:\/\/www.sisinternational.com\/wp-content\/uploads\/2025\/08\/Cameroon-2-18x10.jpg 18w\" sizes=\"auto, (max-width: 1456px) 100vw, 1456px\"><\/figure>\n\n\n\n<p><\/p>\n\n\n\n<p>Progress happens in stages, and Cameroon as a country is no exception. Foreign investments in this country will solve lots of problems. Such investments contribute to developments in infrastructure, transportation, and energy. Anything that can upgrade and take the country further is welcome.<\/p>\n\n\n\n<p>With thorough market research, a <a href=\"https:\/\/www.sisinternational.com\/pl\/top-5-benefits-of-qualitative-market-research-for-businesses\/\" title=\"Top 5 Benefits of Qualitative Market Research for Businesses\"  data-wpil-monitor-id=\"7895\">business will benefit<\/a> by setting roots in Cameroon. The country needs investment, and the market is ripe.<\/p>\n\n\n\n<h2 class=\"wp-block-heading\">About Market Research in Cameroon<\/h2>\n\n\n\n<p>Cameroon is a market with promise. Choosing the right <a href=\"https:\/\/www.sisinternational.com\/pl\/publikacje\/scalable-business-market-research-7-ways-to-build-a-scalable-business\/\" title=\"Skalowalne badania rynku biznesowego: 7 sposob\u00f3w na zbudowanie skalowalnego biznesu\"  data-wpil-monitor-id=\"7894\">research group is vital for your business<\/a>. A company with a reliable <a href=\"https:\/\/www.sisinternational.com\/pl\/rozwiazania\/doradztwo-strategiczne\/expert-network-market-research\/\" title=\"Badania rynku sieci ekspert\u00f3w\"  data-wpil-monitor-id=\"7889\">network of experienced research experts<\/a> is the best choice\u2014our researchers will use focus groups to assist you in making the best decisions.<\/p>\n\n\n\n<p>We use Qualitative, Quantitative, and Strategy Research, Surveys, and other data analysis tools to help you decide on your investment approach. You will receive the necessary insight to offer the right <a href=\"https:\/\/www.sisinternational.com\/pl\/rozwiazania\/testowanie-smaku\/uslugi-testowania-produktow-w-nowym-jorku\/\" title=\"Us\u0142ugi testowania produkt\u00f3w w Nowym Jorku\"  data-wpil-monitor-id=\"7897\">services and products<\/a>. Your goal is to meet the needs of Cameroonian consumers, and we will help you reach it.<\/p>","protected":false},"excerpt":{"rendered":"<p>Market Research in Cameroon, Africa Lying on the Gulf of Guinea is the country of Cameroon, sandwiched between Nigeria and the Central African Republic. Its name derives from the Portuguese \u2018Camaroes\u2019 (meaning shrimps). Some people view it as \u201cAfrica in miniature\u201d due to its diverse geographical and cultural makeup. It is a lower to middle-income &#8230; <a title=\"Badania rynku w Kamerunie\" class=\"read-more\" href=\"https:\/\/www.sisinternational.com\/pl\/zasieg\/badania-rynku-afryka\/market-research-cameroon\/\" aria-label=\"Dowiedz si\u0119 wi\u0119cej o Market Research in Cameroon\">Czytaj dalej<\/a><\/p>","protected":false},"author":1,"featured_media":65272,"parent":14281,"menu_order":7,"comment_status":"closed","ping_status":"closed","template":"","meta":{"footnotes":""},"class_list":["post-37716","page","type-page","status-publish","has-post-thumbnail"],"_links":{"self":[{"href":"https:\/\/www.sisinternational.com\/pl\/wp-json\/wp\/v2\/pages\/37716","targetHints":{"allow":["GET"]}}],"collection":[{"href":"https:\/\/www.sisinternational.com\/pl\/wp-json\/wp\/v2\/pages"}],"about":[{"href":"https:\/\/www.sisinternational.com\/pl\/wp-json\/wp\/v2\/types\/page"}],"author":[{"embeddable":true,"href":"https:\/\/www.sisinternational.com\/pl\/wp-json\/wp\/v2\/users\/1"}],"replies":[{"embeddable":true,"href":"https:\/\/www.sisinternational.com\/pl\/wp-json\/wp\/v2\/comments?post=37716"}],"version-history":[{"count":3,"href":"https:\/\/www.sisinternational.com\/pl\/wp-json\/wp\/v2\/pages\/37716\/revisions"}],"predecessor-version":[{"id":81331,"href":"https:\/\/www.sisinternational.com\/pl\/wp-json\/wp\/v2\/pages\/37716\/revisions\/81331"}],"up":[{"embeddable":true,"href":"https:\/\/www.sisinternational.com\/pl\/wp-json\/wp\/v2\/pages\/14281"}],"wp:featuredmedia":[{"embeddable":true,"href":"https:\/\/www.sisinternational.com\/pl\/wp-json\/wp\/v2\/media\/65272"}],"wp:attachment":[{"href":"https:\/\/www.sisinternational.com\/pl\/wp-json\/wp\/v2\/media?parent=37716"}],"curies":[{"name":"wp","href":"https:\/\/api.w.org\/{rel}","templated":true}]}}