{"id":37712,"date":"2021-05-19T05:08:38","date_gmt":"2021-05-19T05:08:38","guid":{"rendered":"https:\/\/www.sisinternational.com\/?page_id=37712"},"modified":"2025-09-14T14:28:09","modified_gmt":"2025-09-14T18:28:09","slug":"badania-rynku-republika-srodkowoafrykanska","status":"publish","type":"page","link":"https:\/\/www.sisinternational.com\/pl\/zasieg\/badania-rynku-afryka\/badania-rynku-republika-srodkowoafrykanska\/","title":{"rendered":"Badania rynku w Republice \u015arodkowoafryka\u0144skiej"},"content":{"rendered":"<h1 class=\"wp-block-heading\">Badania rynku w Republice \u015arodkowoafryka\u0144skiej<\/h1>\n\n\n\n<figure class=\"gb-block-image gb-block-image-074add71\"><img loading=\"lazy\" decoding=\"async\" width=\"1024\" height=\"574\" class=\"gb-image gb-image-074add71\" src=\"https:\/\/www.sisinternational.com\/wp-content\/uploads\/2025\/08\/Central-African-Republic-1-1024x574.jpg\" srcset=\"https:\/\/www.sisinternational.com\/wp-content\/uploads\/2025\/08\/Central-African-Republic-1-1024x574.jpg 1024w, https:\/\/www.sisinternational.com\/wp-content\/uploads\/2025\/08\/Central-African-Republic-1-300x168.jpg 300w, https:\/\/www.sisinternational.com\/wp-content\/uploads\/2025\/08\/Central-African-Republic-1-768x430.jpg 768w, https:\/\/www.sisinternational.com\/wp-content\/uploads\/2025\/08\/Central-African-Republic-1-18x10.jpg 18w, https:\/\/www.sisinternational.com\/wp-content\/uploads\/2025\/08\/Central-African-Republic-1.jpg 1456w\" sizes=\"auto, (max-width: 1024px) 100vw, 1024px\" alt=\"SIS Mi\u0119dzynarodowe badania rynku i strategia\"><\/figure>\n\n\n\n<p><\/p>\n\n\n\n<h2 class=\"wp-block-heading\">Kluczowe bran\u017ce<\/h2>\n\n\n\n<p>Najwi\u0119kszym narz\u0119dziem ekonomicznym Republiki \u015arodkowoafryka\u0144skiej jest rolnictwo, przyczyniaj\u0105ce si\u0119 do produktu krajowego brutto i rynku pracy. Mi\u0119dzynarodowy kapita\u0142, le\u015bnictwo i rybo\u0142\u00f3wstwo s\u0105 r\u00f3wnie\u017c dynamicznymi \u017ar\u00f3d\u0142ami walut obcych. Podobnie jak diamenty, drewno i uprawy towarowe, takie jak bawe\u0142na i kawa.<\/p>\n\n\n\n<p>Belgia kupuje wi\u0119kszo\u015b\u0107 eksportu diament\u00f3w w Republice \u015arodkowoafryka\u0144skiej, a Francja kupuje wi\u0119kszo\u015b\u0107 kawy i tytoniu. Chiny, Niemcy i Arabia Saudyjska s\u0105 r\u00f3wnie\u017c wa\u017cnymi partnerami handlowymi. Wszyscy oni maj\u0105 sw\u00f3j udzia\u0142 w pobudzaniu gospodarki Republiki \u015arodkowoafryka\u0144skiej.<\/p>\n\n\n\n<h2 class=\"wp-block-heading\">Osiedla<\/h2>\n\n\n\n<p>Republika \u015arodkowoafryka\u0144ska jest dok\u0142adnie tam, gdzie m\u00f3wi jej nazwa: w \u015brodku Afryki. Graniczy z pi\u0119cioma s\u0105siednimi krajami: Kamerunem, Czadem, Demokratyczn\u0105 Republik\u0105 Konga, Republik\u0105 Konga i Sudanem Po\u0142udniowym.<\/p>\n\n\n\n<p>Cameroon sits to the <a href=\"https:\/\/www.sisinternational.com\/pl\/zasieg\/badania-rynku-afryka\/market-research-in-morocco-north-africa\/\" title=\"Badania rynku w Maroku, p\u00f3\u0142nocno-zachodnim kontynencie afryka\u0144skim\"  data-wpil-monitor-id=\"7715\">west of the Central African<\/a> Republic. Chad is to the north, and the Democratic Republic of Congo is to the south.<\/p>\n\n\n\n<p>Republika Konga graniczy na po\u0142udnie od Republiki \u015arodkowoafryka\u0144skiej i Sudanu Po\u0142udniowego na wschodzie.<\/p>\n\n\n\n<h2 class=\"wp-block-heading\">Trendy<\/h2>\n\n\n\n<p>Bogate zasoby mineralne Republiki \u015arodkowoafryka\u0144skiej stwarzaj\u0105 okazj\u0119. Przedsi\u0119biorstwa mog\u0105 rozszerzy\u0107 eksport towar\u00f3w.<\/p>\n\n\n\n<p>Trwaj\u0105 prace nad projektem ruroci\u0105gu. Po jego uko\u0144czeniu zwi\u0119kszy si\u0119 wykonalno\u015b\u0107 poszukiwa\u0144 ropy naftowej. Eksport rezerw ropy naftowej przez s\u0105siedni Kamerun stanie si\u0119 \u0142atwiejszy i ta\u0144szy.<\/p>\n\n\n\n<h2 class=\"wp-block-heading\">Korzy\u015bci i mocne strony na rynku<\/h2>\n\n\n\n<p>\u015awiatowa pandemia sparali\u017cowa\u0142a wiele gospodarek. Republika \u015arodkowoafryka\u0144ska nie jest wyj\u0105tkiem. Kilka kraj\u00f3w zdecydowa\u0142o si\u0119 zamkn\u0105\u0107 swoje granice, aby powstrzyma\u0107 wirusa. Poniewa\u017c gospodarka Republiki \u015arodkowoafryka\u0144skiej opiera si\u0119 na rolnictwie, mo\u017ce przetrwa\u0107. Wyzwania zwi\u0105zane z eksportem diament\u00f3w, drewna, kawy i tytoniu s\u0105 \u0142atwiejsze do opanowania ni\u017c turystyka.<\/p>\n\n\n\n<p>Mimo to Republika \u015arodkowoafryka\u0144ska jest r\u00f3wnie\u017c doskona\u0142ym miejscem turystycznym. Jest to idealne miejsce na ekoturystyk\u0119, z jej naturalnym pi\u0119knem i bior\u00f3\u017cnorodno\u015bci\u0105.<\/p>\n\n\n\n<p>Powi\u0105zania mog\u0105 odgrywa\u0107 kluczow\u0105 rol\u0119. Na przyk\u0142ad kraj produkuje mn\u00f3stwo drewna na meble. Uprawia r\u00f3wnie\u017c kaw\u0119 i kakao, kt\u00f3re w\u0142a\u015bciciele o\u015brodk\u00f3w mog\u0105 wplata\u0107 w oferty dla go\u015bci.<\/p>\n\n\n\n<p>Istnieje nadzieja nawet dla innych rodzaj\u00f3w przedsi\u0119wzi\u0119\u0107 biznesowych w Republice \u015arodkowoafryka\u0144skiej. Zasoby naturalne kraju pomog\u0105 utrzyma\u0107 biznes na powierzchni.<\/p>\n\n\n\n<h2 class=\"wp-block-heading\">Powody, dla kt\u00f3rych warto rozwija\u0107 sw\u00f3j biznes na rynku<\/h2>\n\n\n\n<p>The Central African Republic\u2019s economy is currently struggling. Once a new business gets to establish its <a href=\"https:\/\/www.sisinternational.com\/pl\/ekspertyza\/cv-z-doswiadczeniem\/badania-rynku-produktow-do-pielegnacji-osobistej\/\" title=\"Badania rynku produkt\u00f3w do piel\u0119gnacji osobistej\"  data-wpil-monitor-id=\"7710\">products in the market<\/a>, this will help to boost the economy.<\/p>\n\n\n\n<p>Ease of doing business. It\u2019s easy to set up a limited liability <a href=\"https:\/\/www.sisinternational.com\/pl\/rozwiazania\/rozwiazania-w-zakresie-brandingu-i-badan-klientow\/badania-rynku-testowanie-produktow\/najlepsza-firma-zajmujaca-sie-testowaniem-lokalizacji-centralnych\/\" title=\"Najlepsza firma testuj\u0105ca w centralnej lokalizacji\"  data-wpil-monitor-id=\"7720\">company in the Central<\/a> African Republic. An LLC is the preferred legal entity, but the country offers other options. <a href=\"https:\/\/www.sisinternational.com\/pl\/setting-up-a-business-in-turkey\/\" title=\"Zak\u0142adanie firmy w Turcji\"  data-wpil-monitor-id=\"7723\">Businesses can also set<\/a> up as public limited companies, or they can open branches in the country.<\/p>\n\n\n\n<h2 class=\"wp-block-heading\">O badaniach rynkowych w Republice \u015arodkowoafryka\u0144skiej<\/h2>\n\n\n\n<p>Zasoby naturalne Republiki \u015arodkowoafryka\u0144skiej maj\u0105 potencja\u0142. Jednak kraj ten zmaga si\u0119 z wieloma przeszkodami, takimi jak wylesianie i s\u0142aba infrastruktura. Niekt\u00f3re z nich, takie jak epidemia AIDS i niestabilno\u015b\u0107 polityczna, mog\u0105 blokowa\u0107 rozw\u00f3j gospodarczy.<\/p>\n\n\n\n<p>Thus, focus groups play a crucial role in protecting investors. That\u2019s why it\u2019s important to conduct surveys on the <a href=\"https:\/\/www.sisinternational.com\/pl\/ekspertyza\/branze\/frontier-market-country-market-research\/\" title=\"Badania rynku granicznego w kraju\"  data-wpil-monitor-id=\"7708\">country to understand the market<\/a>. The Central African Republic\u2019s economy is still vulnerable. Thus, <a href=\"https:\/\/www.sisinternational.com\/pl\/rozwiazania\/rozwiazania-w-zakresie-badan-jakosciowych-i-ilosciowych\/rekrutacja-do-badan-jakosciowych\/\" title=\"Rekrutacja do bada\u0144 jako\u015bciowych\"  data-wpil-monitor-id=\"7713\">qualitative and quantitative research<\/a> will also help business owners. They can determine if they will be making a worthy investment into the economy.<\/p>\n\n\n\n<p><a href=\"https:\/\/www.sisinternational.com\/pl\/what-to-expect-in-your-first-year-entering-a-new-market-5-essential-strategies\/\" title=\"What to Expect in Your First Year Entering a New Market: 5 Essential Strategies\"  data-wpil-monitor-id=\"7717\">Strategy research is also essential<\/a>. It enables the investor to conduct a systematic study of the country\u2019s economy. For example, let\u2019s say the investor wants to construct a hotel. He or she will have to consider the resources that are already available in the country. They will also have to consider the timeline for the completion of the project.<\/p>\n\n\n\n<p>My\u015blisz o inwestowaniu w Republice \u015arodkowoafryka\u0144skiej? Mo\u017cemy zapewni\u0107 badania ilo\u015bciowe, jako\u015bciowe i strategiczne, kt\u00f3re pomog\u0105 Ci podj\u0105\u0107 decyzj\u0119. Skontaktuj si\u0119 z nami ju\u017c teraz, aby uzyska\u0107 konsultacj\u0119.<\/p>","protected":false},"excerpt":{"rendered":"<p>Badania rynku w Republice \u015arodkowoafryka\u0144skiej: Zapewniamy badania ilo\u015bciowe, jako\u015bciowe i strategiczne. Skontaktuj si\u0119 z nami ju\u017c teraz, aby uzyska\u0107 konsultacj\u0119.<\/p>","protected":false},"author":1,"featured_media":65162,"parent":14281,"menu_order":5,"comment_status":"closed","ping_status":"closed","template":"","meta":{"footnotes":""},"class_list":["post-37712","page","type-page","status-publish","has-post-thumbnail"],"_links":{"self":[{"href":"https:\/\/www.sisinternational.com\/pl\/wp-json\/wp\/v2\/pages\/37712","targetHints":{"allow":["GET"]}}],"collection":[{"href":"https:\/\/www.sisinternational.com\/pl\/wp-json\/wp\/v2\/pages"}],"about":[{"href":"https:\/\/www.sisinternational.com\/pl\/wp-json\/wp\/v2\/types\/page"}],"author":[{"embeddable":true,"href":"https:\/\/www.sisinternational.com\/pl\/wp-json\/wp\/v2\/users\/1"}],"replies":[{"embeddable":true,"href":"https:\/\/www.sisinternational.com\/pl\/wp-json\/wp\/v2\/comments?post=37712"}],"version-history":[{"count":3,"href":"https:\/\/www.sisinternational.com\/pl\/wp-json\/wp\/v2\/pages\/37712\/revisions"}],"predecessor-version":[{"id":81303,"href":"https:\/\/www.sisinternational.com\/pl\/wp-json\/wp\/v2\/pages\/37712\/revisions\/81303"}],"up":[{"embeddable":true,"href":"https:\/\/www.sisinternational.com\/pl\/wp-json\/wp\/v2\/pages\/14281"}],"wp:featuredmedia":[{"embeddable":true,"href":"https:\/\/www.sisinternational.com\/pl\/wp-json\/wp\/v2\/media\/65162"}],"wp:attachment":[{"href":"https:\/\/www.sisinternational.com\/pl\/wp-json\/wp\/v2\/media?parent=37712"}],"curies":[{"name":"wp","href":"https:\/\/api.w.org\/{rel}","templated":true}]}}