{"id":37708,"date":"2021-05-19T04:57:45","date_gmt":"2021-05-19T04:57:45","guid":{"rendered":"https:\/\/www.sisinternational.com\/?page_id=37708"},"modified":"2026-01-24T17:59:39","modified_gmt":"2026-01-24T22:59:39","slug":"market-research-in-algeria","status":"publish","type":"page","link":"https:\/\/www.sisinternational.com\/pl\/zasieg\/badania-rynku-afryka\/market-research-in-algeria\/","title":{"rendered":"Badania rynku w Algierii, Afryka"},"content":{"rendered":"<h1 class=\"wp-block-heading\">Badania rynku w Algierii, Afryka<\/h1>\n\n\n\n<figure class=\"gb-block-image gb-block-image-12716cd4\"><img loading=\"lazy\" decoding=\"async\" width=\"1456\" height=\"816\" class=\"gb-image gb-image-12716cd4\" src=\"https:\/\/www.sisinternational.com\/wp-content\/uploads\/2025\/08\/Algeria-1.jpg\" alt=\"SIS Mi\u0119dzynarodowe badania rynku i strategia\" title=\"Algeria (1)\" srcset=\"https:\/\/www.sisinternational.com\/wp-content\/uploads\/2025\/08\/Algeria-1.jpg 1456w, https:\/\/www.sisinternational.com\/wp-content\/uploads\/2025\/08\/Algeria-1-300x168.jpg 300w, https:\/\/www.sisinternational.com\/wp-content\/uploads\/2025\/08\/Algeria-1-1024x574.jpg 1024w, https:\/\/www.sisinternational.com\/wp-content\/uploads\/2025\/08\/Algeria-1-768x430.jpg 768w, https:\/\/www.sisinternational.com\/wp-content\/uploads\/2025\/08\/Algeria-1-18x10.jpg 18w\" sizes=\"auto, (max-width: 1456px) 100vw, 1456px\"><\/figure>\n\n\n\n<p><\/p>\n\n\n\n<h2 class=\"wp-block-heading\">Kluczowe bran\u017ce<\/h2>\n\n\n\n<p>The leading industries of Algeria are mining, food processing, natural gas, and electricity. Algeria also specializes in the light industry and the petrochemical and petroleum industries. Natural gas and petroleum are the dominant industries. They supply one-third of the country&#8217;s gross domestic product (GDP).<\/p>\n\n\n\n<p>Algeria&#8217;s primary industry before 1962 was agriculture. Then they began extracting and producing hydrocarbons, which shifted their industrial focus. The production of hydrocarbons led to the country&#8217;s industrialization.<\/p>\n\n\n\n<p>The economy was a planned one for about two decades. It then shifted to privatization, which modified their specialist direction. The standard of living increased. But their food production is below the level required for self-sufficiency.<\/p>\n\n\n\n<p>Algeria has limited arable land. Cultivation only happens in the valleys and coastal plains. These were the areas where the French settlers had their citrus groves, vineyards, market gardens, and orchards.<\/p>\n\n\n\n<p>The country&#8217;s lack of moisture in four-fifths of the land is the root cause of the lack of cultivation. Their agricultural land is suitable for pastures. The rest of their cultivated lands are for orchards and vineyards.<\/p>\n\n\n\n<p>Algeria does not have a suitable climate for vast stock raising. Still, sheep, goats, and cattle are present throughout the country. These livestock have made a significant contribution to the traditional agricultural sector.<\/p>\n\n\n\n<h2 class=\"wp-block-heading\">Osiedla<\/h2>\n\n\n\n<p>Algeria is the largest country in the Arab world, and Africa is nothing short of greatness.<\/p>\n\n\n\n<p>Algeria&#8217;s location is in North <a href=\"https:\/\/www.sisinternational.com\/pl\/zasieg\/badania-rynku-afryka\/badania-rynku-na-mauritiusie-afryka\/\" title=\"Market Research in Mauritius \u2014 Island off Africa&#8217;s East Coast\"  data-wpil-monitor-id=\"9611\">Africa on the Mediterranean coast<\/a>. The Saharan Desert forms part of the country&#8217;s interior. Algeria was part of many legendary empires, as evidenced by sites such as the ancient Roman ruins in seaside Tipaza.<\/p>\n\n\n\n<p>Algiers\u00a0is the capital city and the largest; it is the center for culture, politics, and economics. Its location is on the slopes of the Sahel Hills. The\u00a0capital\u00a0is a large grouping of brilliant white structures overlooking the harbor. The word Algiers means \u201cthe island.\u201d Algiers got its name because of the small islands in the bay where it is located on the\u00a0Mediterranean Sea\u00a0coast.<\/p>\n\n\n\n<p>Hydra is one of the wealthiest places in Algeria. It is the home for the main offices of energy and mines and religious affairs. Hydra has the&nbsp;Scuola Italiana Roma di Algeri, a private Italian international school.<\/p>\n\n\n\n<p>The&nbsp;diplomatic&nbsp;community of Ben Aknoun also has foreign schools. The Lyc\u00e9e International Alexandre-Dumas d&#8217;Alger, a French school, is in this location. It has the only&nbsp;American international school. It is also the site of the head office of The Algerian&nbsp;Ministry of Finance.<\/p>\n\n\n\n<h2 class=\"wp-block-heading\">Trends, Consumption, and Trade<\/h2>\n\n\n\n<p>Algeria is the European Union&#8217;s 28th biggest trade partner. The country has experienced an increase in its standard of living. Its young population has also grown, so there is now a great demand for the local shops to have international brands. Since then, there has been an increase in new shopping centers. Their growth <a href=\"https:\/\/www.sisinternational.com\/pl\/ekspertyza\/branze\/low-code-development-market-research\/\" title=\"Badania rynku rozwoju Low Code\"  data-wpil-monitor-id=\"9608\">market leans toward mall development<\/a>. Consumer spending has increased with the rise in these shopping centers.<\/p>\n\n\n\n<p>Ten <a href=\"https:\/\/www.sisinternational.com\/pl\/ekspertyza\/branze\/badania-rynku-oswietlenia-samochodowego\/jak-wazne-sa-adas-dla-kierowcow-samochodow\/\" title=\"Jak wa\u017cne s\u0105 systemy ADAS dla kierowc\u00f3w samochod\u00f3w\"  data-wpil-monitor-id=\"1896\">import of cars<\/a> in Algeria has increased. The authorities have restricted loans and instituted laws to control the demand.<\/p>\n\n\n\n<h2 class=\"wp-block-heading\">Mocne strony na rynku<\/h2>\n\n\n\n<ol class=\"wp-block-list\">\n<li>Algeria\u2019s location is close to the <a href=\"https:\/\/www.sisinternational.com\/pl\/market-research-in-europe\/\" title=\"Rynek europejski\"  data-wpil-monitor-id=\"9602\">European market<\/a>.<\/li>\n\n\n\n<li>The tourism, renewable energy, and agricultural sector have great potential.<\/li>\n\n\n\n<li>Algeria is a producer of gas and oil, so there is a <a href=\"https:\/\/www.sisinternational.com\/pl\/ekspertyza\/branze\/oil-and-gas-market-research\/\" title=\"Badania rynku ropy naftowej i gazu\"  data-wpil-monitor-id=\"9603\">market for shale gas<\/a> development.<\/li>\n<\/ol>\n\n\n\n<h2 class=\"wp-block-heading\">Powody, dla kt\u00f3rych warto rozwija\u0107 sw\u00f3j biznes na rynku<\/h2>\n\n\n\n<p>With a consumer base of 41 million, there is a need for economic diversification. Algeria has sizeable foreign exchange reserves arising from oil and gas and its hydrocarbons <a href=\"https:\/\/www.sisinternational.com\/pl\/najlepsza-firma-zajmujaca-sie-analiza-branzy-w-ny\/\" title=\"Najlepsza firma zajmuj\u0105ca si\u0119 analiz\u0105 bran\u017cy w Nowym Jorku\"  data-wpil-monitor-id=\"9610\">industry ranks among the top<\/a> ten in the world. There is also need for telecommunications systems and an advanced digital economy to provide jobs for its tech-savvy youth. The government requires technology for digital bookkeeping and modernization. There is also need for third-generation technology.<\/p>\n\n\n\n<h2 class=\"wp-block-heading\">About Market Research in Algeria<\/h2>\n\n\n\n<p>Are you an entrepreneur keen on working in Algeria? You have come to the right place. We arrange Focus Groups in the diverse African business sectors. We can likewise attempt Quantitative, Qualitative, and Strategy <a href=\"https:\/\/www.sisinternational.com\/pl\/ekspertyza\/branze\/contract-research-organizations-market-research\/\" title=\"Organizacje badawcze kontraktowe Badania rynku\"  data-wpil-monitor-id=\"9605\">Research for your organization<\/a>. This data is appropriate for objective decision-making. It&#8217;s the initial step for the achievement of your business in Algeria. We burrow through overview discoveries, articles, insights, and that&#8217;s only the beginning. We assemble fundamental data for you and your business.<\/p>\n\n\n\n<p>Algeria is ripe for investment. We trust this article offers you the responses for which you&#8217;re searching.<\/p>\n\n\n\n<p><\/p>","protected":false},"excerpt":{"rendered":"<p>Market Research in Algeria, Africa Key Industries The leading industries of Algeria are mining, food processing, natural gas, and electricity. Algeria also specializes in the light industry and the petrochemical and petroleum industries. Natural gas and petroleum are the dominant industries. They supply one-third of the country&#8217;s gross domestic product (GDP). Algeria&#8217;s primary industry before &#8230; <a title=\"Badania rynku w Algierii, Afryka\" class=\"read-more\" href=\"https:\/\/www.sisinternational.com\/pl\/zasieg\/badania-rynku-afryka\/market-research-in-algeria\/\" aria-label=\"Dowiedz si\u0119 wi\u0119cej o Market Research in Algeria, Africa\">Czytaj dalej<\/a><\/p>","protected":false},"author":1,"featured_media":65240,"parent":14281,"menu_order":3,"comment_status":"closed","ping_status":"closed","template":"","meta":{"footnotes":""},"class_list":["post-37708","page","type-page","status-publish","has-post-thumbnail"],"_links":{"self":[{"href":"https:\/\/www.sisinternational.com\/pl\/wp-json\/wp\/v2\/pages\/37708","targetHints":{"allow":["GET"]}}],"collection":[{"href":"https:\/\/www.sisinternational.com\/pl\/wp-json\/wp\/v2\/pages"}],"about":[{"href":"https:\/\/www.sisinternational.com\/pl\/wp-json\/wp\/v2\/types\/page"}],"author":[{"embeddable":true,"href":"https:\/\/www.sisinternational.com\/pl\/wp-json\/wp\/v2\/users\/1"}],"replies":[{"embeddable":true,"href":"https:\/\/www.sisinternational.com\/pl\/wp-json\/wp\/v2\/comments?post=37708"}],"version-history":[{"count":4,"href":"https:\/\/www.sisinternational.com\/pl\/wp-json\/wp\/v2\/pages\/37708\/revisions"}],"predecessor-version":[{"id":81601,"href":"https:\/\/www.sisinternational.com\/pl\/wp-json\/wp\/v2\/pages\/37708\/revisions\/81601"}],"up":[{"embeddable":true,"href":"https:\/\/www.sisinternational.com\/pl\/wp-json\/wp\/v2\/pages\/14281"}],"wp:featuredmedia":[{"embeddable":true,"href":"https:\/\/www.sisinternational.com\/pl\/wp-json\/wp\/v2\/media\/65240"}],"wp:attachment":[{"href":"https:\/\/www.sisinternational.com\/pl\/wp-json\/wp\/v2\/media?parent=37708"}],"curies":[{"name":"wp","href":"https:\/\/api.w.org\/{rel}","templated":true}]}}