{"id":37590,"date":"2021-05-08T20:51:28","date_gmt":"2021-05-08T20:51:28","guid":{"rendered":"https:\/\/www.sisinternational.com\/?page_id=37590"},"modified":"2025-09-14T00:55:55","modified_gmt":"2025-09-14T04:55:55","slug":"market-research-in-benin","status":"publish","type":"page","link":"https:\/\/www.sisinternational.com\/pl\/zasieg\/badania-rynku-afryka\/market-research-in-benin\/","title":{"rendered":"Badania rynku w Beninie"},"content":{"rendered":"<h1 class=\"wp-block-heading p1\"><span class=\"s1\">Badania rynku w Beninie<\/span><\/h1>\n\n\n\n<figure class=\"gb-block-image gb-block-image-3b7abe27\"><img loading=\"lazy\" decoding=\"async\" width=\"1456\" height=\"816\" class=\"gb-image gb-image-3b7abe27\" src=\"https:\/\/www.sisinternational.com\/wp-content\/uploads\/2025\/08\/Benin-1.jpg\" alt=\"SIS Mi\u0119dzynarodowe badania rynku i strategia\" title=\"Benin (1)\" srcset=\"https:\/\/www.sisinternational.com\/wp-content\/uploads\/2025\/08\/Benin-1.jpg 1456w, https:\/\/www.sisinternational.com\/wp-content\/uploads\/2025\/08\/Benin-1-300x168.jpg 300w, https:\/\/www.sisinternational.com\/wp-content\/uploads\/2025\/08\/Benin-1-1024x574.jpg 1024w, https:\/\/www.sisinternational.com\/wp-content\/uploads\/2025\/08\/Benin-1-768x430.jpg 768w, https:\/\/www.sisinternational.com\/wp-content\/uploads\/2025\/08\/Benin-1-18x10.jpg 18w\" sizes=\"auto, (max-width: 1456px) 100vw, 1456px\"><\/figure>\n\n\n\n<p><\/p>\n\n\n\n<h2 class=\"wp-block-heading p1\">Benin is a small republic located in West Africa.<\/h2>\n\n\n\n<p class=\"p1\">Its immediate continental neighbors are Togo, Nigeria, Burkina Faso, and Niger. The country&#8217;s official language is French, but there are about 38 national languages in total. These include popular languages like English, Arabic, and Yoruba.<\/p>\n\n\n\n<h2 class=\"wp-block-heading p3\">Kluczowe bran\u017ce<\/h2>\n\n\n\n<p class=\"p1\">Benin&#8217;s key industry is agriculture. The Beninese practice subsistence agriculture. Farmers cater to their family and local needs first. Then they provide for regional or international markets. These farmers plant cash crops and cultivated fruits and nuts. They export ginned cotton and cotton seeds. Other exports are cashew nuts, shea butter, cooking oil, and lumber.<\/p>\n\n\n\n<h2 class=\"wp-block-heading p1\">Osiedla<\/h2>\n\n\n\n<p class=\"p2\">Porto-Novo, also called Hogbonu or \u00c0j\u00e1sh\u00e9 Il\u00e9, is the capital city of Benin. Porto Novo can tell us so much about Benin&#8217;s culture and history. In Porto Novo, you will find the Museum of Ethnography, which holds an impressive selection of Yoruba masks. The museum also has many artifacts.<\/p>\n\n\n\n<p class=\"p2\">King Toffa&#8217;s Palace depicts how African Royalty lived. In Jardin Place Jean Bayol, you&#8217;ll find a statue of Porto Novo&#8217;s first king. The Da Silva Museum and the Is\u00e9bay\u00e9 Foundation showcase Benin&#8217;s history. It also has displays of the country&#8217;s native religion &#8211; Voodoo.<\/p>\n\n\n\n<p class=\"p2\">Cotonou is Benin&#8217;s largest city. It is not the capital. Yet, you&#8217;ll find the Seat of Government in Cotonou. So are several government buildings and services. Many consider this city to be the &#8220;economic capital&#8221; of Benin.<\/p>\n\n\n\n<h2 class=\"wp-block-heading p1\">Trendy<\/h2>\n\n\n\n<p class=\"p2\">Art plays a crucial role in Beninese culture. You&#8217;ll find sculptures, pottery, wooden carvings, masks, and tapestries in any village. The people of Benin preserve their pre-colonial culture through art. It&#8217;s also how they incorporate French culture.<\/p>\n\n\n\n<h2 class=\"wp-block-heading p1\">Mo\u017cliwo\u015bci rynkowe<\/h2>\n\n\n\n<p class=\"p2\">The Autonomous Port of Cotonou is the greatest strength of Benin&#8217;s Economy. It facilitates trade with Europe and the American continent and provides a gateway to Asia and other <a href=\"https:\/\/www.sisinternational.com\/pl\/zasieg\/badania-rynku-afryka\/market-research-in-morocco-north-africa\/\" title=\"Badania rynku w Maroku, p\u00f3\u0142nocno-zachodnim kontynencie afryka\u0144skim\"  data-wpil-monitor-id=\"7707\">African<\/a> countries. This port is the fourth most important on the entire continent of Africa. It facilitates about 90% of Benin&#8217;s international trade.<\/p>\n\n\n\n<h2 class=\"wp-block-heading p1\">Baza konsument\u00f3w<\/h2>\n\n\n\n<p class=\"p2\">The people of Benin buy most of their meat and perishable items from <a href=\"https:\/\/www.sisinternational.com\/pl\/ekspertyza\/branze\/badania-rynku-malych-i-srednich-przedsiebiorstw\/\" title=\"Badania rynku ma\u0142ych i \u015brednich przedsi\u0119biorstw\"  data-wpil-monitor-id=\"7705\">small wet markets<\/a>, which you will find in many of the villages. The shops and big markets or dry <a href=\"https:\/\/www.sisinternational.com\/pl\/publikacje\/buyer-behavior-after-coronavirus-new-consumer\/\" title=\"Zachowanie kupuj\u0105cych po koronawirusie \u2013 badania rynku konsumenckiego\"  data-wpil-monitor-id=\"7699\">markets provide consumers<\/a> with nonperishable items. Benin imports most of these nonperishable items. Because Benin is dependent on subsistence farming, these small <a href=\"https:\/\/www.sisinternational.com\/pl\/ekspertyza\/branze\/airline-food-in-flight-catering-market-research\/\" title=\"Badania rynku \u017cywno\u015bci i cateringu pok\u0142adowego\"  data-wpil-monitor-id=\"7701\">markets are enough to cater<\/a> to the needs of the people.<\/p>\n\n\n\n<h2 class=\"wp-block-heading p1\">Reasons to grow your business in Benin<\/h2>\n\n\n\n<p class=\"p2\">Benin is a new country, in fact, one of the most recent on the world scene. It gained independence from France in 1960. Benin&#8217;s population is growing. So is its economy.<\/p>\n\n\n\n<p class=\"p2\">There is much room for development in Benin. There are many goods and services that you can provide to the people of Benin. You will get business, especially if you are the sole provider of this service or commodity. Even as the country develops, you will have already established a loyal customer base being one of the first businesses of its kind. Being the early bird will allow the longevity of your business. Your business will thrive as the economy and population of Benin grow.<\/p>\n\n\n\n<h2 class=\"wp-block-heading\">About Market Research in Benin<\/h2>\n\n\n\n<p>If you&#8217;re a business owner or executive interested in doing business in Benin, we\u2019ve got you. We organize <a href=\"https:\/\/www.sisinternational.com\/pl\/rozwiazania\/badania-rynku-w-grupie-fokusowej\/\" title=\"Badania rynku w grupie fokusowej\"  data-wpil-monitor-id=\"7694\">Focus Groups in the different African markets<\/a>. We can also undertake Quantitative, Qualitative, and <a href=\"https:\/\/www.sisinternational.com\/pl\/rozwiazania\/podroze-turystyka-hotelarstwo-doradztwo\/hotel-management-company-market-research-strategy-consulting\/\" title=\"Badania rynku i doradztwo strategiczne dla firm zarz\u0105dzaj\u0105cych hotelami\"  data-wpil-monitor-id=\"7697\">Strategy Research for your company<\/a>. This information is pertinent for goal-making. It&#8217;s the first step to the <a href=\"https:\/\/www.sisinternational.com\/pl\/predictive-analytics\/\" title=\"Predictive Analytics: Your Crystal Ball for Business Success\"  data-wpil-monitor-id=\"7703\">success of your business<\/a> in Benin. We dig through survey findings, articles, statistics, and more, then we compile essential information for you and your business. We hope this article gives you the answers you&#8217;re looking for in your investment in Benin.<\/p>\n\n\n\n<p><\/p>","protected":false},"excerpt":{"rendered":"<p>Rozwijaj sw\u00f3j biznes w Afryce dzi\u0119ki badaniom rynku w Beninie.<\/p>","protected":false},"author":1,"featured_media":65247,"parent":14281,"menu_order":2,"comment_status":"closed","ping_status":"closed","template":"","meta":{"footnotes":""},"class_list":["post-37590","page","type-page","status-publish","has-post-thumbnail"],"_links":{"self":[{"href":"https:\/\/www.sisinternational.com\/pl\/wp-json\/wp\/v2\/pages\/37590","targetHints":{"allow":["GET"]}}],"collection":[{"href":"https:\/\/www.sisinternational.com\/pl\/wp-json\/wp\/v2\/pages"}],"about":[{"href":"https:\/\/www.sisinternational.com\/pl\/wp-json\/wp\/v2\/types\/page"}],"author":[{"embeddable":true,"href":"https:\/\/www.sisinternational.com\/pl\/wp-json\/wp\/v2\/users\/1"}],"replies":[{"embeddable":true,"href":"https:\/\/www.sisinternational.com\/pl\/wp-json\/wp\/v2\/comments?post=37590"}],"version-history":[{"count":5,"href":"https:\/\/www.sisinternational.com\/pl\/wp-json\/wp\/v2\/pages\/37590\/revisions"}],"predecessor-version":[{"id":81297,"href":"https:\/\/www.sisinternational.com\/pl\/wp-json\/wp\/v2\/pages\/37590\/revisions\/81297"}],"up":[{"embeddable":true,"href":"https:\/\/www.sisinternational.com\/pl\/wp-json\/wp\/v2\/pages\/14281"}],"wp:featuredmedia":[{"embeddable":true,"href":"https:\/\/www.sisinternational.com\/pl\/wp-json\/wp\/v2\/media\/65247"}],"wp:attachment":[{"href":"https:\/\/www.sisinternational.com\/pl\/wp-json\/wp\/v2\/media?parent=37590"}],"curies":[{"name":"wp","href":"https:\/\/api.w.org\/{rel}","templated":true}]}}