{"id":36862,"date":"2021-03-12T05:12:39","date_gmt":"2021-03-12T05:12:39","guid":{"rendered":"https:\/\/www.sisinternational.com\/?page_id=36862"},"modified":"2026-01-25T19:31:08","modified_gmt":"2026-01-26T00:31:08","slug":"badania-rynku-chile","status":"publish","type":"page","link":"https:\/\/www.sisinternational.com\/pl\/zasieg\/latin-america\/badania-rynku-ameryki-lacinskiej\/badania-rynku-chile\/","title":{"rendered":"Badania biurkowe w Chile"},"content":{"rendered":"<h1 class=\"wp-block-heading\"><b>Biurko <\/b>Badania w Chile<\/h1>\n\n\n\n<figure class=\"gb-block-image gb-block-image-de2ee8b3\"><img loading=\"lazy\" decoding=\"async\" width=\"1456\" height=\"816\" class=\"gb-image gb-image-de2ee8b3\" src=\"https:\/\/www.sisinternational.com\/wp-content\/uploads\/2025\/09\/Chile-2.jpg\" alt=\"SIS Mi\u0119dzynarodowe badania rynku i strategia\" title=\"Chile (2)\" srcset=\"https:\/\/www.sisinternational.com\/wp-content\/uploads\/2025\/09\/Chile-2.jpg 1456w, https:\/\/www.sisinternational.com\/wp-content\/uploads\/2025\/09\/Chile-2-300x168.jpg 300w, https:\/\/www.sisinternational.com\/wp-content\/uploads\/2025\/09\/Chile-2-1024x574.jpg 1024w, https:\/\/www.sisinternational.com\/wp-content\/uploads\/2025\/09\/Chile-2-768x430.jpg 768w, https:\/\/www.sisinternational.com\/wp-content\/uploads\/2025\/09\/Chile-2-18x10.jpg 18w\" sizes=\"auto, (max-width: 1456px) 100vw, 1456px\"><\/figure>\n\n\n\n<p><\/p>\n\n\n\n<h3 class=\"wp-block-heading\">Chile jest jedn\u0105 z najbardziej produktywnych i konkurencyjnych gospodarek w Ameryce Po\u0142udniowej. Firmy, kt\u00f3re inwestuj\u0105 w zrozumienie lokalnej dynamiki, s\u0105 lepiej przygotowane do wykorzystania okazji i ugruntowania silnej pozycji w Chile.<\/h3>\n\n\n\n<p>Badania biurowe w Chile s\u0105 niezb\u0119dne do odblokowania mo\u017cliwo\u015bci w jednej z najbardziej stabilnych i rozwini\u0119tych gospodarek Ameryki Po\u0142udniowej. Udane przedsi\u0119biorstwa wiedz\u0105, \u017ce zrozumienie lokalnych preferencji konsument\u00f3w jest kluczem do zr\u00f3wnowa\u017conego wzrostu.<\/p>\n\n\n\n<h2 class=\"wp-block-heading\"><strong>Czym s\u0105 badania biurowe w Chile i dlaczego s\u0105 wa\u017cne?<\/strong><\/h2>\n\n\n\n<p>Dzi\u0119ki prowadzeniu bada\u0144 biurkowych w Chile firmy mog\u0105 g\u0142\u0119boko zrozumie\u0107 potrzeby, zachowania i preferencje konsument\u00f3w. Pozwala im to odpowiednio dostosowa\u0107 swoje produkty i us\u0142ugi, zapewniaj\u0105c, \u017ce ich oferty znajd\u0105 odd\u017awi\u0119k w\u015br\u00f3d lokalnej publiczno\u015bci.<\/p>\n\n\n\n<p><a class=\"wpil_keyword_link\" href=\"https:\/\/www.sisinternational.com\/pl\/how-to-conduct-effective-desk-research\/\"   title=\"How to Conduct Effective Desk Research\" data-wpil-keyword-link=\"linked\"  data-wpil-monitor-id=\"747\">Desk research<\/a> in Chile allows businesses to accurately evaluate market demand, identify target audiences, and adapt their offerings to meet local needs. With Chile&#8217;s diverse consumer base, brands must use a nuanced approach to marketing and branding to effectively reach different population segments. In addition, desk research provides valuable insights into Chile&#8217;s regulatory environment, logistics, and competitive landscape. This information helps businesses anticipate challenges and position themselves effectively.<\/p>\n\n\n\n<h2 class=\"wp-block-heading\"><strong>Nasz aktualny przegl\u0105d rynku i rekomendacje<\/strong><\/h2>\n\n\n\n<p>Firmom zainteresowanym ekspansj\u0105 na rynek Chile zalecamy rozwa\u017cenie<span style=\"font-size: inherit; background-color: var(--base-3); color: var(--contrast-2);\"> rosn\u0105ce zainteresowanie konsument\u00f3w zr\u00f3wnowa\u017conym rozwojem, rozwi\u0105zaniami cyfrowymi i produktami wysokiej jako\u015bci. Doradzamy firmom, aby k\u0142ad\u0142y nacisk na praktyki odpowiedzialne za \u015brodowisko, przyjmowa\u0142y innowacyjne strategie cyfrowe i utrzymywa\u0142y wysoki standard jako\u015bci w swoich ofertach. Sektory g\u00f3rnictwa, technologii i handlu detalicznego wykazuj\u0105 du\u017cy potencja\u0142 wzrostu, a badania biurowe w Chile s\u0105 kluczowe dla identyfikacji mo\u017cliwo\u015bci w tych bran\u017cach.<\/span><\/p>\n\n\n\n<p>We also stress the importance of understanding Chile&#8217;s regulatory environment. Navigating local regulations can be complex, and ensuring compliance is crucial for avoiding setbacks. A proactive approach to regulatory <a href=\"https:\/\/www.sisinternational.com\/pl\/ekspertyza\/branze\/telemetry-market-research\/\" title=\"Badania rynku telemetrii\"  data-wpil-monitor-id=\"5700\">research and market<\/a> analysis will help businesses establish a successful foothold in Chile.<\/p>\n\n\n\n<h2 class=\"wp-block-heading\"><strong>G\u0142\u00f3wne atrakcje turystyczne w Chile<\/strong><\/h2>\n\n\n\n<figure class=\"gb-block-image gb-block-image-228e577d\"><img loading=\"lazy\" decoding=\"async\" width=\"1456\" height=\"816\" class=\"gb-image gb-image-228e577d\" src=\"https:\/\/www.sisinternational.com\/wp-content\/uploads\/2025\/09\/Chile-1.jpg\" alt=\"SIS Mi\u0119dzynarodowe badania rynku i strategia\" title=\"Chile (1)\" srcset=\"https:\/\/www.sisinternational.com\/wp-content\/uploads\/2025\/09\/Chile-1.jpg 1456w, https:\/\/www.sisinternational.com\/wp-content\/uploads\/2025\/09\/Chile-1-300x168.jpg 300w, https:\/\/www.sisinternational.com\/wp-content\/uploads\/2025\/09\/Chile-1-1024x574.jpg 1024w, https:\/\/www.sisinternational.com\/wp-content\/uploads\/2025\/09\/Chile-1-768x430.jpg 768w, https:\/\/www.sisinternational.com\/wp-content\/uploads\/2025\/09\/Chile-1-18x10.jpg 18w\" sizes=\"auto, (max-width: 1456px) 100vw, 1456px\"><\/figure>\n\n\n\n<p><\/p>\n\n\n\n<p>Badania biurowe w Chile ujawniaj\u0105 kilka popularnych atrakcji turystycznych, kt\u00f3re przyci\u0105gaj\u0105 miliony turyst\u00f3w rocznie. Oto pi\u0119\u0107 najwa\u017cniejszych atrakcji:<\/p>\n\n\n\n<ul class=\"wp-block-list\">\n<li><strong>Pustynia Atakama<\/strong>:Znana jako najsuchsza pustynia na Ziemi, pustynia Atacama oferuje zapieraj\u0105ce dech w piersiach krajobrazy, solniska i gejzery. Jest to g\u0142\u00f3wny cel podr\u00f3\u017cy dla turyst\u00f3w poszukuj\u0105cych przyg\u00f3d i cud\u00f3w natury.<\/li>\n\n\n\n<li><strong>Patagonia<\/strong>:Chilijska Patagonia s\u0142ynie z osza\u0142amiaj\u0105cych krajobraz\u00f3w, w tym lodowc\u00f3w, fiord\u00f3w i park\u00f3w narodowych. Park Narodowy Torres del Paine jest ulubionym celem podr\u00f3\u017cy mi\u0142o\u015bnik\u00f3w przyrody i podr\u00f3\u017cnik\u00f3w lubi\u0105cych przygody.<\/li>\n\n\n\n<li><strong>Valpara\u00edso<\/strong>: Nadmorskie miasto Valpara\u00edso s\u0142ynie z kolorowych dzielnic na zboczach wzg\u00f3rz, t\u0119tni\u0105cej \u017cyciem sztuki ulicznej i bogatej kultury. Jest to obowi\u0105zkowy cel podr\u00f3\u017cy dla turyst\u00f3w odkrywaj\u0105cych dziedzictwo kulturowe Chile.<\/li>\n\n\n\n<li><strong>Wyspa Wielkanocna<\/strong>:Ze swoimi tajemniczymi pos\u0105gami moai, Wyspa Wielkanocna jest jedn\u0105 z najbardziej odleg\u0142ych zamieszkanych wysp na \u015bwiecie. Przyci\u0105ga odwiedzaj\u0105cych zainteresowanych histori\u0105, archeologi\u0105 i wyj\u0105tkowymi do\u015bwiadczeniami kulturowymi.<\/li>\n\n\n\n<li><strong>Santiago<\/strong>:Stolica Santiago oferuje mieszank\u0119 nowoczesnych i tradycyjnych atrakcji, w tym Cerro San Crist\u00f3bal, Plaza de Armas i dynamiczn\u0105 scen\u0119 kulinarn\u0105. Stanowi centrum eksploracji reszty Chile.<\/li>\n<\/ul>\n\n\n\n<h2 class=\"wp-block-heading\">Bran\u017ca us\u0142ugowa w Chile<\/h2>\n\n\n\n<p>Dzi\u0119ki dobrze rozwini\u0119tej infrastrukturze informatycznej oraz wykwalifikowanej i wyspecjalizowanej sile roboczej, sektor us\u0142ug w Chile stale si\u0119 rozwija. Sektory takie jak handel detaliczny i doradztwo s\u0105 dobrze rozwini\u0119te, a plac\u00f3wki bankowe odnotowa\u0142y wzrost zainteresowania.<\/p>\n\n\n\n<p>Krajobraz Chile przyci\u0105ga miliony turyst\u00f3w z regionu i Europy. Najlepsze miejsca do odwiedzenia to pustynia Atacama, chilijska Patagonia i miasto Valpara\u00edso. Dziesi\u0105tki rezerwat\u00f3w przyrody i wiele chronionych park\u00f3w uzupe\u0142niaj\u0105 list\u0119 atrakcji turystycznych Chile.<\/p>\n\n\n\n<h3 class=\"wp-block-heading\">Rolnictwo w Chile<\/h3>\n\n\n\n<p>Chilijski przemys\u0142 rolny zyska\u0142 globalne uznanie jako producent i eksporter \u017cywno\u015bci. Jego produkty rolne obejmuj\u0105 owies, pszenic\u0119, jab\u0142ka, szparagi, kukurydz\u0119 i cebul\u0119. Chile jest r\u00f3wnie\u017c jednym z najwi\u0119kszych producent\u00f3w \u0142ososia na \u015bwiecie. Le\u015bnictwo i hodowla zwierz\u0105t r\u00f3wnie\u017c przyczyniaj\u0105 si\u0119 do przemys\u0142u, a g\u0142\u00f3wnymi produktami s\u0105 dr\u00f3b, wo\u0142owina i we\u0142na. Chile jest r\u00f3wnie\u017c globalnym producentem wina, rozwijaj\u0105cym przemys\u0142 poprzez akwakultur\u0119 i le\u015bnictwo.<\/p>\n\n\n\n<h3 class=\"wp-block-heading\">G\u00f3rnictwo w Chile<\/h3>\n\n\n\n<p>Chile jest jednym z najwi\u0119kszych producent\u00f3w miedzi na \u015bwiecie, a Chiny s\u0105 jednym z jej najwi\u0119kszych klient\u00f3w. Opr\u00f3cz miedzi Chile ma z\u0142o\u017ca z\u0142ota, srebra, \u017celaza, boru i molibdenu, kt\u00f3re wydobywa na eksport.<\/p>\n\n\n\n<h2 class=\"wp-block-heading\">Mo\u017cliwo\u015bci inwestycyjne w Chile<\/h2>\n\n\n\n<p>Gospodarka Chile ma si\u0119 rozwija\u0107 w spos\u00f3b zr\u00f3wnowa\u017cony dzi\u0119ki polityce zaprojektowanej dla d\u0142ugoterminowego wzrostu. Mimo wszystko istnieje potrzeba wi\u0119kszej dywersyfikacji, aby unikn\u0105\u0107 nadmiernego polegania na eksporcie, takim jak mied\u017a. Oto kilka mo\u017cliwo\u015bci dla zagranicznych inwestycji bezpo\u015brednich w Chile.<\/p>\n\n\n\n<h3 class=\"wp-block-heading\">G\u00f3rnictwo<\/h3>\n\n\n\n<p>Istnieje du\u017cy potencja\u0142 dla wydobycia litu w Chile, zw\u0142aszcza bior\u0105c pod uwag\u0119 gotowy i rosn\u0105cy rynek z powodu rosn\u0105cego popytu na pojazdy elektryczne. Chocia\u017c inne kraje produkuj\u0105 lit, ta poda\u017c nie jest w stanie zaspokoi\u0107 popytu.<br>Aby zwi\u0119kszy\u0107 wydajno\u015b\u0107 w przemy\u015ble wydobywczym, potrzebna jest technologia i bardziej wyspecjalizowane umiej\u0119tno\u015bci. Us\u0142ugi konsultingowe w zakresie g\u00f3rnictwa i in\u017cynierii mog\u0105 pom\u00f3c w zwi\u0119kszeniu wydajno\u015bci przemys\u0142u. Produkcja i naprawa maszyn g\u00f3rniczych to r\u00f3wnie\u017c opcja do rozwa\u017cenia.<\/p>\n\n\n\n<h3 class=\"wp-block-heading\">Rolnictwo<\/h3>\n\n\n\n<p>Chile jest dobrze znane ze swoich produkt\u00f3w rolnych i przyj\u0119\u0142o e-commerce w celu zwi\u0119kszenia sprzeda\u017cy. Chocia\u017c jest miejsce dla inwestor\u00f3w w produkcji \u017cywno\u015bci i eksporcie, dostarczanie unikalnych rozwi\u0105za\u0144 dla bran\u017cy by\u0142oby lepsze.<\/p>\n\n\n\n<h3 class=\"wp-block-heading\">Nieruchomo\u015b\u0107<\/h3>\n\n\n\n<p>Wzrasta zainteresowanie inwestowaniem w Chile, co powoduje popyt na powierzchnie biurowe i mieszkania. Santiago i Valpara\u00edso to g\u0142\u00f3wne obszary rozwoju nieruchomo\u015bci w Chile. Poniewa\u017c produkcja rolna odbywa si\u0119 na wsi, inwestorzy w nieruchomo\u015bci mog\u0105 r\u00f3wnie\u017c patrze\u0107 poza miasta.<\/p>\n\n\n\n<h2 class=\"wp-block-heading\">Wyzwania stoj\u0105ce przed gospodark\u0105 Chile<\/h2>\n\n\n\n<p>Pomimo wielu mo\u017cliwo\u015bci, badania desk research w Chile identyfikuj\u0105 kilka wyzwa\u0144, z kt\u00f3rymi musz\u0105 zmierzy\u0107 si\u0119 firmy. Nale\u017c\u0105 do nich:<\/p>\n\n\n\n<ol start=\"1\" class=\"wp-block-list\">\n<li><strong>Z\u0142o\u017cone przepisy<\/strong>:Poruszanie si\u0119 po chilijskich przepisach prawnych mo\u017ce by\u0107 trudne, zw\u0142aszcza dla zagranicznych firm, kt\u00f3re nie znaj\u0105 lokalnych wymog\u00f3w.<\/li>\n\n\n\n<li><strong>Du\u017ca konkurencja<\/strong>:Rynek chilijski jest bardzo konkurencyjny, a o udzia\u0142 w rynku rywalizuje wiele lokalnych i mi\u0119dzynarodowych marek.<\/li>\n\n\n\n<li><strong>Nier\u00f3wno\u015bci ekonomiczne<\/strong>:R\u00f3\u017cnice ekonomiczne w Chile mog\u0105 mie\u0107 wp\u0142yw na si\u0142\u0119 nabywcz\u0105 konsument\u00f3w, oddzia\u0142uj\u0105c na segmentacj\u0119 rynku i pozycjonowanie produktu.<\/li>\n\n\n\n<li><strong>Ograniczony dost\u0119p do finansowania<\/strong>:Dla ma\u0142ych i \u015brednich przedsi\u0119biorstw dost\u0119p do finansowania mo\u017ce by\u0107 wyzwaniem, ograniczaj\u0105c ich mo\u017cliwo\u015bci rozwoju.<\/li>\n\n\n\n<li><strong>Wyzwania geograficzne<\/strong>:Wyj\u0105tkowe ukszta\u0142towanie geograficzne Chile, z jego d\u0142ugim i w\u0105skim kszta\u0142tem, stwarza wyzwania logistyczne w zakresie zarz\u0105dzania \u0142a\u0144cuchem dostaw.<\/li>\n\n\n\n<li><strong>Op\u00f3\u017anienia biurokratyczne<\/strong>:Nieefektywne dzia\u0142ania biurokratyczne mog\u0105 prowadzi\u0107 do op\u00f3\u017anie\u0144 w procesach biznesowych, co ma wp\u0142yw na wej\u015bcie na rynek i og\u00f3lne funkcjonowanie firmy.<\/li>\n\n\n\n<li><strong>Obawy dotycz\u0105ce \u015brodowiska<\/strong>:Przedsi\u0119biorstwa musz\u0105 stawia\u0107 na zr\u00f3wnowa\u017cony rozw\u00f3j i przestrzega\u0107 przepis\u00f3w dotycz\u0105cych ochrony \u015brodowiska, poniewa\u017c kwestie te staj\u0105 si\u0119 coraz wa\u017cniejsze dla konsument\u00f3w i rz\u0105du.<\/li>\n<\/ol>\n\n\n\n<h2 class=\"wp-block-heading\">Najlepsze klastry biznesowe w Chile<\/h2>\n\n\n\n<p>Santiago, stolica Chile, jest bardzo sprzyjaj\u0105ca biznesowi. Posiada dobrze po\u0142\u0105czone systemy transportowe, wykszta\u0142con\u0105 si\u0142\u0119 robocz\u0105, pr\u0119\u017cnie rozwijaj\u0105cy si\u0119 sektor finansowy i detaliczny oraz wytwarza prawie po\u0142ow\u0119 PKB kraju.<\/p>\n\n\n\n<p>Valpara\u00edso jest destynacj\u0105 turystyczn\u0105 i wa\u017cnym o\u015brodkiem handlowym. Jest r\u00f3wnie\u017c strategicznym klastrem dla firm zajmuj\u0105cych si\u0119 transportem i spedycj\u0105. Concepci\u00f3n jest centrum handlowym w Chile, kt\u00f3re zapewnia dost\u0119p do region\u00f3w rolniczych i g\u00f3rniczych kraju.<\/p>\n\n\n\n<h2 class=\"wp-block-heading\"><strong>W jaki spos\u00f3b badania biurowe SIS International w Chile pomagaj\u0105 firmom<\/strong><\/h2>\n\n\n\n<p>Badania desk research SIS International w Chile zapewniaj\u0105 dog\u0142\u0119bne spostrze\u017cenia na temat kluczowych sektor\u00f3w, zachowa\u0144 konsument\u00f3w i trend\u00f3w rynkowych. Wsp\u00f3\u0142pracuj\u0105c z SIS International, firmy zyskuj\u0105 kilka korzy\u015bci:<\/p>\n\n\n\n<ul class=\"wp-block-list\">\n<li><strong>Kompleksowe spostrze\u017cenia rynkowe<\/strong>:Nasz zesp\u00f3\u0142 pomaga przedsi\u0119biorstwom dog\u0142\u0119bnie zrozumie\u0107 chilijski rynek, w tym lokalne zachowania konsument\u00f3w i wp\u0142ywy kulturowe.<\/li>\n\n\n\n<li><strong>Podejmowanie decyzji w oparciu o dane<\/strong>:Pomagamy firmom podejmowa\u0107 \u015bwiadome decyzje, kt\u00f3re ograniczaj\u0105 ryzyko i przyczyniaj\u0105 si\u0119 do sukcesu na chilijskim rynku.<\/li>\n\n\n\n<li><strong>Przewaga konkurencyjna<\/strong>Identyfikujemy pojawiaj\u0105ce si\u0119 trendy i mo\u017cliwo\u015bci, zapewniaj\u0105c firmom przewag\u0119 nad konkurencj\u0105 i strategiczne pozycjonowanie w Chile.<\/li>\n\n\n\n<li><strong>Opracowywanie strategii dostosowanych do potrzeb klienta<\/strong>: <a href=\"https:\/\/www.linkedin.com\/company\/sisinternationalresearch\/\" target=\"_blank\" rel=\"noopener\"><span style=\"font-weight: 400;\">SIS Mi\u0119dzynarodowy<\/span><\/a> pomaga firmom w tworzeniu strategii dostosowanych do chilijskiego krajobrazu kulturowego i gospodarczego, dostosowuj\u0105c produkty i dzia\u0142ania marketingowe do preferencji lokalnych konsument\u00f3w.<\/li>\n\n\n\n<li><strong>Poruszanie si\u0119 po przepisach<\/strong>Nasi eksperci ds. regulacji prawnych dziel\u0105 si\u0119 swoj\u0105 wiedz\u0105 na temat poruszania si\u0119 po chilijskim \u015brodowisku regulacyjnym, pomagaj\u0105c przedsi\u0119biorstwom dostosowa\u0107 si\u0119 do przepis\u00f3w krajowych i regionalnych.<\/li>\n\n\n\n<li><strong>Udane wej\u015bcie na rynek<\/strong>:Wspieramy firmy w opracowywaniu skutecznych plan\u00f3w wej\u015bcia na rynek, w tym w identyfikowaniu kluczowych punkt\u00f3w wej\u015bcia i zrozumieniu kana\u0142\u00f3w dystrybucji w Chile.<\/li>\n\n\n\n<li><strong>Budowanie partnerstw<\/strong>:Nasze biurko <a href=\"https:\/\/www.linkedin.com\/pulse\/how-market-research-enables-growth-ruth-stanat-phekf\/\" target=\"_blank\" rel=\"noopener\"><span style=\"font-weight: 400;\">badania<\/span><\/a> w Chile pomaga firmom identyfikowa\u0107 i nawi\u0105zywa\u0107 kontakty z lokalnymi partnerami, dostawcami i dystrybutorami, zwi\u0119kszaj\u0105c ich obecno\u015b\u0107 na rynku.<\/li>\n\n\n\n<li><strong>Rozwi\u0105zania badawcze dostosowane do potrzeb<\/strong>:SIS International oferuje dostosowane do potrzeb klienta badania, zaprojektowane tak, aby spe\u0142nia\u0107 wyj\u0105tkowe potrzeby ka\u017cdej firmy, zapewniaj\u0105c zgodno\u015b\u0107 z wymogami lokalnego rynku.<\/li>\n\n\n\n<li><strong>Zarz\u0105dzanie ryzykiem<\/strong>:Pomagamy firmom identyfikowa\u0107 potencjalne ryzyka, w tym wyzwania logistyczne i regulacyjne, oraz opracowywa\u0107 strategie minimalizuj\u0105ce ich wp\u0142yw.<\/li>\n\n\n\n<li><strong>Wspieranie d\u0142ugoterminowego wzrostu<\/strong>: <a href=\"https:\/\/medium.com\/@sisinternational\/sis-international-c17160da8fac\" target=\"_blank\" rel=\"noopener\"><span style=\"font-weight: 400;\">SIS<\/span><\/a> dostarcza spostrze\u017ce\u0144 i strategii na rzecz zr\u00f3wnowa\u017conego rozwoju, pomagaj\u0105c przedsi\u0119biorstwom dostosowa\u0107 si\u0119 do lokalnych inicjatyw, takich jak transformacja cyfrowa i cele dotycz\u0105ce energii odnawialnej.<\/li>\n<\/ul>\n\n\n\n<h2 class=\"wp-block-heading\"><strong>O SIS International Desk Research w Chile<\/strong><\/h2>\n\n\n\n<p><a href=\"https:\/\/www.sisinternational.com\/pl\/\"><span style=\"font-weight: 400;\">SIS Mi\u0119dzynarodowy<\/span><\/a><span style=\"font-weight: 400;\"> oferuje badania ilo\u015bciowe, jako\u015bciowe i strategiczne. Dostarczamy dane, narz\u0119dzia, strategie, raporty i spostrze\u017cenia do podejmowania decyzji. Prowadzimy r\u00f3wnie\u017c wywiady, ankiety, grupy fokusowe i inne metody i podej\u015bcia Desk Research.<\/span><a href=\"https:\/\/www.sisinternational.com\/pl\/o-moich-miedzynarodowych-badaniach\/contact-sis-international-market-research\/\"><span style=\"font-weight: 400;\"> Skontaktuj si\u0119 z nami<\/span><\/a><span style=\"font-weight: 400;\"> dla Twojego kolejnego projektu Desk Research.<\/span><\/p>\n\n\n\n<p><\/p>","protected":false},"excerpt":{"rendered":"<p>Chile jest doskona\u0142ym miejscem dla inwestycji zagranicznych, stwarzaj\u0105cym mo\u017cliwo\u015bci biznesowe. SIS zajmuje si\u0119 badaniami rynku w Chile.<\/p>","protected":false},"author":1,"featured_media":66231,"parent":14351,"menu_order":7,"comment_status":"closed","ping_status":"closed","template":"","meta":{"footnotes":""},"class_list":["post-36862","page","type-page","status-publish","has-post-thumbnail"],"_links":{"self":[{"href":"https:\/\/www.sisinternational.com\/pl\/wp-json\/wp\/v2\/pages\/36862","targetHints":{"allow":["GET"]}}],"collection":[{"href":"https:\/\/www.sisinternational.com\/pl\/wp-json\/wp\/v2\/pages"}],"about":[{"href":"https:\/\/www.sisinternational.com\/pl\/wp-json\/wp\/v2\/types\/page"}],"author":[{"embeddable":true,"href":"https:\/\/www.sisinternational.com\/pl\/wp-json\/wp\/v2\/users\/1"}],"replies":[{"embeddable":true,"href":"https:\/\/www.sisinternational.com\/pl\/wp-json\/wp\/v2\/comments?post=36862"}],"version-history":[{"count":8,"href":"https:\/\/www.sisinternational.com\/pl\/wp-json\/wp\/v2\/pages\/36862\/revisions"}],"predecessor-version":[{"id":79401,"href":"https:\/\/www.sisinternational.com\/pl\/wp-json\/wp\/v2\/pages\/36862\/revisions\/79401"}],"up":[{"embeddable":true,"href":"https:\/\/www.sisinternational.com\/pl\/wp-json\/wp\/v2\/pages\/14351"}],"wp:featuredmedia":[{"embeddable":true,"href":"https:\/\/www.sisinternational.com\/pl\/wp-json\/wp\/v2\/media\/66231"}],"wp:attachment":[{"href":"https:\/\/www.sisinternational.com\/pl\/wp-json\/wp\/v2\/media?parent=36862"}],"curies":[{"name":"wp","href":"https:\/\/api.w.org\/{rel}","templated":true}]}}