{"id":36847,"date":"2021-03-03T02:39:56","date_gmt":"2021-03-03T02:39:56","guid":{"rendered":"https:\/\/www.sisinternational.com\/?page_id=36847"},"modified":"2025-10-30T22:53:58","modified_gmt":"2025-10-31T02:53:58","slug":"badania-rynku-ekwador","status":"publish","type":"page","link":"https:\/\/www.sisinternational.com\/pl\/zasieg\/latin-america\/badania-rynku-ameryki-lacinskiej\/badania-rynku-ekwador\/","title":{"rendered":"Badania rynku w Ekwadorze"},"content":{"rendered":"<h1 class=\"wp-block-heading\">Badania rynku w Ekwadorze<\/h1>\n\n\n\n<figure class=\"gb-block-image gb-block-image-81cc6e02\"><img loading=\"lazy\" decoding=\"async\" width=\"1456\" height=\"816\" class=\"gb-image gb-image-81cc6e02\" src=\"https:\/\/www.sisinternational.com\/wp-content\/uploads\/2025\/09\/Ecuador-3.jpg\" alt=\"SIS Mi\u0119dzynarodowe badania rynku i strategia\" title=\"Ecuador (3)\" srcset=\"https:\/\/www.sisinternational.com\/wp-content\/uploads\/2025\/09\/Ecuador-3.jpg 1456w, https:\/\/www.sisinternational.com\/wp-content\/uploads\/2025\/09\/Ecuador-3-300x168.jpg 300w, https:\/\/www.sisinternational.com\/wp-content\/uploads\/2025\/09\/Ecuador-3-1024x574.jpg 1024w, https:\/\/www.sisinternational.com\/wp-content\/uploads\/2025\/09\/Ecuador-3-768x430.jpg 768w, https:\/\/www.sisinternational.com\/wp-content\/uploads\/2025\/09\/Ecuador-3-18x10.jpg 18w\" sizes=\"auto, (max-width: 1456px) 100vw, 1456px\"><\/figure>\n\n\n\n<p><\/p>\n\n\n\n<hr class=\"wp-block-separator has-alpha-channel-opacity is-style-dots\"\/>\n\n\n\n<h2 class=\"wp-block-heading\" id=\"with-a-name-derived-from-the-equator-ecuador-is-a-country-with-a-pretty-diversified-economy\">Ekwador, kt\u00f3rego nazwa pochodzi od r\u00f3wnika, jest krajem o do\u015b\u0107 zr\u00f3\u017cnicowanej gospodarce.<\/h2>\n\n\n\n<p>Maj\u0105c populacj\u0119 licz\u0105c\u0105 17 milion\u00f3w ludzi, inwestowanie w ten kraj gwarantuje niezb\u0119dn\u0105 si\u0142\u0119 robocz\u0105 i rynek pracy.<\/p>\n\n\n\n<p><\/p>\n\n\n\n<div class=\"wp-block-columns has-global-color-9-color has-text-color has-background has-link-color wp-elements-0e66d42729ec6df23d0029110023ffe0 is-layout-flex wp-container-core-columns-is-layout-9d6595d7 wp-block-columns-is-layout-flex\" style=\"background-color:#f7f9fa6e\">\n<div class=\"wp-block-column is-layout-flow wp-block-column-is-layout-flow\" style=\"flex-basis:18%\"><\/div>\n\n\n\n<div class=\"wp-block-column is-vertically-aligned-center is-layout-flow wp-block-column-is-layout-flow\" style=\"flex-basis:71.28%\">\n<div class=\"wp-block-rank-math-toc-block aligncenter has-global-color-9-color has-text-color has-link-color wp-elements-7781e3ec9523e89e02912c0e412aded7\" style=\"font-size:16px\" id=\"rank-math-toc\"><h2><br><strong>T<\/strong>able of Contents<\/h2><nav><ul><li class=\"\"><a href=\"#with-a-name-derived-from-the-equator-ecuador-is-a-country-with-a-pretty-diversified-economy\">Ekwador, kt\u00f3rego nazwa pochodzi od r\u00f3wnika, jest krajem o do\u015b\u0107 zr\u00f3\u017cnicowanej gospodarce.<\/a><\/li><li class=\"\"><a href=\"#ecuadors-strategic-industries\">Bran\u017ce strategiczne Ekwadoru<\/a><\/li><li class=\"\"><a href=\"#investment-opportunities-in-ecuador\">Mo\u017cliwo\u015bci inwestycyjne w Ekwadorze<\/a><\/li><li class=\"\"><a href=\"#challenges-facing-ecuadors-economy\">Wyzwania stoj\u0105ce przed gospodark\u0105 Ekwadoru<\/a><\/li><li class=\"\"><a href=\"#ecuadors-economic-hubs\">Centra gospodarcze Ekwadoru<\/a><\/li><\/ul><\/nav><\/div>\n<\/div>\n<\/div>\n\n\n\n<p><\/p>\n\n\n\n<h2 class=\"wp-block-heading\" id=\"ecuadors-strategic-industries\">Bran\u017ce strategiczne Ekwadoru<\/h2>\n\n\n\n<p>Obserwuj\u0105c zmiany na \u015bwiatowych rynkach, Ekwador zdywersyfikowa\u0142 swoj\u0105 gospodark\u0119, rozwijaj\u0105c sektory produkcji i us\u0142ug.<\/p>\n\n\n\n<h3 class=\"wp-block-heading\">Przemys\u0142 naftowy w Ekwadorze<\/h3>\n\n\n\n<figure class=\"gb-block-image gb-block-image-fc4f21a4\"><img loading=\"lazy\" decoding=\"async\" width=\"1456\" height=\"816\" class=\"gb-image gb-image-fc4f21a4\" src=\"https:\/\/www.sisinternational.com\/wp-content\/uploads\/2025\/09\/Ecuador-2.jpg\" alt=\"SIS Mi\u0119dzynarodowe badania rynku i strategia\" title=\"Ecuador (2)\" srcset=\"https:\/\/www.sisinternational.com\/wp-content\/uploads\/2025\/09\/Ecuador-2.jpg 1456w, https:\/\/www.sisinternational.com\/wp-content\/uploads\/2025\/09\/Ecuador-2-300x168.jpg 300w, https:\/\/www.sisinternational.com\/wp-content\/uploads\/2025\/09\/Ecuador-2-1024x574.jpg 1024w, https:\/\/www.sisinternational.com\/wp-content\/uploads\/2025\/09\/Ecuador-2-768x430.jpg 768w, https:\/\/www.sisinternational.com\/wp-content\/uploads\/2025\/09\/Ecuador-2-18x10.jpg 18w\" sizes=\"auto, (max-width: 1456px) 100vw, 1456px\"><\/figure>\n\n\n\n<p><\/p>\n\n\n\n<p>Chocia\u017c Ekwador nie nale\u017cy do czo\u0142\u00f3wki producent\u00f3w ropy naftowej, ropa naftowa jest jego najcenniejszym eksportem. Produkuj\u0105c oko\u0142o p\u00f3\u0142 miliona bary\u0142ek ropy dziennie, udowodniono, \u017ce rezerwy ropy wynosz\u0105 prawie 8,3 miliarda bary\u0142ek.<\/p>\n\n\n\n<p>Podczas gdy wydobycie jest stosunkowo niedrogie, transport ropy znacznie zwi\u0119ksza koszt eksportu. Infrastruktura ruroci\u0105g\u00f3w kraju si\u0119 starzeje, co mo\u017ce mie\u0107 wp\u0142yw na dochody kraju z przemys\u0142u naftowego.<\/p>\n\n\n\n<h3 class=\"wp-block-heading\">Przetw\u00f3rstwo \u017cywno\u015bci w Ekwadorze<\/h3>\n\n\n\n<p>Przetw\u00f3rstwo \u017cywno\u015bci stanowi ponad po\u0142ow\u0119 przemys\u0142u nienaftowego, przyczyniaj\u0105c si\u0119 do PKB kraju w wysoko\u015bci oko\u0142o 10%. Przemys\u0142 ten obejmuje zar\u00f3wno przetw\u00f3rstwo \u017cywno\u015bci sta\u0142ej, jak i przetw\u00f3rstwo i pakowanie napoj\u00f3w.<br>Over half of the processed products are fish and meat, which are mostly for export. Processed cereals as well as <a href=\"https:\/\/www.sisinternational.com\/pl\/global-beverage-market\/\" title=\"Global Beverage Market: Market Dynamics, Growth Projections &amp; Consumer Insights\"  data-wpil-monitor-id=\"11306\">beverages are mostly for the local market<\/a>.<\/p>\n\n\n\n<h3 class=\"wp-block-heading\">Przemys\u0142 tekstylny w Ekwadorze<\/h3>\n\n\n\n<p>The textiles industry ranks second in employee numbers. It produced for the domestic <a href=\"https:\/\/www.sisinternational.com\/pl\/ekspertyza\/branze\/frontier-market-country-market-research\/\" title=\"Badania rynku granicznego w kraju\"  data-wpil-monitor-id=\"11307\">market until after the country<\/a> started using the US dollar as its currency.<\/p>\n\n\n\n<p>The industry has been growing at double-digit rates with its success attributed to producing both fabric and yarn. The <a href=\"https:\/\/www.sisinternational.com\/pl\/ekspertyza\/branze\/badania-rynku-przemyslowego\/\" title=\"Badania i Strategia Rynku Przemys\u0142owego\"  data-wpil-monitor-id=\"11309\">industry is dominated by SMEs and market<\/a> entry is relatively easy. This has however made the industry highly competitive.<\/p>\n\n\n\n<h3 class=\"wp-block-heading\">G\u00f3rnictwo w Ekwadorze<\/h3>\n\n\n\n<p>Ekwador jest gospodark\u0105 g\u00f3rnicz\u0105, kt\u00f3rej g\u0142\u00f3wnymi metalami s\u0105 z\u0142oto i srebro. Najwi\u0119kszymi kopalniami w kraju s\u0105 kopalnie Zaruma i Cascabel. Zaruma wydoby\u0142a miliony uncji z\u0142ota, podczas gdy szacuje si\u0119, \u017ce Cascabel ma ponad 2 miliardy ton minera\u0142\u00f3w i zasob\u00f3w naturalnych.<\/p>\n\n\n\n<p>Wydobycie miedzi ma potencja\u0142 znacznej poprawy perspektyw gospodarczych Ekwadoru. Poniewa\u017c metal ten przewodzi ciep\u0142o i pr\u0105d sprawnie, jego zapotrzebowanie ro\u015bnie ze wzgl\u0119du na rosn\u0105ce zainteresowanie energi\u0105 odnawialn\u0105.<\/p>\n\n\n\n<p><\/p>\n\n\n\n<!DOCTYPE html>\n<html lang=\"en\">\n<head>\n    <meta charset=\"UTF-8\">\n    <meta name=\"viewport\" content=\"width=device-width, initial-scale=1.0\">\n    <title>Ecuador Market Data<\/title>\n    <style>\n        \/* Responsive Table & SIS International-inspired Styling\n          - Uses corporate blue and a clean, sans-serif font.\n          - Fully responsive design ensures no page distortion on any device.\n        *\/\n        \n        .sis-table-container {\n            font-family: -apple-system, BlinkMacSystemFont, \"Segoe UI\", Roboto, Helvetica, Arial, sans-serif;\n            margin: 2em 0;\n            width: 100%;\n            \/* Allows horizontal scroll on small screens to prevent page distortion *\/\n            overflow-x: auto;\n            -webkit-overflow-scrolling: touch; \/* Smooth scrolling on iOS *\/\n        }\n\n        .sis-table-container h3 {\n            font-size: 1.5rem; \/* 24px *\/\n            font-weight: 600;\n            color: #333;\n            margin-bottom: 0.75em;\n            padding: 0;\n        }\n\n        .sis-table {\n            width: 100%;\n            border-collapse: collapse;\n            min-width: 600px; \/* Ensures table structure holds, container scrolls if needed *\/\n        }\n\n        .sis-table th,\n        .sis-table td {\n            padding: 12px 15px;\n            text-align: left;\n            line-height: 1.5;\n        }\n\n        \/* Header Styling *\/\n        .sis-table thead th {\n            background-color: #005cbf; \/* SIS corporate blue *\/\n            color: #ffffff;\n            font-weight: 600;\n            font-size: 0.9rem; \n            text-transform: uppercase;\n            letter-spacing: 0.5px;\n        }\n\n        \/* Body Styling *\/\n        .sis-table tbody tr {\n            border-bottom: 1px solid #ddd;\n        }\n\n        .sis-table tbody tr:nth-of-type(even) {\n            background-color: #f8f8f8; \/* Light gray alternate rows *\/\n        }\n\n        .sis-table tbody tr:last-of-type {\n            border-bottom: 2px solid #005cbf; \/* Match header blue *\/\n        }\n\n        .sis-table td {\n            color: #444;\n            font-size: 0.95rem; \n            vertical-align: top;\n        }\n        \n        \/* Align data cells *\/\n        .sis-table td:nth-child(2) {\n            text-align: right;\n            white-space: nowrap; \/* Prevents long numbers from wrapping *\/\n        }\n         .sis-table th:nth-child(2) {\n            text-align: right;\n        }\n\n        .sis-table-container .source-caption {\n            margin-top: 10px;\n            font-size: 0.85rem; \n            color: #555;\n            font-style: italic;\n        }\n\n        .sis-table-container .source-caption a {\n            color: #005cbf; \/* Match brand blue *\/\n            text-decoration: none;\n        }\n\n        .sis-table-container .source-caption a:hover {\n            text-decoration: underline;\n        }\n    <\/style>\n<\/head>\n<body>\n\n    <!-- \n      HTML for WordPress:\n      Copy and paste the code from .sis-table-container start to end into a Custom HTML block.\n    -->\n    <div class=\"sis-table-container\">\n        \n        <h3>Ecuador: Key Economic and Market Indicators<\/h3>\n\n        <table class=\"sis-table\">\n            <thead>\n                <tr>\n                    <th>Indicator<\/th>\n                    <th>Value (Recent Estimate)<\/th>\n                <\/tr>\n            <\/thead>\n            <tbody>\n                <tr>\n                    <td>National Population<\/td>\n                    <td>Over 18.2 Million<\/td>\n                <\/tr>\n                <tr>\n                    <td>Official Currency<\/td>\n                    <td>U.S. Dollar (Dollarized Economy)<\/td>\n                <\/tr>\n                <tr>\n                    <td>Prospective GDP Growth Outlook<\/td>\n                    <td>Moderate growth projection<\/td>\n                <\/tr>\n                 <tr>\n                    <td>Leading Export Products<\/td>\n                    <td>Crude Petroleum, Bananas, Shrimp, Cut Flowers, Cacao<\/td>\n                <\/tr>\n                 <tr>\n                    <td>Remittances to GDP<\/td>\n                    <td>Significant Contributor (high reliance on external income)<\/td>\n                <\/tr>\n            <\/tbody>\n        <\/table>\n\n        <p class=\"source-caption\">\n             Source: Data compiled from <a href=\"https:\/\/www.worldbank.org\/en\/country\/ecuador\" target=\"_blank\" rel=\"noopener noreferrer\">The World Bank<\/a> and recent reports from the National Institute of Statistics and Censuses (<a href=\"https:\/\/www.ecuadorencifras.gob.ec\/\" target=\"_blank\" rel=\"noopener noreferrer\">INEC<\/a>).\n        <\/p>\n\n    <\/div>\n\n<\/body>\n<\/html>\n\n\n\n\n<p><\/p>\n\n\n\n<h2 class=\"wp-block-heading\" id=\"investment-opportunities-in-ecuador\">Mo\u017cliwo\u015bci inwestycyjne w Ekwadorze<\/h2>\n\n\n\n<p>Ekwador ma wykwalifikowan\u0105 si\u0142\u0119 robocz\u0105 i odpowiedni\u0105 infrastruktur\u0119, aby wspiera\u0107 swoj\u0105 rozwijaj\u0105c\u0105 si\u0119 gospodark\u0119. Infrastruktura portowa obs\u0142uguje kilka tysi\u0119cy statk\u00f3w przewo\u017c\u0105cych eksport z kraju, podczas gdy mi\u0119dzynarodowe lotnisko w Quito i lokalne drogi zapewniaj\u0105 dost\u0119p do kluczowych obszar\u00f3w wzrostu.<\/p>\n\n\n\n<h3 class=\"wp-block-heading\">Mo\u017cliwo\u015bci g\u00f3rnicze w Ekwadorze<\/h3>\n\n\n\n<p>Pomimo bogactwa w metale nieszlachetne i szlachetne, Ekwador nie jest kluczowym producentem minera\u0142\u00f3w. Sektor ten ma jednak potencja\u0142 wzrostu, a rz\u0105d otworzy\u0142 przemys\u0142 na zagranicznych inwestor\u00f3w.<\/p>\n\n\n\n<p>Other than going into mineral extraction, other <a href=\"https:\/\/www.sisinternational.com\/pl\/rozwiazania\/doradztwo-strategiczne\/opportunity-mapping-market-research\/\" title=\"Mapowanie mo\u017cliwo\u015bci badania rynku\" data-wpil-monitor-id=\"11311\">opportunities in this industry include mapping<\/a>, geophysics, providing mining and safety equipment as well as mining software.<\/p>\n\n\n\n<h3 class=\"wp-block-heading\">Mo\u017cliwo\u015bci agrobiznesu w Ekwadorze<\/h3>\n\n\n\n<p>Ekwador jest jednym z czo\u0142owych producent\u00f3w banan\u00f3w, ziaren kakaowych i oleju palmowego na \u015bwiecie. Uprawa i eksport banan\u00f3w zapewniaj\u0105 siln\u0105 przewag\u0119 konkurencyjn\u0105 dla bran\u017cy i tworz\u0105 nadwy\u017ck\u0119 handlow\u0105 dla kraju. Istnieje jednak mo\u017cliwo\u015b\u0107 zwi\u0119kszenia produkcji i rentowno\u015bci.<\/p>\n\n\n\n<p>Biznes winiarski mo\u017ce r\u00f3wnie\u017c prosperowa\u0107 w tym kraju ze wzgl\u0119du na idealne warunki klimatyczne do uprawy winogron. Kraj produkuje r\u00f3wnie\u017c ananasy, gujawy i pomara\u0144cze. Poniewa\u017c w Ekwadorze powszechne s\u0105 \u015bwie\u017ce soki, eksport mo\u017ce by\u0107 dobrym wyborem, wykorzystuj\u0105cym niskie koszty produkcji.<\/p>\n\n\n\n<h3 class=\"wp-block-heading\">Mo\u017cliwo\u015bci produkcyjne w Ekwadorze<\/h3>\n\n\n\n<p>Ecuador imports a lot of machinery and computer equipment. <a href=\"https:\/\/www.sisinternational.com\/pl\/ekspertyza\/branze\/electric-vehicle-market-research\/\" title=\"Badania rynku pojazd\u00f3w elektrycznych\" data-wpil-monitor-id=\"11313\">Vehicles and electrical<\/a> equipment are also part of the country\u2019s top imports. This shows that there is an investment opportunity in the manufacturing of these products.<\/p>\n\n\n\n<h2 class=\"wp-block-heading\" id=\"challenges-facing-ecuadors-economy\">Wyzwania stoj\u0105ce przed gospodark\u0105 Ekwadoru<\/h2>\n\n\n\n<figure class=\"gb-block-image gb-block-image-a63a7e81\"><img loading=\"lazy\" decoding=\"async\" width=\"1456\" height=\"816\" class=\"gb-image gb-image-a63a7e81\" src=\"https:\/\/www.sisinternational.com\/wp-content\/uploads\/2025\/09\/Ecuador-1.jpg\" alt=\"SIS Mi\u0119dzynarodowe badania rynku i strategia\" title=\"Ecuador (1)\" srcset=\"https:\/\/www.sisinternational.com\/wp-content\/uploads\/2025\/09\/Ecuador-1.jpg 1456w, https:\/\/www.sisinternational.com\/wp-content\/uploads\/2025\/09\/Ecuador-1-300x168.jpg 300w, https:\/\/www.sisinternational.com\/wp-content\/uploads\/2025\/09\/Ecuador-1-1024x574.jpg 1024w, https:\/\/www.sisinternational.com\/wp-content\/uploads\/2025\/09\/Ecuador-1-768x430.jpg 768w, https:\/\/www.sisinternational.com\/wp-content\/uploads\/2025\/09\/Ecuador-1-18x10.jpg 18w\" sizes=\"auto, (max-width: 1456px) 100vw, 1456px\"><\/figure>\n\n\n\n<p><\/p>\n\n\n\n<p>Przepisy podatkowe i prawne w Ekwadorze s\u0105 skomplikowane, co mo\u017ce utrudnia\u0107 planowanie dzia\u0142alno\u015bci. Przepisy s\u0105 cz\u0119sto niesp\u00f3jnie interpretowane i stosowane, co utrudnia egzekwowanie um\u00f3w. Przek\u0142ada si\u0119 to na zwi\u0119kszone ryzyko i koszty prowadzenia dzia\u0142alno\u015bci.<\/p>\n\n\n\n<h2 class=\"wp-block-heading\" id=\"ecuadors-economic-hubs\">Centra gospodarcze Ekwadoru<\/h2>\n\n\n\n<p>Quito, stolica kraju, jest skupiskiem inwestor\u00f3w w sektorze produkcji i us\u0142ug. Miasto, w kt\u00f3rym znajduj\u0105 si\u0119 siedziby i biura regionalne krajowych i mi\u0119dzynarodowych firm, jest oczywistym centrum biznesowym kraju.<\/p>\n\n\n\n<p>Miasto Guayaquil zapewnia odpowiednie \u015brodowisko dla inwestycji w rolnictwo, transport i turystyk\u0119. Miasto Cuenca jest \u015bwietne dla turystyki ze swoimi historycznymi, architektonicznymi i archeologicznymi artefaktami, kt\u00f3re nap\u0119dzaj\u0105 ten sektor.<\/p>\n\n\n\n<p>Aby mie\u0107 najwi\u0119ksze szanse na sukces biznesowy w Ekwadorze, inwestorzy powinni odwiedzi\u0107 kraj i nawi\u0105za\u0107 kontakty z lokalnymi partnerami biznesowymi. W zale\u017cno\u015bci od charakteru zak\u0142adanego biznesu, wsp\u00f3\u0142praca z lokalnym agentem mo\u017ce by\u0107 najlepsz\u0105 opcj\u0105.<\/p>\n\n\n\n<p><a href=\"https:\/\/www.sisinternational.com\/pl\/skontaktuj-sie-z-nami\/\" title=\"Skontaktuj si\u0119 z nami\" data-wpil-monitor-id=\"11300\">SIS Mi\u0119dzynarodowe Badania<\/a> can help investors make the right investment decisions by providing deep market insights. We are experienced in researching consumer interests and trends and providing our clients with business intelligence and <a href=\"https:\/\/www.sisinternational.com\/pl\/rozwiazania\/sis-global-growth\/market-entry-strategy\/\" title=\"Market Entry Consulting\" data-wpil-monitor-id=\"11302\">strategie wej\u015bcia na rynek<\/a> which always work.<\/p>\n\n\n<h2>Lokalizacja naszego obiektu w Nowym Jorku<\/h2>\n<p><!-- \/wp:post-content --> <!-- wp:html --> <iframe loading=\"lazy\" src=\"https:\/\/www.google.com\/maps\/embed?pb=!1m18!1m12!1m3!1d3022.976188376966!2d-73.99130312499956!3d40.740549471389315!2m3!1f0!2f0!3f0!3m2!1i1024!2i768!4f13.1!3m3!1m2!1s0x89c259a15798c731%3A0xd695d09bdd495f25!2s11%20E%2022nd%20St%20FL%202%2C%20New%20York%2C%20NY%2010010%2C%20USA!5e0!3m2!1sen!2spe!4v1726171763526!5m2!1sen!2spe\" width=\"600\" height=\"450\" allowfullscreen=\"allowfullscreen\" data-mce-fragment=\"1\"><\/iframe> <!-- \/wp:html --> <!-- wp:paragraph --><\/p>\n<h3 class=\"wp-block-heading\">11 E 22nd Street, pi\u0119tro 2, Nowy Jork, NY 10010 T: +1(212) 505-6805<\/h3>\n<hr \/>\n<h2><span style=\"font-weight: 400;\">O firmie SIS International<\/span><\/h2>\n<p><a href=\"https:\/\/www.sisinternational.com\/pl\/\"><span style=\"font-weight: 400;\">SIS Mi\u0119dzynarodowy<\/span><\/a><span style=\"font-weight: 400;\"> offers Quantitative, Qualitative, and Strategy Research. We provide data, tools, strategies, reports, and insights for decision-making. We also conduct interviews, surveys, focus groups, and other <a href=\"https:\/\/www.sisinternational.com\/pl\/quantitative-market-research-methods-and-techniques\/\" title=\"Quantitative Market Research Methods and Techniques\" data-wpil-monitor-id=\"11304\">Market Research methods<\/a> and approaches.<\/span><a href=\"https:\/\/www.sisinternational.com\/pl\/o-moich-miedzynarodowych-badaniach\/contact-sis-international-market-research\/\"><span style=\"font-weight: 400;\"> Skontaktuj si\u0119 z nami<\/span><\/a><span style=\"font-weight: 400;\"> dla Twojego kolejnego projektu badania rynku.<\/span><\/p>\n<p><!-- wp:heading --><\/p>\n<h2 id=\"about-sis-international\" class=\"wp-block-heading\">\u00a0<\/h2><!-- \/wp:heading -->","protected":false},"excerpt":{"rendered":"<p>Oferujemy badania rynku w Ekwadorze i Ameryce Po\u0142udniowej.<\/p>","protected":false},"author":1,"featured_media":66263,"parent":14351,"menu_order":6,"comment_status":"closed","ping_status":"closed","template":"","meta":{"footnotes":""},"class_list":["post-36847","page","type-page","status-publish","has-post-thumbnail"],"_links":{"self":[{"href":"https:\/\/www.sisinternational.com\/pl\/wp-json\/wp\/v2\/pages\/36847","targetHints":{"allow":["GET"]}}],"collection":[{"href":"https:\/\/www.sisinternational.com\/pl\/wp-json\/wp\/v2\/pages"}],"about":[{"href":"https:\/\/www.sisinternational.com\/pl\/wp-json\/wp\/v2\/types\/page"}],"author":[{"embeddable":true,"href":"https:\/\/www.sisinternational.com\/pl\/wp-json\/wp\/v2\/users\/1"}],"replies":[{"embeddable":true,"href":"https:\/\/www.sisinternational.com\/pl\/wp-json\/wp\/v2\/comments?post=36847"}],"version-history":[{"count":6,"href":"https:\/\/www.sisinternational.com\/pl\/wp-json\/wp\/v2\/pages\/36847\/revisions"}],"predecessor-version":[{"id":81843,"href":"https:\/\/www.sisinternational.com\/pl\/wp-json\/wp\/v2\/pages\/36847\/revisions\/81843"}],"up":[{"embeddable":true,"href":"https:\/\/www.sisinternational.com\/pl\/wp-json\/wp\/v2\/pages\/14351"}],"wp:featuredmedia":[{"embeddable":true,"href":"https:\/\/www.sisinternational.com\/pl\/wp-json\/wp\/v2\/media\/66263"}],"wp:attachment":[{"href":"https:\/\/www.sisinternational.com\/pl\/wp-json\/wp\/v2\/media?parent=36847"}],"curies":[{"name":"wp","href":"https:\/\/api.w.org\/{rel}","templated":true}]}}