{"id":36840,"date":"2021-03-03T01:42:43","date_gmt":"2021-03-03T01:42:43","guid":{"rendered":"https:\/\/www.sisinternational.com\/?page_id=36840"},"modified":"2026-01-25T19:31:10","modified_gmt":"2026-01-26T00:31:10","slug":"badania-rynku-peru","status":"publish","type":"page","link":"https:\/\/www.sisinternational.com\/pl\/zasieg\/latin-america\/badania-rynku-ameryki-lacinskiej\/badania-rynku-peru\/","title":{"rendered":"Badania biurowe w Peru"},"content":{"rendered":"<h1 class=\"wp-block-heading\">Badania biurowe w Peru<\/h1>\n\n\n\n<figure class=\"gb-block-image gb-block-image-6da07b0f\"><img loading=\"lazy\" decoding=\"async\" width=\"1456\" height=\"816\" class=\"gb-image gb-image-6da07b0f\" src=\"https:\/\/www.sisinternational.com\/wp-content\/uploads\/2025\/09\/Peru-2.jpg\" alt=\"SIS Mi\u0119dzynarodowe badania rynku i strategia\" title=\"Peru (2)\" srcset=\"https:\/\/www.sisinternational.com\/wp-content\/uploads\/2025\/09\/Peru-2.jpg 1456w, https:\/\/www.sisinternational.com\/wp-content\/uploads\/2025\/09\/Peru-2-300x168.jpg 300w, https:\/\/www.sisinternational.com\/wp-content\/uploads\/2025\/09\/Peru-2-1024x574.jpg 1024w, https:\/\/www.sisinternational.com\/wp-content\/uploads\/2025\/09\/Peru-2-768x430.jpg 768w, https:\/\/www.sisinternational.com\/wp-content\/uploads\/2025\/09\/Peru-2-18x10.jpg 18w\" sizes=\"auto, (max-width: 1456px) 100vw, 1456px\"><\/figure>\n\n\n\n<p><\/p>\n\n\n\n<h2 class=\"wp-block-heading\">Gospodarka Peru charakteryzuje si\u0119 bogatymi zasobami naturalnymi, rosn\u0105c\u0105 klas\u0105 \u015bredni\u0105 i zr\u00f3\u017cnicowanymi wp\u0142ywami kulturowymi. Dlatego badania desk research w Peru pomagaj\u0105 firmom zamyka\u0107 luki w wiedzy i podejmowa\u0107 strategiczne decyzje w oparciu o wiarygodne dane.<\/h2>\n\n\n\n<p>Co sprawia, \u017ce Peru jest tak atrakcyjnym rynkiem dla ekspansji biznesowej? Badania desk research w Peru dostarczaj\u0105 krytycznych spostrze\u017ce\u0144 na temat tej zr\u00f3\u017cnicowanej gospodarki, pomagaj\u0105c markom skutecznie zrozumie\u0107 i porusza\u0107 si\u0119 po lokalnym \u015brodowisku konsumenckim.<\/p>\n\n\n\n<h2 class=\"wp-block-heading\"><strong>Czym jest research biurkowy w Peru?<\/strong><\/h2>\n\n\n\n<p>Badania desk research w Peru analizuj\u0105 dynamik\u0119 rynku peruwia\u0144skiego, zachowania konsument\u00f3w i warunki ekonomiczne. Ten rodzaj bada\u0144 jest niezb\u0119dny do identyfikacji preferencji konsument\u00f3w, odkrywania nowych mo\u017cliwo\u015bci i \u0142agodzenia ryzyka. Pomaga firmom zrozumie\u0107 potrzeby, preferencje i zachowania konsument\u00f3w, umo\u017cliwiaj\u0105c im dostosowanie swojej oferty do lokalnej publiczno\u015bci.<\/p>\n\n\n\n<h2 class=\"wp-block-heading\"><strong>Dlaczego firmy w Peru potrzebuj\u0105 bada\u0144 biurkowych?<\/strong><\/h2>\n\n\n\n<p><a class=\"wpil_keyword_link\" href=\"https:\/\/www.sisinternational.com\/pl\/desk-research-tools-and-resources\/\"   title=\"Desk Research Tools and Resources\" data-wpil-keyword-link=\"linked\"  data-wpil-monitor-id=\"748\">Desk research<\/a> in Peru is crucial for businesses aiming to understand the complex market landscape and factors that drive consumer behavior. Peru&#8217;s economy is known for its natural resources, diverse regions, and emerging middle class. These factors make desk research essential for any company looking to enter or expand in this market.<\/p>\n\n\n\n<p>Ponadto zr\u00f3\u017cnicowany krajobraz kulturowy Peru wymaga zniuansowanego podej\u015bcia do marketingu i budowania marki, aby skutecznie dotrze\u0107 do r\u00f3\u017cnych region\u00f3w i populacji. Rozumiej\u0105c te r\u00f3\u017cnice, firmy mog\u0105 budowa\u0107 silne powi\u0105zania z konsumentami. Ponadto badania desk research dostarczaj\u0105 cennych spostrze\u017ce\u0144 na temat otoczenia regulacyjnego, logistyki i krajobrazu konkurencyjnego Peru. Informacje te pomagaj\u0105 firmom przewidywa\u0107 wyzwania i skutecznie si\u0119 pozycjonowa\u0107.<\/p>\n\n\n\n<h2 class=\"wp-block-heading\"><strong>G\u0142\u00f3wne atrakcje turystyczne w Peru<\/strong><\/h2>\n\n\n\n<p>Badania desk research w Peru wskazuj\u0105 na kilka popularnych atrakcji turystycznych, kt\u00f3re przyci\u0105gaj\u0105 miliony turyst\u00f3w rocznie. Oto pi\u0119\u0107 najwa\u017cniejszych atrakcji:<\/p>\n\n\n\n<ul class=\"wp-block-list\">\n<li><strong>Machu Picchu<\/strong>:Staro\u017cytna cytadela Ink\u00f3w Machu Picchu jest najbardziej kultow\u0105 atrakcj\u0105 turystyczn\u0105 Peru. Po\u0142o\u017cona w Andach przyci\u0105ga turyst\u00f3w zainteresowanych histori\u0105, archeologi\u0105 i zapieraj\u0105cymi dech w piersiach widokami.<\/li>\n\n\n\n<li><strong>\u015awi\u0119ta Dolina<\/strong>\u015awi\u0119ta Dolina Ink\u00f3w, po\u0142o\u017cona niedaleko Cuzco, oferuje unikalne po\u0142\u0105czenie naturalnego pi\u0119kna, stanowisk archeologicznych i tradycyjnej kultury, co czyni j\u0105 popularnym celem podr\u00f3\u017cy.<\/li>\n\n\n\n<li><strong>Cuzco<\/strong>:Miasto Cuzco, wpisane na list\u0119 \u015bwiatowego dziedzictwa UNESCO, znane jest z po\u0142\u0105czenia architektury Ink\u00f3w i hiszpa\u0144skiej architektury kolonialnej. Jest bram\u0105 do Machu Picchu i oferuje bogate do\u015bwiadczenie kulturowe.<\/li>\n\n\n\n<li><strong>Jezioro Titicaca<\/strong>:Po\u0142o\u017cone na granicy Peru i Boliwii jezioro Titicaca jest najwy\u017cszym \u017ceglownym jeziorem na \u015bwiecie. S\u0142ynie z p\u0142ywaj\u0105cych wysp i tradycyjnej kultury ludu Uros.<\/li>\n\n\n\n<li><strong>Las deszczowy Amazonii<\/strong>:Peruwia\u0144ska Amazonia to jeden z region\u00f3w o najwi\u0119kszej bior\u00f3\u017cnorodno\u015bci na \u015bwiecie, oferuj\u0105cy turystom mo\u017cliwo\u015b\u0107 podziwiania wyj\u0105tkowej przyrody, bujnych las\u00f3w i rdzennej kultury.<\/li>\n<\/ul>\n\n\n\n<h2 class=\"wp-block-heading\">Jakie s\u0105 najwi\u0119ksze ga\u0142\u0119zie przemys\u0142u w Peru?<\/h2>\n\n\n\n<figure class=\"gb-block-image gb-block-image-49d4e666\"><img loading=\"lazy\" decoding=\"async\" width=\"1456\" height=\"816\" class=\"gb-image gb-image-49d4e666\" src=\"https:\/\/www.sisinternational.com\/wp-content\/uploads\/2025\/09\/Peru-1.jpg\" alt=\"SIS Mi\u0119dzynarodowe badania rynku i strategia\" title=\"Peru (1)\" srcset=\"https:\/\/www.sisinternational.com\/wp-content\/uploads\/2025\/09\/Peru-1.jpg 1456w, https:\/\/www.sisinternational.com\/wp-content\/uploads\/2025\/09\/Peru-1-300x168.jpg 300w, https:\/\/www.sisinternational.com\/wp-content\/uploads\/2025\/09\/Peru-1-1024x574.jpg 1024w, https:\/\/www.sisinternational.com\/wp-content\/uploads\/2025\/09\/Peru-1-768x430.jpg 768w, https:\/\/www.sisinternational.com\/wp-content\/uploads\/2025\/09\/Peru-1-18x10.jpg 18w\" sizes=\"auto, (max-width: 1456px) 100vw, 1456px\"><\/figure>\n\n\n\n<p><\/p>\n\n\n\n<p>Gospodarka Peru jest nap\u0119dzana przez sektory g\u00f3rnictwa, rolnictwa, turystyki i produkcji. Dzia\u0142ania w tych sektorach anga\u017cuj\u0105 Peruwia\u0144czyk\u00f3w w miastach i na wsiach.<\/p>\n\n\n\n<h3 class=\"wp-block-heading\">Rolnictwo w Peru<\/h3>\n\n\n\n<p>Peru ma zr\u00f3\u017cnicowane portfolio rolnicze. Dzi\u0119ki \u017cyznym ziemiom kraj ten produkuje kaw\u0119, gryk\u0119, mango, winogrona, awokado i szereg owoc\u00f3w cytrusowych. Warzywa takie jak szparagi, cebula i karczochy r\u00f3wnie\u017c nale\u017c\u0105 do jego produkt\u00f3w rolnych.<\/p>\n\n\n\n<p>Peruwia\u0144ski przemys\u0142 spo\u017cywczy produkuje pasz\u0119 dla zwierz\u0105t i peletki. Kraj produkuje r\u00f3wnie\u017c produkty rybne, a najpopularniejszym po\u0142owem s\u0105 sardele. Jednak po\u0142owy s\u0105 utrudnione w okresie <em>El Ni\u00f1o<\/em>.<\/p>\n\n\n\n<h3 class=\"wp-block-heading\">Produkcja w Peru<\/h3>\n\n\n\n<p>Peru dodaje warto\u015bci do wielu swoich produkt\u00f3w. Produkcja jest istotn\u0105 cz\u0119\u015bci\u0105 gospodarki, przyczyniaj\u0105c si\u0119 do PKB w wysoko\u015bci ponad 20%. Sektor tekstylny jest jednym z najbardziej oczywistych beneficjent\u00f3w wysi\u0142k\u00f3w na rzecz dodawania warto\u015bci w kraju.<\/p>\n\n\n\n<p>Po podpisaniu umowy handlowej z UE Peru ma bezc\u0142owy dost\u0119p do Europy, zapewniaj\u0105c gotowy rynek dla swoich przetworzonych towar\u00f3w. Tekstylia i odzie\u017c nale\u017c\u0105 do najwa\u017cniejszych produkt\u00f3w eksportowych sektora produkcyjnego do USA i Europy.<\/p>\n\n\n\n<h3 class=\"wp-block-heading\">Turystyka w Peru<\/h3>\n\n\n\n<p>Tury\u015bci przybywaj\u0105 t\u0142umnie do tego po\u0142udniowoameryka\u0144skiego kraju ze wzgl\u0119du na bogat\u0105 histori\u0119, atrakcje naturalne i las deszczowy Amazonii. Sam las deszczowy Amazonii jest ogromn\u0105 atrakcj\u0105 dla ekoturyst\u00f3w. Tury\u015bci szukaj\u0105cy przyg\u00f3d w Peru odwiedzaj\u0105 Andy i kanion Colca.<\/p>\n\n\n\n<p>W Peru znajduje si\u0119 r\u00f3wnie\u017c s\u0142ynna cytadela Ink\u00f3w, Machu Picchu, kt\u00f3ra jest najpopularniejszym celem podr\u00f3\u017cy w Peru.<\/p>\n\n\n\n<h3 class=\"wp-block-heading\">G\u00f3rnictwo w Peru<\/h3>\n\n\n\n<p>Region And\u00f3w w Peru zapewnia mu ogromne bogactwo mineralne. Z rezerwami z\u0142ota, srebra, miedzi, cynku i o\u0142owiu kraj ten jest uznanym globalnym producentem i eksporterem. Chocia\u017c wi\u0119kszo\u015b\u0107 metali jest eksportowana w postaci rudy, pewne ilo\u015bci miedzi s\u0105 rafinowane lokalnie przed eksportem.<\/p>\n\n\n\n<h2 class=\"wp-block-heading\">Mo\u017cliwo\u015bci inwestycyjne w Peru<\/h2>\n\n\n\n<p>Peru oferuje wiele mo\u017cliwo\u015bci biznesowych. Jednak deficyty handlowe wskazuj\u0105 na luki, kt\u00f3re nale\u017cy wype\u0142ni\u0107, aby poprawi\u0107 status ekonomiczny kraju.<\/p>\n\n\n\n<h3 class=\"wp-block-heading\">Mo\u017cliwo\u015bci produkcyjne w Peru<\/h3>\n\n\n\n<p>Najwa\u017cniejsze towary importowane do Peru to ci\u0119\u017cki sprz\u0119t, sprz\u0119t komputerowy i pojazdy silnikowe. S\u0105 one g\u0142\u00f3wnie importowane z Chin, USA i regionalnych s\u0105siad\u00f3w, takich jak Brazylia i Chile.<\/p>\n\n\n\n<p>Istnieje wiele mo\u017cliwo\u015bci w produkcji produkt\u00f3w zwi\u0105zanych z maszynami. \u0141atwym punktem wej\u015bcia by\u0142by monta\u017c punktowy. Opr\u00f3cz uczynienia produkt\u00f3w ta\u0144szymi na rynku lokalnym, stworzy\u0142oby to miejsca pracy i pozytywnie wp\u0142yn\u0119\u0142oby na inne sektory gospodarki.<\/p>\n\n\n\n<h3 class=\"wp-block-heading\">Mo\u017cliwo\u015bci agrobiznesu w Peru<\/h3>\n\n\n\n<p>Peru jest znane jako eksporter \u017cywno\u015bci. Ale opr\u00f3cz owoc\u00f3w i warzyw, kraj ten ma potencja\u0142, aby zwi\u0119kszy\u0107 eksport innych produkt\u00f3w spo\u017cywczych, w tym komosy ry\u017cowej, maki, kasztan\u00f3w, fioletowej kukurydzy, jab\u0142ka custard, bawe\u0142ny i trzciny cukrowej.<\/p>\n\n\n\n<p>Rz\u0105d pracuje nad rozwojem sektora rolniczego. Zainicjowa\u0142 projekty nawadniaj\u0105ce i podpisa\u0142 umowy handlowe z rynkami USA, UE i Azji. Dzi\u0119ki du\u017cej i m\u0142odej sile roboczej inwestorzy mog\u0105 uzyska\u0107 dost\u0119p do zasob\u00f3w i rynk\u00f3w.<\/p>\n\n\n\n<h3 class=\"wp-block-heading\">Biznes marihuany medycznej w Peru<\/h3>\n\n\n\n<p>Peru zalegalizowa\u0142o u\u017cywanie marihuany w celach medycznych i tym samym otworzy\u0142o si\u0119 na produkcj\u0119, badania i komercjalizacj\u0119 konopi. Przemys\u0142 CBD szybko ro\u015bnie, a rynek globalny si\u0119 rozszerza.<\/p>\n\n\n\n<p>Niskie ceny grunt\u00f3w i niedroga si\u0142a robocza w Peru stanowi\u0105 doskona\u0142\u0105 zach\u0119t\u0119 dla inwestor\u00f3w w CBD.<\/p>\n\n\n\n<h2 class=\"wp-block-heading\">Wyzwania stoj\u0105ce przed gospodark\u0105 Peru<\/h2>\n\n\n\n<figure class=\"gb-block-image gb-block-image-c7015225\"><img loading=\"lazy\" decoding=\"async\" width=\"1456\" height=\"816\" class=\"gb-image gb-image-c7015225\" src=\"https:\/\/www.sisinternational.com\/wp-content\/uploads\/2025\/09\/Peru-4.jpg\" alt=\"SIS Mi\u0119dzynarodowe badania rynku i strategia\" title=\"Peru (4)\" srcset=\"https:\/\/www.sisinternational.com\/wp-content\/uploads\/2025\/09\/Peru-4.jpg 1456w, https:\/\/www.sisinternational.com\/wp-content\/uploads\/2025\/09\/Peru-4-300x168.jpg 300w, https:\/\/www.sisinternational.com\/wp-content\/uploads\/2025\/09\/Peru-4-1024x574.jpg 1024w, https:\/\/www.sisinternational.com\/wp-content\/uploads\/2025\/09\/Peru-4-768x430.jpg 768w, https:\/\/www.sisinternational.com\/wp-content\/uploads\/2025\/09\/Peru-4-18x10.jpg 18w\" sizes=\"auto, (max-width: 1456px) 100vw, 1456px\"><\/figure>\n\n\n\n<p><\/p>\n\n\n\n<p>Pomimo wielu mo\u017cliwo\u015bci, badania desk research w Peru identyfikuj\u0105 kilka wyzwa\u0144, z kt\u00f3rymi musz\u0105 zmierzy\u0107 si\u0119 firmy. Nale\u017c\u0105 do nich:<\/p>\n\n\n\n<ol start=\"1\" class=\"wp-block-list\">\n<li><strong>Z\u0142o\u017cono\u015b\u0107 regulacyjna<\/strong>:Poruszanie si\u0119 po peruwia\u0144skich przepisach prawnych mo\u017ce by\u0107 trudne, zw\u0142aszcza dla zagranicznych firm, kt\u00f3re nie znaj\u0105 lokalnych wymog\u00f3w.<\/li>\n\n\n\n<li><strong>Nier\u00f3wno\u015bci ekonomiczne<\/strong>:R\u00f3\u017cnice ekonomiczne w Peru mog\u0105 mie\u0107 wp\u0142yw na si\u0142\u0119 nabywcz\u0105 konsument\u00f3w, oddzia\u0142uj\u0105c na segmentacj\u0119 rynku i pozycjonowanie produktu.<\/li>\n\n\n\n<li><strong>Du\u017ca konkurencja<\/strong>:Rynek peruwia\u0144ski jest bardzo konkurencyjny, a lokalne i mi\u0119dzynarodowe marki walcz\u0105 o uwag\u0119 konsument\u00f3w.<\/li>\n\n\n\n<li><strong>Dost\u0119p do finansowania<\/strong>Ma\u0142e i \u015brednie przedsi\u0119biorstwa mog\u0105 mie\u0107 trudno\u015bci z dost\u0119pem do finansowania, co mo\u017ce ograniczy\u0107 ich mo\u017cliwo\u015bci rozwoju.<\/li>\n\n\n\n<li><strong>Bariery geograficzne<\/strong>Zr\u00f3\u017cnicowane ukszta\u0142towanie geograficzne Peru, obejmuj\u0105ce regiony g\u00f3rzyste i Amazoni\u0119, stwarza wyzwania logistyczne dla zarz\u0105dzania \u0142a\u0144cuchem dostaw.<\/li>\n\n\n\n<li><strong>Op\u00f3\u017anienia biurokratyczne<\/strong>:Nieefektywne dzia\u0142ania biurokratyczne mog\u0105 prowadzi\u0107 do op\u00f3\u017anie\u0144 w procesach biznesowych, co ma wp\u0142yw na wej\u015bcie na rynek i og\u00f3lne funkcjonowanie firmy.<\/li>\n\n\n\n<li><strong>Obawy dotycz\u0105ce \u015brodowiska<\/strong>:Przedsi\u0119biorstwa musz\u0105 stawia\u0107 na zr\u00f3wnowa\u017cony rozw\u00f3j i przestrzega\u0107 przepis\u00f3w dotycz\u0105cych ochrony \u015brodowiska, poniewa\u017c kwestie te staj\u0105 si\u0119 coraz wa\u017cniejsze dla konsument\u00f3w i rz\u0105du.<\/li>\n<\/ol>\n\n\n\n<h2 class=\"wp-block-heading\">Najwa\u017cniejsze klastry biznesowe w Peru<\/h2>\n\n\n\n<p>Lima, stolica Peru i najludniejsze miasto, jest jednym z centr\u00f3w gospodarczych kraju. Miasto jest klastrem biznesowym dla sektora produkcyjnego i finansowego. San Martin zapewnia odpowiednie \u015brodowisko dla biznesu rolniczego, z dost\u0119pno\u015bci\u0105 wody i ciep\u0142ymi temperaturami przez ca\u0142y rok.<\/p>\n\n\n\n<p>Peru ma cztery dzia\u0142aj\u0105ce specjalne strefy ekonomiczne. S\u0105 to ZOFRATACNA, Paita, Ilo i Matarani. Dzia\u0142alno\u015b\u0107 gospodarcza w tych strefach zaopatruje rynki w regionie, a tak\u017ce w Chinach, Rosji, USA i Wielkiej Brytanii.<\/p>\n\n\n\n<p>Peru jest znane ze swojej dzia\u0142alno\u015bci gospodarczej, od rolnictwa po turystyk\u0119. Otwarcie si\u0119 na inwestycje zagraniczne stworzy\u0142o przestrze\u0144 dla wi\u0119kszego wzrostu gospodarczego. Inwestorzy b\u0119d\u0105 jednak musieli zbada\u0107 rynek, aby zrozumie\u0107 dynamik\u0119 przed rozpocz\u0119ciem dzia\u0142alno\u015bci.<\/p>\n\n\n\n<p>At SIS International Research, we help global investors identify markets that align with their products and services and will increase their chances of achieving their business goals. We conduct <a href=\"https:\/\/www.sisinternational.com\/pl\/ekspertyza\/branze\/telemetry-market-research\/\" title=\"Badania rynku telemetrii\"  data-wpil-monitor-id=\"5708\">research and provide insights that determine market<\/a> entry and business success strategy.<\/p>\n\n\n\n<h2 class=\"wp-block-heading\"><strong>W jaki spos\u00f3b badania biurowe SIS International w Peru pomagaj\u0105 firmom<\/strong><\/h2>\n\n\n\n<p>Badania desk research SIS International w Peru dostarczaj\u0105 cennych spostrze\u017ce\u0144 na temat kluczowych sektor\u00f3w, zachowa\u0144 konsument\u00f3w i trend\u00f3w rynkowych. Nasze badania pomagaj\u0105 firmom opracowywa\u0107 skuteczne strategie, kt\u00f3re znajduj\u0105 odd\u017awi\u0119k u lokalnych odbiorc\u00f3w, wyposa\u017caj\u0105c klient\u00f3w w praktyczne dane i strategiczne wskaz\u00f3wki dotycz\u0105ce podejmowania \u015bwiadomych decyzji.<\/p>\n\n\n\n<p>Pomagamy firmom uzyska\u0107 szereg korzy\u015bci, takich jak:<\/p>\n\n\n\n<ul class=\"wp-block-list\">\n<li><strong>Kompleksowe spostrze\u017cenia rynkowe<\/strong>:Nasz zesp\u00f3\u0142 pomaga firmom dog\u0142\u0119bnie zrozumie\u0107 rynek peruwia\u0144ski, w tym lokalne zachowania konsument\u00f3w i wp\u0142ywy kulturowe.<\/li>\n\n\n\n<li><strong>Podejmowanie decyzji w oparciu o dane<\/strong>:Pomagamy firmom podejmowa\u0107 \u015bwiadome decyzje, kt\u00f3re ograniczaj\u0105 ryzyko i przyczyniaj\u0105 si\u0119 do sukcesu na rynku peruwia\u0144skim.<\/li>\n\n\n\n<li><strong>Przewaga konkurencyjna<\/strong>Identyfikujemy pojawiaj\u0105ce si\u0119 trendy i mo\u017cliwo\u015bci, zapewniaj\u0105c firmom przewag\u0119 nad konkurencj\u0105 i strategiczne pozycjonowanie w Peru.<\/li>\n\n\n\n<li><strong>Opracowywanie strategii dostosowanych do potrzeb klienta<\/strong>:SIS International pomaga firmom w opracowywaniu strategii dostosowanych do kulturowej i gospodarczej r\u00f3\u017cnorodno\u015bci Peru, dostosowuj\u0105c produkty i dzia\u0142ania marketingowe do preferencji lokalnych konsument\u00f3w.<\/li>\n\n\n\n<li><strong>Poruszanie si\u0119 po przepisach<\/strong>Nasi eksperci ds. regulacji prawnych dziel\u0105 si\u0119 swoj\u0105 wiedz\u0105 na temat poruszania si\u0119 po peruwia\u0144skim \u015brodowisku regulacyjnym, pomagaj\u0105c przedsi\u0119biorstwom przestrzega\u0107 przepis\u00f3w krajowych i regionalnych.<\/li>\n\n\n\n<li><strong>Udane wej\u015bcie na rynek<\/strong>:Wspieramy firmy w tworzeniu skutecznych plan\u00f3w wej\u015bcia na rynek, w tym w identyfikowaniu kluczowych punkt\u00f3w wej\u015bcia i zrozumieniu sieci dystrybucji w Peru.<\/li>\n\n\n\n<li><strong>Budowanie partnerstw<\/strong>:Nasze biurko <a href=\"https:\/\/www.linkedin.com\/pulse\/how-market-research-enables-growth-ruth-stanat-phekf\/\" target=\"_blank\" rel=\"noopener\"><span style=\"font-weight: 400;\">badania<\/span><\/a> w Peru pomaga firmom identyfikowa\u0107 i nawi\u0105zywa\u0107 kontakty z lokalnymi partnerami, dostawcami i dystrybutorami, zwi\u0119kszaj\u0105c ich obecno\u015b\u0107 na rynku.<\/li>\n\n\n\n<li><strong>Rozwi\u0105zania badawcze dostosowane do potrzeb<\/strong>: <a href=\"https:\/\/www.linkedin.com\/company\/sisinternationalresearch\/\" target=\"_blank\" rel=\"noopener\"><span style=\"font-weight: 400;\">SIS Mi\u0119dzynarodowy<\/span><\/a> oferuje dostosowane do potrzeb klienta badania, zaprojektowane tak, aby spe\u0142nia\u0107 wyj\u0105tkowe potrzeby ka\u017cdej firmy, zapewniaj\u0105c zgodno\u015b\u0107 z wymaganiami lokalnego rynku.<\/li>\n\n\n\n<li><strong>Zarz\u0105dzanie ryzykiem<\/strong>:Pomagamy firmom identyfikowa\u0107 potencjalne ryzyka, w tym wyzwania logistyczne i regulacyjne, oraz opracowywa\u0107 strategie minimalizuj\u0105ce ich wp\u0142yw.<\/li>\n\n\n\n<li><strong>Wspieranie d\u0142ugoterminowego wzrostu<\/strong>: <a href=\"https:\/\/medium.com\/@sisinternational\/sis-international-c17160da8fac\" target=\"_blank\" rel=\"noopener\"><span style=\"font-weight: 400;\">SIS<\/span><\/a> dostarcza spostrze\u017ce\u0144 i strategii na rzecz zr\u00f3wnowa\u017conego rozwoju, pomagaj\u0105c przedsi\u0119biorstwom dostosowa\u0107 si\u0119 do lokalnych inicjatyw, takich jak transformacja cyfrowa i rozw\u00f3j infrastruktury.<\/li>\n<\/ul>\n\n\n\n<h2 class=\"wp-block-heading\"><strong>O firmie SIS International<\/strong><\/h2>\n\n\n\n<p><a href=\"https:\/\/www.sisinternational.com\/pl\/\"><span style=\"font-weight: 400;\">SIS Mi\u0119dzynarodowy<\/span><\/a><span style=\"font-weight: 400;\"> oferuje badania ilo\u015bciowe, jako\u015bciowe i strategiczne. Dostarczamy dane, narz\u0119dzia, strategie, raporty i spostrze\u017cenia do podejmowania decyzji. Prowadzimy r\u00f3wnie\u017c wywiady, ankiety, grupy fokusowe i inne metody i podej\u015bcia do bada\u0144 rynku.<\/span><a href=\"https:\/\/www.sisinternational.com\/pl\/o-moich-miedzynarodowych-badaniach\/contact-sis-international-market-research\/\"><span style=\"font-weight: 400;\"> Skontaktuj si\u0119 z nami<\/span><\/a><span style=\"font-weight: 400;\"> dla Twojego kolejnego projektu badania rynku.<\/span><\/p>","protected":false},"excerpt":{"rendered":"<p>Peru jest znane ze swojej dzia\u0142alno\u015bci gospodarczej. Rozwijaj sw\u00f3j biznes dzi\u0119ki badaniom rynku w Peru.<\/p>","protected":false},"author":1,"featured_media":66338,"parent":14351,"menu_order":4,"comment_status":"closed","ping_status":"closed","template":"","meta":{"footnotes":""},"class_list":["post-36840","page","type-page","status-publish","has-post-thumbnail"],"_links":{"self":[{"href":"https:\/\/www.sisinternational.com\/pl\/wp-json\/wp\/v2\/pages\/36840","targetHints":{"allow":["GET"]}}],"collection":[{"href":"https:\/\/www.sisinternational.com\/pl\/wp-json\/wp\/v2\/pages"}],"about":[{"href":"https:\/\/www.sisinternational.com\/pl\/wp-json\/wp\/v2\/types\/page"}],"author":[{"embeddable":true,"href":"https:\/\/www.sisinternational.com\/pl\/wp-json\/wp\/v2\/users\/1"}],"replies":[{"embeddable":true,"href":"https:\/\/www.sisinternational.com\/pl\/wp-json\/wp\/v2\/comments?post=36840"}],"version-history":[{"count":11,"href":"https:\/\/www.sisinternational.com\/pl\/wp-json\/wp\/v2\/pages\/36840\/revisions"}],"predecessor-version":[{"id":79410,"href":"https:\/\/www.sisinternational.com\/pl\/wp-json\/wp\/v2\/pages\/36840\/revisions\/79410"}],"up":[{"embeddable":true,"href":"https:\/\/www.sisinternational.com\/pl\/wp-json\/wp\/v2\/pages\/14351"}],"wp:featuredmedia":[{"embeddable":true,"href":"https:\/\/www.sisinternational.com\/pl\/wp-json\/wp\/v2\/media\/66338"}],"wp:attachment":[{"href":"https:\/\/www.sisinternational.com\/pl\/wp-json\/wp\/v2\/media?parent=36840"}],"curies":[{"name":"wp","href":"https:\/\/api.w.org\/{rel}","templated":true}]}}