{"id":36735,"date":"2021-02-17T05:06:23","date_gmt":"2021-02-17T05:06:23","guid":{"rendered":"https:\/\/www.sisinternational.com\/?page_id=36735"},"modified":"2026-01-27T15:23:53","modified_gmt":"2026-01-27T20:23:53","slug":"badania-rynku-w-argentynie","status":"publish","type":"page","link":"https:\/\/www.sisinternational.com\/pl\/zasieg\/latin-america\/badania-rynku-ameryki-lacinskiej\/badania-rynku-w-argentynie\/","title":{"rendered":"Badania biurowe w Argentynie"},"content":{"rendered":"<h1 class=\"wp-block-heading\">Badania biurowe w Argentynie<\/h1>\n\n\n\n<figure class=\"gb-block-image gb-block-image-9ea6dda6\"><img loading=\"lazy\" decoding=\"async\" width=\"1456\" height=\"816\" class=\"gb-image gb-image-9ea6dda6\" src=\"https:\/\/www.sisinternational.com\/wp-content\/uploads\/2025\/09\/Argentina-1.jpg\" alt=\"SIS Mi\u0119dzynarodowe badania rynku i strategia\" title=\"Argentina (1)\" srcset=\"https:\/\/www.sisinternational.com\/wp-content\/uploads\/2025\/09\/Argentina-1.jpg 1456w, https:\/\/www.sisinternational.com\/wp-content\/uploads\/2025\/09\/Argentina-1-300x168.jpg 300w, https:\/\/www.sisinternational.com\/wp-content\/uploads\/2025\/09\/Argentina-1-1024x574.jpg 1024w, https:\/\/www.sisinternational.com\/wp-content\/uploads\/2025\/09\/Argentina-1-768x430.jpg 768w, https:\/\/www.sisinternational.com\/wp-content\/uploads\/2025\/09\/Argentina-1-18x10.jpg 18w\" sizes=\"auto, (max-width: 1456px) 100vw, 1456px\"><\/figure>\n\n\n\n<p><\/p>\n\n\n\n<h3 class=\"wp-block-heading\">Zrozumienie zmian gospodarczych i r\u00f3\u017cnorodnych preferencji regionalnych w Argentynie jest kluczowe. Dlatego badania biurowe w Argentynie daj\u0105 firmom narz\u0119dzia, kt\u00f3rych potrzebuj\u0105, aby odnie\u015b\u0107 sukces.<\/h3>\n\n\n\n<p>Argenty\u0144ski krajobraz biznesowy oferuje ogromne mo\u017cliwo\u015bci, a analiza biurkowa jest kluczowym narz\u0119dziem do ich wykorzystania. Unikalne czynniki kulturowe i ekonomiczne kraju wymagaj\u0105 dostosowanego podej\u015bcia, kt\u00f3re mo\u017ce zapewni\u0107 tylko analiza biurkowa.<\/p>\n\n\n\n<h2 class=\"wp-block-heading\">Czym s\u0105 badania biurowe w Argentynie i dlaczego s\u0105 wa\u017cne?<\/h2>\n\n\n\n<p>Through desk research in Argentina, businesses can gain insights into consumer needs, preferences, and behaviors, allowing them to adjust their products and services accordingly. This ensures that offerings resonate with the local audience. <a class=\"wpil_keyword_link\" href=\"https:\/\/www.sisinternational.com\/pl\/benefits-of-desk-research-in-market-analysis\/\"   title=\"Benefits of Desk Research in Market Analysis\" data-wpil-keyword-link=\"linked\"  data-wpil-monitor-id=\"750\">Desk research<\/a> also helps companies identify industry trends, anticipate changes, and make informed strategic decisions.<\/p>\n\n\n\n<p>Desk research in <a href=\"https:\/\/www.sisinternational.com\/pl\/ekspertyza\/branze\/telemetry-market-research\/\" title=\"Badania rynku telemetrii\"  data-wpil-monitor-id=\"5710\">Argentyna<\/a> helps businesses accurately assess market demand, identify target audiences, and tailor their offerings to meet local preferences. Argentina&#8217;s cultural diversity means that consumer behaviors and preferences can vary significantly between regions, making it important for brands to develop campaigns that connect with different segments.<\/p>\n\n\n\n<p>Ponadto badania desk research dostarczaj\u0105 wgl\u0105du w \u015brodowisko regulacyjne Argentyny, wyzwania gospodarcze i krajobraz konkurencyjny. Informacje te pomagaj\u0105 firmom pokonywa\u0107 potencjalne przeszkody i skutecznie si\u0119 pozycjonowa\u0107.<\/p>\n\n\n\n<h2 class=\"wp-block-heading\"><strong>Nasz aktualny przegl\u0105d rynku i rekomendacje<\/strong><\/h2>\n\n\n\n<p>Zalecamy firmom dostosowanie swojej oferty, aby podkre\u015bli\u0107 op\u0142acalne opcje, przyjazne dla \u015brodowiska praktyki i zaanga\u017cowanie cyfrowe. Sektory technologii, rolnictwa i turystyki wykazuj\u0105 du\u017cy potencja\u0142 wzrostu, a badania desk research w Argentynie s\u0105 kluczowe dla identyfikacji mo\u017cliwo\u015bci w tych bran\u017cach.<\/p>\n\n\n\n<p>We also emphasize the importance of understanding Argentina&#8217;s regulatory landscape. Navigating local regulations can be challenging, and compliance is critical to avoiding setbacks. A proactive approach to regulatory <a href=\"https:\/\/www.sisinternational.com\/pl\/zasieg\/badania-rynku-azja\/market-research-nauru\/\" title=\"Badania rynku w Nauru\"  data-wpil-monitor-id=\"5724\">research and market<\/a> analysis will help businesses establish a successful presence in Argentina.<\/p>\n\n\n\n<h2 class=\"wp-block-heading\"><strong>G\u0142\u00f3wne atrakcje turystyczne w Argentynie<\/strong><\/h2>\n\n\n\n<p>Badania desk research w Argentynie wskazuj\u0105 na kilka g\u0142\u00f3wnych atrakcji turystycznych, kt\u00f3re przyci\u0105gaj\u0105 miliony turyst\u00f3w ka\u017cdego roku. Oto pi\u0119\u0107 kluczowych atrakcji:<\/p>\n\n\n\n<ul class=\"wp-block-list\">\n<li><strong>Buenos Aires<\/strong>:Stolica Buenos Aires s\u0142ynie z bogatej kultury, zabytkowych dzielnic, takich jak San Telmo i La Boca, oraz kultowych miejsc, takich jak Obelisk i Teatro Col\u00f3n.<\/li>\n\n\n\n<li><strong>Wodospady Iguazu<\/strong>:Jeden z najbardziej osza\u0142amiaj\u0105cych cud\u00f3w natury na \u015bwiecie, Wodospady Iguazu rozci\u0105gaj\u0105 si\u0119 na granicy Argentyny i Brazylii. To g\u0142\u00f3wna atrakcja dla turyst\u00f3w poszukuj\u0105cych zapieraj\u0105cych dech w piersiach widok\u00f3w i przyg\u00f3d.<\/li>\n\n\n\n<li><strong>Patagonia<\/strong>:Ten rozleg\u0142y region oferuje niesamowite krajobrazy, od lodowc\u00f3w w El Calafate po g\u00f3ry Bariloche. Jest to g\u0142\u00f3wny cel podr\u00f3\u017cy dla mi\u0142o\u015bnik\u00f3w natury i poszukiwaczy przyg\u00f3d.<\/li>\n\n\n\n<li><strong>Mendoza<\/strong>:Region winiarski Mendoza s\u0142ynie z win Malbec i malowniczych winnic. Przyci\u0105ga mi\u0142o\u015bnik\u00f3w wina i turyst\u00f3w zainteresowanych poznaniem argenty\u0144skiej kultury winiarskiej.<\/li>\n\n\n\n<li><strong>Lodowiec Perito Moreno<\/strong>:Lodowiec Perito Moreno po\u0142o\u017cony w Parku Narodowym Los Glaciares jest jednym z niewielu post\u0119puj\u0105cych lodowc\u00f3w na \u015bwiecie. Jest popularn\u0105 atrakcj\u0105 dla turyst\u00f3w odwiedzaj\u0105cych po\u0142udniowe regiony Argentyny.<\/li>\n<\/ul>\n\n\n\n<h2 class=\"wp-block-heading\">Strategiczne bran\u017ce Argentyny<\/h2>\n\n\n\n<p>Gospodarka Argentyny opiera si\u0119 g\u0142\u00f3wnie na przemy\u015ble wytw\u00f3rczym, rolnictwie i us\u0142ugach.<\/p>\n\n\n\n<h3 class=\"wp-block-heading\">Rolnictwo w Argentynie<\/h3>\n\n\n\n<p>Argentyna jest wiod\u0105cym producentem \u017cywno\u015bci na \u015bwiecie. Przemys\u0142 rolny i hodowlany tego kraju eksportuje do s\u0105siad\u00f3w: Brazylii i Chile, a tak\u017ce do Stan\u00f3w Zjednoczonych, Wietnamu i Chin.<\/p>\n\n\n\n<p>Najwa\u017cniejsze produkty eksportowe Argentyny to m\u0105czka sojowa i olej, kukurydza, pszenica, otr\u0119by i wo\u0142owina. Hodowla zwierz\u0105t gospodarskich wp\u0142yn\u0119\u0142a na rozw\u00f3j firm zajmuj\u0105cych si\u0119 sk\u00f3rami i wyrobami sk\u00f3rzanymi, w tym lokalnego przetw\u00f3rstwa sk\u00f3r. Argentyna jest r\u00f3wnie\u017c jednym z najwi\u0119kszych producent\u00f3w wina na \u015bwiecie.<\/p>\n\n\n\n<h3 class=\"wp-block-heading\">Produkcja w Argentynie<\/h3>\n\n\n\n<p>Przemys\u0142 wytw\u00f3rczy jest du\u017cym czynnikiem przyczyniaj\u0105cym si\u0119 do PKB Argentyny. Produkuje elektronik\u0119 i sprz\u0119t AGD na rynki lokalne i globalne i odnotowa\u0142 pewien wzrost. Zwi\u0119kszone wykorzystanie Internetu dodatkowo pomog\u0142o bran\u017cy poprzez poszerzenie bazy klient\u00f3w za po\u015brednictwem handlu elektronicznego.<br>Textile manufacturing has provided growth opportunities for the clothing sector. The country has a thriving fashion industry that creates a ready <a href=\"https:\/\/www.sisinternational.com\/pl\/textile-industry-analysis\/\" title=\"Badania rynku tekstyli\u00f3w\"  data-wpil-monitor-id=\"7325\">market for textile<\/a> manufacturers. There have also been gains from purchases by international fashion designers.<\/p>\n\n\n\n<h3 class=\"wp-block-heading\">Turystyka w Argentynie<\/h3>\n\n\n\n<p>Turystyka staje si\u0119 coraz wa\u017cniejsza, poniewa\u017c kraj rozwija sw\u00f3j sektor us\u0142ug. Zagraniczni go\u015bcie pomagaj\u0105 rozwija\u0107 turystyk\u0119, wspieraj\u0105c inne sektory, takie jak hotele, wycieczki i podr\u00f3\u017ce. Najwa\u017cniejsze miejsca turystyczne to Wodospady Iguazu i o\u015brodki narciarskie San Carlos de Bariloche. Buenos Aires, jedno z najludniejszych miast w regionie, przyjmuje turyst\u00f3w, kt\u00f3rzy odwiedzaj\u0105 je ze wzgl\u0119du na dziedzictwo kulturowe i karnawa\u0142y. Odwiedzaj\u0105cy szukaj\u0105cy przyg\u00f3d w Argentynie odwiedzaj\u0105 Patagoni\u0119 i Ziemi\u0119 Ognist\u0105.<\/p>\n\n\n\n<figure class=\"gb-block-image gb-block-image-17809ffc\"><img loading=\"lazy\" decoding=\"async\" width=\"1456\" height=\"816\" class=\"gb-image gb-image-17809ffc\" src=\"https:\/\/www.sisinternational.com\/wp-content\/uploads\/2025\/09\/Argentina-2.jpg\" alt=\"SIS Mi\u0119dzynarodowe badania rynku i strategia\" title=\"Argentina (2)\" srcset=\"https:\/\/www.sisinternational.com\/wp-content\/uploads\/2025\/09\/Argentina-2.jpg 1456w, https:\/\/www.sisinternational.com\/wp-content\/uploads\/2025\/09\/Argentina-2-300x168.jpg 300w, https:\/\/www.sisinternational.com\/wp-content\/uploads\/2025\/09\/Argentina-2-1024x574.jpg 1024w, https:\/\/www.sisinternational.com\/wp-content\/uploads\/2025\/09\/Argentina-2-768x430.jpg 768w, https:\/\/www.sisinternational.com\/wp-content\/uploads\/2025\/09\/Argentina-2-18x10.jpg 18w\" sizes=\"auto, (max-width: 1456px) 100vw, 1456px\"><\/figure>\n\n\n\n<p><\/p>\n\n\n\n<h2 class=\"wp-block-heading\">Mo\u017cliwo\u015bci biznesowe w Argentynie<\/h2>\n\n\n\n<p>Poprzednie problemy gospodarcze i przyjazna biznesowi polityka rz\u0105du stwarzaj\u0105 okazj\u0119 dla zagranicznych firm do inwestowania w Argentynie. Inwestorzy maj\u0105 r\u00f3wnie\u017c dost\u0119p do rynku, kt\u00f3ry obejmuje s\u0105siednie kraje Ameryki \u0141aci\u0144skiej, poniewa\u017c Argentyna jest cz\u0142onkiem Mercosuru.<\/p>\n\n\n\n<h3 class=\"wp-block-heading\">Mo\u017cliwo\u015bci w sektorze ICT<\/h3>\n\n\n\n<p>Z populacj\u0105 ponad 40 milion\u00f3w, z kt\u00f3rych du\u017ca cz\u0119\u015b\u0107 jest m\u0142oda i wykszta\u0142cona, Argentyna jest zar\u00f3wno rynkiem, jak i \u017ar\u00f3d\u0142em kapita\u0142u ludzkiego dla przedsi\u0119biorstw. Penetracja i u\u017cytkowanie Internetu s\u0105 wysokie, a rz\u0105d wdra\u017ca polityki maj\u0105ce na celu zwi\u0119kszenie wykorzystania technologii.<\/p>\n\n\n\n<p>Argenty\u0144czycy r\u00f3wnie\u017c wykazali du\u017ce zainteresowanie Bitcoinem, co daje szans\u0119 firmom kryptowalutowym. Stablecoiny mog\u0105 by\u0107 u\u017cywane do dywersyfikacji inwestycji, bior\u0105c pod uwag\u0119 liczne przypadki os\u0142abienia warto\u015bci Peso.<\/p>\n\n\n\n<h3 class=\"wp-block-heading\">Mo\u017cliwo\u015bci produkcyjne w Argentynie<\/h3>\n\n\n\n<p>Oko\u0142o 50% argenty\u0144skiego importu pod wzgl\u0119dem warto\u015bci stanowi\u0105 maszyny i sprz\u0119t transportowy. Wskazuje to na niewystarczaj\u0105c\u0105 poda\u017c ze strony lokalnych ga\u0142\u0119zi przemys\u0142u, co samo w sobie jest okazj\u0105 dla przedsi\u0119biorstw produkcyjnych do wype\u0142nienia luki.<\/p>\n\n\n\n<p>Mi\u0119dzynarodowi dostawcy us\u0142ug finansowych zobowi\u0105zali si\u0119 do wspierania projekt\u00f3w infrastrukturalnych, takich jak nowe drogi, porty i zak\u0142ady u\u017cyteczno\u015bci publicznej. Poprawi to logistyk\u0119 i pomo\u017ce firmom dotrze\u0107 do wi\u0119kszej liczby lokalnych i mi\u0119dzynarodowych klient\u00f3w.<\/p>\n\n\n\n<h2 class=\"wp-block-heading\"><strong>Wyzwania rynkowe w Argentynie<\/strong><\/h2>\n\n\n\n<p>Pomimo swoich mo\u017cliwo\u015bci, badania desk research w Argentynie identyfikuj\u0105 kilka wyzwa\u0144, z kt\u00f3rymi musz\u0105 zmierzy\u0107 si\u0119 firmy. Nale\u017c\u0105 do nich:<\/p>\n\n\n\n<ol start=\"1\" class=\"wp-block-list\">\n<li><strong>Niestabilno\u015b\u0107 gospodarcza<\/strong>:Argentyna zmaga si\u0119 z niestabilno\u015bci\u0105 gospodarcz\u0105, inflacj\u0105 i wahaniami kurs\u00f3w walut, co mo\u017ce mie\u0107 wp\u0142yw na dzia\u0142alno\u015b\u0107 gospodarcz\u0105.<\/li>\n\n\n\n<li><strong>Z\u0142o\u017cono\u015b\u0107 regulacyjna<\/strong>:Poruszanie si\u0119 po argenty\u0144skim \u015brodowisku prawnym mo\u017ce by\u0107 trudne, zw\u0142aszcza dla zagranicznych firm, kt\u00f3re nie znaj\u0105 lokalnych przepis\u00f3w.<\/li>\n\n\n\n<li><strong>Wysokie podatki<\/strong>Wysokie podatki w Argentynie mog\u0105 stanowi\u0107 barier\u0119 dla firm planuj\u0105cych rozpocz\u0119cie lub rozszerzenie dzia\u0142alno\u015bci.<\/li>\n\n\n\n<li><strong>Dost\u0119p do finansowania<\/strong>Dost\u0119p do finansowania mo\u017ce by\u0107 ograniczony, zw\u0142aszcza w przypadku ma\u0142ych i \u015brednich przedsi\u0119biorstw, co wp\u0142ywa na ich zdolno\u015b\u0107 wzrostu.<\/li>\n\n\n\n<li><strong>Wyzwania rynku pracy<\/strong>:Prawo pracy w Argentynie mo\u017ce by\u0107 skomplikowane, a przedsi\u0119biorstwa mog\u0105 napotka\u0107 problemy zwi\u0105zane z kosztami pracy i przepisami.<\/li>\n\n\n\n<li><strong>Biurokracja<\/strong>:Nieefektywne dzia\u0142ania biurokratyczne mog\u0105 prowadzi\u0107 do op\u00f3\u017anie\u0144 w procesach biznesowych, co ma wp\u0142yw na szybko\u015b\u0107 wej\u015bcia na rynek i funkcjonowanie przedsi\u0119biorstwa.<\/li>\n\n\n\n<li><strong>Niepewno\u015b\u0107 polityczna<\/strong>Zmiany polityczne i niepewno\u015b\u0107 mog\u0105 mie\u0107 wp\u0142yw na \u015brodowisko biznesowe, dlatego wa\u017cne jest, aby firmy by\u0142y na bie\u017c\u0105co informowane i odpowiednio si\u0119 dostosowywa\u0142y.<\/li>\n<\/ol>\n\n\n\n<h2 class=\"wp-block-heading\">Najwa\u017cniejsze klastry biznesowe w Argentynie<\/h2>\n\n\n\n<figure class=\"gb-block-image gb-block-image-65d442f1\"><img loading=\"lazy\" decoding=\"async\" width=\"1456\" height=\"816\" class=\"gb-image gb-image-65d442f1\" src=\"https:\/\/www.sisinternational.com\/wp-content\/uploads\/2025\/09\/Argentina-3.jpg\" alt=\"SIS Mi\u0119dzynarodowe badania rynku i strategia\" title=\"Argentina (3)\" srcset=\"https:\/\/www.sisinternational.com\/wp-content\/uploads\/2025\/09\/Argentina-3.jpg 1456w, https:\/\/www.sisinternational.com\/wp-content\/uploads\/2025\/09\/Argentina-3-300x168.jpg 300w, https:\/\/www.sisinternational.com\/wp-content\/uploads\/2025\/09\/Argentina-3-1024x574.jpg 1024w, https:\/\/www.sisinternational.com\/wp-content\/uploads\/2025\/09\/Argentina-3-768x430.jpg 768w, https:\/\/www.sisinternational.com\/wp-content\/uploads\/2025\/09\/Argentina-3-18x10.jpg 18w\" sizes=\"auto, (max-width: 1456px) 100vw, 1456px\"><\/figure>\n\n\n\n<p><\/p>\n\n\n\n<p>The capital, Buenos Aires, is one of the best business locations in Argentina. Apart from its financial services and tech startups, its rich cultural life, museums, and monuments, and nightlife make it one of the top tourist destinations in the country.<\/p>\n\n\n\n<p>Pampas i Kordoba stanowi\u0105 strategiczne skupiska przedsi\u0119biorstw zajmuj\u0105cych si\u0119 rolnictwem i produkcj\u0105.<\/p>\n\n\n\n<h2 class=\"wp-block-heading\"><strong>W jaki spos\u00f3b badania biurowe SIS International w Argentynie pomagaj\u0105 firmom<\/strong><\/h2>\n\n\n\n<p>Biuro SIS International <a href=\"https:\/\/www.linkedin.com\/pulse\/how-market-research-enables-growth-ruth-stanat-phekf\/\" target=\"_blank\" rel=\"noopener\"><span style=\"font-weight: 400;\">badania<\/span><\/a> w Argentynie obejmuje kluczowe sektory, preferencje konsument\u00f3w i trendy rynkowe, pomagaj\u0105c firmom opracowywa\u0107 strategie, kt\u00f3re rezonuj\u0105 z lokalnym rynkiem. Wsp\u00f3\u0142pracuj\u0105c z SIS International, firmy mog\u0105 skorzysta\u0107 z:<\/p>\n\n\n\n<ul class=\"wp-block-list\">\n<li><strong>Lepsze zrozumienie rynku<\/strong>:SIS pomaga firmom kompleksowo zrozumie\u0107 rynek argenty\u0144ski, w tym lokalne zachowania konsument\u00f3w i wp\u0142ywy kulturowe.<\/li>\n\n\n\n<li><strong>Podejmowanie \u015bwiadomych decyzji<\/strong>:Nasz zesp\u00f3\u0142 umo\u017cliwia firmom podejmowanie decyzji opartych na danych, kt\u00f3re ograniczaj\u0105 ryzyko i maksymalizuj\u0105 sukces na rynku argenty\u0144skim.<\/li>\n\n\n\n<li><strong>Przewaga konkurencyjna<\/strong>Pomagamy firmom identyfikowa\u0107 pojawiaj\u0105ce si\u0119 trendy i mo\u017cliwo\u015bci, zapewniaj\u0105c im przewag\u0119 nad konkurencj\u0105 i strategiczne pozycjonowanie si\u0119 w Argentynie.<\/li>\n\n\n\n<li><strong>Lokalny rozw\u00f3j strategii<\/strong>:SIS International pomaga firmom w opracowywaniu strategii dostosowanych do r\u00f3\u017cnorodno\u015bci kulturowej i gospodarczej Argentyny, dostosowuj\u0105c produkty i dzia\u0142ania marketingowe do lokalnych preferencji.<\/li>\n\n\n\n<li><strong>Wskaz\u00f3wki regulacyjne<\/strong>Nasi eksperci pomagaj\u0105 firmom porusza\u0107 si\u0119 po argenty\u0144skim \u015brodowisku regulacyjnym, zapewniaj\u0105c informacje na temat zgodno\u015bci z przepisami krajowymi i regionalnymi.<\/li>\n\n\n\n<li><strong>Skuteczne wej\u015bcie na rynek<\/strong>:Wspieramy firmy w tworzeniu skutecznych strategii wej\u015bcia na rynek, w tym w identyfikowaniu kluczowych punkt\u00f3w wej\u015bcia i zrozumieniu sieci dystrybucji w Argentynie.<\/li>\n\n\n\n<li><strong>Identyfikacja Partnerstwa<\/strong>:Nasze badania pomagaj\u0105 przedsi\u0119biorstwom identyfikowa\u0107 lokalnych partner\u00f3w, dostawc\u00f3w i dystrybutor\u00f3w, wzmacniaj\u0105c ich obecno\u015b\u0107 na rynku w Argentynie.<\/li>\n\n\n\n<li><strong>Niestandardowe rozwi\u0105zania badawcze<\/strong>: <a href=\"https:\/\/www.linkedin.com\/company\/sisinternationalresearch\/\" target=\"_blank\" rel=\"noopener\"><span style=\"font-weight: 400;\">SIS Mi\u0119dzynarodowy<\/span><\/a> oferuje dostosowane rozwi\u0105zania badawcze zaprojektowane tak, aby spe\u0142ni\u0107 specyficzne potrzeby ka\u017cdej firmy i zapewni\u0107 zgodno\u015b\u0107 z wymaganiami lokalnego rynku.<\/li>\n\n\n\n<li><strong>\u0141agodzenie ryzyka<\/strong>Pomagamy firmom identyfikowa\u0107 potencjalne ryzyka, w tym wyzwania regulacyjne i ekonomiczne, oraz opracowywa\u0107 strategie minimalizuj\u0105ce ich wp\u0142yw na dzia\u0142alno\u015b\u0107 w Argentynie.<\/li>\n\n\n\n<li><strong>Zr\u00f3wnowa\u017cony wzrost<\/strong>: <a href=\"https:\/\/twitter.com\/SISIntlResearch\" target=\"_blank\" rel=\"noopener\"><span style=\"font-weight: 400;\">SIS<\/span><\/a> dostarcza spostrze\u017ce\u0144 i strategii skoncentrowanych na d\u0142ugoterminowym wzro\u015bcie i zr\u00f3wnowa\u017conym rozwoju, pomagaj\u0105c firmom dostosowa\u0107 si\u0119 do lokalnych inicjatyw, takich jak transformacja cyfrowa i zaanga\u017cowanie spo\u0142eczno\u015bci.<\/li>\n<\/ul>\n\n\n\n<h2 class=\"wp-block-heading\"><strong>O firmie SIS International<\/strong><\/h2>\n\n\n\n<p><a href=\"https:\/\/www.sisinternational.com\/pl\/\"><span style=\"font-weight: 400;\">SIS Mi\u0119dzynarodowy<\/span><\/a><span style=\"font-weight: 400;\"> oferuje badania ilo\u015bciowe, jako\u015bciowe i strategiczne. Dostarczamy dane, narz\u0119dzia, strategie, raporty i spostrze\u017cenia do podejmowania decyzji. Prowadzimy r\u00f3wnie\u017c wywiady, ankiety, grupy fokusowe i inne metody i podej\u015bcia do bada\u0144 rynku.<\/span><a href=\"https:\/\/www.sisinternational.com\/pl\/o-moich-miedzynarodowych-badaniach\/contact-sis-international-market-research\/\"><span style=\"font-weight: 400;\"> Skontaktuj si\u0119 z nami<\/span><\/a><span style=\"font-weight: 400;\"> dla Twojego kolejnego projektu badania rynku.<\/span><\/p>\n\n\n\n<p><\/p>","protected":false},"excerpt":{"rendered":"<p>Zajmujemy si\u0119 badaniami rynku w Argentynie.<\/p>","protected":false},"author":1,"featured_media":66205,"parent":14351,"menu_order":3,"comment_status":"closed","ping_status":"closed","template":"","meta":{"footnotes":""},"class_list":["post-36735","page","type-page","status-publish","has-post-thumbnail"],"_links":{"self":[{"href":"https:\/\/www.sisinternational.com\/pl\/wp-json\/wp\/v2\/pages\/36735","targetHints":{"allow":["GET"]}}],"collection":[{"href":"https:\/\/www.sisinternational.com\/pl\/wp-json\/wp\/v2\/pages"}],"about":[{"href":"https:\/\/www.sisinternational.com\/pl\/wp-json\/wp\/v2\/types\/page"}],"author":[{"embeddable":true,"href":"https:\/\/www.sisinternational.com\/pl\/wp-json\/wp\/v2\/users\/1"}],"replies":[{"embeddable":true,"href":"https:\/\/www.sisinternational.com\/pl\/wp-json\/wp\/v2\/comments?post=36735"}],"version-history":[{"count":10,"href":"https:\/\/www.sisinternational.com\/pl\/wp-json\/wp\/v2\/pages\/36735\/revisions"}],"predecessor-version":[{"id":80972,"href":"https:\/\/www.sisinternational.com\/pl\/wp-json\/wp\/v2\/pages\/36735\/revisions\/80972"}],"up":[{"embeddable":true,"href":"https:\/\/www.sisinternational.com\/pl\/wp-json\/wp\/v2\/pages\/14351"}],"wp:featuredmedia":[{"embeddable":true,"href":"https:\/\/www.sisinternational.com\/pl\/wp-json\/wp\/v2\/media\/66205"}],"wp:attachment":[{"href":"https:\/\/www.sisinternational.com\/pl\/wp-json\/wp\/v2\/media?parent=36735"}],"curies":[{"name":"wp","href":"https:\/\/api.w.org\/{rel}","templated":true}]}}