{"id":35230,"date":"2020-05-03T05:09:23","date_gmt":"2020-05-03T05:09:23","guid":{"rendered":"https:\/\/www.sisinternational.com\/?page_id=35230"},"modified":"2025-09-12T20:52:27","modified_gmt":"2025-09-13T00:52:27","slug":"commodity-pricing-market-research","status":"publish","type":"page","link":"https:\/\/www.sisinternational.com\/pl\/rozwiazania\/doradztwo-strategiczne-fintech-badania\/commodity-pricing-market-research\/","title":{"rendered":"Badania rynku cen towar\u00f3w"},"content":{"rendered":"<h1 class=\"wp-block-heading\">Badania rynku cen towar\u00f3w<\/h1>\n\n\n\n<figure class=\"gb-block-image gb-block-image-a875c067\"><img loading=\"lazy\" decoding=\"async\" width=\"1456\" height=\"816\" class=\"gb-image gb-image-a875c067\" src=\"https:\/\/www.sisinternational.com\/wp-content\/uploads\/2025\/08\/Mining-workers-2.jpg\" alt=\"SIS Mi\u0119dzynarodowe badania rynku i strategia\" title=\"Mining workers (2)\" srcset=\"https:\/\/www.sisinternational.com\/wp-content\/uploads\/2025\/08\/Mining-workers-2.jpg 1456w, https:\/\/www.sisinternational.com\/wp-content\/uploads\/2025\/08\/Mining-workers-2-300x168.jpg 300w, https:\/\/www.sisinternational.com\/wp-content\/uploads\/2025\/08\/Mining-workers-2-1024x574.jpg 1024w, https:\/\/www.sisinternational.com\/wp-content\/uploads\/2025\/08\/Mining-workers-2-768x430.jpg 768w, https:\/\/www.sisinternational.com\/wp-content\/uploads\/2025\/08\/Mining-workers-2-18x10.jpg 18w\" sizes=\"auto, (max-width: 1456px) 100vw, 1456px\"><\/figure>\n\n\n\n<hr class=\"wp-block-separator has-alpha-channel-opacity is-style-dots\"\/>\n\n\n\n<h2 class=\"wp-block-heading\">Commodities are a vital part of daily life<\/h2>\n\n\n\n<p>From sugar to precious metals, commodities are critical to economies, societies, and governments. Having access to commodities and ensuring stable prices can be a matter of national security. SIS is your strategic partner for Commodity Pricing Market Research worldwide in today&#8217;s fast-paced global economy.<\/p>\n\n\n\n<p>We provide Customer Research, Competitive Research, and Strategy Research. In Customer Research, we provide data and analysis into <a href=\"https:\/\/www.sisinternational.com\/pl\/customer-satisfaction-analysis\/\" title=\"8 sposob\u00f3w na zwi\u0119kszenie satysfakcji klienta w handlu detalicznym\"  data-wpil-monitor-id=\"10967\">customer needs and ways<\/a> to reach new customers efficiently. In Competitive Research, we uncover competitive intelligence and insights into how competitors are evolving. In Strategy Research, we uncover Market Size, Pricing Analytics, and other quantitative measures of the Commodity trade.<\/p>\n\n\n\n<h2 class=\"wp-block-heading\">Agricultural Commodities<\/h2>\n\n\n\n<p>We survey a variety of Agricultural Commodities including:<\/p>\n\n\n\n<ul class=\"wp-block-list\">\n<li>Sugar<\/li>\n\n\n\n<li>Meat<\/li>\n\n\n\n<li>Corn<\/li>\n\n\n\n<li>Soybeans<\/li>\n\n\n\n<li>Wheat<\/li>\n\n\n\n<li>Rice<\/li>\n\n\n\n<li>Oats<\/li>\n\n\n\n<li>Cocoa<\/li>\n\n\n\n<li>Coffee<\/li>\n\n\n\n<li>Cotton<\/li>\n<\/ul>\n\n\n\n<h2 class=\"wp-block-heading\">Metal Commodities<\/h2>\n\n\n\n<figure class=\"gb-block-image gb-block-image-3cbe8bfa\"><img loading=\"lazy\" decoding=\"async\" width=\"1456\" height=\"816\" class=\"gb-image gb-image-3cbe8bfa\" src=\"https:\/\/www.sisinternational.com\/wp-content\/uploads\/2025\/08\/Mining-workers-4.jpg\" alt=\"SIS Mi\u0119dzynarodowe badania rynku i strategia\" title=\"Mining workers (4)\" srcset=\"https:\/\/www.sisinternational.com\/wp-content\/uploads\/2025\/08\/Mining-workers-4.jpg 1456w, https:\/\/www.sisinternational.com\/wp-content\/uploads\/2025\/08\/Mining-workers-4-300x168.jpg 300w, https:\/\/www.sisinternational.com\/wp-content\/uploads\/2025\/08\/Mining-workers-4-1024x574.jpg 1024w, https:\/\/www.sisinternational.com\/wp-content\/uploads\/2025\/08\/Mining-workers-4-768x430.jpg 768w, https:\/\/www.sisinternational.com\/wp-content\/uploads\/2025\/08\/Mining-workers-4-18x10.jpg 18w\" sizes=\"auto, (max-width: 1456px) 100vw, 1456px\"><\/figure>\n\n\n\n<p><\/p>\n\n\n\n<p>Zapewniamy <a href=\"https:\/\/www.sisinternational.com\/pl\/ekspertyza\/branze\/pricing_and_competitive_analysis_in_retail\/\" title=\"Analiza cen detalicznych i konkurencji\"  data-wpil-monitor-id=\"10966\">pricing and analysis<\/a> on the following metal commodities:<\/p>\n\n\n\n<ul class=\"wp-block-list i8Z77e\">\n<li>Gold<\/li>\n\n\n\n<li>Silver<\/li>\n\n\n\n<li>Platinum<\/li>\n\n\n\n<li>Copper<\/li>\n<\/ul>\n\n\n\n<h2 class=\"wp-block-heading\">Energy Commodities<\/h2>\n\n\n\n<p>We track the following commodities:<\/p>\n\n\n\n<ul class=\"wp-block-list i8Z77e\">\n<li>Crude oil<\/li>\n\n\n\n<li>Heating oil<\/li>\n\n\n\n<li>Natural gas<\/li>\n\n\n\n<li>Gasoline<\/li>\n\n\n\n<li>Propane<\/li>\n<\/ul>\n\n\n\n<h2 class=\"wp-block-heading\">Livestock Commodities<\/h2>\n\n\n\n<p>We can track livestock commodities such as:<\/p>\n\n\n\n<ul class=\"wp-block-list i8Z77e\">\n<li>Lean Hogs<\/li>\n\n\n\n<li>Cattle<\/li>\n\n\n\n<li>Cows<\/li>\n\n\n\n<li>Chickens<\/li>\n<\/ul>\n\n\n\n<h2 class=\"wp-block-heading\">What can impact pricing<\/h2>\n\n\n\n<p>The following factors can impact commodity prices.<\/p>\n\n\n\n<ul class=\"wp-block-list\">\n<li>Weather<\/li>\n\n\n\n<li>Lower crop yields<\/li>\n\n\n\n<li>Stockpiles<\/li>\n\n\n\n<li>Competing crops like Ethanol<\/li>\n\n\n\n<li>Exports<\/li>\n\n\n\n<li>Labor shortages<\/li>\n\n\n\n<li>Industrial Demand<\/li>\n\n\n\n<li>Trade Policy (e.g. quotas, duties, tariffs, anti-dumping)<\/li>\n\n\n\n<li>Domestic Politics<\/li>\n<\/ul>\n\n\n\n<h2 class=\"wp-block-heading\">Commodity Decision Maker Research<\/h2>\n\n\n\n<figure class=\"gb-block-image gb-block-image-0751d21e\"><img loading=\"lazy\" decoding=\"async\" width=\"1456\" height=\"816\" class=\"gb-image gb-image-0751d21e\" src=\"https:\/\/www.sisinternational.com\/wp-content\/uploads\/2025\/08\/Oit-petroleum-petrochemical-9.jpg\" alt=\"SIS Mi\u0119dzynarodowe badania rynku i strategia\" title=\"Oit petroleum petrochemical (9)\" srcset=\"https:\/\/www.sisinternational.com\/wp-content\/uploads\/2025\/08\/Oit-petroleum-petrochemical-9.jpg 1456w, https:\/\/www.sisinternational.com\/wp-content\/uploads\/2025\/08\/Oit-petroleum-petrochemical-9-300x168.jpg 300w, https:\/\/www.sisinternational.com\/wp-content\/uploads\/2025\/08\/Oit-petroleum-petrochemical-9-1024x574.jpg 1024w, https:\/\/www.sisinternational.com\/wp-content\/uploads\/2025\/08\/Oit-petroleum-petrochemical-9-768x430.jpg 768w, https:\/\/www.sisinternational.com\/wp-content\/uploads\/2025\/08\/Oit-petroleum-petrochemical-9-18x10.jpg 18w\" sizes=\"auto, (max-width: 1456px) 100vw, 1456px\"><\/figure>\n\n\n\n<p><\/p>\n\n\n\n<p>As a <a href=\"https:\/\/www.sisinternational.com\/pl\/ekspertyza\/cv-z-doswiadczeniem\/cv-z-doswiadczeniem-w-branzy-motoryzacyjnej\/\" title=\"Firma badawcza rynku bran\u017cy motoryzacyjnej\"  data-wpil-monitor-id=\"10964\">Market Research company<\/a>, we connect you to buyers and influencers with the following services<\/p>\n\n\n\n<ul class=\"wp-block-list\">\n<li>Buyers<\/li>\n\n\n\n<li>Exporters<\/li>\n\n\n\n<li>Subject Matter Experts<\/li>\n\n\n\n<li>Industry Influencers<\/li>\n<\/ul>\n\n\n\n<h2 class=\"wp-block-heading\">Pricing and Volume Analytics<\/h2>\n\n\n\n<p>We provide the following commodity research solutions:<\/p>\n\n\n\n<ul class=\"wp-block-list\">\n<li>Wholesale Pricing<\/li>\n\n\n\n<li>Average Pricing<\/li>\n\n\n\n<li>Retail Pricing<\/li>\n\n\n\n<li>Stockpiles<\/li>\n\n\n\n<li>Trade Volume<\/li>\n\n\n\n<li>Buyer Profiles and Analytics<\/li>\n\n\n\n<li>FX Prices and Hedging<\/li>\n<\/ul>\n\n\n\n<h2 class=\"wp-block-heading\">Lokalizacja naszego obiektu w Nowym Jorku<\/h2>\n\n\n\n<p>  <iframe loading=\"lazy\" src=\"https:\/\/www.google.com\/maps\/embed?pb=!1m18!1m12!1m3!1d3022.976188376966!2d-73.99130312499956!3d40.740549471389315!2m3!1f0!2f0!3f0!3m2!1i1024!2i768!4f13.1!3m3!1m2!1s0x89c259a15798c731%3A0xd695d09bdd495f25!2s11%20E%2022nd%20St%20FL%202%2C%20New%20York%2C%20NY%2010010%2C%20USA!5e0!3m2!1sen!2spe!4v1726171763526!5m2!1sen!2spe\" width=\"600\" height=\"450\" allowfullscreen=\"allowfullscreen\" data-mce-fragment=\"1\"><\/iframe>  <\/p>\n\n\n\n<h3 class=\"wp-block-heading\">11 E 22nd Street, pi\u0119tro 2, Nowy Jork, NY 10010 T: +1(212) 505-6805<\/h3>\n\n\n\n<hr class=\"wp-block-separator has-alpha-channel-opacity\"\/>\n\n\n\n<h2 class=\"wp-block-heading\"><span style=\"font-weight: 400;\">O firmie SIS International<\/span><\/h2>\n\n\n\n<p><a href=\"https:\/\/www.sisinternational.com\/pl\/\"><span style=\"font-weight: 400;\">SIS Mi\u0119dzynarodowy<\/span><\/a><span style=\"font-weight: 400;\"> offers Quantitative, Qualitative, and Strategy Research. We provide data, tools, strategies, reports, and insights for decision-making. We also conduct interviews, surveys, focus groups, and other <a href=\"https:\/\/www.sisinternational.com\/pl\/quantitative-market-research-methods-and-techniques\/\" title=\"Quantitative Market Research Methods and Techniques\"  data-wpil-monitor-id=\"10965\">Market Research methods<\/a> and approaches.<\/span><a href=\"https:\/\/www.sisinternational.com\/pl\/o-moich-miedzynarodowych-badaniach\/contact-sis-international-market-research\/\"><span style=\"font-weight: 400;\"> Skontaktuj si\u0119 z nami<\/span><\/a><span style=\"font-weight: 400;\"> dla Twojego kolejnego projektu badania rynku.<\/span><\/p>\n\n\n\n<p><\/p>","protected":false},"excerpt":{"rendered":"<p>SIS jest wiod\u0105c\u0105 globaln\u0105 firm\u0105 zajmuj\u0105c\u0105 si\u0119 badaniami rynku i konsultingiem strategicznym. Odkryj nowe mo\u017cliwo\u015bci dzi\u0119ki Commodity Pricing Market Research.<\/p>","protected":false},"author":1,"featured_media":63971,"parent":27462,"menu_order":36,"comment_status":"closed","ping_status":"closed","template":"","meta":{"footnotes":""},"class_list":["post-35230","page","type-page","status-publish","has-post-thumbnail"],"_links":{"self":[{"href":"https:\/\/www.sisinternational.com\/pl\/wp-json\/wp\/v2\/pages\/35230","targetHints":{"allow":["GET"]}}],"collection":[{"href":"https:\/\/www.sisinternational.com\/pl\/wp-json\/wp\/v2\/pages"}],"about":[{"href":"https:\/\/www.sisinternational.com\/pl\/wp-json\/wp\/v2\/types\/page"}],"author":[{"embeddable":true,"href":"https:\/\/www.sisinternational.com\/pl\/wp-json\/wp\/v2\/users\/1"}],"replies":[{"embeddable":true,"href":"https:\/\/www.sisinternational.com\/pl\/wp-json\/wp\/v2\/comments?post=35230"}],"version-history":[{"count":5,"href":"https:\/\/www.sisinternational.com\/pl\/wp-json\/wp\/v2\/pages\/35230\/revisions"}],"predecessor-version":[{"id":81793,"href":"https:\/\/www.sisinternational.com\/pl\/wp-json\/wp\/v2\/pages\/35230\/revisions\/81793"}],"up":[{"embeddable":true,"href":"https:\/\/www.sisinternational.com\/pl\/wp-json\/wp\/v2\/pages\/27462"}],"wp:featuredmedia":[{"embeddable":true,"href":"https:\/\/www.sisinternational.com\/pl\/wp-json\/wp\/v2\/media\/63971"}],"wp:attachment":[{"href":"https:\/\/www.sisinternational.com\/pl\/wp-json\/wp\/v2\/media?parent=35230"}],"curies":[{"name":"wp","href":"https:\/\/api.w.org\/{rel}","templated":true}]}}