{"id":35169,"date":"2020-04-30T03:42:38","date_gmt":"2020-04-30T03:42:38","guid":{"rendered":"https:\/\/www.sisinternational.com\/?page_id=35169"},"modified":"2025-09-12T20:43:02","modified_gmt":"2025-09-13T00:43:02","slug":"baked-goods-market-research","status":"publish","type":"page","link":"https:\/\/www.sisinternational.com\/pl\/ekspertyza\/baked-goods-market-research\/","title":{"rendered":"Badania rynku wyrob\u00f3w piekarniczych"},"content":{"rendered":"<h1 class=\"wp-block-heading\">Badania rynku wyrob\u00f3w piekarniczych<\/h1>\n\n\n\n<figure class=\"gb-block-image gb-block-image-ea25fa11\"><img loading=\"lazy\" decoding=\"async\" width=\"1456\" height=\"816\" class=\"gb-image gb-image-ea25fa11\" src=\"https:\/\/www.sisinternational.com\/wp-content\/uploads\/2025\/08\/Bakery-baked-ff.jpg\" alt=\"SIS Mi\u0119dzynarodowe badania rynku i strategia\" title=\"Bakery baked ff\" srcset=\"https:\/\/www.sisinternational.com\/wp-content\/uploads\/2025\/08\/Bakery-baked-ff.jpg 1456w, https:\/\/www.sisinternational.com\/wp-content\/uploads\/2025\/08\/Bakery-baked-ff-300x168.jpg 300w, https:\/\/www.sisinternational.com\/wp-content\/uploads\/2025\/08\/Bakery-baked-ff-1024x574.jpg 1024w, https:\/\/www.sisinternational.com\/wp-content\/uploads\/2025\/08\/Bakery-baked-ff-768x430.jpg 768w, https:\/\/www.sisinternational.com\/wp-content\/uploads\/2025\/08\/Bakery-baked-ff-18x10.jpg 18w\" sizes=\"auto, (max-width: 1456px) 100vw, 1456px\"><\/figure>\n\n\n\n<p><\/p>\n\n\n\n<h2 class=\"wp-block-heading\"><span class=\"s2\">Badania rynku wyrob\u00f3w piekarniczych<\/span><\/h2>\n\n\n\n<p><span class=\"s2\">In Baked Goods Market Research, we can achieve the following strategic priorities:<\/span><\/p>\n\n\n\n<ul class=\"wp-block-list\">\n<li><span class=\"s2\">Enhance the product portfolio<\/span><\/li>\n\n\n\n<li><span class=\"s2\">Test new flavors<\/span><\/li>\n\n\n\n<li><span class=\"s2\">Understand local tastes<\/span><\/li>\n\n\n\n<li><span class=\"s2\">Create new messaging\u00a0<\/span><\/li>\n\n\n\n<li>Evaluate New Product Concepts<\/li>\n\n\n\n<li><a href=\"https:\/\/www.sisinternational.com\/pl\/ekspertyza\/branze\/hardware-store-market-research\/\" title=\"Badania rynku sklep\u00f3w z narz\u0119dziami i artyku\u0142ami do majsterkowania\"  data-wpil-monitor-id=\"10938\">Improve a marketing<\/a> campaign<\/li>\n\n\n\n<li><span class=\"s2\"><a href=\"https:\/\/www.sisinternational.com\/pl\/ekspertyza\/branze\/restaurant-food-menu-optimization-market-research\/\" title=\"Badania rynku optymalizacji menu restauracji i \u017cywno\u015bci\"  data-wpil-monitor-id=\"10942\">Optimize the marketing<\/a> mix<\/span><\/li>\n<\/ul>\n\n\n\n<h2 class=\"wp-block-heading\">What are Baked Goods?<\/h2>\n\n\n\n<p class=\"p1\"><span class=\"s1\"><span style=\"color: #993300;\"><strong>Croissants<\/strong><\/span> are oven-baked and filled with tasty cream. Mini Croissants are ready-to-eat, have a soft leavened dough. <\/span><span class=\"s1\">The standard size croissants soft and filled version of the traditional European Croissant.<span class=\"Apple-converted-space\">&nbsp; <\/span>They are extremely soft and stay fresh for a long time thanks to the naturally leavened and oven-baked dough.&nbsp;<\/span><\/p>\n\n\n\n<p class=\"p1\"><span class=\"s1\"><span style=\"color: #993300;\"><strong>Loaf Cakes<\/strong><\/span> are naturally leavened soft cakes which are oven baked and combine a buttery fluffy texture with crunchy tasty chunks, resulting in an enticing fusion of different textures and flavors. The plain version is ideal for breakfast, to slice for French toast or just to spread with marmalade or the preferred cream.<\/span><\/p>\n\n\n\n<p class=\"p1\"><span class=\"s1\"><span style=\"color: #993300;\"><strong>Pan de Oro<\/strong><\/span> are star-shaped golden cakes that are rich in butter and eggs and which have a fragrant and soft<span class=\"Apple-converted-space\">&nbsp;<\/span>dough. Due to its shape and texture it is ideal as a base for creative recipe or simply accompanied with whipped cream or ice cream.<\/span><\/p>\n\n\n\n<p class=\"p1\"><span class=\"s1\"><strong><span style=\"color: #993300;\">Cupcakes.&nbsp;<\/span><\/strong> This snack treat may have a colorful chocolaty topping and an hidden heart of tasty cream.&nbsp;<\/span><\/p>\n\n\n\n<p class=\"p1\"><span class=\"s1\"><span style=\"color: #993300;\"><strong>Panettone<\/strong><\/span> combines all the features of traditional Italian recipe in a salted way. Its soft buttery dough is the ideal base for preparing an American sandwich by slicing and stuffing it with the preferred ingredients. <span class=\"Apple-converted-space\">&nbsp; <\/span>Naturally leavened and oven baked, it stays soft and fresh much more longer than bread.<\/span><\/p>\n\n\n\n<p><span style=\"color: #993300;\"><strong>Other varieties:<\/strong> <\/span>Pound cakes, Hawaiian Bread, Sweetbread, Sweet Potato Bread, Sourdough, Bun Cake, Breakfast Bread and Dinner bread<\/p>\n\n\n\n<h2 class=\"wp-block-heading\">What Baked Goods Market Research Uncovers<\/h2>\n\n\n\n<ul class=\"wp-block-list\">\n<li><span class=\"s1\">Snacking Preferences<\/span><\/li>\n\n\n\n<li><span class=\"s1\">Perceptions of baked goods<\/span><\/li>\n\n\n\n<li>Occasions and seasonality<\/li>\n\n\n\n<li>Flavor ranking<\/li>\n\n\n\n<li>Claims Ranking<\/li>\n\n\n\n<li><a href=\"https:\/\/www.sisinternational.com\/pl\/rozwiazania\/rozwiazania-w-zakresie-badan-jakosciowych-i-ilosciowych\/buyer-persona-market-research\/\" title=\"Buyer Persona Market Research Solutions &#038; Methods\"  data-wpil-monitor-id=\"10939\">Buyer profiles and personas<\/a><\/li>\n\n\n\n<li>Pricing perceptions<\/li>\n\n\n\n<li>Shelf placement insights<\/li>\n\n\n\n<li>Customer segment data<\/li>\n<\/ul>\n\n\n\n<h2 class=\"wp-block-heading\">Testowanie koncepcji<\/h2>\n\n\n\n<p class=\"p1\"><span class=\"s1\">We uncover the new concept&nbsp;likes and dislikes,&nbsp;Reactions to&nbsp;the product,&nbsp;Consumption occasions,&nbsp;Buying occasions, ideal <a href=\"https:\/\/www.sisinternational.com\/pl\/ekspertyza\/branze\/pricing_and_competitive_analysis_in_retail\/\" title=\"Analiza cen detalicznych i konkurencji\"  data-wpil-monitor-id=\"10937\">Retail location and price<\/a> perceptions.&nbsp; The <a href=\"https:\/\/www.sisinternational.com\/pl\/rozwiazania\/testowanie-smaku\/testowanie-smaku-produktu\/\" title=\"Testowanie smaku produktu\"  data-wpil-monitor-id=\"10940\">testing can include exercises that evaluate tastes<\/a>, likes and dislikes.&nbsp; What emerges is a comprehensive report,&nbsp; recommendations and areas of improvement.<\/span><\/p>\n\n\n\n<h2 class=\"wp-block-heading\">What Baked Goods Market Research can achieve<\/h2>\n\n\n\n<ul class=\"wp-block-list\">\n<li>Evaluate whether reformulations are necessary<\/li>\n\n\n\n<li>Evaluate combinations of flavors<\/li>\n\n\n\n<li>Gain recommendations on how and where to <a href=\"https:\/\/www.sisinternational.com\/pl\/rozwiazania\/doradztwo-strategiczne\/new-product-launch-market-research\/\" title=\"New Product Launch Research\"  data-wpil-monitor-id=\"10941\">launch new products<\/a><\/li>\n\n\n\n<li>Understand the customer journey<\/li>\n\n\n\n<li>Test variables such as texture of bread, taste of filling, toppings and smell<\/li>\n\n\n\n<li>Rank flavors and ingredients<\/li>\n\n\n\n<li>Gather category insights<\/li>\n\n\n\n<li>Develop a new strategic positioning<\/li>\n\n\n\n<li>Understand a thorough understanding of the competition<\/li>\n<\/ul>\n\n\n\n<h2 class=\"wp-block-heading\">What Decisions Can Be Made<\/h2>\n\n\n\n<ul class=\"wp-block-list\">\n<li>Wycena<\/li>\n\n\n\n<li>Promocja<\/li>\n\n\n\n<li>Placement<\/li>\n\n\n\n<li>Product<\/li>\n\n\n\n<li>Go To Market Strategy<\/li>\n\n\n\n<li>Many others<\/li>\n<\/ul>\n\n\n\n<h2 class=\"wp-block-heading\">Baked Goods Market Research Methods<\/h2>\n\n\n\n<ul class=\"wp-block-list\">\n<li>Grupy fokusowe<\/li>\n\n\n\n<li><a href=\"https:\/\/www.sisinternational.com\/pl\/rozwiazania\/rozwiazania-w-zakresie-badan-jakosciowych-i-ilosciowych\/grupy-fokusowe-online\/\" title=\"Grupy fokusowe online\"  data-wpil-monitor-id=\"10936\">Grupy fokusowe online<\/a><\/li>\n\n\n\n<li>Taste Tests<\/li>\n\n\n\n<li>Spo\u0142eczno\u015bci internetowe<\/li>\n\n\n\n<li>Ankiety<\/li>\n\n\n\n<li>Wywiady wideo<\/li>\n\n\n\n<li><a class=\"wpil_keyword_link\" href=\"https:\/\/www.sisinternational.com\/pl\/ekspertyza\/branze\/sensory-market-research\/\"   title=\"Badania rynku sensorycznego\" data-wpil-keyword-link=\"linked\"  data-wpil-monitor-id=\"439\">Badania rynku sensorycznego<\/a> (e.g. EEG, Eye Tracking)<\/li>\n\n\n\n<li>Mobilna etnografia<\/li>\n\n\n\n<li>Secondary <a class=\"wpil_keyword_link\" href=\"https:\/\/www.sisinternational.com\/pl\/benefits-of-desk-research-in-market-analysis\/\"   title=\"Benefits of Desk Research in Market Analysis\" data-wpil-keyword-link=\"linked\"  data-wpil-monitor-id=\"753\">Badania biurowe<\/a><\/li>\n<\/ul>\n\n\n\n<p><\/p>","protected":false},"excerpt":{"rendered":"<p>Odkryj, w jaki spos\u00f3b badania rynku produkt\u00f3w piekarniczych mog\u0105 dostarczy\u0107 Ci spostrze\u017ce\u0144 pozwalaj\u0105cych na zdobycie przewagi konkurencyjnej.<\/p>","protected":false},"author":1,"featured_media":63357,"parent":14514,"menu_order":59,"comment_status":"closed","ping_status":"closed","template":"","meta":{"footnotes":""},"class_list":["post-35169","page","type-page","status-publish","has-post-thumbnail"],"_links":{"self":[{"href":"https:\/\/www.sisinternational.com\/pl\/wp-json\/wp\/v2\/pages\/35169","targetHints":{"allow":["GET"]}}],"collection":[{"href":"https:\/\/www.sisinternational.com\/pl\/wp-json\/wp\/v2\/pages"}],"about":[{"href":"https:\/\/www.sisinternational.com\/pl\/wp-json\/wp\/v2\/types\/page"}],"author":[{"embeddable":true,"href":"https:\/\/www.sisinternational.com\/pl\/wp-json\/wp\/v2\/users\/1"}],"replies":[{"embeddable":true,"href":"https:\/\/www.sisinternational.com\/pl\/wp-json\/wp\/v2\/comments?post=35169"}],"version-history":[{"count":6,"href":"https:\/\/www.sisinternational.com\/pl\/wp-json\/wp\/v2\/pages\/35169\/revisions"}],"predecessor-version":[{"id":81787,"href":"https:\/\/www.sisinternational.com\/pl\/wp-json\/wp\/v2\/pages\/35169\/revisions\/81787"}],"up":[{"embeddable":true,"href":"https:\/\/www.sisinternational.com\/pl\/wp-json\/wp\/v2\/pages\/14514"}],"wp:featuredmedia":[{"embeddable":true,"href":"https:\/\/www.sisinternational.com\/pl\/wp-json\/wp\/v2\/media\/63357"}],"wp:attachment":[{"href":"https:\/\/www.sisinternational.com\/pl\/wp-json\/wp\/v2\/media?parent=35169"}],"curies":[{"name":"wp","href":"https:\/\/api.w.org\/{rel}","templated":true}]}}