{"id":34568,"date":"2020-02-08T21:49:34","date_gmt":"2020-02-08T21:49:34","guid":{"rendered":"https:\/\/www.sisinternational.com\/?page_id=34568"},"modified":"2026-01-25T16:41:14","modified_gmt":"2026-01-25T21:41:14","slug":"data-analytics","status":"publish","type":"page","link":"https:\/\/www.sisinternational.com\/pl\/rozwiazania\/doradztwo-strategiczne\/data-analytics\/","title":{"rendered":"Firma zajmuj\u0105ca si\u0119 analiz\u0105 danych"},"content":{"rendered":"<h1 class=\"wp-block-heading\">Firma zajmuj\u0105ca si\u0119 analiz\u0105 danych<\/h1>\n\n\n\n<figure class=\"gb-block-image gb-block-image-68ed9aa7\"><img loading=\"lazy\" decoding=\"async\" width=\"1456\" height=\"816\" class=\"gb-image gb-image-68ed9aa7\" src=\"https:\/\/www.sisinternational.com\/wp-content\/uploads\/2025\/08\/Data-38.jpg\" alt=\"SIS Mi\u0119dzynarodowe badania rynku i strategia\" title=\"Data (38)\" srcset=\"https:\/\/www.sisinternational.com\/wp-content\/uploads\/2025\/08\/Data-38.jpg 1456w, https:\/\/www.sisinternational.com\/wp-content\/uploads\/2025\/08\/Data-38-300x168.jpg 300w, https:\/\/www.sisinternational.com\/wp-content\/uploads\/2025\/08\/Data-38-1024x574.jpg 1024w, https:\/\/www.sisinternational.com\/wp-content\/uploads\/2025\/08\/Data-38-768x430.jpg 768w, https:\/\/www.sisinternational.com\/wp-content\/uploads\/2025\/08\/Data-38-18x10.jpg 18w\" sizes=\"auto, (max-width: 1456px) 100vw, 1456px\"><\/figure>\n\n\n\n<p><\/p>\n\n\n\n<h2 class=\"wp-block-heading p3\"><span class=\"s1\">Transform Your Data to Insight<\/span><\/h2>\n\n\n\n<p class=\"p3\"><span class=\"s1\">Do you feel your business is missing insight for confident decision making?&nbsp; Having support from a professional Data &amp; Analytics team can improve the effectiveness and profitability of your business. <\/span><\/p>\n\n\n\n<p class=\"p3\"><span class=\"s1\">However, setting up an internal Data &amp; Analytics team within your company can be an expensive and challenging task. It can take time for the new team to become productive, deliver results, and generate a Return on Investment (ROI). <\/span><\/p>\n\n\n\n<p class=\"p3\"><span class=\"s1\">Have you considered outsourcing your Data &amp; Analytics department? A professional <a href=\"https:\/\/www.sisinternational.com\/pl\/sis-application-of-quantitative-data-analytics-to-sensory-testing\/\" title=\"SIS Application of Quantitative Data Analytics to Sensory Testing\"  data-wpil-monitor-id=\"1280\">Data Analytics consultancy like SIS<\/a> can provide you with cutting-edge analysis, tools, analytics and reports. By outsourcing Data Analysis, you can also receive the required reports rapidly and cost effectively. <\/span><\/p>\n\n\n\n<h2 class=\"wp-block-heading p3\"><span class=\"s1\">Our Value Proposition<\/span><\/h2>\n\n\n\n<p class=\"p3\"><span class=\"s1\">At SIS Research, our reports are clear and easy to digest. We have experts who add value with their experience. We gather and analyze your data rapidly. We are your strategic partner for Data Science and <a href=\"https:\/\/www.sisinternational.com\/pl\/ekspertyza\/branze\/doradztwo-w-zakresie-analityki-danych-naukowych\/\" title=\"Konsultacje w zakresie nauki o danych i analityki\"  data-wpil-monitor-id=\"3675\">Analiza danych<\/a>.<\/span><\/p>\n\n\n\n<h2 class=\"wp-block-heading\">We are more cost effective and more specialized than hiring a Data Science Team.<\/h2>\n\n\n\n<p class=\"p3\"><span class=\"s1\">Our Data &amp; Analytics teams know many analytical techniques. We can create insight into all your business processes. With more insight, decision-making becomes more natural and more effective. You can uncover new sources of advantage and find ways to become more profitable.<\/span><\/p>\n\n\n\n<h2 class=\"wp-block-heading\">Our Benefits<\/h2>\n\n\n\n<ul class=\"wp-block-list\">\n<li>Cost Effective<\/li>\n\n\n\n<li>Specialized<\/li>\n\n\n\n<li>Rapid<\/li>\n\n\n\n<li>\u015awiatowy<\/li>\n\n\n\n<li>Impartial<\/li>\n\n\n\n<li>Strategic, actionable advanced reporting<\/li>\n\n\n\n<li>Advanced statistical capabilities<\/li>\n<\/ul>\n\n\n\n<h2 class=\"wp-block-heading\">Rozwi\u0105zania<\/h2>\n\n\n\n<p class=\"p3\"><span class=\"s1\">At SIS Research, we offer the following solutions:<\/span><\/p>\n\n\n\n<ul class=\"wp-block-list\">\n<li><span class=\"s1\"><b>Data Visualization &amp; Tableau.<\/b> Our tools show your results graphically, which is easy to digest and understand. We can make it according to your requirements and wishes. <\/span><\/li>\n\n\n\n<li><span class=\"s1\"><b>Regression Analysis<\/b> shows the relationship between two or more variables. This tool helps you understand how the components in the system relate to each other. It shows the elements that need to improve to create a positive impact on the organization. <\/span><\/li>\n\n\n\n<li><span class=\"s1\">With <b>Analiza \u0142\u0105czona<\/b>, you check how your products and services perform. You also see how your customers perceive them. Conjoint analyzes the different components and features of your products and services. Customers can rate separate parts. This rating will provide valuable information to marketing teams. <\/span><\/li>\n\n\n\n<li><span class=\"s1\"><b>Analityka predykcyjna<\/b> predict future patterns and trends. By analyzing historical data, we can predict future outcomes. <\/span><\/li>\n\n\n\n<li><span class=\"s1\"><b>Analysis of variance (ANOVA)<\/b> compares the difference between more than two variables. To be more specific, it examines the variation within groups. It also analyzes the change between groups. ANOVA is a helpful tool to understand more complicated datasets. <\/span><\/li>\n\n\n\n<li><span class=\"s1\"><b>Montecarlo Analysis<\/b> allows researchers to run several trials.\u00a0 We can define all possible outcomes of an event or investment. <\/span><\/li>\n\n\n\n<li><span class=\"s1\"><b>Data Modeling<\/b> looks at the concepts you want to track data for, and they become the tables in a database. <\/span><\/li>\n\n\n\n<li><span class=\"s1\"><b>SQL &amp; Python<\/b> is another tool for analysis, which gives data scientists many options. This tool makes it easy to process, query, and use data collected. <\/span><\/li>\n\n\n\n<li><span class=\"s1\">We offer <b>ROA &amp; ROE analysis<\/b>. ROA stands for Return on Assets, and ROE is Return on Equity. <\/span><\/li>\n\n\n\n<li><span class=\"s1\">A <b>Deseasonalized Report<\/b> is where we strip your data of its seasonal patterns. <\/span><\/li>\n\n\n\n<li><span class=\"s1\">Oferujemy r\u00f3wnie\u017c <b>Comprehensive Analysis Package<\/b>. It includes the following:\u00a0<\/span>\n<ul class=\"wp-block-list\">\n<li><span class=\"s1\">Analiza pude\u0142kowa<\/span><\/li>\n\n\n\n<li><span class=\"s1\">Przedzia\u0142y ufno\u015bci<\/span><\/li>\n\n\n\n<li><span class=\"s1\">Analiza warto\u015bci odstaj\u0105cych<\/span><\/li>\n\n\n\n<li><span class=\"s1\">Distribution, Skewness &amp; Kurtosis Analysis<\/span><\/li>\n\n\n\n<li><span class=\"s1\">Alfa, statystyka F, warto\u015b\u0107 p itp.<\/span><\/li>\n<\/ul>\n<\/li>\n<\/ul>\n\n\n\n<h2 class=\"wp-block-heading\">Why Data Analytics are Critical<\/h2>\n\n\n\n<p class=\"p3\"><span class=\"s1\">A market research company and data analytics company can provide your business with the above types of analysis, which will create a more in-depth understanding of your company, products, and services. It can also help with your finances, efficiency, and more. <\/span><\/p>\n\n\n\n<p class=\"p3\"><span class=\"s1\">Data &amp; Analytics consulting is low-cost, efficient, and reliable.&nbsp; It can uncover a deeper understanding of your operations&nbsp;<\/span><\/p>\n\n\n\n<p class=\"p3\"><span class=\"s1\">A Market <a class=\"wpil_keyword_link\" href=\"https:\/\/www.sisinternational.com\/pl\/\"   title=\"Dom\" data-wpil-keyword-link=\"linked\"  data-wpil-monitor-id=\"756\">Research and Strategy<\/a> Consulting company like SIS is skilled at Data Analysis and tools.&nbsp; We can examine the products\/services you offer. We can examine the relationships of different components within the business.&nbsp; We can uncover efficiencies in the decision-making process, and provide actionable data and insight for confident decision making.<\/span><\/p>\n\n\n\n<p><\/p>","protected":false},"excerpt":{"rendered":"<p>SIS dzia\u0142a jako Tw\u00f3j zesp\u00f3\u0142 Data Science i Data Analytics. Dostarczamy rozwi\u0105zania Data Analytics i Statystical Consulting.<\/p>","protected":false},"author":1,"featured_media":64376,"parent":14567,"menu_order":13,"comment_status":"closed","ping_status":"closed","template":"","meta":{"footnotes":""},"class_list":["post-34568","page","type-page","status-publish","has-post-thumbnail"],"_links":{"self":[{"href":"https:\/\/www.sisinternational.com\/pl\/wp-json\/wp\/v2\/pages\/34568","targetHints":{"allow":["GET"]}}],"collection":[{"href":"https:\/\/www.sisinternational.com\/pl\/wp-json\/wp\/v2\/pages"}],"about":[{"href":"https:\/\/www.sisinternational.com\/pl\/wp-json\/wp\/v2\/types\/page"}],"author":[{"embeddable":true,"href":"https:\/\/www.sisinternational.com\/pl\/wp-json\/wp\/v2\/users\/1"}],"replies":[{"embeddable":true,"href":"https:\/\/www.sisinternational.com\/pl\/wp-json\/wp\/v2\/comments?post=34568"}],"version-history":[{"count":6,"href":"https:\/\/www.sisinternational.com\/pl\/wp-json\/wp\/v2\/pages\/34568\/revisions"}],"predecessor-version":[{"id":77883,"href":"https:\/\/www.sisinternational.com\/pl\/wp-json\/wp\/v2\/pages\/34568\/revisions\/77883"}],"up":[{"embeddable":true,"href":"https:\/\/www.sisinternational.com\/pl\/wp-json\/wp\/v2\/pages\/14567"}],"wp:featuredmedia":[{"embeddable":true,"href":"https:\/\/www.sisinternational.com\/pl\/wp-json\/wp\/v2\/media\/64376"}],"wp:attachment":[{"href":"https:\/\/www.sisinternational.com\/pl\/wp-json\/wp\/v2\/media?parent=34568"}],"curies":[{"name":"wp","href":"https:\/\/api.w.org\/{rel}","templated":true}]}}