{"id":33419,"date":"2019-10-06T21:53:24","date_gmt":"2019-10-06T21:53:24","guid":{"rendered":"https:\/\/www.sisinternational.com\/?page_id=33419"},"modified":"2025-09-13T18:13:39","modified_gmt":"2025-09-13T22:13:39","slug":"badania-rynku-w-idaho","status":"publish","type":"page","link":"https:\/\/www.sisinternational.com\/pl\/zasieg\/north-america\/zasieg-usa\/badania-rynku-w-idaho\/","title":{"rendered":"Badania rynku w Idaho"},"content":{"rendered":"<h1 class=\"wp-block-heading\">Badania rynku w Idaho<\/h1>\n\n\n\n<figure class=\"gb-block-image gb-block-image-7d19e551\"><img loading=\"lazy\" decoding=\"async\" width=\"1456\" height=\"816\" class=\"gb-image gb-image-7d19e551\" src=\"https:\/\/www.sisinternational.com\/wp-content\/uploads\/2025\/09\/Idaho-5.jpg\" alt=\"SIS Mi\u0119dzynarodowe badania rynku i strategia\" title=\"Idaho (5)\" srcset=\"https:\/\/www.sisinternational.com\/wp-content\/uploads\/2025\/09\/Idaho-5.jpg 1456w, https:\/\/www.sisinternational.com\/wp-content\/uploads\/2025\/09\/Idaho-5-300x168.jpg 300w, https:\/\/www.sisinternational.com\/wp-content\/uploads\/2025\/09\/Idaho-5-1024x574.jpg 1024w, https:\/\/www.sisinternational.com\/wp-content\/uploads\/2025\/09\/Idaho-5-768x430.jpg 768w, https:\/\/www.sisinternational.com\/wp-content\/uploads\/2025\/09\/Idaho-5-18x10.jpg 18w\" sizes=\"auto, (max-width: 1456px) 100vw, 1456px\"><\/figure>\n\n\n\n<p><\/p>\n\n\n\n<h2 class=\"wp-block-heading p3\"><span class=\"s1\">Znany r\u00f3wnie\u017c jako \u201eStan Klejnot\u00f3w\u201d, Idaho zajmuje powierzchni\u0119 83 569 mil kwadratowych i liczy 1,7 miliona mieszka\u0144c\u00f3w. <\/span><\/h2>\n\n\n\n<p class=\"p3\"><span class=\"s1\">Waszyngton, Oregon, Montana, Nevada i Wyoming granicz\u0105 z Idaho. Ma kr\u00f3tk\u0105 granic\u0119 z Kolumbi\u0105 Brytyjsk\u0105 w Kanadzie. Boise jest jego stolic\u0105 i najwi\u0119kszym miastem. <\/span><\/p>\n\n\n\n<p class=\"p3\"><span class=\"s1\">A state that is both scenic and adventurous, Idaho offers a little bit of everything. Part of Yellowstone Park is in this state. Idaho Falls, Coeur d\u2019Alene, and Shoshone Falls are some of the top things to look forward to when visiting Idaho. You can always expect unpredictable weather here. Despite this, many people consider July and August to be the best months. Winter is cold, and fall characterized by cooler type weather. <\/span><\/p>\n\n\n\n<h2 class=\"wp-block-heading p5\"><span class=\"s1\">Energia<\/span><\/h2>\n\n\n\n<p class=\"p3\"><span class=\"s1\">The Department of Energy designed the Idaho National Laboratory. This laboratory is the <a href=\"https:\/\/www.sisinternational.com\/pl\/ekspertyza\/cv-z-doswiadczeniem\/firma-badawcza-rynku-b2b\/\" title=\"Najlepsza firma zajmuj\u0105ca si\u0119 badaniami rynku B2B\"  data-wpil-monitor-id=\"8028\">top nuclear research<\/a> facility in the nation. Its engineers do development, testing, and demonstration of new materials and fuels so that the residents enjoy clean and sustainable energy through the advancement of the facility. <\/span><\/p>\n\n\n\n<h2 class=\"wp-block-heading p5\"><span class=\"s1\">Lotnictwo i kosmonautyka<\/span><\/h2>\n\n\n\n<p class=\"p3\"><span class=\"s1\">Aerospace businesses keep finding a home here. Idaho is home to more than 24 aerospace companies, such as Empire Airlines. Its location is ideal as it is close to several international airports. These companies engage in airplane assembly and its related <a href=\"https:\/\/www.sisinternational.com\/pl\/rozwiazania\/testowanie-smaku\/uslugi-testowania-produktow-w-nowym-jorku\/\" title=\"Us\u0142ugi testowania produkt\u00f3w w Nowym Jorku\"  data-wpil-monitor-id=\"8029\">products and services<\/a>. Aerospace continues to play a massive role in the economic development of Idaho. <\/span><\/p>\n\n\n\n<h2 class=\"wp-block-heading p5\"><span class=\"s1\">Zaawansowana produkcja <\/span><\/h2>\n\n\n\n<p class=\"p3\"><span class=\"s1\">The use of cutting-edge processes is what makes the difference from conventional manufacturing. Moreover, in Idaho, businesses have access to such methods along with a skilled workforce. These skills and advancements make Idaho the ideal place to invest in manufacturing. Companies such as Motive Power and Unitech Composites have done so. They have found that Idaho provides an opportunity for the use of technology. The state also has an excellent transportation network, which complements its technological advancements.<\/span><\/p>\n\n\n\n<h2 class=\"wp-block-heading p5\"><span class=\"s1\">Produkcja \u017cywno\u015bci<\/span><\/h2>\n\n\n\n<p class=\"p3\"><span class=\"s1\">Wi\u0119kszo\u015b\u0107 ludzi zna Idaho z produkcji ziemniak\u00f3w. Jednak jego produkty obejmuj\u0105 produkty mleczne, wina, byd\u0142o, uprawy i nasiona. GoGo, Squeeze i Chobani uznali za korzystne za\u0142o\u017cenie sklepu w Idaho.<\/span><\/p>\n\n\n\n<h2 class=\"wp-block-heading p5\"><span class=\"s1\">Turystyka i rekreacja na \u015bwie\u017cym powietrzu<\/span><\/h2>\n\n\n\n<p class=\"p3\"><span class=\"s1\">Turystyka stanowi znaczn\u0105 cz\u0119\u015b\u0107 dochod\u00f3w Idaho. Stan oferuje wiele zaj\u0119\u0107 na \u015bwie\u017cym powietrzu, kt\u00f3re zach\u0119caj\u0105 odwiedzaj\u0105cych. Zar\u00f3wno odwiedzaj\u0105cy, jak i w\u0142a\u015bciciele firm zwracaj\u0105 na to uwag\u0119 i rozkoszuj\u0105 si\u0119 pi\u0119knem przyrody Idaho. Mo\u017cliwo\u015bci w tym sektorze s\u0105 ogromne. <\/span><\/p>\n\n\n\n<h2 class=\"wp-block-heading p5\"><span class=\"s1\">Zach\u0119ty biznesowe w Idaho<\/span><\/h2>\n\n\n\n<p class=\"p3\"><span class=\"s1\">Idaho uczyni\u0142o prowadzenie dzia\u0142alno\u015bci gospodarczej w Gem State korzystnym. Niekt\u00f3re zach\u0119ty obejmuj\u0105: <\/span><\/p>\n\n\n\n<ul class=\"wp-block-list\">\n<li><span class=\"s1\">Idaho Opportunity Fund. Ten fundusz jest przeznaczony na rozw\u00f3j infrastruktury. Taki rozw\u00f3j pomaga przyci\u0105gn\u0105\u0107 lub pomie\u015bci\u0107 nowe obiekty komercyjne. <\/span><\/li>\n\n\n\n<li><span class=\"s1\">TRI &#8211; Tax Reimbursement Incentive, can offer a tax credit up to 30% on income generated by a business<\/span><\/li>\n\n\n\n<li><span class=\"s1\">Zwolnienie z podatku od nieruchomo\u015bci. To zwolnienie dotyczy nowych lub istniej\u0105cych firm inwestuj\u0105cych co najmniej $500K. Takie firmy mog\u0105 kwalifikowa\u0107 si\u0119 do zwolnienia z podatku od nieruchomo\u015bci. W niekt\u00f3rych przypadkach zwolnienie podatkowe trwa do 5 lat. <\/span><\/li>\n\n\n\n<li><span class=\"s1\">Investment in Human Resources. This incentive can result in a reimbursement of up to $3,000 when training employees.<\/span><\/li>\n\n\n\n<li><span class=\"s1\">Kredyt podatkowy inwestycyjny. Inwestuj\u0105c w maszyny i urz\u0105dzenia w stanie Idaho, firma mo\u017ce otrzyma\u0107 kredyt podatkowy 3%.<\/span><\/li>\n<\/ul>\n\n\n\n<h2 class=\"wp-block-heading\">O badaniach rynku w Idaho<\/h2>\n\n\n\n<p class=\"p3\"><span class=\"s1\">For your business to thrive, you need information. <a href=\"https:\/\/www.sisinternational.com\/pl\/rozwiazania\/rozwiazania-w-zakresie-badan-jakosciowych-i-ilosciowych\/rekrutacja-do-badan-jakosciowych\/\" title=\"Rekrutacja do bada\u0144 jako\u015bciowych\"  data-wpil-monitor-id=\"8026\">Qualitative and Quantitative Research<\/a> can help you figure out your business location. It tells you what the consumer needs or current wants are. It also gives you the best <a href=\"https:\/\/www.sisinternational.com\/pl\/rozwiazania\/doradztwo-strategiczne-fintech-badania\/business-interruption-insurance-market-research-strategy-consulting\/\" title=\"Badania rynku ubezpiecze\u0144 na wypadek przerwy w dzia\u0142alno\u015bci i doradztwo strategiczne\"  data-wpil-monitor-id=\"8030\">strategy to use for your business<\/a> success. SIS can do this and more for you. We specialize in Qualitative, Quantitative, and Strategy Research. The future and <a href=\"https:\/\/www.sisinternational.com\/pl\/predictive-analytics\/\" title=\"Predictive Analytics: Your Crystal Ball for Business Success\"  data-wpil-monitor-id=\"8027\">success of your business<\/a> are in your hands. Moreover, you can trust <a href=\"https:\/\/www.sisinternational.com\/pl\/sis-przedstawia-platforme-do-nauki-o-danych-i-analizy-ilosciowej\/\" title=\"SIS przedstawia platform\u0119 Data Science i Quantitative Analytics\"  data-wpil-monitor-id=\"8025\">SIS<\/a> to assist you in taking loads of data and transforming it into a solid base for your decision-making. Click on the link below and experience how we can assist in your business success.<\/span><\/p>\n\n\n\n<h2 class=\"wp-block-heading\">&nbsp;<\/h2>","protected":false},"excerpt":{"rendered":"<p>Odkryj nowe mo\u017cliwo\u015bci biznesowe dzi\u0119ki badaniom rynku w Idaho.<\/p>","protected":false},"author":1,"featured_media":66550,"parent":19303,"menu_order":55,"comment_status":"closed","ping_status":"closed","template":"","meta":{"footnotes":""},"class_list":["post-33419","page","type-page","status-publish","has-post-thumbnail"],"_links":{"self":[{"href":"https:\/\/www.sisinternational.com\/pl\/wp-json\/wp\/v2\/pages\/33419","targetHints":{"allow":["GET"]}}],"collection":[{"href":"https:\/\/www.sisinternational.com\/pl\/wp-json\/wp\/v2\/pages"}],"about":[{"href":"https:\/\/www.sisinternational.com\/pl\/wp-json\/wp\/v2\/types\/page"}],"author":[{"embeddable":true,"href":"https:\/\/www.sisinternational.com\/pl\/wp-json\/wp\/v2\/users\/1"}],"replies":[{"embeddable":true,"href":"https:\/\/www.sisinternational.com\/pl\/wp-json\/wp\/v2\/comments?post=33419"}],"version-history":[{"count":4,"href":"https:\/\/www.sisinternational.com\/pl\/wp-json\/wp\/v2\/pages\/33419\/revisions"}],"predecessor-version":[{"id":81352,"href":"https:\/\/www.sisinternational.com\/pl\/wp-json\/wp\/v2\/pages\/33419\/revisions\/81352"}],"up":[{"embeddable":true,"href":"https:\/\/www.sisinternational.com\/pl\/wp-json\/wp\/v2\/pages\/19303"}],"wp:featuredmedia":[{"embeddable":true,"href":"https:\/\/www.sisinternational.com\/pl\/wp-json\/wp\/v2\/media\/66550"}],"wp:attachment":[{"href":"https:\/\/www.sisinternational.com\/pl\/wp-json\/wp\/v2\/media?parent=33419"}],"curies":[{"name":"wp","href":"https:\/\/api.w.org\/{rel}","templated":true}]}}