{"id":33413,"date":"2019-10-06T19:22:04","date_gmt":"2019-10-06T19:22:04","guid":{"rendered":"https:\/\/www.sisinternational.com\/?page_id=33413"},"modified":"2025-09-13T18:06:55","modified_gmt":"2025-09-13T22:06:55","slug":"badania-rynku-w-vermont","status":"publish","type":"page","link":"https:\/\/www.sisinternational.com\/pl\/zasieg\/north-america\/zasieg-usa\/badania-rynku-w-vermont\/","title":{"rendered":"Badania rynku w Vermont"},"content":{"rendered":"<h1 class=\"wp-block-heading\">Badania rynku w Vermont<\/h1>\n\n\n\n<figure class=\"gb-block-image gb-block-image-429df7f0\"><img loading=\"lazy\" decoding=\"async\" width=\"1456\" height=\"816\" class=\"gb-image gb-image-429df7f0\" src=\"https:\/\/www.sisinternational.com\/wp-content\/uploads\/2025\/09\/Vermont-2.jpg\" alt=\"SIS Mi\u0119dzynarodowe badania rynku i strategia\" title=\"Vermont (2)\" srcset=\"https:\/\/www.sisinternational.com\/wp-content\/uploads\/2025\/09\/Vermont-2.jpg 1456w, https:\/\/www.sisinternational.com\/wp-content\/uploads\/2025\/09\/Vermont-2-300x168.jpg 300w, https:\/\/www.sisinternational.com\/wp-content\/uploads\/2025\/09\/Vermont-2-1024x574.jpg 1024w, https:\/\/www.sisinternational.com\/wp-content\/uploads\/2025\/09\/Vermont-2-768x430.jpg 768w, https:\/\/www.sisinternational.com\/wp-content\/uploads\/2025\/09\/Vermont-2-18x10.jpg 18w\" sizes=\"auto, (max-width: 1456px) 100vw, 1456px\"><\/figure>\n\n\n\n<p><\/p>\n\n\n\n<h2 class=\"wp-block-heading p2\"><span class=\"s1\">Vermont le\u017cy w Nowej Anglii, w p\u00f3\u0142nocno-wschodnim naro\u017cniku Stan\u00f3w Zjednoczonych. <\/span><\/h2>\n\n\n\n<p class=\"p2\"><span class=\"s1\">Z szacowan\u0105 liczb\u0105 624 000 mieszka\u0144c\u00f3w, ma drug\u0105 najmniejsz\u0105 populacj\u0119 ze wszystkich stan\u00f3w w USA. Jest to ma\u0142y stan, sz\u00f3sty najmniejszy pod wzgl\u0119dem powierzchni w kraju. Burlington jest najwi\u0119kszym miastem z 42 000 mieszka\u0144c\u00f3w, a South Burlington, po\u0142o\u017cone w hrabstwie Chittenden, ma drug\u0105 co do wielko\u015bci populacj\u0119 w Vermont. Ma populacj\u0119 18 000 os\u00f3b. Inne du\u017ce obszary metropolitalne to Rutland, Barre i Montpelier, stolica Vermont.<\/span><\/p>\n\n\n\n<p class=\"p2\"><span class=\"s1\">\u017bywe o\u015brodki narciarskie, spokojne zalesione g\u00f3ry i prawdziwy syrop klonowy to cz\u0119\u015b\u0107 Vermont, a jedn\u0105 z g\u0142\u00f3wnych atrakcji jest Billings Farm and Museum w Woodstock. Billings, muzeum historii na \u015bwie\u017cym powietrzu, jest jednym z najlepszych w kraju. Inn\u0105 atrakcj\u0105 jest Hildene \u2013 Lincoln Family Home, osza\u0142amiaj\u0105ca rezydencja w stylu neogregoria\u0144skim. Jest to dom rodzinny potomk\u00f3w prezydenta Lincolna.<\/span><\/p>\n\n\n\n<h2 class=\"wp-block-heading p5\"><span class=\"s1\">Kluczowe bran\u017ce w Vermont<\/span><\/h2>\n\n\n\n<p class=\"p2\"><span class=\"s1\">The largest employer in Vermont is the US Government, with most public employees working in the fields of education and healthcare. Full-service restaurants are also major employers, but they have one of the lowest average earnings figures. There is a noticeable lack of professional services in Vermont. For example, the state has few technical and professional consultants and lawyers. However, it has an extensive semiconductor and other <a href=\"https:\/\/www.sisinternational.com\/pl\/rozwiazania\/badania-rynku-i-doradztwo-strategiczne-w-zakresie-sztucznej-inteligencji\/electronics-industry-automation-artificial-intelligence-consulting\/\" title=\"Electronics Industry Automation and Artificial Intelligence Consulting\"  data-wpil-monitor-id=\"9063\">electronic manufacturing industry<\/a>.<\/span><\/p>\n\n\n\n<h2 class=\"wp-block-heading\">Produkcja<\/h2>\n\n\n\n<p class=\"p6\"><span class=\"s1\">Manufacturing is Vermont\u2019s leading industry, accounting for approximately 11 percent of state&#8217;s GDP. The state has over 1000 manufacturing firms, and a new <a href=\"https:\/\/www.sisinternational.com\/pl\/ekspertyza\/branze\/power-generation-market-research\/\" title=\"Badania rynku wytwarzania energii\"  data-wpil-monitor-id=\"9059\">generation of market<\/a> leaders is driving innovation in this sector. Agriculture, tech, and energy are also leading industries, with other vital lines of business being software development, IT, financial services, and insurance. Renewable energy, green companies, and food and beverage also contribute to GDP. Vermont also manufactures consumer goods. Finally, the state has vibrant <a href=\"https:\/\/www.sisinternational.com\/pl\/rozwiazania\/badania-rynku-i-doradztwo-strategiczne-w-zakresie-sztucznej-inteligencji\/ai-adoption-travel-hospitality-tourism-industry-consulting\/\" title=\"Wdra\u017canie AI w bran\u017cy podr\u00f3\u017cy, hotelarstwa i turystyki Konsultacje\"  data-wpil-monitor-id=\"9064\">tourism and outdoor recreation industries<\/a>. Each industry has strong <a href=\"https:\/\/www.sisinternational.com\/pl\/rozwiazania\/rozwiazania-w-zakresie-brandingu-i-badan-klientow\/badania-rynku-opowiadania-historii\/\" title=\"Badania rynku opowiadania historii\"  data-wpil-monitor-id=\"9060\">stories to tell<\/a> about Vermont as a place to live, work, or start and grow a business.<\/span><\/p>\n\n\n\n<h2 class=\"wp-block-heading p5\"><span class=\"s1\">Najwa\u017cniejsze cechy i zalety prowadzenia dzia\u0142alno\u015bci gospodarczej w Vermont<\/span><\/h2>\n\n\n\n<p class=\"p2\"><span class=\"s1\">Przedsi\u0119biorcy zak\u0142adaj\u0105 wi\u0119cej startup\u00f3w w Vermont ni\u017c kiedykolwiek wcze\u015bniej. Dlaczego warto zarejestrowa\u0107 now\u0105 firm\u0119 w Vermont? Oto kilka powod\u00f3w:<\/span><\/p>\n\n\n\n<ul class=\"wp-block-list\">\n<li><span class=\"s1\"><b>Zerowy podatek dochodowy: <\/b>You can enjoy the fact that Vermont does not tax S corporations<\/span><\/li>\n\n\n\n<li><span class=\"s1\"><b>Inne zach\u0119ty podatkowe:<\/b> Stan, niekt\u00f3re miasta i hrabstwa, takie jak Newport, oferuj\u0105 kilka program\u00f3w zach\u0119t. Programy te s\u0105 przeznaczone dla firm typu start-up, kt\u00f3re rejestruj\u0105 si\u0119 jako LLC.<\/span><\/li>\n\n\n\n<li><span class=\"s1\"><b>Programy kapita\u0142owe i motywacyjne:<\/b> Programy te obejmuj\u0105 inwestycje typu \u201eanio\u0142owie biznesu\u201d i szerok\u0105 gam\u0119 \u017ar\u00f3de\u0142 zad\u0142u\u017cenia. Vermont Economic Development Authority oferuje wiele takich program\u00f3w.<\/span><\/li>\n\n\n\n<li><span class=\"s1\"><b>Ochrona z tytu\u0142u ograniczonej odpowiedzialno\u015bci:<\/b> W\u0142a\u015bciciele sp\u00f3\u0142ek LLC w Vermont korzystaj\u0105 z ochrony na takim samym poziomie jak korporacje.<\/span><\/li>\n\n\n\n<li><span class=\"s1\"><b>Elastyczna dystrybucja zysk\u00f3w:<\/b> Firma typu start-up zarejestrowana w Vermont mo\u017ce wybra\u0107 r\u00f3\u017cne sposoby dystrybucji zysk\u00f3w. Ten uk\u0142ad jest inny ni\u017c w przypadku partnerstw, gdzie procent wynosi 50-50<\/span><\/li>\n<\/ul>\n\n\n\n<h2 class=\"wp-block-heading\">Sprzyjaj\u0105ce \u015brodowisko biznesowe<\/h2>\n\n\n\n<p class=\"p6\"><span class=\"s1\">Vermont oferuje mo\u017cliwo\u015b\u0107 w\u0142\u0105czenia przedsi\u0119biorstw jako \u201ekorporacji po\u017cytku publicznego\u201d. Ta korzy\u015b\u0107 pozwala firmom doda\u0107 misj\u0119 spo\u0142eczn\u0105 do swoich cel\u00f3w finansowych. Umo\u017cliwi to korporacji po\u017cytku publicznego wspieranie mo\u017cliwo\u015bci ekonomicznych dla spo\u0142eczno\u015bci lub jednostek. Mo\u017cliwo\u015bci te mog\u0105 wykracza\u0107 poza norm\u0119 w zwyk\u0142ym toku dzia\u0142alno\u015bci gospodarczej. Zapewniaj\u0105 one r\u00f3wnie\u017c spo\u0142eczno\u015bciom i jednostkom niedostatecznie obs\u0142ugiwanym lub o niskich dochodach potrzebne produkty i us\u0142ugi. Korporacje po\u017cytku publicznego mog\u0105 by\u0107 r\u00f3wnie\u017c zainteresowane ochron\u0105 lub popraw\u0105 \u015brodowiska.<\/span><\/p>\n\n\n\n<h2 class=\"wp-block-heading p5\"><span class=\"s1\">O badaniach rynku w Vermont<\/span><\/h2>\n\n\n\n<p class=\"p2\"><span class=\"s1\"><a href=\"https:\/\/www.sisinternational.com\/pl\/top-5-benefits-of-conducting-quantitative-market-research\/\" title=\"Top 5 Benefits of Conducting Quantitative Market Research\"  data-wpil-monitor-id=\"9058\">Ilo\u015bciowe badania rynku<\/a> uses statistical, mathematical, and computational tools to derive results. It involves experiments, surveys, and real-time data gathering, and offers a more subjective overview. For Qualitative research, we use Focus Groups and other tools. We help <a href=\"https:\/\/www.sisinternational.com\/pl\/publikacje\/scalable-business-market-research-7-ways-to-build-a-scalable-business\/\" title=\"Skalowalne badania rynku biznesowego: 7 sposob\u00f3w na zbudowanie skalowalnego biznesu\"  data-wpil-monitor-id=\"9062\">businesses define their markets<\/a> and strengthen their competitive advantages. Both types of <a href=\"https:\/\/www.sisinternational.com\/pl\/ekspertyza\/cv-z-doswiadczeniem\/badania-marki\/\" title=\"Firma badawcza marki\"  data-wpil-monitor-id=\"9061\">research are beneficial to companies<\/a> considering doing business in Vermont.<\/span><\/p>\n\n\n\n<p class=\"p2\"><span class=\"s1\"><a href=\"https:\/\/www.sisinternational.com\/pl\/what-to-expect-in-your-first-year-entering-a-new-market-5-essential-strategies\/\" title=\"What to Expect in Your First Year Entering a New Market: 5 Essential Strategies\"  data-wpil-monitor-id=\"9065\">Strategy Research is also essential<\/a>. It helps businesses to identify potential opportunities and threats. It minimizes investment risk and helps companies to strengthen their position. It also facilitates strategic planning. It allows businesses to discover their own and their competitors\u2019 weaknesses and strengths. It also helps them to stay ahead of the competition and assists them in spotting emerging trends. <\/span><\/p>\n\n\n\n<p><\/p>\n\n\n\n<h2 class=\"wp-block-heading\">&nbsp;<\/h2>","protected":false},"excerpt":{"rendered":"<p>Odkryj nowe mo\u017cliwo\u015bci biznesowe dzi\u0119ki badaniom rynku w Vermont.<\/p>","protected":false},"author":1,"featured_media":66734,"parent":19303,"menu_order":53,"comment_status":"closed","ping_status":"closed","template":"","meta":{"footnotes":""},"class_list":["post-33413","page","type-page","status-publish","has-post-thumbnail"],"_links":{"self":[{"href":"https:\/\/www.sisinternational.com\/pl\/wp-json\/wp\/v2\/pages\/33413","targetHints":{"allow":["GET"]}}],"collection":[{"href":"https:\/\/www.sisinternational.com\/pl\/wp-json\/wp\/v2\/pages"}],"about":[{"href":"https:\/\/www.sisinternational.com\/pl\/wp-json\/wp\/v2\/types\/page"}],"author":[{"embeddable":true,"href":"https:\/\/www.sisinternational.com\/pl\/wp-json\/wp\/v2\/users\/1"}],"replies":[{"embeddable":true,"href":"https:\/\/www.sisinternational.com\/pl\/wp-json\/wp\/v2\/comments?post=33413"}],"version-history":[{"count":5,"href":"https:\/\/www.sisinternational.com\/pl\/wp-json\/wp\/v2\/pages\/33413\/revisions"}],"predecessor-version":[{"id":81518,"href":"https:\/\/www.sisinternational.com\/pl\/wp-json\/wp\/v2\/pages\/33413\/revisions\/81518"}],"up":[{"embeddable":true,"href":"https:\/\/www.sisinternational.com\/pl\/wp-json\/wp\/v2\/pages\/19303"}],"wp:featuredmedia":[{"embeddable":true,"href":"https:\/\/www.sisinternational.com\/pl\/wp-json\/wp\/v2\/media\/66734"}],"wp:attachment":[{"href":"https:\/\/www.sisinternational.com\/pl\/wp-json\/wp\/v2\/media?parent=33413"}],"curies":[{"name":"wp","href":"https:\/\/api.w.org\/{rel}","templated":true}]}}