{"id":33392,"date":"2019-10-05T20:39:24","date_gmt":"2019-10-05T20:39:24","guid":{"rendered":"https:\/\/www.sisinternational.com\/?page_id=33392"},"modified":"2026-01-25T16:59:27","modified_gmt":"2026-01-25T21:59:27","slug":"badania-rynku-w-dakocie-poludniowej","status":"publish","type":"page","link":"https:\/\/www.sisinternational.com\/pl\/zasieg\/north-america\/zasieg-usa\/badania-rynku-w-dakocie-poludniowej\/","title":{"rendered":"Badania rynku w Dakocie Po\u0142udniowej"},"content":{"rendered":"<h1 class=\"wp-block-heading\">Badania rynku w Dakocie Po\u0142udniowej<\/h1>\n\n\n\n<figure class=\"gb-block-image gb-block-image-3661bb70\"><img loading=\"lazy\" decoding=\"async\" width=\"1456\" height=\"816\" class=\"gb-image gb-image-3661bb70\" src=\"https:\/\/www.sisinternational.com\/wp-content\/uploads\/2025\/09\/South-Dakota-5.jpg\" alt=\"SIS Mi\u0119dzynarodowe badania rynku i strategia\" title=\"South Dakota (5)\" srcset=\"https:\/\/www.sisinternational.com\/wp-content\/uploads\/2025\/09\/South-Dakota-5.jpg 1456w, https:\/\/www.sisinternational.com\/wp-content\/uploads\/2025\/09\/South-Dakota-5-300x168.jpg 300w, https:\/\/www.sisinternational.com\/wp-content\/uploads\/2025\/09\/South-Dakota-5-1024x574.jpg 1024w, https:\/\/www.sisinternational.com\/wp-content\/uploads\/2025\/09\/South-Dakota-5-768x430.jpg 768w, https:\/\/www.sisinternational.com\/wp-content\/uploads\/2025\/09\/South-Dakota-5-18x10.jpg 18w\" sizes=\"auto, (max-width: 1456px) 100vw, 1456px\"><\/figure>\n\n\n\n<p><\/p>\n\n\n\n<h2 class=\"wp-block-heading p2\">South Dakota is a Midwestern state, receiving its name from the Lakota and Dakota Sioux Native American<span class=\"s1\"> people. <\/span><\/h2>\n\n\n\n<p class=\"p2\"><span class=\"s1\">Its nicknames are the Coyote State and the Mount Rushmore State after its most famous tourist destination. South Dakota became a member of the Union on November 2, 1889, as the 40<sup>t<\/sup> state. It borders the states of Minnesota to the east, Iowa to the southeast, and Nebraska to the south. It also shares borders with Wyoming to the west, Montana to the northwest, and North Dakota to the north. The Missouri River runs through the state. It bisects South Dakota into two distinct halves known as the East River and the West River.<\/span><\/p>\n\n\n\n<h2 class=\"wp-block-heading\">Korzy\u015bci ekonomiczne<\/h2>\n\n\n\n<p class=\"p2\"><span class=\"s1\">Stolic\u0105 Dakoty Po\u0142udniowej jest Pierre, z populacj\u0105 ponad 13 000. Jej najwi\u0119kszym miastem jest Sioux Falls, gdzie liczba ludno\u015bci przekracza 180 000 os\u00f3b. Krajobraz gospodarczy Dakoty Po\u0142udniowej daje zach\u0119caj\u0105c\u0105 wizj\u0119 dla nowych firm. Stan nie ma podatku dochodowego od os\u00f3b prawnych ani indywidualnych. Nie ma r\u00f3wnie\u017c podatku od zapas\u00f3w firmowych. Te zwolnienia daj\u0105 wi\u0119cej mo\u017cliwo\u015bci dalszego rozwoju biznesu. Dakota Po\u0142udniowa jest niedrogim miejscem do prowadzenia dzia\u0142alno\u015bci, poniewa\u017c ograniczone op\u0142aty u\u0142atwiaj\u0105 realizacj\u0119 cel\u00f3w biznesowych. <\/span><\/p>\n\n\n\n<h2 class=\"wp-block-heading\">Wdzi\u0119ki kobiece<\/h2>\n\n\n\n<p class=\"p2\"><span class=\"s1\">South Dakota presents a breathtaking landscape. Its striking scenery of the mountainous Black Hills is a sight to behold. You\u2019ll also find rugged stretches of rocky badlands and undulating grassy plains. The state is most well-known for the Mount Rushmore National Memorial in Keystone in the Black Hills, and the Crazy Horse Memorial is nearby. Both monuments are carvings into the mountains to honor influential past leaders. There\u2019s also Custer State Park with its buffalo safari and the Black Hills Wild Horse Sanctuary. At the sanctuary, rescued mustangs and other horses run free. Outside of the Black Hills, much of South Dakota is grasslands. You\u2019ll also find small forest areas near rivers and in shelterbelts. Wild West enthusiasts also visit Deadwood, a restored western town. This town is the burial site of Wild Bill Hickok and Calamity Jane.<\/span><\/p>\n\n\n\n<h2 class=\"wp-block-heading\">Rolnictwo<\/h2>\n\n\n\n<p class=\"p2\"><span class=\"s1\">Rolnictwo jest podstawow\u0105 ga\u0142\u0119zi\u0105 przemys\u0142u w Dakocie Po\u0142udniowej, wnosz\u0105c istotny wk\u0142ad w gospodark\u0119 stanu. Najbardziej dochodowe produkty rolne to soja, pszenica i kukurydza. Istniej\u0105 r\u00f3wnie\u017c rancza zajmuj\u0105ce si\u0119 hodowl\u0105 byd\u0142a i \u015bwi\u0144.<\/span><\/p>\n\n\n\n<h2 class=\"wp-block-heading\">Bran\u017ce us\u0142ugowe<\/h2>\n\n\n\n<p class=\"p2\"><span class=\"s1\">The modern mainstay of the economy of South Dakota is the service industry. The most significant contributors to this industry are the retail, finance, and healthcare sectors. Government spending is also an essential <a href=\"https:\/\/www.sisinternational.com\/pl\/industry-forecast\/industrial-sector-forecast\/\" title=\"Industrial Sector Forecast\"  data-wpil-monitor-id=\"9232\">sector in the service industry<\/a>. The Ellsworth Air Force Base, <a href=\"https:\/\/www.sisinternational.com\/pl\/rozwiazania\/rozwiazania-w-zakresie-badan-jakosciowych-i-ilosciowych\/testy-centralnych-lokalizacji-w-nowym-jorku\/\" title=\"Testy w Centralnych Lokalizacjach w Nowym Jorku: Korzy\u015bci dla Test\u00f3w Produkt\u00f3w\"  data-wpil-monitor-id=\"9233\">located close to Rapid City<\/a>, is the state\u2019s second-largest employer.<\/span><\/p>\n\n\n\n<h2 class=\"wp-block-heading\">Turystyka<\/h2>\n\n\n\n<p class=\"p2\"><span class=\"s1\"><a href=\"https:\/\/www.sisinternational.com\/pl\/rozwiazania\/badania-rynku-i-doradztwo-strategiczne-w-zakresie-sztucznej-inteligencji\/ai-adoption-travel-hospitality-tourism-industry-consulting\/\" title=\"Wdra\u017canie AI w bran\u017cy podr\u00f3\u017cy, hotelarstwa i turystyki Konsultacje\"  data-wpil-monitor-id=\"9231\">Tourism is another vital industry<\/a>. Many visitors come to view the state\u2019s attractions and festivals. Most of these attractions are in the Black Hills.&nbsp; South Dakota is also famous for Mount Rushmore National Memorial.<\/span><\/p>\n\n\n\n<h2 class=\"wp-block-heading p2\">O badaniach rynku w Dakocie Po\u0142udniowej<\/h2>\n\n\n\n<p class=\"p2\"><span class=\"s1\">Are you interested in establishing a business in North Dakota? SIS International can help. We offer Quantitative, Qualitative, and <a href=\"https:\/\/www.sisinternational.com\/pl\/rozwiazania\/doradztwo-strategiczne-fintech-badania\/bankowosc-cyfrowa-badania-rynku-klientow-strategia-konsultingowa\/\" title=\"Bankowo\u015b\u0107 cyfrowa Badania rynku klient\u00f3w i doradztwo strategiczne\"  data-wpil-monitor-id=\"9229\">Strategy Research to help you understand customers\u2019<\/a> preferences and pain points. We also give you detailed insights about your competitors. Qualitative Research methods include Focus Groups, Customer Interviews, Ethnography, and <a href=\"https:\/\/www.sisinternational.com\/pl\/rozwiazania\/rozwiazania-w-zakresie-badan-jakosciowych-i-ilosciowych\/grupy-fokusowe-online\/\" title=\"Grupy fokusowe online\"  data-wpil-monitor-id=\"9228\">Grupy fokusowe online<\/a>, while Quantitative techniques include Online, App, and Telephone surveys. Strategy <a href=\"https:\/\/www.sisinternational.com\/pl\/ekspertyza\/branze\/ecology-market-research\/\" title=\"Badania rynku ekologicznego\"  data-wpil-monitor-id=\"3900\">Research uncovers Market<\/a> Opportunities, Competitive Analysis, Industry Trends, and Go-To-Market Strategies.<span class=\"Apple-converted-space\">&nbsp; <\/span>These insights will help you to understand demographics and economic shifts. You\u2019ll also find out about <a href=\"https:\/\/www.sisinternational.com\/pl\/publikacje\/buyer-behavior-after-coronavirus-new-consumer\/\" title=\"Zachowanie kupuj\u0105cych po koronawirusie \u2013 badania rynku konsumenckiego\"  data-wpil-monitor-id=\"9230\">consumer buying patterns and the latest market<\/a> trends.<\/span><\/p>\n\n\n\n<p><\/p>\n\n\n\n<h2 class=\"wp-block-heading\">&nbsp;<\/h2>","protected":false},"excerpt":{"rendered":"<p>Odkryj nowe mo\u017cliwo\u015bci biznesowe dzi\u0119ki badaniom rynku w Dakocie Po\u0142udniowej.<\/p>","protected":false},"author":1,"featured_media":66715,"parent":19303,"menu_order":52,"comment_status":"closed","ping_status":"closed","template":"","meta":{"footnotes":""},"class_list":["post-33392","page","type-page","status-publish","has-post-thumbnail"],"_links":{"self":[{"href":"https:\/\/www.sisinternational.com\/pl\/wp-json\/wp\/v2\/pages\/33392","targetHints":{"allow":["GET"]}}],"collection":[{"href":"https:\/\/www.sisinternational.com\/pl\/wp-json\/wp\/v2\/pages"}],"about":[{"href":"https:\/\/www.sisinternational.com\/pl\/wp-json\/wp\/v2\/types\/page"}],"author":[{"embeddable":true,"href":"https:\/\/www.sisinternational.com\/pl\/wp-json\/wp\/v2\/users\/1"}],"replies":[{"embeddable":true,"href":"https:\/\/www.sisinternational.com\/pl\/wp-json\/wp\/v2\/comments?post=33392"}],"version-history":[{"count":4,"href":"https:\/\/www.sisinternational.com\/pl\/wp-json\/wp\/v2\/pages\/33392\/revisions"}],"predecessor-version":[{"id":81542,"href":"https:\/\/www.sisinternational.com\/pl\/wp-json\/wp\/v2\/pages\/33392\/revisions\/81542"}],"up":[{"embeddable":true,"href":"https:\/\/www.sisinternational.com\/pl\/wp-json\/wp\/v2\/pages\/19303"}],"wp:featuredmedia":[{"embeddable":true,"href":"https:\/\/www.sisinternational.com\/pl\/wp-json\/wp\/v2\/media\/66715"}],"wp:attachment":[{"href":"https:\/\/www.sisinternational.com\/pl\/wp-json\/wp\/v2\/media?parent=33392"}],"curies":[{"name":"wp","href":"https:\/\/api.w.org\/{rel}","templated":true}]}}