{"id":33361,"date":"2019-10-05T19:40:43","date_gmt":"2019-10-05T19:40:43","guid":{"rendered":"https:\/\/www.sisinternational.com\/?page_id=33361"},"modified":"2026-01-25T17:03:53","modified_gmt":"2026-01-25T22:03:53","slug":"badania-rynku-w-illinois","status":"publish","type":"page","link":"https:\/\/www.sisinternational.com\/pl\/zasieg\/north-america\/zasieg-usa\/badania-rynku-w-illinois\/","title":{"rendered":"Badania rynku w Illinois"},"content":{"rendered":"<h1 class=\"wp-block-heading\"><span class=\"s1\">Badania rynku w Illinois<\/span><\/h1>\n\n\n\n<figure class=\"gb-block-image gb-block-image-b874140b\"><img loading=\"lazy\" decoding=\"async\" width=\"1456\" height=\"816\" class=\"gb-image gb-image-b874140b\" src=\"https:\/\/www.sisinternational.com\/wp-content\/uploads\/2025\/09\/Chicago-1.jpg\" alt=\"SIS Mi\u0119dzynarodowe badania rynku i strategia\" title=\"Chicago (1)\" srcset=\"https:\/\/www.sisinternational.com\/wp-content\/uploads\/2025\/09\/Chicago-1.jpg 1456w, https:\/\/www.sisinternational.com\/wp-content\/uploads\/2025\/09\/Chicago-1-300x168.jpg 300w, https:\/\/www.sisinternational.com\/wp-content\/uploads\/2025\/09\/Chicago-1-1024x574.jpg 1024w, https:\/\/www.sisinternational.com\/wp-content\/uploads\/2025\/09\/Chicago-1-768x430.jpg 768w, https:\/\/www.sisinternational.com\/wp-content\/uploads\/2025\/09\/Chicago-1-18x10.jpg 18w\" sizes=\"auto, (max-width: 1456px) 100vw, 1456px\"><\/figure>\n\n\n\n<p><\/p>\n\n\n\n<h2 class=\"wp-block-heading p2\"><span class=\"s1\">W 1818 roku stan preriowy Illinois sta\u0142 si\u0119 21.<\/span><span class=\"s2\"><sup>\u015bw.<\/sup><\/span><span class=\"s1\"> stan USA. <\/span><\/h2>\n\n\n\n<p class=\"p2\"><span class=\"s1\">Graniczy ze stanami Indiana na wschodzie i Wisconsin na p\u00f3\u0142nocy. Wielka rzeka Missisipi le\u017cy na zachodzie, oddzielaj\u0105c j\u0105 od Iowa i Missouri. Krajobraz Illinois obejmuje rozleg\u0142e obszary las\u00f3w, p\u00f3l uprawnych, wzg\u00f3rz i teren\u00f3w podmok\u0142ych. Jest domem jednego z najwi\u0119kszych miast w USA: Wietrznego Miasta, Chicago, kt\u00f3re le\u017cy na brzegach jeziora Michigan.<\/span><\/p>\n\n\n\n<h2 class=\"wp-block-heading\">Obszary ekonomiczne<\/h2>\n\n\n\n<p class=\"p2\"><span class=\"s1\">Chicago is the largest city in Illinois. Its population is around two million. Situated in the center of Illinois, Chicago is the third-largest metropolitan area in the USA. Thus, there is an extensive customer base for a business. It also means that there are a large job <a href=\"https:\/\/www.sisinternational.com\/pl\/ekspertyza\/branze\/labor-market-research\/\" title=\"Badania rynku pracy\"  data-wpil-monitor-id=\"10926\">market and skilled labor<\/a> pool.&nbsp; <\/span><\/p>\n\n\n\n<p class=\"p2\"><span class=\"s1\">Niekt\u00f3re z innych du\u017cych miast to Aurora, Rockford, Joliet, Naperville i stolica Springfield. Razem w tych miastach mieszka ponad 756 000 os\u00f3b. Stan ma \u0142\u0105cznie ponad dwana\u015bcie milion\u00f3w mieszka\u0144c\u00f3w.<\/span><\/p>\n\n\n\n<h2 class=\"wp-block-heading\">Wdzi\u0119ki kobiece<\/h2>\n\n\n\n<p class=\"p2\">Peoria (pictured) is home to over 110,000 people, and is on the Illinois River.&nbsp; The Peoria Riverfront museum is an important attraction.<\/p>\n\n\n\n<p class=\"p2\">Ponadto, <span class=\"s1\">Springfield jest dumnym miejscem narodzin prezydenta Abrahama Lincolna, a miasto to ma kilka atrakcji po\u015bwi\u0119conych jego \u017cyciu i pracy. Do atrakcji tych nale\u017c\u0105 Biblioteka Prezydencka Abrahama Lincolna i Muzeum oraz Gr\u00f3b Lincolna na cmentarzu Oak Ridge na p\u00f3\u0142nocy stanu. Illinois ma wiele innych historycznych miejsc do zobaczenia. Odwiedzaj\u0105cy mog\u0105 wybiera\u0107 spo\u015br\u00f3d wielu park\u00f3w, takich jak pi\u0119kny Starved Rock State Park. Targi stanowe odbywaj\u0105ce si\u0119 w Harvey s\u0105 r\u00f3wnie\u017c interesuj\u0105ce.<\/span><\/p>\n\n\n\n<p><span class=\"s1\">W Illinois znajduj\u0105 si\u0119 jedne z najwy\u017cej ocenianych muze\u00f3w na \u015bwiecie, z kt\u00f3rych wi\u0119kszo\u015b\u0107 ma siedzib\u0119 w Chicago. Nale\u017c\u0105 do nich takie szanowane instytucje jak Museum of Science and Industry, Field Museum of Natural History i Art Institute of Chicago.<span class=\"Apple-converted-space\">&nbsp; <\/span>Warto odwiedzi\u0107 miejsca na \u015bwie\u017cym powietrzu, takie jak Millennium Park i Wrigley Field. <\/span><\/p>\n\n\n\n<h2 class=\"wp-block-heading\">Mo\u017cliwo\u015bci biznesowe<\/h2>\n\n\n\n<p class=\"p2\"><span class=\"s1\">Illinois is home to thriving manufacturing, agriculture, exports, and mining industries. There are also significant economic growth <a href=\"https:\/\/www.sisinternational.com\/pl\/rozwiazania\/sis-blockchain-doradztwo\/mozliwosci-technologii-blockchain-wykraczajace-poza-uslugi-finansowe\/\" title=\"Mo\u017cliwo\u015bci technologii blockchain wykraczaj\u0105ce poza us\u0142ugi finansowe\"  data-wpil-monitor-id=\"10929\">opportunities in the services<\/a> sector, mainly in the areas of finance, technology, government, and transportation.<\/span><\/p>\n\n\n\n<h2 class=\"wp-block-heading\">Bran\u017ce us\u0142ugowe<\/h2>\n\n\n\n<p class=\"p2\"><span class=\"s1\">Bran\u017ce us\u0142ugowe w ca\u0142ym Illinois rozwijaj\u0105 si\u0119 szybko. Eksperci spodziewaj\u0105 si\u0119, \u017ce stan\u0105 si\u0119 najwi\u0119kszymi generatorami dochod\u00f3w. Us\u0142ugi osobiste, takie jak opieka zdrowotna, hotele, kancelarie prawne i ksi\u0119gowe, s\u0105 wiod\u0105ce. Us\u0142ugi finansowe s\u0105 na drugim miejscu. Wiele os\u00f3b uwa\u017ca Chicago za stolic\u0119 finansow\u0105 ameryka\u0144skiego \u015arodkowego Zachodu. Us\u0142ugi hurtowe i detaliczne r\u00f3wnie\u017c w znacznym stopniu przyczyniaj\u0105 si\u0119 do wyniku finansowego.<\/span><\/p>\n\n\n\n<h2 class=\"wp-block-heading\">Rolnictwo<\/h2>\n\n\n\n<p class=\"p2\"><span class=\"s1\">Przemys\u0142 rolny jest jednym z filar\u00f3w gospodarki Illinois ze wzgl\u0119du na \u017cyzn\u0105 gleb\u0119. Kukurydza, soja, pszenica i dynie nale\u017c\u0105 do najcz\u0119\u015bciej uprawianych ro\u015blin w stanie.<\/span><\/p>\n\n\n\n<h2 class=\"wp-block-heading\">Produkcja<\/h2>\n\n\n\n<p class=\"p2\"><span class=\"s1\">Illinois is also well known for the manufacturing of large machines. These include farm machinery and construction equipment. There are also quite a few companies processing food items. Some of these <a href=\"https:\/\/www.sisinternational.com\/pl\/rozwiazania\/testowanie-smaku\/food-product-tests-in-ny\/\" title=\"Food Product Tests In NY\"  data-wpil-monitor-id=\"10927\">foods are dairy products<\/a>, cereals, baked goods, and candy.<\/span><\/p>\n\n\n\n<h2 class=\"wp-block-heading\">G\u00f3rnictwo i Energetyka<\/h2>\n\n\n\n<p class=\"p2\"><span class=\"s1\">Przemys\u0142 wydobywczy koncentruje si\u0119 na w\u0119glu, ale ropa naftowa r\u00f3wnie\u017c wnosi znacz\u0105cy wk\u0142ad do przemys\u0142u. Illinois produkuje kruszony kamie\u0144, piasek, \u017cwir, a nawet produkty mineralne, takie jak gliny.<\/span><\/p>\n\n\n\n<h2 class=\"wp-block-heading p2\">O badaniach rynku w Illinois<\/h2>\n\n\n\n<p class=\"p2\"><span class=\"s1\">Market Research in Illinois provides essential data. Newcomers can learn about the many businesses already operating in the state. It also aids <a href=\"https:\/\/www.sisinternational.com\/pl\/zasieg\/ameryka\/badania-rynku-na-karaibach\/karaibska-firma-konsultingowa-w-zakresie-strategii\/\" title=\"Firma konsultingowa Caribbean Strategy\"  data-wpil-monitor-id=\"10932\">companies<\/a> in coming up with the best strategies to ensure longevity. <a href=\"https:\/\/www.sisinternational.com\/pl\/rozwiazania\/badania-rynku-i-doradztwo-strategiczne-w-zakresie-sztucznej-inteligencji\/natural-language-processing-ai-market-research\/\" title=\"Badania rynku sztucznej inteligencji w zakresie przetwarzania j\u0119zyka naturalnego\"  data-wpil-monitor-id=\"10931\">Research is crucial to the decision-making process<\/a> by increasing its efficiency. It also shows the impact a company can have in the area.<\/span><\/p>\n\n\n\n<p class=\"p2\"><span class=\"s1\">SIS International Research is a <a href=\"https:\/\/www.sisinternational.com\/pl\/zasieg\/badania-rynku-afryka\/market-research-in-tanzania\/\" title=\"Badania rynku w Tanzanii\"  data-wpil-monitor-id=\"3937\">Rynek<\/a> Research and Strategy Consulting provider for the B2B, Consumer, Healthcare, and other industries. SIS provides Customer Interviews, Surveys, Focus Groups, Ethnography, Competitive Analysis, and Product Testing. We can help you stay competitive by giving you full insight. You can learn about the business landscape through <a href=\"https:\/\/www.sisinternational.com\/pl\/zasieg\/badania-rynku-azja\/market-research-micronesia\/\" title=\"Badania rynku w Mikronezji\"  data-wpil-monitor-id=\"3954\">market opportunity research<\/a>. We also offer competitor analysis, market intelligence, and other services.<\/span><\/p>\n\n\n\n<h2 class=\"wp-block-heading\">&nbsp;<\/h2>","protected":false},"excerpt":{"rendered":"<p>Odkryj nowe mo\u017cliwo\u015bci biznesowe dzi\u0119ki badaniom rynku w Illinois.<\/p>","protected":false},"author":1,"featured_media":66514,"parent":19303,"menu_order":50,"comment_status":"closed","ping_status":"closed","template":"","meta":{"_uag_custom_page_level_css":"","footnotes":""},"class_list":["post-33361","page","type-page","status-publish","has-post-thumbnail"],"uagb_featured_image_src":{"full":["https:\/\/www.sisinternational.com\/wp-content\/uploads\/2025\/09\/Chicago-1.jpg",1456,816,false],"thumbnail":["https:\/\/www.sisinternational.com\/wp-content\/uploads\/2025\/09\/Chicago-1-150x150.jpg",150,150,true],"medium":["https:\/\/www.sisinternational.com\/wp-content\/uploads\/2025\/09\/Chicago-1-300x168.jpg",300,168,true],"medium_large":["https:\/\/www.sisinternational.com\/wp-content\/uploads\/2025\/09\/Chicago-1-768x430.jpg",768,430,true],"large":["https:\/\/www.sisinternational.com\/wp-content\/uploads\/2025\/09\/Chicago-1-1024x574.jpg",1024,574,true],"1536x1536":["https:\/\/www.sisinternational.com\/wp-content\/uploads\/2025\/09\/Chicago-1.jpg",1456,816,false],"2048x2048":["https:\/\/www.sisinternational.com\/wp-content\/uploads\/2025\/09\/Chicago-1.jpg",1456,816,false],"trp-custom-language-flag":["https:\/\/www.sisinternational.com\/wp-content\/uploads\/2025\/09\/Chicago-1-18x10.jpg",18,10,true]},"uagb_author_info":{"display_name":"Ruth Stanat","author_link":"https:\/\/www.sisinternational.com\/pl\/author\/expert\/"},"uagb_comment_info":0,"uagb_excerpt":"Uncover new business opportunities with Market Research in Illinois.","_links":{"self":[{"href":"https:\/\/www.sisinternational.com\/pl\/wp-json\/wp\/v2\/pages\/33361","targetHints":{"allow":["GET"]}}],"collection":[{"href":"https:\/\/www.sisinternational.com\/pl\/wp-json\/wp\/v2\/pages"}],"about":[{"href":"https:\/\/www.sisinternational.com\/pl\/wp-json\/wp\/v2\/types\/page"}],"author":[{"embeddable":true,"href":"https:\/\/www.sisinternational.com\/pl\/wp-json\/wp\/v2\/users\/1"}],"replies":[{"embeddable":true,"href":"https:\/\/www.sisinternational.com\/pl\/wp-json\/wp\/v2\/comments?post=33361"}],"version-history":[{"count":8,"href":"https:\/\/www.sisinternational.com\/pl\/wp-json\/wp\/v2\/pages\/33361\/revisions"}],"predecessor-version":[{"id":81788,"href":"https:\/\/www.sisinternational.com\/pl\/wp-json\/wp\/v2\/pages\/33361\/revisions\/81788"}],"up":[{"embeddable":true,"href":"https:\/\/www.sisinternational.com\/pl\/wp-json\/wp\/v2\/pages\/19303"}],"wp:featuredmedia":[{"embeddable":true,"href":"https:\/\/www.sisinternational.com\/pl\/wp-json\/wp\/v2\/media\/66514"}],"wp:attachment":[{"href":"https:\/\/www.sisinternational.com\/pl\/wp-json\/wp\/v2\/media?parent=33361"}],"curies":[{"name":"wp","href":"https:\/\/api.w.org\/{rel}","templated":true}]}}