{"id":33182,"date":"2019-09-21T18:25:53","date_gmt":"2019-09-21T18:25:53","guid":{"rendered":"https:\/\/www.sisinternational.com\/?page_id=33182"},"modified":"2026-01-24T14:16:50","modified_gmt":"2026-01-24T19:16:50","slug":"badania-rynku-na-hawajach","status":"publish","type":"page","link":"https:\/\/www.sisinternational.com\/pl\/zasieg\/north-america\/zasieg-usa\/badania-rynku-na-hawajach\/","title":{"rendered":"Badania rynku na Hawajach"},"content":{"rendered":"<h1 class=\"wp-block-heading\">Badania rynku na Hawajach<\/h1>\n\n\n\n<figure class=\"gb-block-image gb-block-image-a501de4c\"><img loading=\"lazy\" decoding=\"async\" width=\"1456\" height=\"816\" class=\"gb-image gb-image-a501de4c\" src=\"https:\/\/www.sisinternational.com\/wp-content\/uploads\/2025\/09\/Hawai-4-1.jpg\" alt=\"SIS Mi\u0119dzynarodowe badania rynku i strategia\" title=\"Hawai (4)\" srcset=\"https:\/\/www.sisinternational.com\/wp-content\/uploads\/2025\/09\/Hawai-4-1.jpg 1456w, https:\/\/www.sisinternational.com\/wp-content\/uploads\/2025\/09\/Hawai-4-1-300x168.jpg 300w, https:\/\/www.sisinternational.com\/wp-content\/uploads\/2025\/09\/Hawai-4-1-1024x574.jpg 1024w, https:\/\/www.sisinternational.com\/wp-content\/uploads\/2025\/09\/Hawai-4-1-768x430.jpg 768w, https:\/\/www.sisinternational.com\/wp-content\/uploads\/2025\/09\/Hawai-4-1-18x10.jpg 18w\" sizes=\"auto, (max-width: 1456px) 100vw, 1456px\"><\/figure>\n\n\n\n<p><\/p>\n\n\n\n<h2 class=\"wp-block-heading\"><span style=\"font-weight: 400;\">Hawaje to wyspiarskie pa\u0144stwo USA po\u0142o\u017cone na Oceanie Spokojnym, 3758 mil na zach\u00f3d od kontynentalnej cz\u0119\u015bci USA.<\/span><\/h2>\n\n\n\n<p><span style=\"font-weight: 400;\">Ten stan to skupisko ma\u0142ych wysp, wysepek, ska\u0142, raf koralowych i atoli. Hawaje to archipelag o\u015bmiu g\u0142\u00f3wnych wysp, na kt\u00f3rych mieszka prawie 1,5 miliona Amerykan\u00f3w. Wszyscy Hawajczycy rodz\u0105 si\u0119 jako obywatele ameryka\u0144scy, poniewa\u017c Hawaje s\u0105 jednym z pi\u0119\u0107dziesi\u0119ciu stan\u00f3w USA&nbsp;<\/span><\/p>\n\n\n\n<p><span style=\"font-weight: 400;\">Mieszka\u0144cy wyspy zarabiaj\u0105 na \u017cycie na wiele sposob\u00f3w. Wielu korzysta z zasob\u00f3w naturalnych, jakie wyspy maj\u0105 do zaoferowania. Generuj\u0105 doch\u00f3d za pomoc\u0105 tych samych podstawowych \u015brodk\u00f3w, co ka\u017cdy inny stan. \u015arodki te obejmuj\u0105 rolnictwo, rybo\u0142\u00f3wstwo, produkcj\u0119 i sektor us\u0142ug. Oczywi\u015bcie, specyfika r\u00f3\u017cni si\u0119 w zale\u017cno\u015bci od regionu. Hawaje produkuj\u0105 inne produkty rolne ni\u017c powiedzmy Alaska czy Kolorado.<\/span><\/p>\n\n\n\n<h2 class=\"wp-block-heading\"><span style=\"font-weight: 400;\">\u017bywno\u015b\u0107, rolnictwo i rybo\u0142\u00f3wstwo<\/span><\/h2>\n\n\n\n<p><span style=\"font-weight: 400;\">Farmers on the islands rear animals and cultivate crops to harvest and sell to customers. In this way, they earn revenue, which they use to support their livelihood. Chickens, cattle, and hogs are the most common livestock reared and sold on the islands. Farmers also sell their by-products, such as dairy and eggs.\u00a0<\/span><\/p>\n\n\n\n<p><span style=\"font-weight: 400;\">Czy s\u0142ysza\u0142e\u015b kiedy\u015b o hawajskiej pizzy? Nie jest to wynalazek \u017cadnej z wysp. Jednak unikalnymi dodatkami tej pizzy s\u0105 szynka i ananasy. Ananasy s\u0105 od bardzo dawna symbolem Hawaj\u00f3w. Dlatego wiele os\u00f3b kojarzy ananasy z Hawajami. Ananasy, obok trzciny cukrowej, s\u0105 najcenniejszymi uprawami na Hawajach. Orzechy makadamia s\u0105 r\u00f3wnie\u017c jednym z g\u0142\u00f3wnych produkt\u00f3w eksportowych. Jednak rolnicy nie s\u0105 w najmniejszym stopniu ograniczeni w wyborze produkt\u00f3w rolnych do uprawy. Znajdziesz tam r\u00f3wnie\u017c awokado, banany, fasol\u0119, kaw\u0119 i kukurydz\u0119. Guawy, sa\u0142ata, ziemniaki i pomidory to niekt\u00f3re z innych upraw uprawianych na wyspach.<\/span><\/p>\n\n\n\n<p><span style=\"font-weight: 400;\">Otoczeni Oceanem Spokojnym rybacy maj\u0105 nieograniczon\u0105 mo\u017cliwo\u015b\u0107. Wielu uprawia rybo\u0142\u00f3wstwo komercyjne. Krewetki, krewetki, miecznik i tu\u0144czyk to jedne z produkt\u00f3w rybo\u0142\u00f3wstwa archipelagu. Mieszka\u0144cy wysp zajmuj\u0105 si\u0119 r\u00f3wnie\u017c wielorybnictwem.<\/span><\/p>\n\n\n\n<h2 class=\"wp-block-heading\"><span style=\"font-weight: 400;\">Produkcja<\/span><\/h2>\n\n\n\n<p><span style=\"font-weight: 400;\">Produkty naftowe dominuj\u0105 w eksporcie stanu, a ten sektor przyni\u00f3s\u0142 prawie $300 milion\u00f3w dolar\u00f3w w roku 2018. Hawajczycy dodaj\u0105 warto\u015b\u0107 do wielu rodzaj\u00f3w surowc\u00f3w poprzez proces produkcyjny. Na przyk\u0142ad tworz\u0105 cz\u0119\u015bci silnik\u00f3w samolot\u00f3w i drukuj\u0105 gazety. Hawajczycy wytwarzaj\u0105 r\u00f3wnie\u017c chleb, s\u0142odycze, napoje gazowane, rafinowany cukier i niekt\u00f3re soki, przedmioty wykonane z kamienia, szk\u0142a i gliny oraz niekt\u00f3re ubrania. Stan ma r\u00f3wnie\u017c pr\u0119\u017cnie rozwijaj\u0105cy si\u0119 przemys\u0142, konserwuj\u0105c ananasy w celu zachowania przysmaku.&nbsp;<\/span><\/p>\n\n\n\n<h2 class=\"wp-block-heading\"><span style=\"font-weight: 400;\">Mo\u017cliwo\u015bci us\u0142ug<\/span><\/h2>\n\n\n\n<figure class=\"gb-block-image gb-block-image-e7f7a202\"><img loading=\"lazy\" decoding=\"async\" width=\"1456\" height=\"816\" class=\"gb-image gb-image-e7f7a202\" src=\"https:\/\/www.sisinternational.com\/wp-content\/uploads\/2025\/09\/Hawai-4.jpg\" alt=\"SIS Mi\u0119dzynarodowe badania rynku i strategia\" title=\"Hawai (4)\" srcset=\"https:\/\/www.sisinternational.com\/wp-content\/uploads\/2025\/09\/Hawai-4.jpg 1456w, https:\/\/www.sisinternational.com\/wp-content\/uploads\/2025\/09\/Hawai-4-300x168.jpg 300w, https:\/\/www.sisinternational.com\/wp-content\/uploads\/2025\/09\/Hawai-4-1024x574.jpg 1024w, https:\/\/www.sisinternational.com\/wp-content\/uploads\/2025\/09\/Hawai-4-768x430.jpg 768w, https:\/\/www.sisinternational.com\/wp-content\/uploads\/2025\/09\/Hawai-4-18x10.jpg 18w\" sizes=\"auto, (max-width: 1456px) 100vw, 1456px\"><\/figure>\n\n\n\n<p><\/p>\n\n\n\n<p><span style=\"font-weight: 400;\">The service sector is where Hawaiians generate most of the state\u2019s revenue. This sector makes up 9 percent of the state\u2019s gross product, with services ranging from a plethora of options. The intangible money-makers of Hawaii do include community, business, and personal services. Health care is a service; the law is one as well. Accounting, engineering, and car rentals are all service-based. Also falling in the service category are finance, insurance, and real estate. The islands also have military services like the Army, Air Force, Navy, and Marines.\u00a0<\/span><\/p>\n\n\n\n<h2 class=\"wp-block-heading\"><span style=\"font-weight: 400;\">Podr\u00f3\u017ce i turystyka<\/span><\/h2>\n\n\n\n<p><span style=\"font-weight: 400;\">Jedn\u0105 z najwa\u017cniejszych us\u0142ug generuj\u0105cych dochody na Hawajach jest przemys\u0142 turystyczny. Turystyka odgrywa jedn\u0105 z najwa\u017cniejszych r\u00f3l w generowaniu dochod\u00f3w. Tury\u015bci podr\u00f3\u017cuj\u0105 z ka\u017cdej cz\u0119\u015bci \u015bwiata do tego dobrze reklamowanego \u201eazylu\u201d. Wyspy oferuj\u0105 najwy\u017cszej klasy zakwaterowanie. Go\u015bcie mog\u0105 r\u00f3wnie\u017c skorzysta\u0107 z wy\u015bmienitej kuchni Hawaj\u00f3w.<\/span><\/p>\n\n\n\n<h2 class=\"wp-block-heading\"><span style=\"font-weight: 400;\">O badaniach rynku na Hawajach<\/span><\/h2>\n\n\n\n<p><span style=\"font-weight: 400;\">For the state of Hawaii, market research aids investors. It assists them in understanding how the most prominent businesses and industries came to be. <a href=\"https:\/\/www.sisinternational.com\/pl\/rozwiazania\/rozwiazania-w-zakresie-badan-jakosciowych-i-ilosciowych\/discrete-choice-in-market-research\/\" title=\"Discrete Choice in Market Research\"  data-wpil-monitor-id=\"933\">Badania rynku<\/a> tells prospective investors why these continue to be the industries of choice for Hawaiians. It aids their understanding of the problems a sector may have. Our analysis also assists them in finding solutions to these problems. <\/span><\/p>\n\n\n\n<p><span style=\"font-weight: 400;\"><a href=\"https:\/\/www.sisinternational.com\/pl\/qualitative-research-to-enhance-customer-experience\/\" title=\"Qualitative Research to Enhance Customer Experience\"  data-wpil-monitor-id=\"9136\">Qualitative Research informs companies why customers<\/a> buy products.\u00a0 Key Qualitative methods include Focus Groups, Customer Interviews, and Online Communities.\u00a0 Quantitative <a href=\"https:\/\/www.sisinternational.com\/pl\/how-to-conduct-effective-quantitative-market-research\/\" title=\"How to Conduct Effective Quantitative Market Research\"  data-wpil-monitor-id=\"9137\">Badania<\/a> measures the extent of certain buying phenomena and is often conducted by Online, Mobile, and App surveys.\u00a0 They can see the statistics and exactly how well the industry is doing. <a href=\"https:\/\/www.sisinternational.com\/pl\/the-need-for-competitive-intelligence-in-this-recession\/\" title=\"Potrzeba wywiadu konkurencyjnego w czasach recesji\"  data-wpil-monitor-id=\"9135\">Strategy Research informs companies about competition<\/a>, innovation, industries, and Go-To-Market Strategy.\u00a0 Armed with these insights, they can understand the customers\u2019 reasons for supporting that industry. They can also see precisely how they can fit themselves in and make a profit.<\/span><\/p>\n\n\n\n<p><\/p>\n\n\n\n<h2 class=\"wp-block-heading\">&nbsp;<\/h2>","protected":false},"excerpt":{"rendered":"<p>Odkryj nowe mo\u017cliwo\u015bci biznesowe dzi\u0119ki badaniom rynku na Hawajach.<\/p>","protected":false},"author":1,"featured_media":68287,"parent":19303,"menu_order":41,"comment_status":"closed","ping_status":"closed","template":"","meta":{"footnotes":""},"class_list":["post-33182","page","type-page","status-publish","has-post-thumbnail"],"_links":{"self":[{"href":"https:\/\/www.sisinternational.com\/pl\/wp-json\/wp\/v2\/pages\/33182","targetHints":{"allow":["GET"]}}],"collection":[{"href":"https:\/\/www.sisinternational.com\/pl\/wp-json\/wp\/v2\/pages"}],"about":[{"href":"https:\/\/www.sisinternational.com\/pl\/wp-json\/wp\/v2\/types\/page"}],"author":[{"embeddable":true,"href":"https:\/\/www.sisinternational.com\/pl\/wp-json\/wp\/v2\/users\/1"}],"replies":[{"embeddable":true,"href":"https:\/\/www.sisinternational.com\/pl\/wp-json\/wp\/v2\/comments?post=33182"}],"version-history":[{"count":5,"href":"https:\/\/www.sisinternational.com\/pl\/wp-json\/wp\/v2\/pages\/33182\/revisions"}],"predecessor-version":[{"id":81527,"href":"https:\/\/www.sisinternational.com\/pl\/wp-json\/wp\/v2\/pages\/33182\/revisions\/81527"}],"up":[{"embeddable":true,"href":"https:\/\/www.sisinternational.com\/pl\/wp-json\/wp\/v2\/pages\/19303"}],"wp:featuredmedia":[{"embeddable":true,"href":"https:\/\/www.sisinternational.com\/pl\/wp-json\/wp\/v2\/media\/68287"}],"wp:attachment":[{"href":"https:\/\/www.sisinternational.com\/pl\/wp-json\/wp\/v2\/media?parent=33182"}],"curies":[{"name":"wp","href":"https:\/\/api.w.org\/{rel}","templated":true}]}}